{"id":29668,"date":"2018-02-03T14:07:06","date_gmt":"2018-02-03T13:07:12","guid":{"rendered":"http:\/\/eg-reeds.com\/?post_type=product&#038;p=29668"},"modified":"2020-01-29T10:14:39","modified_gmt":"2020-01-29T09:14:39","slug":"maquina-de-goivar-reeds-n-stuff","status":"publish","type":"product","link":"https:\/\/eg-reeds.com\/pt-pt\/shop\/maquinas-de-fazer-palhetas\/reeds-n-stuff-pt-pt\/maquina-de-goivar-reeds-n-stuff\/","title":{"rendered":"M\u00e1quina de goivar Reeds &#8216;n Stuff"},"content":{"rendered":"<h4><strong>M\u00e1quina de goivar Reeds &#8216;n Stuff.<\/strong><\/h4>\n<p>M\u00e1quina de goivar Reeds &#8216;n Stuff.<\/p>\n<h4><strong>Gouging Machine Reeds &#8216;n Stuff.<\/strong><\/h4>\n<p>Gouging Machine Reeds &#8216;n Stuff for oboe cane. Also available for English horn, Baroque oboe or Viennese Oboe.<\/p>\n<h4><strong>The ultimate Machine for gouging your Cane.<\/strong><\/h4>\n<p>The Reeds \u2018n Stuff gouging machine is the ultimate machine for gouging your cane. Its newly designed cylindrical blade provides the most accurate cuts and a perfectly smooth surface. And an ingenious thickness adjustment keeps the blade centered at any settings.Forget all the problems you have heard about the old gouging machines. Changing the blades is now very easy, anyone can do it! No need to send the machine to a mechanic or back to the factory for adjustment &#8211; no more trouble after sharpening the blades.<\/p>\n<p><iframe loading=\"lazy\" width=\"1020\" height=\"574\" src=\"https:\/\/www.youtube.com\/embed\/jaX-lc0xKqo?feature=oembed\" frameborder=\"0\" allow=\"autoplay; encrypted-media\" allowfullscreen><\/iframe><\/p>\n","protected":false},"excerpt":{"rendered":"<p>M\u00e1quina de goivar Reeds &#8216;n Stuff. M\u00e1quina de goivar Reeds &#8216;n Stuff. Gouging Machine Reeds &#8216;n Stuff. Gouging Machine Reeds &#8216;n Stuff for oboe cane. Also available for English horn, Baroque oboe or Viennese Oboe. The ultimate Machine for gouging your Cane. The Reeds \u2018n Stuff gouging machine is the ultimate machine for gouging your [&#8230;]\n","protected":false},"featured_media":29737,"comment_status":"open","ping_status":"closed","template":"","meta":[],"product_brand":[],"product_cat":[2925],"product_tag":[],"giftcard-category":[],"class_list":{"0":"post-29668","1":"product","2":"type-product","3":"status-publish","4":"has-post-thumbnail","6":"product_cat-reeds-n-stuff-pt-pt","7":"product_shipping_class-rmm-pt-pt","8":"pa_cane-diameter-10-mm-pt-pt","9":"pa_cane-diameter-10-5-mm-pt-pt","10":"pa_cane-diameter-11-mm-pt-pt","11":"pa_cane-diameter-11-5-mm-pt-pt","12":"pa_cane-diameter-12-mm-eh-pt-pt","13":"pa_cane-diameter-12-mm-viennese-oboe-pt-pt-2","14":"pa_cane-diameter-12-5-mm-eh-pt-pt","15":"pa_cane-diameter-14-mm-baroque-oboe-pt-pt","16":"pa_cane-diameter-15-mm-baroque-oboe-pt-pt","17":"pa_cane-diameter-16-mm-baroque-oboe-pt-pt","19":"first","20":"instock","21":"taxable","22":"shipping-taxable","23":"purchasable","24":"product-type-variable"},"yoast_head":"<!-- This site is optimized with the Yoast SEO Premium plugin v27.0 (Yoast SEO v27.3) - https:\/\/yoast.com\/product\/yoast-seo-premium-wordpress\/ -->\n<title>M\u00e1quina de goivar Reeds &#039;n Stuff<\/title>\n<meta name=\"description\" content=\"M\u00e1quina de goivar Reeds &#039;n Stuff, m\u00e1quinas goivar, m\u00e1quinas obo\u00e9, goivar obo\u00e9, goivar canas obo\u00e9\" \/>\n<meta name=\"robots\" content=\"index, follow, max-snippet:-1, max-image-preview:large, max-video-preview:-1\" \/>\n<link rel=\"canonical\" href=\"https:\/\/eg-reeds.com\/pt-pt\/shop\/maquinas-de-fazer-palhetas\/reeds-n-stuff-pt-pt\/maquina-de-goivar-reeds-n-stuff\/\" \/>\n<meta property=\"og:locale\" content=\"pt_PT\" \/>\n<meta property=\"og:type\" content=\"article\" \/>\n<meta property=\"og:title\" content=\"M\u00e1quina de goivar Reeds &#039;n Stuff\" \/>\n<meta property=\"og:description\" content=\"M\u00e1quina de goivar Reeds &#039;n Stuff, m\u00e1quinas goivar, m\u00e1quinas obo\u00e9, goivar obo\u00e9, goivar canas obo\u00e9\" \/>\n<meta property=\"og:url\" content=\"https:\/\/eg-reeds.com\/pt-pt\/shop\/maquinas-de-fazer-palhetas\/reeds-n-stuff-pt-pt\/maquina-de-goivar-reeds-n-stuff\/\" \/>\n<meta property=\"og:site_name\" content=\"EG-REEDS\" \/>\n<meta property=\"article:publisher\" content=\"https:\/\/www.facebook.com\/EGREEDS\" \/>\n<meta property=\"article:modified_time\" content=\"2020-01-29T09:14:39+00:00\" \/>\n<meta property=\"og:image\" content=\"https:\/\/eg-reeds.com\/wp-content\/uploads\/2018\/02\/Gouging-machine-RS.jpg\" \/>\n\t<meta property=\"og:image:width\" content=\"1500\" \/>\n\t<meta property=\"og:image:height\" content=\"964\" \/>\n\t<meta property=\"og:image:type\" content=\"image\/jpeg\" \/>\n<meta name=\"twitter:card\" content=\"summary_large_image\" \/>\n<meta name=\"twitter:site\" content=\"@egreeds\" \/>\n<meta name=\"twitter:label1\" content=\"Disponibilidade\" \/>\n\t<meta name=\"twitter:data1\" content=\"Em stock\" \/>\n<script type=\"application\/ld+json\" class=\"yoast-schema-graph\">{\"@context\":\"https:\\\/\\\/schema.org\",\"@graph\":[{\"@type\":[\"WebPage\",\"ItemPage\"],\"@id\":\"https:\\\/\\\/eg-reeds.com\\\/pt-pt\\\/shop\\\/maquinas-de-fazer-palhetas\\\/reeds-n-stuff-pt-pt\\\/maquina-de-goivar-reeds-n-stuff\\\/\",\"url\":\"https:\\\/\\\/eg-reeds.com\\\/pt-pt\\\/shop\\\/maquinas-de-fazer-palhetas\\\/reeds-n-stuff-pt-pt\\\/maquina-de-goivar-reeds-n-stuff\\\/\",\"name\":\"M\u00e1quina de goivar Reeds 'n Stuff\",\"isPartOf\":{\"@id\":\"https:\\\/\\\/eg-reeds.com\\\/pt-pt\\\/#website\"},\"primaryImageOfPage\":{\"@id\":\"https:\\\/\\\/eg-reeds.com\\\/pt-pt\\\/shop\\\/maquinas-de-fazer-palhetas\\\/reeds-n-stuff-pt-pt\\\/maquina-de-goivar-reeds-n-stuff\\\/#primaryimage\"},\"image\":{\"@id\":\"https:\\\/\\\/eg-reeds.com\\\/pt-pt\\\/shop\\\/maquinas-de-fazer-palhetas\\\/reeds-n-stuff-pt-pt\\\/maquina-de-goivar-reeds-n-stuff\\\/#primaryimage\"},\"thumbnailUrl\":\"https:\\\/\\\/eg-reeds.com\\\/wp-content\\\/uploads\\\/2018\\\/02\\\/Gouging-machine-RS.jpg\",\"datePublished\":\"2018-02-03T13:07:12+00:00\",\"dateModified\":\"2020-01-29T09:14:39+00:00\",\"description\":\"M\u00e1quina de goivar Reeds 'n Stuff, m\u00e1quinas goivar, m\u00e1quinas obo\u00e9, goivar obo\u00e9, goivar canas obo\u00e9\",\"breadcrumb\":{\"@id\":\"https:\\\/\\\/eg-reeds.com\\\/pt-pt\\\/shop\\\/maquinas-de-fazer-palhetas\\\/reeds-n-stuff-pt-pt\\\/maquina-de-goivar-reeds-n-stuff\\\/#breadcrumb\"},\"inLanguage\":\"pt-PT\",\"potentialAction\":[{\"@type\":\"ReadAction\",\"target\":[\"https:\\\/\\\/eg-reeds.com\\\/pt-pt\\\/shop\\\/maquinas-de-fazer-palhetas\\\/reeds-n-stuff-pt-pt\\\/maquina-de-goivar-reeds-n-stuff\\\/\"]}]},{\"@type\":\"ImageObject\",\"inLanguage\":\"pt-PT\",\"@id\":\"https:\\\/\\\/eg-reeds.com\\\/pt-pt\\\/shop\\\/maquinas-de-fazer-palhetas\\\/reeds-n-stuff-pt-pt\\\/maquina-de-goivar-reeds-n-stuff\\\/#primaryimage\",\"url\":\"https:\\\/\\\/eg-reeds.com\\\/wp-content\\\/uploads\\\/2018\\\/02\\\/Gouging-machine-RS.jpg\",\"contentUrl\":\"https:\\\/\\\/eg-reeds.com\\\/wp-content\\\/uploads\\\/2018\\\/02\\\/Gouging-machine-RS.jpg\",\"width\":1500,\"height\":964,\"caption\":\"M\u00e1quina de goivar Reeds 'n Stuff\"},{\"@type\":\"BreadcrumbList\",\"@id\":\"https:\\\/\\\/eg-reeds.com\\\/pt-pt\\\/shop\\\/maquinas-de-fazer-palhetas\\\/reeds-n-stuff-pt-pt\\\/maquina-de-goivar-reeds-n-stuff\\\/#breadcrumb\",\"itemListElement\":[{\"@type\":\"ListItem\",\"position\":1,\"name\":\"Startseite\",\"item\":\"https:\\\/\\\/eg-reeds.com\\\/pt-pt\\\/\"},{\"@type\":\"ListItem\",\"position\":2,\"name\":\"Loja\",\"item\":\"https:\\\/\\\/eg-reeds.com\\\/pt-pt\\\/\"},{\"@type\":\"ListItem\",\"position\":3,\"name\":\"M\u00e1quina de goivar Reeds &#8216;n Stuff\"}]},{\"@type\":\"WebSite\",\"@id\":\"https:\\\/\\\/eg-reeds.com\\\/pt-pt\\\/#website\",\"url\":\"https:\\\/\\\/eg-reeds.com\\\/pt-pt\\\/\",\"name\":\"www.eg-reeds.com\",\"description\":\"Palhetas obo\u00e9\",\"publisher\":{\"@id\":\"https:\\\/\\\/eg-reeds.com\\\/pt-pt\\\/#organization\"},\"alternateName\":\"eg-reeds.com\",\"potentialAction\":[{\"@type\":\"SearchAction\",\"target\":{\"@type\":\"EntryPoint\",\"urlTemplate\":\"https:\\\/\\\/eg-reeds.com\\\/pt-pt\\\/?s={search_term_string}\"},\"query-input\":{\"@type\":\"PropertyValueSpecification\",\"valueRequired\":true,\"valueName\":\"search_term_string\"}}],\"inLanguage\":\"pt-PT\"},{\"@type\":\"Organization\",\"@id\":\"https:\\\/\\\/eg-reeds.com\\\/pt-pt\\\/#organization\",\"name\":\"www.eg-reeds.com\",\"url\":\"https:\\\/\\\/eg-reeds.com\\\/pt-pt\\\/\",\"logo\":{\"@type\":\"ImageObject\",\"inLanguage\":\"pt-PT\",\"@id\":\"https:\\\/\\\/eg-reeds.com\\\/pt-pt\\\/#\\\/schema\\\/logo\\\/image\\\/\",\"url\":\"https:\\\/\\\/eg-reeds.com\\\/wp-content\\\/uploads\\\/2024\\\/06\\\/Logo-scaled-e1718793906611.jpg\",\"contentUrl\":\"https:\\\/\\\/eg-reeds.com\\\/wp-content\\\/uploads\\\/2024\\\/06\\\/Logo-scaled-e1718793906611.jpg\",\"width\":1200,\"height\":493,\"caption\":\"www.eg-reeds.com\"},\"image\":{\"@id\":\"https:\\\/\\\/eg-reeds.com\\\/pt-pt\\\/#\\\/schema\\\/logo\\\/image\\\/\"},\"sameAs\":[\"https:\\\/\\\/www.facebook.com\\\/EGREEDS\",\"https:\\\/\\\/x.com\\\/egreeds\",\"https:\\\/\\\/www.instagram.com\\\/egreeds\\\/\",\"https:\\\/\\\/www.youtube.com\\\/c\\\/EGREEDS\",\"https:\\\/\\\/www.threads.net\\\/@egreeds\",\"https:\\\/\\\/www.tiktok.com\\\/@egreeds\"]}]}<\/script>\n<meta property=\"og:availability\" content=\"instock\" \/>\n<meta property=\"product:availability\" content=\"instock\" \/>\n<meta property=\"product:retailer_item_id\" content=\"MRSG - F10-10000-1050\" \/>\n<meta property=\"product:condition\" content=\"new\" \/>\n<!-- \/ Yoast SEO Premium plugin. -->","yoast_head_json":{"title":"M\u00e1quina de goivar Reeds 'n Stuff","description":"M\u00e1quina de goivar Reeds 'n Stuff, m\u00e1quinas goivar, m\u00e1quinas obo\u00e9, goivar obo\u00e9, goivar canas obo\u00e9","robots":{"index":"index","follow":"follow","max-snippet":"max-snippet:-1","max-image-preview":"max-image-preview:large","max-video-preview":"max-video-preview:-1"},"canonical":"https:\/\/eg-reeds.com\/pt-pt\/shop\/maquinas-de-fazer-palhetas\/reeds-n-stuff-pt-pt\/maquina-de-goivar-reeds-n-stuff\/","og_locale":"pt_PT","og_type":"article","og_title":"M\u00e1quina de goivar Reeds 'n Stuff","og_description":"M\u00e1quina de goivar Reeds 'n Stuff, m\u00e1quinas goivar, m\u00e1quinas obo\u00e9, goivar obo\u00e9, goivar canas obo\u00e9","og_url":"https:\/\/eg-reeds.com\/pt-pt\/shop\/maquinas-de-fazer-palhetas\/reeds-n-stuff-pt-pt\/maquina-de-goivar-reeds-n-stuff\/","og_site_name":"EG-REEDS","article_publisher":"https:\/\/www.facebook.com\/EGREEDS","article_modified_time":"2020-01-29T09:14:39+00:00","og_image":[{"width":1500,"height":964,"url":"https:\/\/eg-reeds.com\/wp-content\/uploads\/2018\/02\/Gouging-machine-RS.jpg","type":"image\/jpeg"}],"twitter_card":"summary_large_image","twitter_site":"@egreeds","twitter_misc":{"Disponibilidade":"Em stock"},"schema":{"@context":"https:\/\/schema.org","@graph":[{"@type":["WebPage","ItemPage"],"@id":"https:\/\/eg-reeds.com\/pt-pt\/shop\/maquinas-de-fazer-palhetas\/reeds-n-stuff-pt-pt\/maquina-de-goivar-reeds-n-stuff\/","url":"https:\/\/eg-reeds.com\/pt-pt\/shop\/maquinas-de-fazer-palhetas\/reeds-n-stuff-pt-pt\/maquina-de-goivar-reeds-n-stuff\/","name":"M\u00e1quina de goivar Reeds 'n Stuff","isPartOf":{"@id":"https:\/\/eg-reeds.com\/pt-pt\/#website"},"primaryImageOfPage":{"@id":"https:\/\/eg-reeds.com\/pt-pt\/shop\/maquinas-de-fazer-palhetas\/reeds-n-stuff-pt-pt\/maquina-de-goivar-reeds-n-stuff\/#primaryimage"},"image":{"@id":"https:\/\/eg-reeds.com\/pt-pt\/shop\/maquinas-de-fazer-palhetas\/reeds-n-stuff-pt-pt\/maquina-de-goivar-reeds-n-stuff\/#primaryimage"},"thumbnailUrl":"https:\/\/eg-reeds.com\/wp-content\/uploads\/2018\/02\/Gouging-machine-RS.jpg","datePublished":"2018-02-03T13:07:12+00:00","dateModified":"2020-01-29T09:14:39+00:00","description":"M\u00e1quina de goivar Reeds 'n Stuff, m\u00e1quinas goivar, m\u00e1quinas obo\u00e9, goivar obo\u00e9, goivar canas obo\u00e9","breadcrumb":{"@id":"https:\/\/eg-reeds.com\/pt-pt\/shop\/maquinas-de-fazer-palhetas\/reeds-n-stuff-pt-pt\/maquina-de-goivar-reeds-n-stuff\/#breadcrumb"},"inLanguage":"pt-PT","potentialAction":[{"@type":"ReadAction","target":["https:\/\/eg-reeds.com\/pt-pt\/shop\/maquinas-de-fazer-palhetas\/reeds-n-stuff-pt-pt\/maquina-de-goivar-reeds-n-stuff\/"]}]},{"@type":"ImageObject","inLanguage":"pt-PT","@id":"https:\/\/eg-reeds.com\/pt-pt\/shop\/maquinas-de-fazer-palhetas\/reeds-n-stuff-pt-pt\/maquina-de-goivar-reeds-n-stuff\/#primaryimage","url":"https:\/\/eg-reeds.com\/wp-content\/uploads\/2018\/02\/Gouging-machine-RS.jpg","contentUrl":"https:\/\/eg-reeds.com\/wp-content\/uploads\/2018\/02\/Gouging-machine-RS.jpg","width":1500,"height":964,"caption":"M\u00e1quina de goivar Reeds 'n Stuff"},{"@type":"BreadcrumbList","@id":"https:\/\/eg-reeds.com\/pt-pt\/shop\/maquinas-de-fazer-palhetas\/reeds-n-stuff-pt-pt\/maquina-de-goivar-reeds-n-stuff\/#breadcrumb","itemListElement":[{"@type":"ListItem","position":1,"name":"Startseite","item":"https:\/\/eg-reeds.com\/pt-pt\/"},{"@type":"ListItem","position":2,"name":"Loja","item":"https:\/\/eg-reeds.com\/pt-pt\/"},{"@type":"ListItem","position":3,"name":"M\u00e1quina de goivar Reeds &#8216;n Stuff"}]},{"@type":"WebSite","@id":"https:\/\/eg-reeds.com\/pt-pt\/#website","url":"https:\/\/eg-reeds.com\/pt-pt\/","name":"www.eg-reeds.com","description":"Palhetas obo\u00e9","publisher":{"@id":"https:\/\/eg-reeds.com\/pt-pt\/#organization"},"alternateName":"eg-reeds.com","potentialAction":[{"@type":"SearchAction","target":{"@type":"EntryPoint","urlTemplate":"https:\/\/eg-reeds.com\/pt-pt\/?s={search_term_string}"},"query-input":{"@type":"PropertyValueSpecification","valueRequired":true,"valueName":"search_term_string"}}],"inLanguage":"pt-PT"},{"@type":"Organization","@id":"https:\/\/eg-reeds.com\/pt-pt\/#organization","name":"www.eg-reeds.com","url":"https:\/\/eg-reeds.com\/pt-pt\/","logo":{"@type":"ImageObject","inLanguage":"pt-PT","@id":"https:\/\/eg-reeds.com\/pt-pt\/#\/schema\/logo\/image\/","url":"https:\/\/eg-reeds.com\/wp-content\/uploads\/2024\/06\/Logo-scaled-e1718793906611.jpg","contentUrl":"https:\/\/eg-reeds.com\/wp-content\/uploads\/2024\/06\/Logo-scaled-e1718793906611.jpg","width":1200,"height":493,"caption":"www.eg-reeds.com"},"image":{"@id":"https:\/\/eg-reeds.com\/pt-pt\/#\/schema\/logo\/image\/"},"sameAs":["https:\/\/www.facebook.com\/EGREEDS","https:\/\/x.com\/egreeds","https:\/\/www.instagram.com\/egreeds\/","https:\/\/www.youtube.com\/c\/EGREEDS","https:\/\/www.threads.net\/@egreeds","https:\/\/www.tiktok.com\/@egreeds"]}]},"og_availability":"instock","product_availability":"instock","product_retailer_item_id":"MRSG - F10-10000-1050","product_condition":"new"},"_links":{"self":[{"href":"https:\/\/eg-reeds.com\/pt-pt\/wp-json\/wp\/v2\/product\/29668","targetHints":{"allow":["GET"]}}],"collection":[{"href":"https:\/\/eg-reeds.com\/pt-pt\/wp-json\/wp\/v2\/product"}],"about":[{"href":"https:\/\/eg-reeds.com\/pt-pt\/wp-json\/wp\/v2\/types\/product"}],"replies":[{"embeddable":true,"href":"https:\/\/eg-reeds.com\/pt-pt\/wp-json\/wp\/v2\/comments?post=29668"}],"wp:featuredmedia":[{"embeddable":true,"href":"https:\/\/eg-reeds.com\/pt-pt\/wp-json\/wp\/v2\/media\/29737"}],"wp:attachment":[{"href":"https:\/\/eg-reeds.com\/pt-pt\/wp-json\/wp\/v2\/media?parent=29668"}],"wp:term":[{"taxonomy":"product_brand","embeddable":true,"href":"https:\/\/eg-reeds.com\/pt-pt\/wp-json\/wp\/v2\/product_brand?post=29668"},{"taxonomy":"product_cat","embeddable":true,"href":"https:\/\/eg-reeds.com\/pt-pt\/wp-json\/wp\/v2\/product_cat?post=29668"},{"taxonomy":"product_tag","embeddable":true,"href":"https:\/\/eg-reeds.com\/pt-pt\/wp-json\/wp\/v2\/product_tag?post=29668"},{"taxonomy":"giftcard-category","embeddable":true,"href":"https:\/\/eg-reeds.com\/pt-pt\/wp-json\/wp\/v2\/giftcard-category?post=29668"}],"curies":[{"name":"wp","href":"https:\/\/api.w.org\/{rel}","templated":true}]}}