{"id":29692,"date":"2018-02-03T16:22:02","date_gmt":"2018-02-03T15:22:07","guid":{"rendered":"http:\/\/eg-reeds.com\/?post_type=product&#038;p=29692"},"modified":"2020-01-29T10:14:34","modified_gmt":"2020-01-29T09:14:34","slug":"pre-goiva-reeds-n-stuff","status":"publish","type":"product","link":"https:\/\/eg-reeds.com\/pt-pt\/shop\/maquinas-de-fazer-palhetas\/reeds-n-stuff-pt-pt\/pre-goiva-reeds-n-stuff\/","title":{"rendered":"Pr\u00e9-goiva Reeds &#8216;n Stuff"},"content":{"rendered":"<p><strong>Pr\u00e9-goiva Reeds &#8216;n Stuff.<\/strong><\/p>\n<p>Pr\u00e9-goiva Reeds &#8216;n Stuff.<\/p>\n<h4><strong>Pregouging Machine Reeds &#8216;n Stuff.<\/strong><\/h4>\n<p>Pregouging Machine Reeds &#8216;n Stuff for oboe, English horn or Baroque oboe cane.<\/p>\n<p>An ingenious circular blade action gouges the cane to nearly finished quality then just about five strokes with your gouging machine and you are ready to roll&#8230;<\/p>\n<p>This pregouging machine will prolong the life of your gouging machine by reducing wear on your blades.<\/p>\n<p>Available in diameters \u00d8 10 \/ 10.5 \/ 11 \/ 12 \/ 12.5 or Baroque Oboe. Other diameters on request.<\/p>\n<p><iframe loading=\"lazy\" width=\"1020\" height=\"574\" src=\"https:\/\/www.youtube.com\/embed\/IIDIcd0Mg1s?feature=oembed\" frameborder=\"0\" allow=\"autoplay; encrypted-media\" allowfullscreen><\/iframe><\/p>\n<p>&nbsp;<\/p>\n","protected":false},"excerpt":{"rendered":"<p>Pr\u00e9-goiva Reeds &#8216;n Stuff. Pr\u00e9-goiva Reeds &#8216;n Stuff. Pregouging Machine Reeds &#8216;n Stuff. Pregouging Machine Reeds &#8216;n Stuff for oboe, English horn or Baroque oboe cane. An ingenious circular blade action gouges the cane to nearly finished quality then just about five strokes with your gouging machine and you are ready to roll&#8230; This pregouging [&#8230;]\n","protected":false},"featured_media":29715,"comment_status":"open","ping_status":"closed","template":"","meta":[],"product_brand":[],"product_cat":[2925],"product_tag":[],"giftcard-category":[],"class_list":{"0":"post-29692","1":"product","2":"type-product","3":"status-publish","4":"has-post-thumbnail","6":"product_cat-reeds-n-stuff-pt-pt","7":"product_shipping_class-rmm-pt-pt","8":"pa_cane-diameter-10-pt-pt","9":"pa_cane-diameter-105-pt-pt","10":"pa_cane-diameter-11-pt-pt","11":"pa_cane-diameter-115-pt-pt","12":"pa_cane-diameter-12-pt-pt-2","13":"pa_cane-diameter-125-pt-pt-2","14":"pa_cane-diameter-14-pt-pt","15":"pa_cane-diameter-15-pt-pt","16":"pa_cane-diameter-16-pt-pt-2","18":"first","19":"instock","20":"taxable","21":"shipping-taxable","22":"purchasable","23":"product-type-variable"},"yoast_head":"<!-- This site is optimized with the Yoast SEO Premium plugin v27.0 (Yoast SEO v27.4) - https:\/\/yoast.com\/product\/yoast-seo-premium-wordpress\/ -->\n<title>Pr\u00e9-goiva Reeds &#039;n Stuff - EG-REEDS<\/title>\n<meta name=\"description\" content=\"Pr\u00e9-goiva Reeds &#039;n Stuff, goiva obo\u00e9, pr\u00e9-goivar, pr\u00e9goiva, obo\u00e9, palhetas, canas, canas obo\u00e9, palhetas obo\u00e9\" \/>\n<meta name=\"robots\" content=\"index, follow, max-snippet:-1, max-image-preview:large, max-video-preview:-1\" \/>\n<link rel=\"canonical\" href=\"https:\/\/eg-reeds.com\/pt-pt\/shop\/maquinas-de-fazer-palhetas\/reeds-n-stuff-pt-pt\/pre-goiva-reeds-n-stuff\/\" \/>\n<meta property=\"og:locale\" content=\"pt_PT\" \/>\n<meta property=\"og:type\" content=\"article\" \/>\n<meta property=\"og:title\" content=\"Pr\u00e9-goiva Reeds &#039;n Stuff\" \/>\n<meta property=\"og:description\" content=\"Pr\u00e9-goiva Reeds &#039;n Stuff, goiva obo\u00e9, pr\u00e9-goivar, pr\u00e9goiva, obo\u00e9, palhetas, canas, canas obo\u00e9, palhetas obo\u00e9\" \/>\n<meta property=\"og:url\" content=\"https:\/\/eg-reeds.com\/pt-pt\/shop\/maquinas-de-fazer-palhetas\/reeds-n-stuff-pt-pt\/pre-goiva-reeds-n-stuff\/\" \/>\n<meta property=\"og:site_name\" content=\"EG-REEDS\" \/>\n<meta property=\"article:publisher\" content=\"https:\/\/www.facebook.com\/EGREEDS\" \/>\n<meta property=\"article:modified_time\" content=\"2020-01-29T09:14:34+00:00\" \/>\n<meta property=\"og:image\" content=\"https:\/\/eg-reeds.com\/wp-content\/uploads\/2018\/02\/Pregouging-machine-Reeds-n-Stuff.jpg\" \/>\n\t<meta property=\"og:image:width\" content=\"1500\" \/>\n\t<meta property=\"og:image:height\" content=\"962\" \/>\n\t<meta property=\"og:image:type\" content=\"image\/jpeg\" \/>\n<meta name=\"twitter:card\" content=\"summary_large_image\" \/>\n<meta name=\"twitter:site\" content=\"@egreeds\" \/>\n<meta name=\"twitter:label1\" content=\"Disponibilidade\" \/>\n\t<meta name=\"twitter:data1\" content=\"Em stock\" \/>\n<script type=\"application\/ld+json\" class=\"yoast-schema-graph\">{\"@context\":\"https:\\\/\\\/schema.org\",\"@graph\":[{\"@type\":[\"WebPage\",\"ItemPage\"],\"@id\":\"https:\\\/\\\/eg-reeds.com\\\/pt-pt\\\/shop\\\/maquinas-de-fazer-palhetas\\\/reeds-n-stuff-pt-pt\\\/pre-goiva-reeds-n-stuff\\\/\",\"url\":\"https:\\\/\\\/eg-reeds.com\\\/pt-pt\\\/shop\\\/maquinas-de-fazer-palhetas\\\/reeds-n-stuff-pt-pt\\\/pre-goiva-reeds-n-stuff\\\/\",\"name\":\"Pr\u00e9-goiva Reeds 'n Stuff - EG-REEDS\",\"isPartOf\":{\"@id\":\"https:\\\/\\\/eg-reeds.com\\\/pt-pt\\\/#website\"},\"primaryImageOfPage\":{\"@id\":\"https:\\\/\\\/eg-reeds.com\\\/pt-pt\\\/shop\\\/maquinas-de-fazer-palhetas\\\/reeds-n-stuff-pt-pt\\\/pre-goiva-reeds-n-stuff\\\/#primaryimage\"},\"image\":{\"@id\":\"https:\\\/\\\/eg-reeds.com\\\/pt-pt\\\/shop\\\/maquinas-de-fazer-palhetas\\\/reeds-n-stuff-pt-pt\\\/pre-goiva-reeds-n-stuff\\\/#primaryimage\"},\"thumbnailUrl\":\"https:\\\/\\\/eg-reeds.com\\\/wp-content\\\/uploads\\\/2018\\\/02\\\/Pregouging-machine-Reeds-n-Stuff.jpg\",\"datePublished\":\"2018-02-03T15:22:07+00:00\",\"dateModified\":\"2020-01-29T09:14:34+00:00\",\"description\":\"Pr\u00e9-goiva Reeds 'n Stuff, goiva obo\u00e9, pr\u00e9-goivar, pr\u00e9goiva, obo\u00e9, palhetas, canas, canas obo\u00e9, palhetas obo\u00e9\",\"breadcrumb\":{\"@id\":\"https:\\\/\\\/eg-reeds.com\\\/pt-pt\\\/shop\\\/maquinas-de-fazer-palhetas\\\/reeds-n-stuff-pt-pt\\\/pre-goiva-reeds-n-stuff\\\/#breadcrumb\"},\"inLanguage\":\"pt-PT\",\"potentialAction\":[{\"@type\":\"ReadAction\",\"target\":[\"https:\\\/\\\/eg-reeds.com\\\/pt-pt\\\/shop\\\/maquinas-de-fazer-palhetas\\\/reeds-n-stuff-pt-pt\\\/pre-goiva-reeds-n-stuff\\\/\"]}]},{\"@type\":\"ImageObject\",\"inLanguage\":\"pt-PT\",\"@id\":\"https:\\\/\\\/eg-reeds.com\\\/pt-pt\\\/shop\\\/maquinas-de-fazer-palhetas\\\/reeds-n-stuff-pt-pt\\\/pre-goiva-reeds-n-stuff\\\/#primaryimage\",\"url\":\"https:\\\/\\\/eg-reeds.com\\\/wp-content\\\/uploads\\\/2018\\\/02\\\/Pregouging-machine-Reeds-n-Stuff.jpg\",\"contentUrl\":\"https:\\\/\\\/eg-reeds.com\\\/wp-content\\\/uploads\\\/2018\\\/02\\\/Pregouging-machine-Reeds-n-Stuff.jpg\",\"width\":1500,\"height\":962,\"caption\":\"Pr\u00e9-goiva Reeds 'n Stuff\"},{\"@type\":\"BreadcrumbList\",\"@id\":\"https:\\\/\\\/eg-reeds.com\\\/pt-pt\\\/shop\\\/maquinas-de-fazer-palhetas\\\/reeds-n-stuff-pt-pt\\\/pre-goiva-reeds-n-stuff\\\/#breadcrumb\",\"itemListElement\":[{\"@type\":\"ListItem\",\"position\":1,\"name\":\"Startseite\",\"item\":\"https:\\\/\\\/eg-reeds.com\\\/pt-pt\\\/\"},{\"@type\":\"ListItem\",\"position\":2,\"name\":\"Loja\",\"item\":\"https:\\\/\\\/eg-reeds.com\\\/pt-pt\\\/\"},{\"@type\":\"ListItem\",\"position\":3,\"name\":\"Pr\u00e9-goiva Reeds &#8216;n Stuff\"}]},{\"@type\":\"WebSite\",\"@id\":\"https:\\\/\\\/eg-reeds.com\\\/pt-pt\\\/#website\",\"url\":\"https:\\\/\\\/eg-reeds.com\\\/pt-pt\\\/\",\"name\":\"www.eg-reeds.com\",\"description\":\"Palhetas obo\u00e9\",\"publisher\":{\"@id\":\"https:\\\/\\\/eg-reeds.com\\\/pt-pt\\\/#organization\"},\"alternateName\":\"eg-reeds.com\",\"potentialAction\":[{\"@type\":\"SearchAction\",\"target\":{\"@type\":\"EntryPoint\",\"urlTemplate\":\"https:\\\/\\\/eg-reeds.com\\\/pt-pt\\\/?s={search_term_string}\"},\"query-input\":{\"@type\":\"PropertyValueSpecification\",\"valueRequired\":true,\"valueName\":\"search_term_string\"}}],\"inLanguage\":\"pt-PT\"},{\"@type\":\"Organization\",\"@id\":\"https:\\\/\\\/eg-reeds.com\\\/pt-pt\\\/#organization\",\"name\":\"www.eg-reeds.com\",\"url\":\"https:\\\/\\\/eg-reeds.com\\\/pt-pt\\\/\",\"logo\":{\"@type\":\"ImageObject\",\"inLanguage\":\"pt-PT\",\"@id\":\"https:\\\/\\\/eg-reeds.com\\\/pt-pt\\\/#\\\/schema\\\/logo\\\/image\\\/\",\"url\":\"https:\\\/\\\/eg-reeds.com\\\/wp-content\\\/uploads\\\/2024\\\/06\\\/Logo-scaled-e1718793906611.jpg\",\"contentUrl\":\"https:\\\/\\\/eg-reeds.com\\\/wp-content\\\/uploads\\\/2024\\\/06\\\/Logo-scaled-e1718793906611.jpg\",\"width\":1200,\"height\":493,\"caption\":\"www.eg-reeds.com\"},\"image\":{\"@id\":\"https:\\\/\\\/eg-reeds.com\\\/pt-pt\\\/#\\\/schema\\\/logo\\\/image\\\/\"},\"sameAs\":[\"https:\\\/\\\/www.facebook.com\\\/EGREEDS\",\"https:\\\/\\\/x.com\\\/egreeds\",\"https:\\\/\\\/www.instagram.com\\\/egreeds\\\/\",\"https:\\\/\\\/www.youtube.com\\\/c\\\/EGREEDS\",\"https:\\\/\\\/www.threads.net\\\/@egreeds\",\"https:\\\/\\\/www.tiktok.com\\\/@egreeds\"]}]}<\/script>\n<meta property=\"og:availability\" content=\"instock\" \/>\n<meta property=\"product:availability\" content=\"instock\" \/>\n<meta property=\"product:retailer_item_id\" content=\"MRSP - F10-12000-1050\" \/>\n<meta property=\"product:condition\" content=\"new\" \/>\n<!-- \/ Yoast SEO Premium plugin. -->","yoast_head_json":{"title":"Pr\u00e9-goiva Reeds 'n Stuff - EG-REEDS","description":"Pr\u00e9-goiva Reeds 'n Stuff, goiva obo\u00e9, pr\u00e9-goivar, pr\u00e9goiva, obo\u00e9, palhetas, canas, canas obo\u00e9, palhetas obo\u00e9","robots":{"index":"index","follow":"follow","max-snippet":"max-snippet:-1","max-image-preview":"max-image-preview:large","max-video-preview":"max-video-preview:-1"},"canonical":"https:\/\/eg-reeds.com\/pt-pt\/shop\/maquinas-de-fazer-palhetas\/reeds-n-stuff-pt-pt\/pre-goiva-reeds-n-stuff\/","og_locale":"pt_PT","og_type":"article","og_title":"Pr\u00e9-goiva Reeds 'n Stuff","og_description":"Pr\u00e9-goiva Reeds 'n Stuff, goiva obo\u00e9, pr\u00e9-goivar, pr\u00e9goiva, obo\u00e9, palhetas, canas, canas obo\u00e9, palhetas obo\u00e9","og_url":"https:\/\/eg-reeds.com\/pt-pt\/shop\/maquinas-de-fazer-palhetas\/reeds-n-stuff-pt-pt\/pre-goiva-reeds-n-stuff\/","og_site_name":"EG-REEDS","article_publisher":"https:\/\/www.facebook.com\/EGREEDS","article_modified_time":"2020-01-29T09:14:34+00:00","og_image":[{"width":1500,"height":962,"url":"https:\/\/eg-reeds.com\/wp-content\/uploads\/2018\/02\/Pregouging-machine-Reeds-n-Stuff.jpg","type":"image\/jpeg"}],"twitter_card":"summary_large_image","twitter_site":"@egreeds","twitter_misc":{"Disponibilidade":"Em stock"},"schema":{"@context":"https:\/\/schema.org","@graph":[{"@type":["WebPage","ItemPage"],"@id":"https:\/\/eg-reeds.com\/pt-pt\/shop\/maquinas-de-fazer-palhetas\/reeds-n-stuff-pt-pt\/pre-goiva-reeds-n-stuff\/","url":"https:\/\/eg-reeds.com\/pt-pt\/shop\/maquinas-de-fazer-palhetas\/reeds-n-stuff-pt-pt\/pre-goiva-reeds-n-stuff\/","name":"Pr\u00e9-goiva Reeds 'n Stuff - EG-REEDS","isPartOf":{"@id":"https:\/\/eg-reeds.com\/pt-pt\/#website"},"primaryImageOfPage":{"@id":"https:\/\/eg-reeds.com\/pt-pt\/shop\/maquinas-de-fazer-palhetas\/reeds-n-stuff-pt-pt\/pre-goiva-reeds-n-stuff\/#primaryimage"},"image":{"@id":"https:\/\/eg-reeds.com\/pt-pt\/shop\/maquinas-de-fazer-palhetas\/reeds-n-stuff-pt-pt\/pre-goiva-reeds-n-stuff\/#primaryimage"},"thumbnailUrl":"https:\/\/eg-reeds.com\/wp-content\/uploads\/2018\/02\/Pregouging-machine-Reeds-n-Stuff.jpg","datePublished":"2018-02-03T15:22:07+00:00","dateModified":"2020-01-29T09:14:34+00:00","description":"Pr\u00e9-goiva Reeds 'n Stuff, goiva obo\u00e9, pr\u00e9-goivar, pr\u00e9goiva, obo\u00e9, palhetas, canas, canas obo\u00e9, palhetas obo\u00e9","breadcrumb":{"@id":"https:\/\/eg-reeds.com\/pt-pt\/shop\/maquinas-de-fazer-palhetas\/reeds-n-stuff-pt-pt\/pre-goiva-reeds-n-stuff\/#breadcrumb"},"inLanguage":"pt-PT","potentialAction":[{"@type":"ReadAction","target":["https:\/\/eg-reeds.com\/pt-pt\/shop\/maquinas-de-fazer-palhetas\/reeds-n-stuff-pt-pt\/pre-goiva-reeds-n-stuff\/"]}]},{"@type":"ImageObject","inLanguage":"pt-PT","@id":"https:\/\/eg-reeds.com\/pt-pt\/shop\/maquinas-de-fazer-palhetas\/reeds-n-stuff-pt-pt\/pre-goiva-reeds-n-stuff\/#primaryimage","url":"https:\/\/eg-reeds.com\/wp-content\/uploads\/2018\/02\/Pregouging-machine-Reeds-n-Stuff.jpg","contentUrl":"https:\/\/eg-reeds.com\/wp-content\/uploads\/2018\/02\/Pregouging-machine-Reeds-n-Stuff.jpg","width":1500,"height":962,"caption":"Pr\u00e9-goiva Reeds 'n Stuff"},{"@type":"BreadcrumbList","@id":"https:\/\/eg-reeds.com\/pt-pt\/shop\/maquinas-de-fazer-palhetas\/reeds-n-stuff-pt-pt\/pre-goiva-reeds-n-stuff\/#breadcrumb","itemListElement":[{"@type":"ListItem","position":1,"name":"Startseite","item":"https:\/\/eg-reeds.com\/pt-pt\/"},{"@type":"ListItem","position":2,"name":"Loja","item":"https:\/\/eg-reeds.com\/pt-pt\/"},{"@type":"ListItem","position":3,"name":"Pr\u00e9-goiva Reeds &#8216;n Stuff"}]},{"@type":"WebSite","@id":"https:\/\/eg-reeds.com\/pt-pt\/#website","url":"https:\/\/eg-reeds.com\/pt-pt\/","name":"www.eg-reeds.com","description":"Palhetas obo\u00e9","publisher":{"@id":"https:\/\/eg-reeds.com\/pt-pt\/#organization"},"alternateName":"eg-reeds.com","potentialAction":[{"@type":"SearchAction","target":{"@type":"EntryPoint","urlTemplate":"https:\/\/eg-reeds.com\/pt-pt\/?s={search_term_string}"},"query-input":{"@type":"PropertyValueSpecification","valueRequired":true,"valueName":"search_term_string"}}],"inLanguage":"pt-PT"},{"@type":"Organization","@id":"https:\/\/eg-reeds.com\/pt-pt\/#organization","name":"www.eg-reeds.com","url":"https:\/\/eg-reeds.com\/pt-pt\/","logo":{"@type":"ImageObject","inLanguage":"pt-PT","@id":"https:\/\/eg-reeds.com\/pt-pt\/#\/schema\/logo\/image\/","url":"https:\/\/eg-reeds.com\/wp-content\/uploads\/2024\/06\/Logo-scaled-e1718793906611.jpg","contentUrl":"https:\/\/eg-reeds.com\/wp-content\/uploads\/2024\/06\/Logo-scaled-e1718793906611.jpg","width":1200,"height":493,"caption":"www.eg-reeds.com"},"image":{"@id":"https:\/\/eg-reeds.com\/pt-pt\/#\/schema\/logo\/image\/"},"sameAs":["https:\/\/www.facebook.com\/EGREEDS","https:\/\/x.com\/egreeds","https:\/\/www.instagram.com\/egreeds\/","https:\/\/www.youtube.com\/c\/EGREEDS","https:\/\/www.threads.net\/@egreeds","https:\/\/www.tiktok.com\/@egreeds"]}]},"og_availability":"instock","product_availability":"instock","product_retailer_item_id":"MRSP - F10-12000-1050","product_condition":"new"},"_links":{"self":[{"href":"https:\/\/eg-reeds.com\/pt-pt\/wp-json\/wp\/v2\/product\/29692","targetHints":{"allow":["GET"]}}],"collection":[{"href":"https:\/\/eg-reeds.com\/pt-pt\/wp-json\/wp\/v2\/product"}],"about":[{"href":"https:\/\/eg-reeds.com\/pt-pt\/wp-json\/wp\/v2\/types\/product"}],"replies":[{"embeddable":true,"href":"https:\/\/eg-reeds.com\/pt-pt\/wp-json\/wp\/v2\/comments?post=29692"}],"wp:featuredmedia":[{"embeddable":true,"href":"https:\/\/eg-reeds.com\/pt-pt\/wp-json\/wp\/v2\/media\/29715"}],"wp:attachment":[{"href":"https:\/\/eg-reeds.com\/pt-pt\/wp-json\/wp\/v2\/media?parent=29692"}],"wp:term":[{"taxonomy":"product_brand","embeddable":true,"href":"https:\/\/eg-reeds.com\/pt-pt\/wp-json\/wp\/v2\/product_brand?post=29692"},{"taxonomy":"product_cat","embeddable":true,"href":"https:\/\/eg-reeds.com\/pt-pt\/wp-json\/wp\/v2\/product_cat?post=29692"},{"taxonomy":"product_tag","embeddable":true,"href":"https:\/\/eg-reeds.com\/pt-pt\/wp-json\/wp\/v2\/product_tag?post=29692"},{"taxonomy":"giftcard-category","embeddable":true,"href":"https:\/\/eg-reeds.com\/pt-pt\/wp-json\/wp\/v2\/giftcard-category?post=29692"}],"curies":[{"name":"wp","href":"https:\/\/api.w.org\/{rel}","templated":true}]}}