{"id":30115,"date":"2018-03-05T13:40:48","date_gmt":"2018-03-05T12:40:53","guid":{"rendered":"http:\/\/eg-reeds.com\/?post_type=product&#038;p=30115"},"modified":"2023-08-02T19:09:40","modified_gmt":"2023-08-02T17:09:40","slug":"lamina-para-maquina-de-raspar-willy-wettstein","status":"publish","type":"product","link":"https:\/\/eg-reeds.com\/pt-pt\/shop\/maquinas-de-fazer-palhetas\/willy-wettstein-pt-pt\/lamina-para-maquina-de-raspar-willy-wettstein\/","title":{"rendered":"L\u00e2mina para m\u00e1quina de raspar Willy Wettstein"},"content":{"rendered":"<h4><strong>L\u00e2mina para m\u00e1quina de raspar Willy Wettstein.<\/strong><\/h4>\n","protected":false},"excerpt":{"rendered":"<p>L\u00e2mina para m\u00e1quina de raspar Willy Wettstein.<\/p>\n","protected":false},"featured_media":30134,"comment_status":"open","ping_status":"closed","template":"","meta":[],"product_brand":[],"product_cat":[1363],"product_tag":[],"giftcard-category":[],"class_list":{"0":"post-30115","1":"product","2":"type-product","3":"status-publish","4":"has-post-thumbnail","6":"product_cat-willy-wettstein-pt-pt","8":"first","9":"outofstock","10":"taxable","11":"shipping-taxable","12":"purchasable","13":"product-type-variable"},"yoast_head":"<!-- This site is optimized with the Yoast SEO Premium plugin v27.0 (Yoast SEO v27.3) - https:\/\/yoast.com\/product\/yoast-seo-premium-wordpress\/ -->\n<title>L\u00e2mina para m\u00e1quina de raspar Willy Wettstein - EG-REEDS<\/title>\n<meta name=\"description\" content=\"l\u00e2mina, l\u00e2mina m\u00e1quina raspar, l\u00e2mina Willy Wettstein, L\u00e2mina para m\u00e1quina de raspar Willy Wettstein\" \/>\n<meta name=\"robots\" content=\"index, follow, max-snippet:-1, max-image-preview:large, max-video-preview:-1\" \/>\n<link rel=\"canonical\" href=\"https:\/\/eg-reeds.com\/pt-pt\/shop\/maquinas-de-fazer-palhetas\/willy-wettstein-pt-pt\/lamina-para-maquina-de-raspar-willy-wettstein\/\" \/>\n<meta property=\"og:locale\" content=\"pt_PT\" \/>\n<meta property=\"og:type\" content=\"article\" \/>\n<meta property=\"og:title\" content=\"L\u00e2mina para m\u00e1quina de raspar Willy Wettstein\" \/>\n<meta property=\"og:description\" content=\"l\u00e2mina, l\u00e2mina m\u00e1quina raspar, l\u00e2mina Willy Wettstein, L\u00e2mina para m\u00e1quina de raspar Willy Wettstein\" \/>\n<meta property=\"og:url\" content=\"https:\/\/eg-reeds.com\/pt-pt\/shop\/maquinas-de-fazer-palhetas\/willy-wettstein-pt-pt\/lamina-para-maquina-de-raspar-willy-wettstein\/\" \/>\n<meta property=\"og:site_name\" content=\"EG-REEDS\" \/>\n<meta property=\"article:publisher\" content=\"https:\/\/www.facebook.com\/EGREEDS\" \/>\n<meta property=\"article:modified_time\" content=\"2023-08-02T17:09:40+00:00\" \/>\n<meta property=\"og:image\" content=\"https:\/\/eg-reeds.com\/wp-content\/uploads\/2018\/03\/Blade-for-Profiling-Machine-Willy-Wettstein.jpg\" \/>\n\t<meta property=\"og:image:width\" content=\"1280\" \/>\n\t<meta property=\"og:image:height\" content=\"1088\" \/>\n\t<meta property=\"og:image:type\" content=\"image\/jpeg\" \/>\n<meta name=\"twitter:card\" content=\"summary_large_image\" \/>\n<meta name=\"twitter:site\" content=\"@egreeds\" \/>\n<meta name=\"twitter:label1\" content=\"Disponibilidade\" \/>\n\t<meta name=\"twitter:data1\" content=\"Esgotado\" \/>\n<script type=\"application\/ld+json\" class=\"yoast-schema-graph\">{\"@context\":\"https:\\\/\\\/schema.org\",\"@graph\":[{\"@type\":[\"WebPage\",\"ItemPage\"],\"@id\":\"https:\\\/\\\/eg-reeds.com\\\/pt-pt\\\/shop\\\/maquinas-de-fazer-palhetas\\\/willy-wettstein-pt-pt\\\/lamina-para-maquina-de-raspar-willy-wettstein\\\/\",\"url\":\"https:\\\/\\\/eg-reeds.com\\\/pt-pt\\\/shop\\\/maquinas-de-fazer-palhetas\\\/willy-wettstein-pt-pt\\\/lamina-para-maquina-de-raspar-willy-wettstein\\\/\",\"name\":\"L\u00e2mina para m\u00e1quina de raspar Willy Wettstein - EG-REEDS\",\"isPartOf\":{\"@id\":\"https:\\\/\\\/eg-reeds.com\\\/pt-pt\\\/#website\"},\"primaryImageOfPage\":{\"@id\":\"https:\\\/\\\/eg-reeds.com\\\/pt-pt\\\/shop\\\/maquinas-de-fazer-palhetas\\\/willy-wettstein-pt-pt\\\/lamina-para-maquina-de-raspar-willy-wettstein\\\/#primaryimage\"},\"image\":{\"@id\":\"https:\\\/\\\/eg-reeds.com\\\/pt-pt\\\/shop\\\/maquinas-de-fazer-palhetas\\\/willy-wettstein-pt-pt\\\/lamina-para-maquina-de-raspar-willy-wettstein\\\/#primaryimage\"},\"thumbnailUrl\":\"https:\\\/\\\/eg-reeds.com\\\/wp-content\\\/uploads\\\/2018\\\/03\\\/Blade-for-Profiling-Machine-Willy-Wettstein.jpg\",\"datePublished\":\"2018-03-05T12:40:53+00:00\",\"dateModified\":\"2023-08-02T17:09:40+00:00\",\"description\":\"l\u00e2mina, l\u00e2mina m\u00e1quina raspar, l\u00e2mina Willy Wettstein, L\u00e2mina para m\u00e1quina de raspar Willy Wettstein\",\"breadcrumb\":{\"@id\":\"https:\\\/\\\/eg-reeds.com\\\/pt-pt\\\/shop\\\/maquinas-de-fazer-palhetas\\\/willy-wettstein-pt-pt\\\/lamina-para-maquina-de-raspar-willy-wettstein\\\/#breadcrumb\"},\"inLanguage\":\"pt-PT\",\"potentialAction\":[{\"@type\":\"ReadAction\",\"target\":[\"https:\\\/\\\/eg-reeds.com\\\/pt-pt\\\/shop\\\/maquinas-de-fazer-palhetas\\\/willy-wettstein-pt-pt\\\/lamina-para-maquina-de-raspar-willy-wettstein\\\/\"]}]},{\"@type\":\"ImageObject\",\"inLanguage\":\"pt-PT\",\"@id\":\"https:\\\/\\\/eg-reeds.com\\\/pt-pt\\\/shop\\\/maquinas-de-fazer-palhetas\\\/willy-wettstein-pt-pt\\\/lamina-para-maquina-de-raspar-willy-wettstein\\\/#primaryimage\",\"url\":\"https:\\\/\\\/eg-reeds.com\\\/wp-content\\\/uploads\\\/2018\\\/03\\\/Blade-for-Profiling-Machine-Willy-Wettstein.jpg\",\"contentUrl\":\"https:\\\/\\\/eg-reeds.com\\\/wp-content\\\/uploads\\\/2018\\\/03\\\/Blade-for-Profiling-Machine-Willy-Wettstein.jpg\",\"width\":1280,\"height\":1088,\"caption\":\"L\u00e2mina para m\u00e1quina de raspar Willy Wettstein\"},{\"@type\":\"BreadcrumbList\",\"@id\":\"https:\\\/\\\/eg-reeds.com\\\/pt-pt\\\/shop\\\/maquinas-de-fazer-palhetas\\\/willy-wettstein-pt-pt\\\/lamina-para-maquina-de-raspar-willy-wettstein\\\/#breadcrumb\",\"itemListElement\":[{\"@type\":\"ListItem\",\"position\":1,\"name\":\"Startseite\",\"item\":\"https:\\\/\\\/eg-reeds.com\\\/pt-pt\\\/\"},{\"@type\":\"ListItem\",\"position\":2,\"name\":\"Loja\",\"item\":\"https:\\\/\\\/eg-reeds.com\\\/pt-pt\\\/\"},{\"@type\":\"ListItem\",\"position\":3,\"name\":\"L\u00e2mina para m\u00e1quina de raspar Willy Wettstein\"}]},{\"@type\":\"WebSite\",\"@id\":\"https:\\\/\\\/eg-reeds.com\\\/pt-pt\\\/#website\",\"url\":\"https:\\\/\\\/eg-reeds.com\\\/pt-pt\\\/\",\"name\":\"www.eg-reeds.com\",\"description\":\"Palhetas obo\u00e9\",\"publisher\":{\"@id\":\"https:\\\/\\\/eg-reeds.com\\\/pt-pt\\\/#organization\"},\"alternateName\":\"eg-reeds.com\",\"potentialAction\":[{\"@type\":\"SearchAction\",\"target\":{\"@type\":\"EntryPoint\",\"urlTemplate\":\"https:\\\/\\\/eg-reeds.com\\\/pt-pt\\\/?s={search_term_string}\"},\"query-input\":{\"@type\":\"PropertyValueSpecification\",\"valueRequired\":true,\"valueName\":\"search_term_string\"}}],\"inLanguage\":\"pt-PT\"},{\"@type\":\"Organization\",\"@id\":\"https:\\\/\\\/eg-reeds.com\\\/pt-pt\\\/#organization\",\"name\":\"www.eg-reeds.com\",\"url\":\"https:\\\/\\\/eg-reeds.com\\\/pt-pt\\\/\",\"logo\":{\"@type\":\"ImageObject\",\"inLanguage\":\"pt-PT\",\"@id\":\"https:\\\/\\\/eg-reeds.com\\\/pt-pt\\\/#\\\/schema\\\/logo\\\/image\\\/\",\"url\":\"https:\\\/\\\/eg-reeds.com\\\/wp-content\\\/uploads\\\/2024\\\/06\\\/Logo-scaled-e1718793906611.jpg\",\"contentUrl\":\"https:\\\/\\\/eg-reeds.com\\\/wp-content\\\/uploads\\\/2024\\\/06\\\/Logo-scaled-e1718793906611.jpg\",\"width\":1200,\"height\":493,\"caption\":\"www.eg-reeds.com\"},\"image\":{\"@id\":\"https:\\\/\\\/eg-reeds.com\\\/pt-pt\\\/#\\\/schema\\\/logo\\\/image\\\/\"},\"sameAs\":[\"https:\\\/\\\/www.facebook.com\\\/EGREEDS\",\"https:\\\/\\\/x.com\\\/egreeds\",\"https:\\\/\\\/www.instagram.com\\\/egreeds\\\/\",\"https:\\\/\\\/www.youtube.com\\\/c\\\/EGREEDS\",\"https:\\\/\\\/www.threads.net\\\/@egreeds\",\"https:\\\/\\\/www.tiktok.com\\\/@egreeds\"]}]}<\/script>\n<meta property=\"og:availability\" content=\"out of stock\" \/>\n<meta property=\"product:availability\" content=\"out of stock\" \/>\n<meta property=\"product:retailer_item_id\" content=\"MWWC\" \/>\n<meta property=\"product:condition\" content=\"new\" \/>\n<!-- \/ Yoast SEO Premium plugin. -->","yoast_head_json":{"title":"L\u00e2mina para m\u00e1quina de raspar Willy Wettstein - EG-REEDS","description":"l\u00e2mina, l\u00e2mina m\u00e1quina raspar, l\u00e2mina Willy Wettstein, L\u00e2mina para m\u00e1quina de raspar Willy Wettstein","robots":{"index":"index","follow":"follow","max-snippet":"max-snippet:-1","max-image-preview":"max-image-preview:large","max-video-preview":"max-video-preview:-1"},"canonical":"https:\/\/eg-reeds.com\/pt-pt\/shop\/maquinas-de-fazer-palhetas\/willy-wettstein-pt-pt\/lamina-para-maquina-de-raspar-willy-wettstein\/","og_locale":"pt_PT","og_type":"article","og_title":"L\u00e2mina para m\u00e1quina de raspar Willy Wettstein","og_description":"l\u00e2mina, l\u00e2mina m\u00e1quina raspar, l\u00e2mina Willy Wettstein, L\u00e2mina para m\u00e1quina de raspar Willy Wettstein","og_url":"https:\/\/eg-reeds.com\/pt-pt\/shop\/maquinas-de-fazer-palhetas\/willy-wettstein-pt-pt\/lamina-para-maquina-de-raspar-willy-wettstein\/","og_site_name":"EG-REEDS","article_publisher":"https:\/\/www.facebook.com\/EGREEDS","article_modified_time":"2023-08-02T17:09:40+00:00","og_image":[{"width":1280,"height":1088,"url":"https:\/\/eg-reeds.com\/wp-content\/uploads\/2018\/03\/Blade-for-Profiling-Machine-Willy-Wettstein.jpg","type":"image\/jpeg"}],"twitter_card":"summary_large_image","twitter_site":"@egreeds","twitter_misc":{"Disponibilidade":"Esgotado"},"schema":{"@context":"https:\/\/schema.org","@graph":[{"@type":["WebPage","ItemPage"],"@id":"https:\/\/eg-reeds.com\/pt-pt\/shop\/maquinas-de-fazer-palhetas\/willy-wettstein-pt-pt\/lamina-para-maquina-de-raspar-willy-wettstein\/","url":"https:\/\/eg-reeds.com\/pt-pt\/shop\/maquinas-de-fazer-palhetas\/willy-wettstein-pt-pt\/lamina-para-maquina-de-raspar-willy-wettstein\/","name":"L\u00e2mina para m\u00e1quina de raspar Willy Wettstein - EG-REEDS","isPartOf":{"@id":"https:\/\/eg-reeds.com\/pt-pt\/#website"},"primaryImageOfPage":{"@id":"https:\/\/eg-reeds.com\/pt-pt\/shop\/maquinas-de-fazer-palhetas\/willy-wettstein-pt-pt\/lamina-para-maquina-de-raspar-willy-wettstein\/#primaryimage"},"image":{"@id":"https:\/\/eg-reeds.com\/pt-pt\/shop\/maquinas-de-fazer-palhetas\/willy-wettstein-pt-pt\/lamina-para-maquina-de-raspar-willy-wettstein\/#primaryimage"},"thumbnailUrl":"https:\/\/eg-reeds.com\/wp-content\/uploads\/2018\/03\/Blade-for-Profiling-Machine-Willy-Wettstein.jpg","datePublished":"2018-03-05T12:40:53+00:00","dateModified":"2023-08-02T17:09:40+00:00","description":"l\u00e2mina, l\u00e2mina m\u00e1quina raspar, l\u00e2mina Willy Wettstein, L\u00e2mina para m\u00e1quina de raspar Willy Wettstein","breadcrumb":{"@id":"https:\/\/eg-reeds.com\/pt-pt\/shop\/maquinas-de-fazer-palhetas\/willy-wettstein-pt-pt\/lamina-para-maquina-de-raspar-willy-wettstein\/#breadcrumb"},"inLanguage":"pt-PT","potentialAction":[{"@type":"ReadAction","target":["https:\/\/eg-reeds.com\/pt-pt\/shop\/maquinas-de-fazer-palhetas\/willy-wettstein-pt-pt\/lamina-para-maquina-de-raspar-willy-wettstein\/"]}]},{"@type":"ImageObject","inLanguage":"pt-PT","@id":"https:\/\/eg-reeds.com\/pt-pt\/shop\/maquinas-de-fazer-palhetas\/willy-wettstein-pt-pt\/lamina-para-maquina-de-raspar-willy-wettstein\/#primaryimage","url":"https:\/\/eg-reeds.com\/wp-content\/uploads\/2018\/03\/Blade-for-Profiling-Machine-Willy-Wettstein.jpg","contentUrl":"https:\/\/eg-reeds.com\/wp-content\/uploads\/2018\/03\/Blade-for-Profiling-Machine-Willy-Wettstein.jpg","width":1280,"height":1088,"caption":"L\u00e2mina para m\u00e1quina de raspar Willy Wettstein"},{"@type":"BreadcrumbList","@id":"https:\/\/eg-reeds.com\/pt-pt\/shop\/maquinas-de-fazer-palhetas\/willy-wettstein-pt-pt\/lamina-para-maquina-de-raspar-willy-wettstein\/#breadcrumb","itemListElement":[{"@type":"ListItem","position":1,"name":"Startseite","item":"https:\/\/eg-reeds.com\/pt-pt\/"},{"@type":"ListItem","position":2,"name":"Loja","item":"https:\/\/eg-reeds.com\/pt-pt\/"},{"@type":"ListItem","position":3,"name":"L\u00e2mina para m\u00e1quina de raspar Willy Wettstein"}]},{"@type":"WebSite","@id":"https:\/\/eg-reeds.com\/pt-pt\/#website","url":"https:\/\/eg-reeds.com\/pt-pt\/","name":"www.eg-reeds.com","description":"Palhetas obo\u00e9","publisher":{"@id":"https:\/\/eg-reeds.com\/pt-pt\/#organization"},"alternateName":"eg-reeds.com","potentialAction":[{"@type":"SearchAction","target":{"@type":"EntryPoint","urlTemplate":"https:\/\/eg-reeds.com\/pt-pt\/?s={search_term_string}"},"query-input":{"@type":"PropertyValueSpecification","valueRequired":true,"valueName":"search_term_string"}}],"inLanguage":"pt-PT"},{"@type":"Organization","@id":"https:\/\/eg-reeds.com\/pt-pt\/#organization","name":"www.eg-reeds.com","url":"https:\/\/eg-reeds.com\/pt-pt\/","logo":{"@type":"ImageObject","inLanguage":"pt-PT","@id":"https:\/\/eg-reeds.com\/pt-pt\/#\/schema\/logo\/image\/","url":"https:\/\/eg-reeds.com\/wp-content\/uploads\/2024\/06\/Logo-scaled-e1718793906611.jpg","contentUrl":"https:\/\/eg-reeds.com\/wp-content\/uploads\/2024\/06\/Logo-scaled-e1718793906611.jpg","width":1200,"height":493,"caption":"www.eg-reeds.com"},"image":{"@id":"https:\/\/eg-reeds.com\/pt-pt\/#\/schema\/logo\/image\/"},"sameAs":["https:\/\/www.facebook.com\/EGREEDS","https:\/\/x.com\/egreeds","https:\/\/www.instagram.com\/egreeds\/","https:\/\/www.youtube.com\/c\/EGREEDS","https:\/\/www.threads.net\/@egreeds","https:\/\/www.tiktok.com\/@egreeds"]}]},"og_availability":"out of stock","product_availability":"out of stock","product_retailer_item_id":"MWWC","product_condition":"new"},"_links":{"self":[{"href":"https:\/\/eg-reeds.com\/pt-pt\/wp-json\/wp\/v2\/product\/30115","targetHints":{"allow":["GET"]}}],"collection":[{"href":"https:\/\/eg-reeds.com\/pt-pt\/wp-json\/wp\/v2\/product"}],"about":[{"href":"https:\/\/eg-reeds.com\/pt-pt\/wp-json\/wp\/v2\/types\/product"}],"replies":[{"embeddable":true,"href":"https:\/\/eg-reeds.com\/pt-pt\/wp-json\/wp\/v2\/comments?post=30115"}],"wp:featuredmedia":[{"embeddable":true,"href":"https:\/\/eg-reeds.com\/pt-pt\/wp-json\/wp\/v2\/media\/30134"}],"wp:attachment":[{"href":"https:\/\/eg-reeds.com\/pt-pt\/wp-json\/wp\/v2\/media?parent=30115"}],"wp:term":[{"taxonomy":"product_brand","embeddable":true,"href":"https:\/\/eg-reeds.com\/pt-pt\/wp-json\/wp\/v2\/product_brand?post=30115"},{"taxonomy":"product_cat","embeddable":true,"href":"https:\/\/eg-reeds.com\/pt-pt\/wp-json\/wp\/v2\/product_cat?post=30115"},{"taxonomy":"product_tag","embeddable":true,"href":"https:\/\/eg-reeds.com\/pt-pt\/wp-json\/wp\/v2\/product_tag?post=30115"},{"taxonomy":"giftcard-category","embeddable":true,"href":"https:\/\/eg-reeds.com\/pt-pt\/wp-json\/wp\/v2\/giftcard-category?post=30115"}],"curies":[{"name":"wp","href":"https:\/\/api.w.org\/{rel}","templated":true}]}}