{"id":33609,"date":"2018-09-30T22:00:02","date_gmt":"2018-09-30T20:00:02","guid":{"rendered":"http:\/\/eg-reeds.com\/?post_type=product&#038;p=33609"},"modified":"2025-11-04T17:58:07","modified_gmt":"2025-11-04T16:58:07","slug":"oboe-estudante-iniciante-eg-reeds","status":"publish","type":"product","link":"https:\/\/eg-reeds.com\/pt-pt\/shop\/oboes-pt-pt\/oboe-estudante-iniciante-eg-reeds\/","title":{"rendered":"Obo\u00e9 estudante iniciante EG-REEDS."},"content":{"rendered":"<h1><strong>Obo\u00e9 estudante iniciante EG-REEDS<\/strong><strong>.<\/strong><\/h1>\n<p>O obo\u00e9 de inicia\u00e7\u00e3o EG-REEDS possui todas as chaves essenciais para os estudantes que est\u00e3o come\u00e7ando a tocar obo\u00e9. \u00c9 perfeito para os primeiros anos no conservat\u00f3rio: seu design ergon\u00f4mico foi especialmente desenvolvido para m\u00e3os pequenas, e seu corpo leve (pouco mais de 500 gramas) permite tocar com conforto desde o primeiro dia.<\/p>\n<p><span style=\"font-weight: 400;\">\u00c9 semi-autom\u00e1tico, com terceira oitava, si grave e f\u00e1-mi\u266d para a m\u00e3o esquerda. Feito de material comp\u00f3sito (mistura de madeira e ABS) com chaves prateadas, adaptadas para facilitar o alcance dos estudantes. Tudo isso torna o obo\u00e9 mais ergon\u00f4mico, leve, mas ao mesmo tempo muito resistente e f\u00e1cil de tocar.<\/span> Inclu\u00eddo no pre\u00e7o est\u00e1 o estojo tipo mochila, 1 palheta de inicia\u00e7\u00e3o EG-REEDS, limpador e graxa de corti\u00e7a.<\/p>\n<p>Descubra o equil\u00edbrio perfeito entre pre\u00e7o e desempenho com este obo\u00e9 econ\u00f4mico, mas de alta qualidade, ideal para estudantes iniciantes. Projetado para apoiar iniciantes e jovens m\u00fasicos, este obo\u00e9 oferece excelente som, durabilidade e facilidade de execu\u00e7\u00e3o a um pre\u00e7o acess\u00edvel. Perfeito para estudantes no in\u00edcio da sua jornada musical, garante qualidade confi\u00e1vel sem gastar muito, assegurando que cada ensaio e apresenta\u00e7\u00e3o seja uma experi\u00eancia gratificante.<\/p>\n<p><iframe loading=\"lazy\" title=\"Demostraci\u00f3n oboe iniciaci\u00f3n EG-REEDS por Javier P\u00e9rez\" width=\"1020\" height=\"574\" src=\"https:\/\/www.youtube.com\/embed\/QwZV6gOr1CQ?feature=oembed\" frameborder=\"0\" allow=\"accelerometer; autoplay; clipboard-write; encrypted-media; gyroscope; picture-in-picture; web-share\" referrerpolicy=\"strict-origin-when-cross-origin\" allowfullscreen><\/iframe><\/p>\n<h3>\t<div id=\"gap-409632055\" class=\"gap-element clearfix\" style=\"display:block; height:auto;\">\n\t\t\n<style>\n#gap-409632055 {\n  padding-top: 60px;\n}\n<\/style>\n\t<\/div>\n\t<\/h3>\n<h2><strong>Obo\u00e9 econ\u00f4mico para estudantes.<\/strong><\/h2>\n<p><span style=\"font-weight: 400;\">Cada obo\u00e9 foi cuidadosamente projetado e testado, aplicando todo o nosso conhecimento e considerando tamb\u00e9m os pedidos dos professores, que sabem melhor do que ningu\u00e9m o que os alunos precisam.<\/span><\/p>\n<p><span style=\"font-weight: 400;\">Para qualquer informa\u00e7\u00e3o adicional, estamos \u00e0 disposi\u00e7\u00e3o pelo email <a href=\"mailto:info@eg-reeds.com\" target=\"_blank\" rel=\"noopener noreferrer\">info@eg-reeds.com<\/a>.<\/span><\/p>\n<p>&nbsp;<\/p>\n<h2><strong>Especifica\u00e7\u00f5es e v\u00eddeo do obo\u00e9 estudante iniciante EG-REEDS.<\/strong><\/h2>\n<ul>\n<li class=\"bullet-checkmark\">Modelo Inicia\u00e7\u00e3o: com terceira oitava, si grave, f\u00e1 e mi\u266d para a m\u00e3o esquerda.<\/li>\n<li>Especialmente desenvolvido para m\u00e3os pequenas.<\/li>\n<li class=\"bullet-checkmark\">Semi-autom\u00e1tico.<\/li>\n<li class=\"bullet-checkmark\">Corpo de comp\u00f3sito (mistura de madeira e ABS).<\/li>\n<li class=\"bullet-checkmark\">Chaves prateadas.<\/li>\n<li class=\"bullet-checkmark\">Inclu\u00eddo no pre\u00e7o: Estojo tipo mochila, 1 <a href=\"https:\/\/eg-reeds.com\/pt-pt\/shop\/palhetas-e-cana-para-estudantes\/palheta-oboe-estudante-iniciante-eg-reeds\/\" target=\"_blank\" rel=\"noopener\">palheta de inicia\u00e7\u00e3o EG-REEDS<\/a>, limpador e graxa de corti\u00e7a.<\/li>\n<\/ul>\n<p>&nbsp;<\/p>\n<p><iframe loading=\"lazy\" title=\"\u00bfEstudiante y buscas el oboe ideal para empezar? \/ Are you a student looking for the perfect oboe?\" width=\"563\" height=\"1000\" src=\"https:\/\/www.youtube.com\/embed\/GeFLhUD_9T0?feature=oembed\" frameborder=\"0\" allow=\"accelerometer; autoplay; clipboard-write; encrypted-media; gyroscope; picture-in-picture; web-share\" referrerpolicy=\"strict-origin-when-cross-origin\" allowfullscreen><\/iframe><\/p>\n<p>&nbsp;<\/p>\n","protected":false},"excerpt":{"rendered":"<p>Obo\u00e9 estudante iniciante. Especialmente desenvolvido para m\u00e3os pequenas<\/p>\n","protected":false},"featured_media":33303,"comment_status":"open","ping_status":"closed","template":"","meta":[],"product_brand":[],"product_cat":[3810],"product_tag":[3497],"giftcard-category":[],"class_list":{"0":"post-33609","1":"product","2":"type-product","3":"status-publish","4":"has-post-thumbnail","6":"product_cat-oboes-pt-pt","7":"product_tag-oboe-pt-pt","8":"product_shipping_class-rmm-pt-pt","10":"first","11":"instock","12":"featured","13":"taxable","14":"shipping-taxable","15":"purchasable","16":"product-type-simple"},"yoast_head":"<!-- This site is optimized with the Yoast SEO Premium plugin v27.0 (Yoast SEO v27.4) - https:\/\/yoast.com\/product\/yoast-seo-premium-wordpress\/ -->\n<title>Obo\u00e9 estudante iniciante EG-REEDS. - EG-REEDS<\/title>\n<meta name=\"description\" content=\"Obo\u00e9 estudante iniciante EG-REEDS. Obo\u00e9 especialmente desenvolvido para m\u00e3os pequenas. Econ\u00f4mico, mas de alta qualidade, ideal para estudantes iniciantes\" \/>\n<meta name=\"robots\" content=\"index, follow, max-snippet:-1, max-image-preview:large, max-video-preview:-1\" \/>\n<link rel=\"canonical\" href=\"https:\/\/eg-reeds.com\/pt-pt\/shop\/oboes-pt-pt\/oboe-estudante-iniciante-eg-reeds\/\" \/>\n<meta property=\"og:locale\" content=\"pt_PT\" \/>\n<meta property=\"og:type\" content=\"article\" \/>\n<meta property=\"og:title\" content=\"Obo\u00e9 estudante iniciante EG-REEDS.\" \/>\n<meta property=\"og:description\" content=\"Obo\u00e9 estudante iniciante EG-REEDS. Obo\u00e9 especialmente desenvolvido para m\u00e3os pequenas. Econ\u00f4mico, mas de alta qualidade, ideal para estudantes iniciantes\" \/>\n<meta property=\"og:url\" content=\"https:\/\/eg-reeds.com\/pt-pt\/shop\/oboes-pt-pt\/oboe-estudante-iniciante-eg-reeds\/\" \/>\n<meta property=\"og:site_name\" content=\"EG-REEDS\" \/>\n<meta property=\"article:publisher\" content=\"https:\/\/www.facebook.com\/EGREEDS\" \/>\n<meta property=\"article:modified_time\" content=\"2025-11-04T16:58:07+00:00\" \/>\n<meta property=\"og:image\" content=\"https:\/\/eg-reeds.com\/wp-content\/uploads\/2018\/09\/oboe-beginner-EG-REEDS.jpg\" \/>\n\t<meta property=\"og:image:width\" content=\"853\" \/>\n\t<meta property=\"og:image:height\" content=\"1280\" \/>\n\t<meta property=\"og:image:type\" content=\"image\/jpeg\" \/>\n<meta name=\"twitter:card\" content=\"summary_large_image\" \/>\n<meta name=\"twitter:site\" content=\"@egreeds\" \/>\n<meta name=\"twitter:label1\" content=\"pre\u00e7o\" \/>\n\t<meta name=\"twitter:data1\" content=\"1.350,00&euro;\" \/>\n\t<meta name=\"twitter:label2\" content=\"Disponibilidade\" \/>\n\t<meta name=\"twitter:data2\" content=\"Em stock\" \/>\n<script type=\"application\/ld+json\" class=\"yoast-schema-graph\">{\"@context\":\"https:\\\/\\\/schema.org\",\"@graph\":[{\"@type\":[\"WebPage\",\"ItemPage\"],\"@id\":\"https:\\\/\\\/eg-reeds.com\\\/pt-pt\\\/shop\\\/oboes-pt-pt\\\/oboe-estudante-iniciante-eg-reeds\\\/\",\"url\":\"https:\\\/\\\/eg-reeds.com\\\/pt-pt\\\/shop\\\/oboes-pt-pt\\\/oboe-estudante-iniciante-eg-reeds\\\/\",\"name\":\"Obo\u00e9 estudante iniciante EG-REEDS. - EG-REEDS\",\"isPartOf\":{\"@id\":\"https:\\\/\\\/eg-reeds.com\\\/pt-pt\\\/#website\"},\"primaryImageOfPage\":{\"@id\":\"https:\\\/\\\/eg-reeds.com\\\/pt-pt\\\/shop\\\/oboes-pt-pt\\\/oboe-estudante-iniciante-eg-reeds\\\/#primaryimage\"},\"image\":{\"@id\":\"https:\\\/\\\/eg-reeds.com\\\/pt-pt\\\/shop\\\/oboes-pt-pt\\\/oboe-estudante-iniciante-eg-reeds\\\/#primaryimage\"},\"thumbnailUrl\":\"https:\\\/\\\/eg-reeds.com\\\/wp-content\\\/uploads\\\/2018\\\/09\\\/oboe-beginner-EG-REEDS.jpg\",\"datePublished\":\"2018-09-30T20:00:02+00:00\",\"dateModified\":\"2025-11-04T16:58:07+00:00\",\"description\":\"Obo\u00e9 estudante iniciante EG-REEDS. Obo\u00e9 especialmente desenvolvido para m\u00e3os pequenas. Econ\u00f4mico, mas de alta qualidade, ideal para estudantes iniciantes\",\"breadcrumb\":{\"@id\":\"https:\\\/\\\/eg-reeds.com\\\/pt-pt\\\/shop\\\/oboes-pt-pt\\\/oboe-estudante-iniciante-eg-reeds\\\/#breadcrumb\"},\"inLanguage\":\"pt-PT\",\"potentialAction\":[{\"@type\":\"ReadAction\",\"target\":[\"https:\\\/\\\/eg-reeds.com\\\/pt-pt\\\/shop\\\/oboes-pt-pt\\\/oboe-estudante-iniciante-eg-reeds\\\/\"]}]},{\"@type\":\"ImageObject\",\"inLanguage\":\"pt-PT\",\"@id\":\"https:\\\/\\\/eg-reeds.com\\\/pt-pt\\\/shop\\\/oboes-pt-pt\\\/oboe-estudante-iniciante-eg-reeds\\\/#primaryimage\",\"url\":\"https:\\\/\\\/eg-reeds.com\\\/wp-content\\\/uploads\\\/2018\\\/09\\\/oboe-beginner-EG-REEDS.jpg\",\"contentUrl\":\"https:\\\/\\\/eg-reeds.com\\\/wp-content\\\/uploads\\\/2018\\\/09\\\/oboe-beginner-EG-REEDS.jpg\",\"width\":853,\"height\":1280,\"caption\":\"Obo\u00e9 estudante iniciante\"},{\"@type\":\"BreadcrumbList\",\"@id\":\"https:\\\/\\\/eg-reeds.com\\\/pt-pt\\\/shop\\\/oboes-pt-pt\\\/oboe-estudante-iniciante-eg-reeds\\\/#breadcrumb\",\"itemListElement\":[{\"@type\":\"ListItem\",\"position\":1,\"name\":\"Startseite\",\"item\":\"https:\\\/\\\/eg-reeds.com\\\/pt-pt\\\/\"},{\"@type\":\"ListItem\",\"position\":2,\"name\":\"Loja\",\"item\":\"https:\\\/\\\/eg-reeds.com\\\/pt-pt\\\/\"},{\"@type\":\"ListItem\",\"position\":3,\"name\":\"Obo\u00e9 estudante iniciante EG-REEDS.\"}]},{\"@type\":\"WebSite\",\"@id\":\"https:\\\/\\\/eg-reeds.com\\\/pt-pt\\\/#website\",\"url\":\"https:\\\/\\\/eg-reeds.com\\\/pt-pt\\\/\",\"name\":\"www.eg-reeds.com\",\"description\":\"Palhetas obo\u00e9\",\"publisher\":{\"@id\":\"https:\\\/\\\/eg-reeds.com\\\/pt-pt\\\/#organization\"},\"alternateName\":\"eg-reeds.com\",\"potentialAction\":[{\"@type\":\"SearchAction\",\"target\":{\"@type\":\"EntryPoint\",\"urlTemplate\":\"https:\\\/\\\/eg-reeds.com\\\/pt-pt\\\/?s={search_term_string}\"},\"query-input\":{\"@type\":\"PropertyValueSpecification\",\"valueRequired\":true,\"valueName\":\"search_term_string\"}}],\"inLanguage\":\"pt-PT\"},{\"@type\":\"Organization\",\"@id\":\"https:\\\/\\\/eg-reeds.com\\\/pt-pt\\\/#organization\",\"name\":\"www.eg-reeds.com\",\"url\":\"https:\\\/\\\/eg-reeds.com\\\/pt-pt\\\/\",\"logo\":{\"@type\":\"ImageObject\",\"inLanguage\":\"pt-PT\",\"@id\":\"https:\\\/\\\/eg-reeds.com\\\/pt-pt\\\/#\\\/schema\\\/logo\\\/image\\\/\",\"url\":\"https:\\\/\\\/eg-reeds.com\\\/wp-content\\\/uploads\\\/2024\\\/06\\\/Logo-scaled-e1718793906611.jpg\",\"contentUrl\":\"https:\\\/\\\/eg-reeds.com\\\/wp-content\\\/uploads\\\/2024\\\/06\\\/Logo-scaled-e1718793906611.jpg\",\"width\":1200,\"height\":493,\"caption\":\"www.eg-reeds.com\"},\"image\":{\"@id\":\"https:\\\/\\\/eg-reeds.com\\\/pt-pt\\\/#\\\/schema\\\/logo\\\/image\\\/\"},\"sameAs\":[\"https:\\\/\\\/www.facebook.com\\\/EGREEDS\",\"https:\\\/\\\/x.com\\\/egreeds\",\"https:\\\/\\\/www.instagram.com\\\/egreeds\\\/\",\"https:\\\/\\\/www.youtube.com\\\/c\\\/EGREEDS\",\"https:\\\/\\\/www.threads.net\\\/@egreeds\",\"https:\\\/\\\/www.tiktok.com\\\/@egreeds\"]}]}<\/script>\n<meta property=\"product:price:amount\" content=\"1350.00\" \/>\n<meta property=\"product:price:currency\" content=\"EUR\" \/>\n<meta property=\"og:availability\" content=\"instock\" \/>\n<meta property=\"product:availability\" content=\"instock\" \/>\n<meta property=\"product:retailer_item_id\" content=\"OB\" \/>\n<meta property=\"product:condition\" content=\"new\" \/>\n<!-- \/ Yoast SEO Premium plugin. -->","yoast_head_json":{"title":"Obo\u00e9 estudante iniciante EG-REEDS. - EG-REEDS","description":"Obo\u00e9 estudante iniciante EG-REEDS. Obo\u00e9 especialmente desenvolvido para m\u00e3os pequenas. Econ\u00f4mico, mas de alta qualidade, ideal para estudantes iniciantes","robots":{"index":"index","follow":"follow","max-snippet":"max-snippet:-1","max-image-preview":"max-image-preview:large","max-video-preview":"max-video-preview:-1"},"canonical":"https:\/\/eg-reeds.com\/pt-pt\/shop\/oboes-pt-pt\/oboe-estudante-iniciante-eg-reeds\/","og_locale":"pt_PT","og_type":"article","og_title":"Obo\u00e9 estudante iniciante EG-REEDS.","og_description":"Obo\u00e9 estudante iniciante EG-REEDS. Obo\u00e9 especialmente desenvolvido para m\u00e3os pequenas. Econ\u00f4mico, mas de alta qualidade, ideal para estudantes iniciantes","og_url":"https:\/\/eg-reeds.com\/pt-pt\/shop\/oboes-pt-pt\/oboe-estudante-iniciante-eg-reeds\/","og_site_name":"EG-REEDS","article_publisher":"https:\/\/www.facebook.com\/EGREEDS","article_modified_time":"2025-11-04T16:58:07+00:00","og_image":[{"width":853,"height":1280,"url":"https:\/\/eg-reeds.com\/wp-content\/uploads\/2018\/09\/oboe-beginner-EG-REEDS.jpg","type":"image\/jpeg"}],"twitter_card":"summary_large_image","twitter_site":"@egreeds","twitter_misc":{"pre\u00e7o":"1.350,00&euro;","Disponibilidade":"Em stock"},"schema":{"@context":"https:\/\/schema.org","@graph":[{"@type":["WebPage","ItemPage"],"@id":"https:\/\/eg-reeds.com\/pt-pt\/shop\/oboes-pt-pt\/oboe-estudante-iniciante-eg-reeds\/","url":"https:\/\/eg-reeds.com\/pt-pt\/shop\/oboes-pt-pt\/oboe-estudante-iniciante-eg-reeds\/","name":"Obo\u00e9 estudante iniciante EG-REEDS. - EG-REEDS","isPartOf":{"@id":"https:\/\/eg-reeds.com\/pt-pt\/#website"},"primaryImageOfPage":{"@id":"https:\/\/eg-reeds.com\/pt-pt\/shop\/oboes-pt-pt\/oboe-estudante-iniciante-eg-reeds\/#primaryimage"},"image":{"@id":"https:\/\/eg-reeds.com\/pt-pt\/shop\/oboes-pt-pt\/oboe-estudante-iniciante-eg-reeds\/#primaryimage"},"thumbnailUrl":"https:\/\/eg-reeds.com\/wp-content\/uploads\/2018\/09\/oboe-beginner-EG-REEDS.jpg","datePublished":"2018-09-30T20:00:02+00:00","dateModified":"2025-11-04T16:58:07+00:00","description":"Obo\u00e9 estudante iniciante EG-REEDS. Obo\u00e9 especialmente desenvolvido para m\u00e3os pequenas. Econ\u00f4mico, mas de alta qualidade, ideal para estudantes iniciantes","breadcrumb":{"@id":"https:\/\/eg-reeds.com\/pt-pt\/shop\/oboes-pt-pt\/oboe-estudante-iniciante-eg-reeds\/#breadcrumb"},"inLanguage":"pt-PT","potentialAction":[{"@type":"ReadAction","target":["https:\/\/eg-reeds.com\/pt-pt\/shop\/oboes-pt-pt\/oboe-estudante-iniciante-eg-reeds\/"]}]},{"@type":"ImageObject","inLanguage":"pt-PT","@id":"https:\/\/eg-reeds.com\/pt-pt\/shop\/oboes-pt-pt\/oboe-estudante-iniciante-eg-reeds\/#primaryimage","url":"https:\/\/eg-reeds.com\/wp-content\/uploads\/2018\/09\/oboe-beginner-EG-REEDS.jpg","contentUrl":"https:\/\/eg-reeds.com\/wp-content\/uploads\/2018\/09\/oboe-beginner-EG-REEDS.jpg","width":853,"height":1280,"caption":"Obo\u00e9 estudante iniciante"},{"@type":"BreadcrumbList","@id":"https:\/\/eg-reeds.com\/pt-pt\/shop\/oboes-pt-pt\/oboe-estudante-iniciante-eg-reeds\/#breadcrumb","itemListElement":[{"@type":"ListItem","position":1,"name":"Startseite","item":"https:\/\/eg-reeds.com\/pt-pt\/"},{"@type":"ListItem","position":2,"name":"Loja","item":"https:\/\/eg-reeds.com\/pt-pt\/"},{"@type":"ListItem","position":3,"name":"Obo\u00e9 estudante iniciante EG-REEDS."}]},{"@type":"WebSite","@id":"https:\/\/eg-reeds.com\/pt-pt\/#website","url":"https:\/\/eg-reeds.com\/pt-pt\/","name":"www.eg-reeds.com","description":"Palhetas obo\u00e9","publisher":{"@id":"https:\/\/eg-reeds.com\/pt-pt\/#organization"},"alternateName":"eg-reeds.com","potentialAction":[{"@type":"SearchAction","target":{"@type":"EntryPoint","urlTemplate":"https:\/\/eg-reeds.com\/pt-pt\/?s={search_term_string}"},"query-input":{"@type":"PropertyValueSpecification","valueRequired":true,"valueName":"search_term_string"}}],"inLanguage":"pt-PT"},{"@type":"Organization","@id":"https:\/\/eg-reeds.com\/pt-pt\/#organization","name":"www.eg-reeds.com","url":"https:\/\/eg-reeds.com\/pt-pt\/","logo":{"@type":"ImageObject","inLanguage":"pt-PT","@id":"https:\/\/eg-reeds.com\/pt-pt\/#\/schema\/logo\/image\/","url":"https:\/\/eg-reeds.com\/wp-content\/uploads\/2024\/06\/Logo-scaled-e1718793906611.jpg","contentUrl":"https:\/\/eg-reeds.com\/wp-content\/uploads\/2024\/06\/Logo-scaled-e1718793906611.jpg","width":1200,"height":493,"caption":"www.eg-reeds.com"},"image":{"@id":"https:\/\/eg-reeds.com\/pt-pt\/#\/schema\/logo\/image\/"},"sameAs":["https:\/\/www.facebook.com\/EGREEDS","https:\/\/x.com\/egreeds","https:\/\/www.instagram.com\/egreeds\/","https:\/\/www.youtube.com\/c\/EGREEDS","https:\/\/www.threads.net\/@egreeds","https:\/\/www.tiktok.com\/@egreeds"]}]},"product_price_amount":"1350.00","product_price_currency":"EUR","og_availability":"instock","product_availability":"instock","product_retailer_item_id":"OB","product_condition":"new"},"_links":{"self":[{"href":"https:\/\/eg-reeds.com\/pt-pt\/wp-json\/wp\/v2\/product\/33609","targetHints":{"allow":["GET"]}}],"collection":[{"href":"https:\/\/eg-reeds.com\/pt-pt\/wp-json\/wp\/v2\/product"}],"about":[{"href":"https:\/\/eg-reeds.com\/pt-pt\/wp-json\/wp\/v2\/types\/product"}],"replies":[{"embeddable":true,"href":"https:\/\/eg-reeds.com\/pt-pt\/wp-json\/wp\/v2\/comments?post=33609"}],"wp:featuredmedia":[{"embeddable":true,"href":"https:\/\/eg-reeds.com\/pt-pt\/wp-json\/wp\/v2\/media\/33303"}],"wp:attachment":[{"href":"https:\/\/eg-reeds.com\/pt-pt\/wp-json\/wp\/v2\/media?parent=33609"}],"wp:term":[{"taxonomy":"product_brand","embeddable":true,"href":"https:\/\/eg-reeds.com\/pt-pt\/wp-json\/wp\/v2\/product_brand?post=33609"},{"taxonomy":"product_cat","embeddable":true,"href":"https:\/\/eg-reeds.com\/pt-pt\/wp-json\/wp\/v2\/product_cat?post=33609"},{"taxonomy":"product_tag","embeddable":true,"href":"https:\/\/eg-reeds.com\/pt-pt\/wp-json\/wp\/v2\/product_tag?post=33609"},{"taxonomy":"giftcard-category","embeddable":true,"href":"https:\/\/eg-reeds.com\/pt-pt\/wp-json\/wp\/v2\/giftcard-category?post=33609"}],"curies":[{"name":"wp","href":"https:\/\/api.w.org\/{rel}","templated":true}]}}