{"id":33791,"date":"2018-10-31T10:43:17","date_gmt":"2018-10-31T08:43:17","guid":{"rendered":"http:\/\/eg-reeds.com\/?post_type=product&#038;p=33791"},"modified":"2022-10-16T14:19:26","modified_gmt":"2022-10-16T12:19:26","slug":"caixa-6-palhetas-oboe-madeira","status":"publish","type":"product","link":"https:\/\/eg-reeds.com\/pt-pt\/shop\/acessorios\/caixas-para-palhetas\/caixa-6-palhetas-oboe-madeira\/","title":{"rendered":"Caixa 6 palhetas obo\u00e9 madeira"},"content":{"rendered":"<h1><strong>Caixa 6 palhetas obo\u00e9 madeira.<\/strong><\/h1>\n<p>Caixa 6 palhetas obo\u00e9 madeira.<\/p>\n<p>Palhetas n\u00e3o inclu\u00eddas.<\/p>\n","protected":false},"excerpt":{"rendered":"<p>Caixa 6 palhetas obo\u00e9 madeira. Caixa 6 palhetas obo\u00e9 madeira. Palhetas n\u00e3o inclu\u00eddas.<\/p>\n","protected":false},"featured_media":33802,"comment_status":"open","ping_status":"closed","template":"","meta":[],"product_brand":[],"product_cat":[1422,433],"product_tag":[3819],"giftcard-category":[],"class_list":{"0":"post-33791","1":"product","2":"type-product","3":"status-publish","4":"has-post-thumbnail","6":"product_cat-acessorios","7":"product_cat-caixas-para-palhetas","8":"product_tag-caixas-palhetas-oboe","10":"first","11":"instock","12":"taxable","13":"shipping-taxable","14":"purchasable","15":"product-type-simple"},"yoast_head":"<!-- This site is optimized with the Yoast SEO Premium plugin v27.0 (Yoast SEO v27.4) - https:\/\/yoast.com\/product\/yoast-seo-premium-wordpress\/ -->\n<title>Caixa 6 palhetas obo\u00e9 madeira - EG-REEDS<\/title>\n<meta name=\"description\" content=\"Caixa 6 palhetas obo\u00e9 madeira. Caixa barata para palhetas de obo\u00e9.\" \/>\n<meta name=\"robots\" content=\"index, follow, max-snippet:-1, max-image-preview:large, max-video-preview:-1\" \/>\n<link rel=\"canonical\" href=\"https:\/\/eg-reeds.com\/pt-pt\/shop\/acessorios\/caixas-para-palhetas\/caixa-6-palhetas-oboe-madeira\/\" \/>\n<meta property=\"og:locale\" content=\"pt_PT\" \/>\n<meta property=\"og:type\" content=\"article\" \/>\n<meta property=\"og:title\" content=\"Caixa 6 palhetas obo\u00e9 madeira\" \/>\n<meta property=\"og:description\" content=\"Caixa 6 palhetas obo\u00e9 madeira. Caixa barata para palhetas de obo\u00e9.\" \/>\n<meta property=\"og:url\" content=\"https:\/\/eg-reeds.com\/pt-pt\/shop\/acessorios\/caixas-para-palhetas\/caixa-6-palhetas-oboe-madeira\/\" \/>\n<meta property=\"og:site_name\" content=\"EG-REEDS\" \/>\n<meta property=\"article:publisher\" content=\"https:\/\/www.facebook.com\/EGREEDS\" \/>\n<meta property=\"article:modified_time\" content=\"2022-10-16T12:19:26+00:00\" \/>\n<meta property=\"og:image\" content=\"https:\/\/eg-reeds.com\/wp-content\/uploads\/2018\/10\/Oboe-reed-case-6-wood.jpg\" \/>\n\t<meta property=\"og:image:width\" content=\"1280\" \/>\n\t<meta property=\"og:image:height\" content=\"1088\" \/>\n\t<meta property=\"og:image:type\" content=\"image\/jpeg\" \/>\n<meta name=\"twitter:card\" content=\"summary_large_image\" \/>\n<meta name=\"twitter:site\" content=\"@egreeds\" \/>\n<meta name=\"twitter:label1\" content=\"pre\u00e7o\" \/>\n\t<meta name=\"twitter:data1\" content=\"45,00&euro;\" \/>\n\t<meta name=\"twitter:label2\" content=\"Disponibilidade\" \/>\n\t<meta name=\"twitter:data2\" content=\"Em stock\" \/>\n<script type=\"application\/ld+json\" class=\"yoast-schema-graph\">{\"@context\":\"https:\\\/\\\/schema.org\",\"@graph\":[{\"@type\":[\"WebPage\",\"ItemPage\"],\"@id\":\"https:\\\/\\\/eg-reeds.com\\\/pt-pt\\\/shop\\\/acessorios\\\/caixas-para-palhetas\\\/caixa-6-palhetas-oboe-madeira\\\/\",\"url\":\"https:\\\/\\\/eg-reeds.com\\\/pt-pt\\\/shop\\\/acessorios\\\/caixas-para-palhetas\\\/caixa-6-palhetas-oboe-madeira\\\/\",\"name\":\"Caixa 6 palhetas obo\u00e9 madeira - EG-REEDS\",\"isPartOf\":{\"@id\":\"https:\\\/\\\/eg-reeds.com\\\/pt-pt\\\/#website\"},\"primaryImageOfPage\":{\"@id\":\"https:\\\/\\\/eg-reeds.com\\\/pt-pt\\\/shop\\\/acessorios\\\/caixas-para-palhetas\\\/caixa-6-palhetas-oboe-madeira\\\/#primaryimage\"},\"image\":{\"@id\":\"https:\\\/\\\/eg-reeds.com\\\/pt-pt\\\/shop\\\/acessorios\\\/caixas-para-palhetas\\\/caixa-6-palhetas-oboe-madeira\\\/#primaryimage\"},\"thumbnailUrl\":\"https:\\\/\\\/eg-reeds.com\\\/wp-content\\\/uploads\\\/2018\\\/10\\\/Oboe-reed-case-6-wood.jpg\",\"datePublished\":\"2018-10-31T08:43:17+00:00\",\"dateModified\":\"2022-10-16T12:19:26+00:00\",\"description\":\"Caixa 6 palhetas obo\u00e9 madeira. Caixa barata para palhetas de obo\u00e9.\",\"breadcrumb\":{\"@id\":\"https:\\\/\\\/eg-reeds.com\\\/pt-pt\\\/shop\\\/acessorios\\\/caixas-para-palhetas\\\/caixa-6-palhetas-oboe-madeira\\\/#breadcrumb\"},\"inLanguage\":\"pt-PT\",\"potentialAction\":[{\"@type\":\"ReadAction\",\"target\":[\"https:\\\/\\\/eg-reeds.com\\\/pt-pt\\\/shop\\\/acessorios\\\/caixas-para-palhetas\\\/caixa-6-palhetas-oboe-madeira\\\/\"]}]},{\"@type\":\"ImageObject\",\"inLanguage\":\"pt-PT\",\"@id\":\"https:\\\/\\\/eg-reeds.com\\\/pt-pt\\\/shop\\\/acessorios\\\/caixas-para-palhetas\\\/caixa-6-palhetas-oboe-madeira\\\/#primaryimage\",\"url\":\"https:\\\/\\\/eg-reeds.com\\\/wp-content\\\/uploads\\\/2018\\\/10\\\/Oboe-reed-case-6-wood.jpg\",\"contentUrl\":\"https:\\\/\\\/eg-reeds.com\\\/wp-content\\\/uploads\\\/2018\\\/10\\\/Oboe-reed-case-6-wood.jpg\",\"width\":1280,\"height\":1088,\"caption\":\"Caixa 6 palhetas obo\u00e9 madeira\"},{\"@type\":\"BreadcrumbList\",\"@id\":\"https:\\\/\\\/eg-reeds.com\\\/pt-pt\\\/shop\\\/acessorios\\\/caixas-para-palhetas\\\/caixa-6-palhetas-oboe-madeira\\\/#breadcrumb\",\"itemListElement\":[{\"@type\":\"ListItem\",\"position\":1,\"name\":\"Startseite\",\"item\":\"https:\\\/\\\/eg-reeds.com\\\/pt-pt\\\/\"},{\"@type\":\"ListItem\",\"position\":2,\"name\":\"Loja\",\"item\":\"https:\\\/\\\/eg-reeds.com\\\/pt-pt\\\/\"},{\"@type\":\"ListItem\",\"position\":3,\"name\":\"Caixa 6 palhetas obo\u00e9 madeira\"}]},{\"@type\":\"WebSite\",\"@id\":\"https:\\\/\\\/eg-reeds.com\\\/pt-pt\\\/#website\",\"url\":\"https:\\\/\\\/eg-reeds.com\\\/pt-pt\\\/\",\"name\":\"www.eg-reeds.com\",\"description\":\"Palhetas obo\u00e9\",\"publisher\":{\"@id\":\"https:\\\/\\\/eg-reeds.com\\\/pt-pt\\\/#organization\"},\"alternateName\":\"eg-reeds.com\",\"potentialAction\":[{\"@type\":\"SearchAction\",\"target\":{\"@type\":\"EntryPoint\",\"urlTemplate\":\"https:\\\/\\\/eg-reeds.com\\\/pt-pt\\\/?s={search_term_string}\"},\"query-input\":{\"@type\":\"PropertyValueSpecification\",\"valueRequired\":true,\"valueName\":\"search_term_string\"}}],\"inLanguage\":\"pt-PT\"},{\"@type\":\"Organization\",\"@id\":\"https:\\\/\\\/eg-reeds.com\\\/pt-pt\\\/#organization\",\"name\":\"www.eg-reeds.com\",\"url\":\"https:\\\/\\\/eg-reeds.com\\\/pt-pt\\\/\",\"logo\":{\"@type\":\"ImageObject\",\"inLanguage\":\"pt-PT\",\"@id\":\"https:\\\/\\\/eg-reeds.com\\\/pt-pt\\\/#\\\/schema\\\/logo\\\/image\\\/\",\"url\":\"https:\\\/\\\/eg-reeds.com\\\/wp-content\\\/uploads\\\/2024\\\/06\\\/Logo-scaled-e1718793906611.jpg\",\"contentUrl\":\"https:\\\/\\\/eg-reeds.com\\\/wp-content\\\/uploads\\\/2024\\\/06\\\/Logo-scaled-e1718793906611.jpg\",\"width\":1200,\"height\":493,\"caption\":\"www.eg-reeds.com\"},\"image\":{\"@id\":\"https:\\\/\\\/eg-reeds.com\\\/pt-pt\\\/#\\\/schema\\\/logo\\\/image\\\/\"},\"sameAs\":[\"https:\\\/\\\/www.facebook.com\\\/EGREEDS\",\"https:\\\/\\\/x.com\\\/egreeds\",\"https:\\\/\\\/www.instagram.com\\\/egreeds\\\/\",\"https:\\\/\\\/www.youtube.com\\\/c\\\/EGREEDS\",\"https:\\\/\\\/www.threads.net\\\/@egreeds\",\"https:\\\/\\\/www.tiktok.com\\\/@egreeds\"]}]}<\/script>\n<meta property=\"product:price:amount\" content=\"45.00\" \/>\n<meta property=\"product:price:currency\" content=\"EUR\" \/>\n<meta property=\"og:availability\" content=\"instock\" \/>\n<meta property=\"product:availability\" content=\"instock\" \/>\n<meta property=\"product:retailer_item_id\" content=\"ACCAC6\" \/>\n<meta property=\"product:condition\" content=\"new\" \/>\n<!-- \/ Yoast SEO Premium plugin. -->","yoast_head_json":{"title":"Caixa 6 palhetas obo\u00e9 madeira - EG-REEDS","description":"Caixa 6 palhetas obo\u00e9 madeira. Caixa barata para palhetas de obo\u00e9.","robots":{"index":"index","follow":"follow","max-snippet":"max-snippet:-1","max-image-preview":"max-image-preview:large","max-video-preview":"max-video-preview:-1"},"canonical":"https:\/\/eg-reeds.com\/pt-pt\/shop\/acessorios\/caixas-para-palhetas\/caixa-6-palhetas-oboe-madeira\/","og_locale":"pt_PT","og_type":"article","og_title":"Caixa 6 palhetas obo\u00e9 madeira","og_description":"Caixa 6 palhetas obo\u00e9 madeira. Caixa barata para palhetas de obo\u00e9.","og_url":"https:\/\/eg-reeds.com\/pt-pt\/shop\/acessorios\/caixas-para-palhetas\/caixa-6-palhetas-oboe-madeira\/","og_site_name":"EG-REEDS","article_publisher":"https:\/\/www.facebook.com\/EGREEDS","article_modified_time":"2022-10-16T12:19:26+00:00","og_image":[{"width":1280,"height":1088,"url":"https:\/\/eg-reeds.com\/wp-content\/uploads\/2018\/10\/Oboe-reed-case-6-wood.jpg","type":"image\/jpeg"}],"twitter_card":"summary_large_image","twitter_site":"@egreeds","twitter_misc":{"pre\u00e7o":"45,00&euro;","Disponibilidade":"Em stock"},"schema":{"@context":"https:\/\/schema.org","@graph":[{"@type":["WebPage","ItemPage"],"@id":"https:\/\/eg-reeds.com\/pt-pt\/shop\/acessorios\/caixas-para-palhetas\/caixa-6-palhetas-oboe-madeira\/","url":"https:\/\/eg-reeds.com\/pt-pt\/shop\/acessorios\/caixas-para-palhetas\/caixa-6-palhetas-oboe-madeira\/","name":"Caixa 6 palhetas obo\u00e9 madeira - EG-REEDS","isPartOf":{"@id":"https:\/\/eg-reeds.com\/pt-pt\/#website"},"primaryImageOfPage":{"@id":"https:\/\/eg-reeds.com\/pt-pt\/shop\/acessorios\/caixas-para-palhetas\/caixa-6-palhetas-oboe-madeira\/#primaryimage"},"image":{"@id":"https:\/\/eg-reeds.com\/pt-pt\/shop\/acessorios\/caixas-para-palhetas\/caixa-6-palhetas-oboe-madeira\/#primaryimage"},"thumbnailUrl":"https:\/\/eg-reeds.com\/wp-content\/uploads\/2018\/10\/Oboe-reed-case-6-wood.jpg","datePublished":"2018-10-31T08:43:17+00:00","dateModified":"2022-10-16T12:19:26+00:00","description":"Caixa 6 palhetas obo\u00e9 madeira. Caixa barata para palhetas de obo\u00e9.","breadcrumb":{"@id":"https:\/\/eg-reeds.com\/pt-pt\/shop\/acessorios\/caixas-para-palhetas\/caixa-6-palhetas-oboe-madeira\/#breadcrumb"},"inLanguage":"pt-PT","potentialAction":[{"@type":"ReadAction","target":["https:\/\/eg-reeds.com\/pt-pt\/shop\/acessorios\/caixas-para-palhetas\/caixa-6-palhetas-oboe-madeira\/"]}]},{"@type":"ImageObject","inLanguage":"pt-PT","@id":"https:\/\/eg-reeds.com\/pt-pt\/shop\/acessorios\/caixas-para-palhetas\/caixa-6-palhetas-oboe-madeira\/#primaryimage","url":"https:\/\/eg-reeds.com\/wp-content\/uploads\/2018\/10\/Oboe-reed-case-6-wood.jpg","contentUrl":"https:\/\/eg-reeds.com\/wp-content\/uploads\/2018\/10\/Oboe-reed-case-6-wood.jpg","width":1280,"height":1088,"caption":"Caixa 6 palhetas obo\u00e9 madeira"},{"@type":"BreadcrumbList","@id":"https:\/\/eg-reeds.com\/pt-pt\/shop\/acessorios\/caixas-para-palhetas\/caixa-6-palhetas-oboe-madeira\/#breadcrumb","itemListElement":[{"@type":"ListItem","position":1,"name":"Startseite","item":"https:\/\/eg-reeds.com\/pt-pt\/"},{"@type":"ListItem","position":2,"name":"Loja","item":"https:\/\/eg-reeds.com\/pt-pt\/"},{"@type":"ListItem","position":3,"name":"Caixa 6 palhetas obo\u00e9 madeira"}]},{"@type":"WebSite","@id":"https:\/\/eg-reeds.com\/pt-pt\/#website","url":"https:\/\/eg-reeds.com\/pt-pt\/","name":"www.eg-reeds.com","description":"Palhetas obo\u00e9","publisher":{"@id":"https:\/\/eg-reeds.com\/pt-pt\/#organization"},"alternateName":"eg-reeds.com","potentialAction":[{"@type":"SearchAction","target":{"@type":"EntryPoint","urlTemplate":"https:\/\/eg-reeds.com\/pt-pt\/?s={search_term_string}"},"query-input":{"@type":"PropertyValueSpecification","valueRequired":true,"valueName":"search_term_string"}}],"inLanguage":"pt-PT"},{"@type":"Organization","@id":"https:\/\/eg-reeds.com\/pt-pt\/#organization","name":"www.eg-reeds.com","url":"https:\/\/eg-reeds.com\/pt-pt\/","logo":{"@type":"ImageObject","inLanguage":"pt-PT","@id":"https:\/\/eg-reeds.com\/pt-pt\/#\/schema\/logo\/image\/","url":"https:\/\/eg-reeds.com\/wp-content\/uploads\/2024\/06\/Logo-scaled-e1718793906611.jpg","contentUrl":"https:\/\/eg-reeds.com\/wp-content\/uploads\/2024\/06\/Logo-scaled-e1718793906611.jpg","width":1200,"height":493,"caption":"www.eg-reeds.com"},"image":{"@id":"https:\/\/eg-reeds.com\/pt-pt\/#\/schema\/logo\/image\/"},"sameAs":["https:\/\/www.facebook.com\/EGREEDS","https:\/\/x.com\/egreeds","https:\/\/www.instagram.com\/egreeds\/","https:\/\/www.youtube.com\/c\/EGREEDS","https:\/\/www.threads.net\/@egreeds","https:\/\/www.tiktok.com\/@egreeds"]}]},"product_price_amount":"45.00","product_price_currency":"EUR","og_availability":"instock","product_availability":"instock","product_retailer_item_id":"ACCAC6","product_condition":"new"},"_links":{"self":[{"href":"https:\/\/eg-reeds.com\/pt-pt\/wp-json\/wp\/v2\/product\/33791","targetHints":{"allow":["GET"]}}],"collection":[{"href":"https:\/\/eg-reeds.com\/pt-pt\/wp-json\/wp\/v2\/product"}],"about":[{"href":"https:\/\/eg-reeds.com\/pt-pt\/wp-json\/wp\/v2\/types\/product"}],"replies":[{"embeddable":true,"href":"https:\/\/eg-reeds.com\/pt-pt\/wp-json\/wp\/v2\/comments?post=33791"}],"wp:featuredmedia":[{"embeddable":true,"href":"https:\/\/eg-reeds.com\/pt-pt\/wp-json\/wp\/v2\/media\/33802"}],"wp:attachment":[{"href":"https:\/\/eg-reeds.com\/pt-pt\/wp-json\/wp\/v2\/media?parent=33791"}],"wp:term":[{"taxonomy":"product_brand","embeddable":true,"href":"https:\/\/eg-reeds.com\/pt-pt\/wp-json\/wp\/v2\/product_brand?post=33791"},{"taxonomy":"product_cat","embeddable":true,"href":"https:\/\/eg-reeds.com\/pt-pt\/wp-json\/wp\/v2\/product_cat?post=33791"},{"taxonomy":"product_tag","embeddable":true,"href":"https:\/\/eg-reeds.com\/pt-pt\/wp-json\/wp\/v2\/product_tag?post=33791"},{"taxonomy":"giftcard-category","embeddable":true,"href":"https:\/\/eg-reeds.com\/pt-pt\/wp-json\/wp\/v2\/giftcard-category?post=33791"}],"curies":[{"name":"wp","href":"https:\/\/api.w.org\/{rel}","templated":true}]}}