{"id":33953,"date":"2018-11-07T11:22:23","date_gmt":"2018-11-07T09:22:26","guid":{"rendered":"http:\/\/eg-reeds.com\/?post_type=product&#038;p=33953"},"modified":"2019-08-25T17:02:30","modified_gmt":"2019-08-25T15:02:30","slug":"suporte-corne-ingles-bg-a-44","status":"publish","type":"product","link":"https:\/\/eg-reeds.com\/pt-pt\/shop\/acessorios\/acessorios-instrumentos\/suporte-corne-ingles-bg-a-44\/","title":{"rendered":"Suporte corne ingl\u00eas BG A-44"},"content":{"rendered":"<h4><strong>Suporte corne ingl\u00eas BG A-44.<\/strong><\/h4>\n<p>Suporte corne ingl\u00eas BG A-44. Maior estabilidade. Leve e pr\u00e1tico. Pl\u00e1stico ABS.<\/p>\n","protected":false},"excerpt":{"rendered":"<p>Suporte corne ingl\u00eas BG A-44. Suporte corne ingl\u00eas BG A-44. Maior estabilidade. Leve e pr\u00e1tico. Pl\u00e1stico ABS.<\/p>\n","protected":false},"featured_media":34007,"comment_status":"open","ping_status":"closed","template":"","meta":[],"product_brand":[],"product_cat":[3579,3810],"product_tag":[],"giftcard-category":[],"class_list":{"0":"post-33953","1":"product","2":"type-product","3":"status-publish","4":"has-post-thumbnail","6":"product_cat-acessorios-instrumentos","7":"product_cat-oboes-pt-pt","9":"first","10":"instock","11":"taxable","12":"shipping-taxable","13":"purchasable","14":"product-type-simple"},"yoast_head":"<!-- This site is optimized with the Yoast SEO Premium plugin v27.0 (Yoast SEO v27.2) - https:\/\/yoast.com\/product\/yoast-seo-premium-wordpress\/ -->\n<title>Suporte corne ingl\u00eas BG A-44 - EG-REEDS<\/title>\n<meta name=\"description\" content=\"Suporte corne ingl\u00eas BG A-44. Maior estabilidade. Leve e pr\u00e1tico. Pl\u00e1stico ABS.\" \/>\n<meta name=\"robots\" content=\"index, follow, max-snippet:-1, max-image-preview:large, max-video-preview:-1\" \/>\n<link rel=\"canonical\" href=\"https:\/\/eg-reeds.com\/pt-pt\/shop\/acessorios\/acessorios-instrumentos\/suporte-corne-ingles-bg-a-44\/\" \/>\n<meta property=\"og:locale\" content=\"pt_PT\" \/>\n<meta property=\"og:type\" content=\"article\" \/>\n<meta property=\"og:title\" content=\"Suporte corne ingl\u00eas BG A-44\" \/>\n<meta property=\"og:description\" content=\"Suporte corne ingl\u00eas BG A-44. Maior estabilidade. Leve e pr\u00e1tico. Pl\u00e1stico ABS.\" \/>\n<meta property=\"og:url\" content=\"https:\/\/eg-reeds.com\/pt-pt\/shop\/acessorios\/acessorios-instrumentos\/suporte-corne-ingles-bg-a-44\/\" \/>\n<meta property=\"og:site_name\" content=\"EG-REEDS\" \/>\n<meta property=\"article:publisher\" content=\"https:\/\/www.facebook.com\/EGREEDS\" \/>\n<meta property=\"article:modified_time\" content=\"2019-08-25T15:02:30+00:00\" \/>\n<meta property=\"og:image\" content=\"https:\/\/eg-reeds.com\/wp-content\/uploads\/2018\/11\/BG-A44-English-horn-stand.jpg\" \/>\n\t<meta property=\"og:image:width\" content=\"937\" \/>\n\t<meta property=\"og:image:height\" content=\"1024\" \/>\n\t<meta property=\"og:image:type\" content=\"image\/jpeg\" \/>\n<meta name=\"twitter:card\" content=\"summary_large_image\" \/>\n<meta name=\"twitter:site\" content=\"@egreeds\" \/>\n<meta name=\"twitter:label1\" content=\"pre\u00e7o\" \/>\n\t<meta name=\"twitter:data1\" content=\"11,00&euro;\" \/>\n\t<meta name=\"twitter:label2\" content=\"Disponibilidade\" \/>\n\t<meta name=\"twitter:data2\" content=\"Em stock\" \/>\n<script type=\"application\/ld+json\" class=\"yoast-schema-graph\">{\"@context\":\"https:\/\/schema.org\",\"@graph\":[{\"@type\":[\"WebPage\",\"ItemPage\"],\"@id\":\"https:\/\/eg-reeds.com\/pt-pt\/shop\/acessorios\/acessorios-instrumentos\/suporte-corne-ingles-bg-a-44\/\",\"url\":\"https:\/\/eg-reeds.com\/pt-pt\/shop\/acessorios\/acessorios-instrumentos\/suporte-corne-ingles-bg-a-44\/\",\"name\":\"Suporte corne ingl\u00eas BG A-44 - EG-REEDS\",\"isPartOf\":{\"@id\":\"https:\/\/eg-reeds.com\/pt-pt\/#website\"},\"primaryImageOfPage\":{\"@id\":\"https:\/\/eg-reeds.com\/pt-pt\/shop\/acessorios\/acessorios-instrumentos\/suporte-corne-ingles-bg-a-44\/#primaryimage\"},\"image\":{\"@id\":\"https:\/\/eg-reeds.com\/pt-pt\/shop\/acessorios\/acessorios-instrumentos\/suporte-corne-ingles-bg-a-44\/#primaryimage\"},\"thumbnailUrl\":\"https:\/\/eg-reeds.com\/wp-content\/uploads\/2018\/11\/BG-A44-English-horn-stand.jpg\",\"datePublished\":\"2018-11-07T09:22:26+00:00\",\"dateModified\":\"2019-08-25T15:02:30+00:00\",\"description\":\"Suporte corne ingl\u00eas BG A-44. Maior estabilidade. Leve e pr\u00e1tico. Pl\u00e1stico ABS.\",\"breadcrumb\":{\"@id\":\"https:\/\/eg-reeds.com\/pt-pt\/shop\/acessorios\/acessorios-instrumentos\/suporte-corne-ingles-bg-a-44\/#breadcrumb\"},\"inLanguage\":\"pt-PT\",\"potentialAction\":[{\"@type\":\"ReadAction\",\"target\":[\"https:\/\/eg-reeds.com\/pt-pt\/shop\/acessorios\/acessorios-instrumentos\/suporte-corne-ingles-bg-a-44\/\"]}]},{\"@type\":\"ImageObject\",\"inLanguage\":\"pt-PT\",\"@id\":\"https:\/\/eg-reeds.com\/pt-pt\/shop\/acessorios\/acessorios-instrumentos\/suporte-corne-ingles-bg-a-44\/#primaryimage\",\"url\":\"https:\/\/eg-reeds.com\/wp-content\/uploads\/2018\/11\/BG-A44-English-horn-stand.jpg\",\"contentUrl\":\"https:\/\/eg-reeds.com\/wp-content\/uploads\/2018\/11\/BG-A44-English-horn-stand.jpg\",\"width\":937,\"height\":1024,\"caption\":\"Suporte corne ingl\u00eas BG A-44\"},{\"@type\":\"BreadcrumbList\",\"@id\":\"https:\/\/eg-reeds.com\/pt-pt\/shop\/acessorios\/acessorios-instrumentos\/suporte-corne-ingles-bg-a-44\/#breadcrumb\",\"itemListElement\":[{\"@type\":\"ListItem\",\"position\":1,\"name\":\"Startseite\",\"item\":\"https:\/\/eg-reeds.com\/pt-pt\/\"},{\"@type\":\"ListItem\",\"position\":2,\"name\":\"Loja\",\"item\":\"https:\/\/eg-reeds.com\/pt-pt\/\"},{\"@type\":\"ListItem\",\"position\":3,\"name\":\"Suporte corne ingl\u00eas BG A-44\"}]},{\"@type\":\"WebSite\",\"@id\":\"https:\/\/eg-reeds.com\/pt-pt\/#website\",\"url\":\"https:\/\/eg-reeds.com\/pt-pt\/\",\"name\":\"www.eg-reeds.com\",\"description\":\"Palhetas obo\u00e9\",\"publisher\":{\"@id\":\"https:\/\/eg-reeds.com\/pt-pt\/#organization\"},\"alternateName\":\"eg-reeds.com\",\"potentialAction\":[{\"@type\":\"SearchAction\",\"target\":{\"@type\":\"EntryPoint\",\"urlTemplate\":\"https:\/\/eg-reeds.com\/pt-pt\/?s={search_term_string}\"},\"query-input\":{\"@type\":\"PropertyValueSpecification\",\"valueRequired\":true,\"valueName\":\"search_term_string\"}}],\"inLanguage\":\"pt-PT\"},{\"@type\":\"Organization\",\"@id\":\"https:\/\/eg-reeds.com\/pt-pt\/#organization\",\"name\":\"www.eg-reeds.com\",\"url\":\"https:\/\/eg-reeds.com\/pt-pt\/\",\"logo\":{\"@type\":\"ImageObject\",\"inLanguage\":\"pt-PT\",\"@id\":\"https:\/\/eg-reeds.com\/pt-pt\/#\/schema\/logo\/image\/\",\"url\":\"https:\/\/eg-reeds.com\/wp-content\/uploads\/2024\/06\/Logo-scaled-e1718793906611.jpg\",\"contentUrl\":\"https:\/\/eg-reeds.com\/wp-content\/uploads\/2024\/06\/Logo-scaled-e1718793906611.jpg\",\"width\":1200,\"height\":493,\"caption\":\"www.eg-reeds.com\"},\"image\":{\"@id\":\"https:\/\/eg-reeds.com\/pt-pt\/#\/schema\/logo\/image\/\"},\"sameAs\":[\"https:\/\/www.facebook.com\/EGREEDS\",\"https:\/\/x.com\/egreeds\",\"https:\/\/www.instagram.com\/egreeds\/\",\"https:\/\/www.youtube.com\/c\/EGREEDS\",\"https:\/\/www.threads.net\/@egreeds\",\"https:\/\/www.tiktok.com\/@egreeds\"]}]}<\/script>\n<meta property=\"product:price:amount\" content=\"11.00\" \/>\n<meta property=\"product:price:currency\" content=\"EUR\" \/>\n<meta property=\"og:availability\" content=\"instock\" \/>\n<meta property=\"product:availability\" content=\"instock\" \/>\n<meta property=\"product:retailer_item_id\" content=\"ACAISC\" \/>\n<meta property=\"product:condition\" content=\"new\" \/>\n<!-- \/ Yoast SEO Premium plugin. -->","yoast_head_json":{"title":"Suporte corne ingl\u00eas BG A-44 - EG-REEDS","description":"Suporte corne ingl\u00eas BG A-44. Maior estabilidade. Leve e pr\u00e1tico. Pl\u00e1stico ABS.","robots":{"index":"index","follow":"follow","max-snippet":"max-snippet:-1","max-image-preview":"max-image-preview:large","max-video-preview":"max-video-preview:-1"},"canonical":"https:\/\/eg-reeds.com\/pt-pt\/shop\/acessorios\/acessorios-instrumentos\/suporte-corne-ingles-bg-a-44\/","og_locale":"pt_PT","og_type":"article","og_title":"Suporte corne ingl\u00eas BG A-44","og_description":"Suporte corne ingl\u00eas BG A-44. Maior estabilidade. Leve e pr\u00e1tico. Pl\u00e1stico ABS.","og_url":"https:\/\/eg-reeds.com\/pt-pt\/shop\/acessorios\/acessorios-instrumentos\/suporte-corne-ingles-bg-a-44\/","og_site_name":"EG-REEDS","article_publisher":"https:\/\/www.facebook.com\/EGREEDS","article_modified_time":"2019-08-25T15:02:30+00:00","og_image":[{"width":937,"height":1024,"url":"https:\/\/eg-reeds.com\/wp-content\/uploads\/2018\/11\/BG-A44-English-horn-stand.jpg","type":"image\/jpeg"}],"twitter_card":"summary_large_image","twitter_site":"@egreeds","twitter_misc":{"pre\u00e7o":"11,00&euro;","Disponibilidade":"Em stock"},"schema":{"@context":"https:\/\/schema.org","@graph":[{"@type":["WebPage","ItemPage"],"@id":"https:\/\/eg-reeds.com\/pt-pt\/shop\/acessorios\/acessorios-instrumentos\/suporte-corne-ingles-bg-a-44\/","url":"https:\/\/eg-reeds.com\/pt-pt\/shop\/acessorios\/acessorios-instrumentos\/suporte-corne-ingles-bg-a-44\/","name":"Suporte corne ingl\u00eas BG A-44 - EG-REEDS","isPartOf":{"@id":"https:\/\/eg-reeds.com\/pt-pt\/#website"},"primaryImageOfPage":{"@id":"https:\/\/eg-reeds.com\/pt-pt\/shop\/acessorios\/acessorios-instrumentos\/suporte-corne-ingles-bg-a-44\/#primaryimage"},"image":{"@id":"https:\/\/eg-reeds.com\/pt-pt\/shop\/acessorios\/acessorios-instrumentos\/suporte-corne-ingles-bg-a-44\/#primaryimage"},"thumbnailUrl":"https:\/\/eg-reeds.com\/wp-content\/uploads\/2018\/11\/BG-A44-English-horn-stand.jpg","datePublished":"2018-11-07T09:22:26+00:00","dateModified":"2019-08-25T15:02:30+00:00","description":"Suporte corne ingl\u00eas BG A-44. Maior estabilidade. Leve e pr\u00e1tico. Pl\u00e1stico ABS.","breadcrumb":{"@id":"https:\/\/eg-reeds.com\/pt-pt\/shop\/acessorios\/acessorios-instrumentos\/suporte-corne-ingles-bg-a-44\/#breadcrumb"},"inLanguage":"pt-PT","potentialAction":[{"@type":"ReadAction","target":["https:\/\/eg-reeds.com\/pt-pt\/shop\/acessorios\/acessorios-instrumentos\/suporte-corne-ingles-bg-a-44\/"]}]},{"@type":"ImageObject","inLanguage":"pt-PT","@id":"https:\/\/eg-reeds.com\/pt-pt\/shop\/acessorios\/acessorios-instrumentos\/suporte-corne-ingles-bg-a-44\/#primaryimage","url":"https:\/\/eg-reeds.com\/wp-content\/uploads\/2018\/11\/BG-A44-English-horn-stand.jpg","contentUrl":"https:\/\/eg-reeds.com\/wp-content\/uploads\/2018\/11\/BG-A44-English-horn-stand.jpg","width":937,"height":1024,"caption":"Suporte corne ingl\u00eas BG A-44"},{"@type":"BreadcrumbList","@id":"https:\/\/eg-reeds.com\/pt-pt\/shop\/acessorios\/acessorios-instrumentos\/suporte-corne-ingles-bg-a-44\/#breadcrumb","itemListElement":[{"@type":"ListItem","position":1,"name":"Startseite","item":"https:\/\/eg-reeds.com\/pt-pt\/"},{"@type":"ListItem","position":2,"name":"Loja","item":"https:\/\/eg-reeds.com\/pt-pt\/"},{"@type":"ListItem","position":3,"name":"Suporte corne ingl\u00eas BG A-44"}]},{"@type":"WebSite","@id":"https:\/\/eg-reeds.com\/pt-pt\/#website","url":"https:\/\/eg-reeds.com\/pt-pt\/","name":"www.eg-reeds.com","description":"Palhetas obo\u00e9","publisher":{"@id":"https:\/\/eg-reeds.com\/pt-pt\/#organization"},"alternateName":"eg-reeds.com","potentialAction":[{"@type":"SearchAction","target":{"@type":"EntryPoint","urlTemplate":"https:\/\/eg-reeds.com\/pt-pt\/?s={search_term_string}"},"query-input":{"@type":"PropertyValueSpecification","valueRequired":true,"valueName":"search_term_string"}}],"inLanguage":"pt-PT"},{"@type":"Organization","@id":"https:\/\/eg-reeds.com\/pt-pt\/#organization","name":"www.eg-reeds.com","url":"https:\/\/eg-reeds.com\/pt-pt\/","logo":{"@type":"ImageObject","inLanguage":"pt-PT","@id":"https:\/\/eg-reeds.com\/pt-pt\/#\/schema\/logo\/image\/","url":"https:\/\/eg-reeds.com\/wp-content\/uploads\/2024\/06\/Logo-scaled-e1718793906611.jpg","contentUrl":"https:\/\/eg-reeds.com\/wp-content\/uploads\/2024\/06\/Logo-scaled-e1718793906611.jpg","width":1200,"height":493,"caption":"www.eg-reeds.com"},"image":{"@id":"https:\/\/eg-reeds.com\/pt-pt\/#\/schema\/logo\/image\/"},"sameAs":["https:\/\/www.facebook.com\/EGREEDS","https:\/\/x.com\/egreeds","https:\/\/www.instagram.com\/egreeds\/","https:\/\/www.youtube.com\/c\/EGREEDS","https:\/\/www.threads.net\/@egreeds","https:\/\/www.tiktok.com\/@egreeds"]}]},"product_price_amount":"11.00","product_price_currency":"EUR","og_availability":"instock","product_availability":"instock","product_retailer_item_id":"ACAISC","product_condition":"new"},"_links":{"self":[{"href":"https:\/\/eg-reeds.com\/pt-pt\/wp-json\/wp\/v2\/product\/33953","targetHints":{"allow":["GET"]}}],"collection":[{"href":"https:\/\/eg-reeds.com\/pt-pt\/wp-json\/wp\/v2\/product"}],"about":[{"href":"https:\/\/eg-reeds.com\/pt-pt\/wp-json\/wp\/v2\/types\/product"}],"replies":[{"embeddable":true,"href":"https:\/\/eg-reeds.com\/pt-pt\/wp-json\/wp\/v2\/comments?post=33953"}],"wp:featuredmedia":[{"embeddable":true,"href":"https:\/\/eg-reeds.com\/pt-pt\/wp-json\/wp\/v2\/media\/34007"}],"wp:attachment":[{"href":"https:\/\/eg-reeds.com\/pt-pt\/wp-json\/wp\/v2\/media?parent=33953"}],"wp:term":[{"taxonomy":"product_brand","embeddable":true,"href":"https:\/\/eg-reeds.com\/pt-pt\/wp-json\/wp\/v2\/product_brand?post=33953"},{"taxonomy":"product_cat","embeddable":true,"href":"https:\/\/eg-reeds.com\/pt-pt\/wp-json\/wp\/v2\/product_cat?post=33953"},{"taxonomy":"product_tag","embeddable":true,"href":"https:\/\/eg-reeds.com\/pt-pt\/wp-json\/wp\/v2\/product_tag?post=33953"},{"taxonomy":"giftcard-category","embeddable":true,"href":"https:\/\/eg-reeds.com\/pt-pt\/wp-json\/wp\/v2\/giftcard-category?post=33953"}],"curies":[{"name":"wp","href":"https:\/\/api.w.org\/{rel}","templated":true}]}}