{"id":34272,"date":"2018-11-21T12:41:22","date_gmt":"2018-11-21T10:41:22","guid":{"rendered":"http:\/\/eg-reeds.com\/shop\/sem%20categoria\/flamenco-para-instrumento-melodico-ou-cantor\/"},"modified":"2019-05-10T10:55:05","modified_gmt":"2019-05-10T08:55:05","slug":"flamenco-para-instrumento-melodico-ou-cantor","status":"publish","type":"product","link":"https:\/\/eg-reeds.com\/pt-pt\/shop\/partituras-pt-pt\/flamenco-para-instrumento-melodico-ou-cantor\/","title":{"rendered":"Flamenco para instrumento mel\u00f3dico ou cantor &#8211; Voz del sur &#8211; Los Cantes de las Minas."},"content":{"rendered":"<h4><strong>Flamenco para instrumento mel\u00f3dico ou cantor &#8211; Voz del sur &#8211; Los Cantes de las Minas.<\/strong><\/h4>\n<p>Flamenco para instrumento mel\u00f3dico ou cantor &#8211; Voz del sur &#8211; Los Cantes de las Minas (vol. 1).<\/p>\n<p>Partitura para 1 instrumento mel\u00f3dico em C, Bb ou Eb ou cantor.<\/p>\n<p>Francisco Javier Pi\u00f1ana Conesa.<\/p>\n<p>CD inclu\u00eddo.<\/p>\n<p>&nbsp;<\/p>\n<p>Editora: Ediciones Artsyntax.<\/p>\n","protected":false},"excerpt":{"rendered":"<p>Flamenco para instrumento mel\u00f3dico ou cantor &#8211; Voz del sur &#8211; Los Cantes de las Minas. Flamenco para instrumento mel\u00f3dico ou cantor &#8211; Voz del sur &#8211; Los Cantes de las Minas (vol. 1). Partitura para 1 instrumento mel\u00f3dico em C, Bb ou Eb ou cantor. Francisco Javier Pi\u00f1ana Conesa. CD inclu\u00eddo. &nbsp; Editora: Ediciones [&#8230;]\n","protected":false},"featured_media":34214,"comment_status":"open","ping_status":"closed","template":"","meta":[],"product_brand":[],"product_cat":[3799],"product_tag":[],"giftcard-category":[],"class_list":{"0":"post-34272","1":"product","2":"type-product","3":"status-publish","4":"has-post-thumbnail","6":"product_cat-partituras-pt-pt","8":"first","9":"outofstock","10":"taxable","11":"shipping-taxable","12":"purchasable","13":"product-type-simple"},"yoast_head":"<!-- This site is optimized with the Yoast SEO Premium plugin v27.0 (Yoast SEO v27.3) - https:\/\/yoast.com\/product\/yoast-seo-premium-wordpress\/ -->\n<title>Flamenco para instrumento mel\u00f3dico ou cantor - Voz del sur - Los Cantes de las Minas. - EG-REEDS<\/title>\n<meta name=\"description\" content=\"Flamenco para instrumento mel\u00f3dico ou cantor - Voz del sur - Los Cantes de las Minas (vol. 1). Partitura para 1 instrumento mel\u00f3dico em C, Bb ou Eb ou cantor.\" \/>\n<meta name=\"robots\" content=\"index, follow, max-snippet:-1, max-image-preview:large, max-video-preview:-1\" \/>\n<link rel=\"canonical\" href=\"https:\/\/eg-reeds.com\/pt-pt\/shop\/partituras-pt-pt\/flamenco-para-instrumento-melodico-ou-cantor\/\" \/>\n<meta property=\"og:locale\" content=\"pt_PT\" \/>\n<meta property=\"og:type\" content=\"article\" \/>\n<meta property=\"og:title\" content=\"Flamenco para instrumento mel\u00f3dico ou cantor - Voz del sur - Los Cantes de las Minas.\" \/>\n<meta property=\"og:description\" content=\"Flamenco para instrumento mel\u00f3dico ou cantor - Voz del sur - Los Cantes de las Minas (vol. 1). Partitura para 1 instrumento mel\u00f3dico em C, Bb ou Eb ou cantor.\" \/>\n<meta property=\"og:url\" content=\"https:\/\/eg-reeds.com\/pt-pt\/shop\/partituras-pt-pt\/flamenco-para-instrumento-melodico-ou-cantor\/\" \/>\n<meta property=\"og:site_name\" content=\"EG-REEDS\" \/>\n<meta property=\"article:publisher\" content=\"https:\/\/www.facebook.com\/EGREEDS\" \/>\n<meta property=\"article:modified_time\" content=\"2019-05-10T08:55:05+00:00\" \/>\n<meta property=\"og:image\" content=\"https:\/\/eg-reeds.com\/wp-content\/uploads\/2018\/11\/Voz-del-sur-Los-cantes-de-las-minas-vol-1-.png\" \/>\n\t<meta property=\"og:image:width\" content=\"704\" \/>\n\t<meta property=\"og:image:height\" content=\"1024\" \/>\n\t<meta property=\"og:image:type\" content=\"image\/png\" \/>\n<meta name=\"twitter:card\" content=\"summary_large_image\" \/>\n<meta name=\"twitter:site\" content=\"@egreeds\" \/>\n<meta name=\"twitter:label1\" content=\"pre\u00e7o\" \/>\n\t<meta name=\"twitter:data1\" content=\"14,95&euro;\" \/>\n\t<meta name=\"twitter:label2\" content=\"Disponibilidade\" \/>\n\t<meta name=\"twitter:data2\" content=\"Esgotado\" \/>\n<script type=\"application\/ld+json\" class=\"yoast-schema-graph\">{\"@context\":\"https:\\\/\\\/schema.org\",\"@graph\":[{\"@type\":[\"WebPage\",\"ItemPage\"],\"@id\":\"https:\\\/\\\/eg-reeds.com\\\/pt-pt\\\/shop\\\/partituras-pt-pt\\\/flamenco-para-instrumento-melodico-ou-cantor\\\/\",\"url\":\"https:\\\/\\\/eg-reeds.com\\\/pt-pt\\\/shop\\\/partituras-pt-pt\\\/flamenco-para-instrumento-melodico-ou-cantor\\\/\",\"name\":\"Flamenco para instrumento mel\u00f3dico ou cantor - Voz del sur - Los Cantes de las Minas. - EG-REEDS\",\"isPartOf\":{\"@id\":\"https:\\\/\\\/eg-reeds.com\\\/pt-pt\\\/#website\"},\"primaryImageOfPage\":{\"@id\":\"https:\\\/\\\/eg-reeds.com\\\/pt-pt\\\/shop\\\/partituras-pt-pt\\\/flamenco-para-instrumento-melodico-ou-cantor\\\/#primaryimage\"},\"image\":{\"@id\":\"https:\\\/\\\/eg-reeds.com\\\/pt-pt\\\/shop\\\/partituras-pt-pt\\\/flamenco-para-instrumento-melodico-ou-cantor\\\/#primaryimage\"},\"thumbnailUrl\":\"https:\\\/\\\/eg-reeds.com\\\/wp-content\\\/uploads\\\/2018\\\/11\\\/Voz-del-sur-Los-cantes-de-las-minas-vol-1-.png\",\"datePublished\":\"2018-11-21T10:41:22+00:00\",\"dateModified\":\"2019-05-10T08:55:05+00:00\",\"description\":\"Flamenco para instrumento mel\u00f3dico ou cantor - Voz del sur - Los Cantes de las Minas (vol. 1). Partitura para 1 instrumento mel\u00f3dico em C, Bb ou Eb ou cantor.\",\"breadcrumb\":{\"@id\":\"https:\\\/\\\/eg-reeds.com\\\/pt-pt\\\/shop\\\/partituras-pt-pt\\\/flamenco-para-instrumento-melodico-ou-cantor\\\/#breadcrumb\"},\"inLanguage\":\"pt-PT\",\"potentialAction\":[{\"@type\":\"ReadAction\",\"target\":[\"https:\\\/\\\/eg-reeds.com\\\/pt-pt\\\/shop\\\/partituras-pt-pt\\\/flamenco-para-instrumento-melodico-ou-cantor\\\/\"]}]},{\"@type\":\"ImageObject\",\"inLanguage\":\"pt-PT\",\"@id\":\"https:\\\/\\\/eg-reeds.com\\\/pt-pt\\\/shop\\\/partituras-pt-pt\\\/flamenco-para-instrumento-melodico-ou-cantor\\\/#primaryimage\",\"url\":\"https:\\\/\\\/eg-reeds.com\\\/wp-content\\\/uploads\\\/2018\\\/11\\\/Voz-del-sur-Los-cantes-de-las-minas-vol-1-.png\",\"contentUrl\":\"https:\\\/\\\/eg-reeds.com\\\/wp-content\\\/uploads\\\/2018\\\/11\\\/Voz-del-sur-Los-cantes-de-las-minas-vol-1-.png\",\"width\":704,\"height\":1024,\"caption\":\"Flamenco para instrumento mel\u00f3dico ou cantor - Voz del sur - Los Cantes de las Minas.\"},{\"@type\":\"BreadcrumbList\",\"@id\":\"https:\\\/\\\/eg-reeds.com\\\/pt-pt\\\/shop\\\/partituras-pt-pt\\\/flamenco-para-instrumento-melodico-ou-cantor\\\/#breadcrumb\",\"itemListElement\":[{\"@type\":\"ListItem\",\"position\":1,\"name\":\"Startseite\",\"item\":\"https:\\\/\\\/eg-reeds.com\\\/pt-pt\\\/\"},{\"@type\":\"ListItem\",\"position\":2,\"name\":\"Loja\",\"item\":\"https:\\\/\\\/eg-reeds.com\\\/pt-pt\\\/\"},{\"@type\":\"ListItem\",\"position\":3,\"name\":\"Flamenco para instrumento mel\u00f3dico ou cantor &#8211; Voz del sur &#8211; Los Cantes de las Minas.\"}]},{\"@type\":\"WebSite\",\"@id\":\"https:\\\/\\\/eg-reeds.com\\\/pt-pt\\\/#website\",\"url\":\"https:\\\/\\\/eg-reeds.com\\\/pt-pt\\\/\",\"name\":\"www.eg-reeds.com\",\"description\":\"Palhetas obo\u00e9\",\"publisher\":{\"@id\":\"https:\\\/\\\/eg-reeds.com\\\/pt-pt\\\/#organization\"},\"alternateName\":\"eg-reeds.com\",\"potentialAction\":[{\"@type\":\"SearchAction\",\"target\":{\"@type\":\"EntryPoint\",\"urlTemplate\":\"https:\\\/\\\/eg-reeds.com\\\/pt-pt\\\/?s={search_term_string}\"},\"query-input\":{\"@type\":\"PropertyValueSpecification\",\"valueRequired\":true,\"valueName\":\"search_term_string\"}}],\"inLanguage\":\"pt-PT\"},{\"@type\":\"Organization\",\"@id\":\"https:\\\/\\\/eg-reeds.com\\\/pt-pt\\\/#organization\",\"name\":\"www.eg-reeds.com\",\"url\":\"https:\\\/\\\/eg-reeds.com\\\/pt-pt\\\/\",\"logo\":{\"@type\":\"ImageObject\",\"inLanguage\":\"pt-PT\",\"@id\":\"https:\\\/\\\/eg-reeds.com\\\/pt-pt\\\/#\\\/schema\\\/logo\\\/image\\\/\",\"url\":\"https:\\\/\\\/eg-reeds.com\\\/wp-content\\\/uploads\\\/2024\\\/06\\\/Logo-scaled-e1718793906611.jpg\",\"contentUrl\":\"https:\\\/\\\/eg-reeds.com\\\/wp-content\\\/uploads\\\/2024\\\/06\\\/Logo-scaled-e1718793906611.jpg\",\"width\":1200,\"height\":493,\"caption\":\"www.eg-reeds.com\"},\"image\":{\"@id\":\"https:\\\/\\\/eg-reeds.com\\\/pt-pt\\\/#\\\/schema\\\/logo\\\/image\\\/\"},\"sameAs\":[\"https:\\\/\\\/www.facebook.com\\\/EGREEDS\",\"https:\\\/\\\/x.com\\\/egreeds\",\"https:\\\/\\\/www.instagram.com\\\/egreeds\\\/\",\"https:\\\/\\\/www.youtube.com\\\/c\\\/EGREEDS\",\"https:\\\/\\\/www.threads.net\\\/@egreeds\",\"https:\\\/\\\/www.tiktok.com\\\/@egreeds\"]}]}<\/script>\n<meta property=\"product:price:amount\" content=\"14.95\" \/>\n<meta property=\"product:price:currency\" content=\"EUR\" \/>\n<meta property=\"og:availability\" content=\"out of stock\" \/>\n<meta property=\"product:availability\" content=\"out of stock\" \/>\n<meta property=\"product:retailer_item_id\" content=\"SMVoz1\" \/>\n<meta property=\"product:condition\" content=\"new\" \/>\n<!-- \/ Yoast SEO Premium plugin. -->","yoast_head_json":{"title":"Flamenco para instrumento mel\u00f3dico ou cantor - Voz del sur - Los Cantes de las Minas. - EG-REEDS","description":"Flamenco para instrumento mel\u00f3dico ou cantor - Voz del sur - Los Cantes de las Minas (vol. 1). Partitura para 1 instrumento mel\u00f3dico em C, Bb ou Eb ou cantor.","robots":{"index":"index","follow":"follow","max-snippet":"max-snippet:-1","max-image-preview":"max-image-preview:large","max-video-preview":"max-video-preview:-1"},"canonical":"https:\/\/eg-reeds.com\/pt-pt\/shop\/partituras-pt-pt\/flamenco-para-instrumento-melodico-ou-cantor\/","og_locale":"pt_PT","og_type":"article","og_title":"Flamenco para instrumento mel\u00f3dico ou cantor - Voz del sur - Los Cantes de las Minas.","og_description":"Flamenco para instrumento mel\u00f3dico ou cantor - Voz del sur - Los Cantes de las Minas (vol. 1). Partitura para 1 instrumento mel\u00f3dico em C, Bb ou Eb ou cantor.","og_url":"https:\/\/eg-reeds.com\/pt-pt\/shop\/partituras-pt-pt\/flamenco-para-instrumento-melodico-ou-cantor\/","og_site_name":"EG-REEDS","article_publisher":"https:\/\/www.facebook.com\/EGREEDS","article_modified_time":"2019-05-10T08:55:05+00:00","og_image":[{"width":704,"height":1024,"url":"https:\/\/eg-reeds.com\/wp-content\/uploads\/2018\/11\/Voz-del-sur-Los-cantes-de-las-minas-vol-1-.png","type":"image\/png"}],"twitter_card":"summary_large_image","twitter_site":"@egreeds","twitter_misc":{"pre\u00e7o":"14,95&euro;","Disponibilidade":"Esgotado"},"schema":{"@context":"https:\/\/schema.org","@graph":[{"@type":["WebPage","ItemPage"],"@id":"https:\/\/eg-reeds.com\/pt-pt\/shop\/partituras-pt-pt\/flamenco-para-instrumento-melodico-ou-cantor\/","url":"https:\/\/eg-reeds.com\/pt-pt\/shop\/partituras-pt-pt\/flamenco-para-instrumento-melodico-ou-cantor\/","name":"Flamenco para instrumento mel\u00f3dico ou cantor - Voz del sur - Los Cantes de las Minas. - EG-REEDS","isPartOf":{"@id":"https:\/\/eg-reeds.com\/pt-pt\/#website"},"primaryImageOfPage":{"@id":"https:\/\/eg-reeds.com\/pt-pt\/shop\/partituras-pt-pt\/flamenco-para-instrumento-melodico-ou-cantor\/#primaryimage"},"image":{"@id":"https:\/\/eg-reeds.com\/pt-pt\/shop\/partituras-pt-pt\/flamenco-para-instrumento-melodico-ou-cantor\/#primaryimage"},"thumbnailUrl":"https:\/\/eg-reeds.com\/wp-content\/uploads\/2018\/11\/Voz-del-sur-Los-cantes-de-las-minas-vol-1-.png","datePublished":"2018-11-21T10:41:22+00:00","dateModified":"2019-05-10T08:55:05+00:00","description":"Flamenco para instrumento mel\u00f3dico ou cantor - Voz del sur - Los Cantes de las Minas (vol. 1). Partitura para 1 instrumento mel\u00f3dico em C, Bb ou Eb ou cantor.","breadcrumb":{"@id":"https:\/\/eg-reeds.com\/pt-pt\/shop\/partituras-pt-pt\/flamenco-para-instrumento-melodico-ou-cantor\/#breadcrumb"},"inLanguage":"pt-PT","potentialAction":[{"@type":"ReadAction","target":["https:\/\/eg-reeds.com\/pt-pt\/shop\/partituras-pt-pt\/flamenco-para-instrumento-melodico-ou-cantor\/"]}]},{"@type":"ImageObject","inLanguage":"pt-PT","@id":"https:\/\/eg-reeds.com\/pt-pt\/shop\/partituras-pt-pt\/flamenco-para-instrumento-melodico-ou-cantor\/#primaryimage","url":"https:\/\/eg-reeds.com\/wp-content\/uploads\/2018\/11\/Voz-del-sur-Los-cantes-de-las-minas-vol-1-.png","contentUrl":"https:\/\/eg-reeds.com\/wp-content\/uploads\/2018\/11\/Voz-del-sur-Los-cantes-de-las-minas-vol-1-.png","width":704,"height":1024,"caption":"Flamenco para instrumento mel\u00f3dico ou cantor - Voz del sur - Los Cantes de las Minas."},{"@type":"BreadcrumbList","@id":"https:\/\/eg-reeds.com\/pt-pt\/shop\/partituras-pt-pt\/flamenco-para-instrumento-melodico-ou-cantor\/#breadcrumb","itemListElement":[{"@type":"ListItem","position":1,"name":"Startseite","item":"https:\/\/eg-reeds.com\/pt-pt\/"},{"@type":"ListItem","position":2,"name":"Loja","item":"https:\/\/eg-reeds.com\/pt-pt\/"},{"@type":"ListItem","position":3,"name":"Flamenco para instrumento mel\u00f3dico ou cantor &#8211; Voz del sur &#8211; Los Cantes de las Minas."}]},{"@type":"WebSite","@id":"https:\/\/eg-reeds.com\/pt-pt\/#website","url":"https:\/\/eg-reeds.com\/pt-pt\/","name":"www.eg-reeds.com","description":"Palhetas obo\u00e9","publisher":{"@id":"https:\/\/eg-reeds.com\/pt-pt\/#organization"},"alternateName":"eg-reeds.com","potentialAction":[{"@type":"SearchAction","target":{"@type":"EntryPoint","urlTemplate":"https:\/\/eg-reeds.com\/pt-pt\/?s={search_term_string}"},"query-input":{"@type":"PropertyValueSpecification","valueRequired":true,"valueName":"search_term_string"}}],"inLanguage":"pt-PT"},{"@type":"Organization","@id":"https:\/\/eg-reeds.com\/pt-pt\/#organization","name":"www.eg-reeds.com","url":"https:\/\/eg-reeds.com\/pt-pt\/","logo":{"@type":"ImageObject","inLanguage":"pt-PT","@id":"https:\/\/eg-reeds.com\/pt-pt\/#\/schema\/logo\/image\/","url":"https:\/\/eg-reeds.com\/wp-content\/uploads\/2024\/06\/Logo-scaled-e1718793906611.jpg","contentUrl":"https:\/\/eg-reeds.com\/wp-content\/uploads\/2024\/06\/Logo-scaled-e1718793906611.jpg","width":1200,"height":493,"caption":"www.eg-reeds.com"},"image":{"@id":"https:\/\/eg-reeds.com\/pt-pt\/#\/schema\/logo\/image\/"},"sameAs":["https:\/\/www.facebook.com\/EGREEDS","https:\/\/x.com\/egreeds","https:\/\/www.instagram.com\/egreeds\/","https:\/\/www.youtube.com\/c\/EGREEDS","https:\/\/www.threads.net\/@egreeds","https:\/\/www.tiktok.com\/@egreeds"]}]},"product_price_amount":"14.95","product_price_currency":"EUR","og_availability":"out of stock","product_availability":"out of stock","product_retailer_item_id":"SMVoz1","product_condition":"new"},"_links":{"self":[{"href":"https:\/\/eg-reeds.com\/pt-pt\/wp-json\/wp\/v2\/product\/34272","targetHints":{"allow":["GET"]}}],"collection":[{"href":"https:\/\/eg-reeds.com\/pt-pt\/wp-json\/wp\/v2\/product"}],"about":[{"href":"https:\/\/eg-reeds.com\/pt-pt\/wp-json\/wp\/v2\/types\/product"}],"replies":[{"embeddable":true,"href":"https:\/\/eg-reeds.com\/pt-pt\/wp-json\/wp\/v2\/comments?post=34272"}],"wp:featuredmedia":[{"embeddable":true,"href":"https:\/\/eg-reeds.com\/pt-pt\/wp-json\/wp\/v2\/media\/34214"}],"wp:attachment":[{"href":"https:\/\/eg-reeds.com\/pt-pt\/wp-json\/wp\/v2\/media?parent=34272"}],"wp:term":[{"taxonomy":"product_brand","embeddable":true,"href":"https:\/\/eg-reeds.com\/pt-pt\/wp-json\/wp\/v2\/product_brand?post=34272"},{"taxonomy":"product_cat","embeddable":true,"href":"https:\/\/eg-reeds.com\/pt-pt\/wp-json\/wp\/v2\/product_cat?post=34272"},{"taxonomy":"product_tag","embeddable":true,"href":"https:\/\/eg-reeds.com\/pt-pt\/wp-json\/wp\/v2\/product_tag?post=34272"},{"taxonomy":"giftcard-category","embeddable":true,"href":"https:\/\/eg-reeds.com\/pt-pt\/wp-json\/wp\/v2\/giftcard-category?post=34272"}],"curies":[{"name":"wp","href":"https:\/\/api.w.org\/{rel}","templated":true}]}}