{"id":36352,"date":"2019-05-28T14:03:48","date_gmt":"2019-05-28T12:03:48","guid":{"rendered":"http:\/\/eg-reeds.com\/shop\/sem%20categoria\/testador-de-dureza-digital-reeds-n-stuff\/"},"modified":"2025-03-26T08:51:34","modified_gmt":"2025-03-26T07:51:34","slug":"testador-de-dureza-digital-reeds-n-stuff","status":"publish","type":"product","link":"https:\/\/eg-reeds.com\/pt-pt\/shop\/acessorios\/medicao\/testador-de-dureza-digital-reeds-n-stuff\/","title":{"rendered":"Testador de dureza digital Reeds &#8216;n Stuff"},"content":{"rendered":"<h1 class=\"none-show-mobile\"><strong>Testador de dureza digital Reeds &#8216;n Stuff.<\/strong><\/h1>\n<p>O testador de dureza digital da Reeds &#8216;n Stuff \u00e9 uma ferramenta essencial para obo\u00edstas e fabricantes de palhetas que buscam precis\u00e3o em seu trabalho. Este dispositivo de \u00faltima gera\u00e7\u00e3o mede com exatid\u00e3o a dureza da cana de obo\u00e9, permitindo selecionar o material ideal para um desempenho \u00f3timo e personalizado.<\/p>\n<p>Equipado com um visor digital claro e f\u00e1cil de ler, oferece resultados r\u00e1pidos e precisos. Seu design ergon\u00f4mico garante conforto durante o uso, enquanto sua estrutura robusta assegura durabilidade e confiabilidade a longo prazo.<\/p>\n<p>Perfeito tanto para profissionais quanto para estudantes, este instrumento torna-se um aliado indispens\u00e1vel para aperfei\u00e7oar sua t\u00e9cnica de fabrica\u00e7\u00e3o de palhetas e alcan\u00e7ar uma qualidade superior.<\/p>\n<p>Quer medir digitalmente a dureza da sua cana de obo\u00e9 com precis\u00e3o? \ud83d\udccf<\/p>\n<p>Voc\u00ea precisa do <b>Testador de dureza digital Reeds &#8216;n Stuff<\/b>:<\/p>\n<p>\u2705 obtenha medi\u00e7\u00f5es exatas instantaneamente<br \/>\n\u2705 escolha a melhor cana gouged para criar suas palhetas perfeitas<br \/>\n\u2705 f\u00e1cil de usar<\/p>\n<p>Envio em cerca de 7 dias, dependendo do estoque.<\/p>\n<p><iframe loading=\"lazy\" title=\"Medidor de dureza Reeds &#039;n Stuff \ud83d\udccfReeds &#039;n Stuff Hardness Tester\" width=\"1020\" height=\"574\" src=\"https:\/\/www.youtube.com\/embed\/uPha6dxrbPQ?feature=oembed\" frameborder=\"0\" allow=\"accelerometer; autoplay; clipboard-write; encrypted-media; gyroscope; picture-in-picture; web-share\" referrerpolicy=\"strict-origin-when-cross-origin\" allowfullscreen><\/iframe><\/p>\n","protected":false},"excerpt":{"rendered":"<p>Testador de dureza digital Reeds &#8216;n Stuff. O testador de dureza digital da Reeds &#8216;n Stuff \u00e9 uma ferramenta essencial para obo\u00edstas e fabricantes de palhetas que buscam precis\u00e3o em seu trabalho. Este dispositivo de \u00faltima gera\u00e7\u00e3o mede com exatid\u00e3o a dureza da cana de obo\u00e9, permitindo selecionar o material ideal para um desempenho \u00f3timo [&#8230;]\n","protected":false},"featured_media":54999,"comment_status":"open","ping_status":"closed","template":"","meta":[],"product_brand":[],"product_cat":[1422,5170,2925],"product_tag":[],"giftcard-category":[],"class_list":{"0":"post-36352","1":"product","2":"type-product","3":"status-publish","4":"has-post-thumbnail","6":"product_cat-acessorios","7":"product_cat-medicao","8":"product_cat-reeds-n-stuff-pt-pt","10":"first","11":"instock","12":"taxable","13":"shipping-taxable","14":"purchasable","15":"product-type-simple"},"yoast_head":"<!-- This site is optimized with the Yoast SEO Premium plugin v27.0 (Yoast SEO v27.4) - https:\/\/yoast.com\/product\/yoast-seo-premium-wordpress\/ -->\n<title>Testador de dureza digital Reeds &#039;n Stuff - EG-REEDS<\/title>\n<meta name=\"description\" content=\"Testador de dureza digital Reeds &#039;n Stuff. Testador de dureza digital para obo\u00e9 Reeds &#039;n Stuff.\" \/>\n<meta name=\"robots\" content=\"index, follow, max-snippet:-1, max-image-preview:large, max-video-preview:-1\" \/>\n<link rel=\"canonical\" href=\"https:\/\/eg-reeds.com\/pt-pt\/shop\/acessorios\/medicao\/testador-de-dureza-digital-reeds-n-stuff\/\" \/>\n<meta property=\"og:locale\" content=\"pt_PT\" \/>\n<meta property=\"og:type\" content=\"article\" \/>\n<meta property=\"og:title\" content=\"Testador de dureza digital Reeds &#039;n Stuff\" \/>\n<meta property=\"og:description\" content=\"Testador de dureza digital Reeds &#039;n Stuff. Testador de dureza digital para obo\u00e9 Reeds &#039;n Stuff.\" \/>\n<meta property=\"og:url\" content=\"https:\/\/eg-reeds.com\/pt-pt\/shop\/acessorios\/medicao\/testador-de-dureza-digital-reeds-n-stuff\/\" \/>\n<meta property=\"og:site_name\" content=\"EG-REEDS\" \/>\n<meta property=\"article:publisher\" content=\"https:\/\/www.facebook.com\/EGREEDS\" \/>\n<meta property=\"article:modified_time\" content=\"2025-03-26T07:51:34+00:00\" \/>\n<meta property=\"og:image\" content=\"https:\/\/eg-reeds.com\/wp-content\/uploads\/2019\/05\/Digital-Hardness-Tester-for-Oboe.jpg\" \/>\n\t<meta property=\"og:image:width\" content=\"1200\" \/>\n\t<meta property=\"og:image:height\" content=\"960\" \/>\n\t<meta property=\"og:image:type\" content=\"image\/jpeg\" \/>\n<meta name=\"twitter:card\" content=\"summary_large_image\" \/>\n<meta name=\"twitter:site\" content=\"@egreeds\" \/>\n<meta name=\"twitter:label1\" content=\"pre\u00e7o\" \/>\n\t<meta name=\"twitter:data1\" content=\"602,90&euro;\" \/>\n\t<meta name=\"twitter:label2\" content=\"Disponibilidade\" \/>\n\t<meta name=\"twitter:data2\" content=\"Em stock\" \/>\n<script type=\"application\/ld+json\" class=\"yoast-schema-graph\">{\"@context\":\"https:\\\/\\\/schema.org\",\"@graph\":[{\"@type\":[\"WebPage\",\"ItemPage\"],\"@id\":\"https:\\\/\\\/eg-reeds.com\\\/pt-pt\\\/shop\\\/acessorios\\\/medicao\\\/testador-de-dureza-digital-reeds-n-stuff\\\/\",\"url\":\"https:\\\/\\\/eg-reeds.com\\\/pt-pt\\\/shop\\\/acessorios\\\/medicao\\\/testador-de-dureza-digital-reeds-n-stuff\\\/\",\"name\":\"Testador de dureza digital Reeds 'n Stuff - EG-REEDS\",\"isPartOf\":{\"@id\":\"https:\\\/\\\/eg-reeds.com\\\/pt-pt\\\/#website\"},\"primaryImageOfPage\":{\"@id\":\"https:\\\/\\\/eg-reeds.com\\\/pt-pt\\\/shop\\\/acessorios\\\/medicao\\\/testador-de-dureza-digital-reeds-n-stuff\\\/#primaryimage\"},\"image\":{\"@id\":\"https:\\\/\\\/eg-reeds.com\\\/pt-pt\\\/shop\\\/acessorios\\\/medicao\\\/testador-de-dureza-digital-reeds-n-stuff\\\/#primaryimage\"},\"thumbnailUrl\":\"https:\\\/\\\/eg-reeds.com\\\/wp-content\\\/uploads\\\/2019\\\/05\\\/Digital-Hardness-Tester-for-Oboe.jpg\",\"datePublished\":\"2019-05-28T12:03:48+00:00\",\"dateModified\":\"2025-03-26T07:51:34+00:00\",\"description\":\"Testador de dureza digital Reeds 'n Stuff. Testador de dureza digital para obo\u00e9 Reeds 'n Stuff.\",\"breadcrumb\":{\"@id\":\"https:\\\/\\\/eg-reeds.com\\\/pt-pt\\\/shop\\\/acessorios\\\/medicao\\\/testador-de-dureza-digital-reeds-n-stuff\\\/#breadcrumb\"},\"inLanguage\":\"pt-PT\",\"potentialAction\":[{\"@type\":\"ReadAction\",\"target\":[\"https:\\\/\\\/eg-reeds.com\\\/pt-pt\\\/shop\\\/acessorios\\\/medicao\\\/testador-de-dureza-digital-reeds-n-stuff\\\/\"]}]},{\"@type\":\"ImageObject\",\"inLanguage\":\"pt-PT\",\"@id\":\"https:\\\/\\\/eg-reeds.com\\\/pt-pt\\\/shop\\\/acessorios\\\/medicao\\\/testador-de-dureza-digital-reeds-n-stuff\\\/#primaryimage\",\"url\":\"https:\\\/\\\/eg-reeds.com\\\/wp-content\\\/uploads\\\/2019\\\/05\\\/Digital-Hardness-Tester-for-Oboe.jpg\",\"contentUrl\":\"https:\\\/\\\/eg-reeds.com\\\/wp-content\\\/uploads\\\/2019\\\/05\\\/Digital-Hardness-Tester-for-Oboe.jpg\",\"width\":1200,\"height\":960,\"caption\":\"Digital Hardness Tester Reeds 'n Stuff\"},{\"@type\":\"BreadcrumbList\",\"@id\":\"https:\\\/\\\/eg-reeds.com\\\/pt-pt\\\/shop\\\/acessorios\\\/medicao\\\/testador-de-dureza-digital-reeds-n-stuff\\\/#breadcrumb\",\"itemListElement\":[{\"@type\":\"ListItem\",\"position\":1,\"name\":\"Startseite\",\"item\":\"https:\\\/\\\/eg-reeds.com\\\/pt-pt\\\/\"},{\"@type\":\"ListItem\",\"position\":2,\"name\":\"Loja\",\"item\":\"https:\\\/\\\/eg-reeds.com\\\/pt-pt\\\/\"},{\"@type\":\"ListItem\",\"position\":3,\"name\":\"Testador de dureza digital Reeds &lsquo;n Stuff\"}]},{\"@type\":\"WebSite\",\"@id\":\"https:\\\/\\\/eg-reeds.com\\\/pt-pt\\\/#website\",\"url\":\"https:\\\/\\\/eg-reeds.com\\\/pt-pt\\\/\",\"name\":\"www.eg-reeds.com\",\"description\":\"Palhetas obo\u00e9\",\"publisher\":{\"@id\":\"https:\\\/\\\/eg-reeds.com\\\/pt-pt\\\/#organization\"},\"alternateName\":\"eg-reeds.com\",\"potentialAction\":[{\"@type\":\"SearchAction\",\"target\":{\"@type\":\"EntryPoint\",\"urlTemplate\":\"https:\\\/\\\/eg-reeds.com\\\/pt-pt\\\/?s={search_term_string}\"},\"query-input\":{\"@type\":\"PropertyValueSpecification\",\"valueRequired\":true,\"valueName\":\"search_term_string\"}}],\"inLanguage\":\"pt-PT\"},{\"@type\":\"Organization\",\"@id\":\"https:\\\/\\\/eg-reeds.com\\\/pt-pt\\\/#organization\",\"name\":\"www.eg-reeds.com\",\"url\":\"https:\\\/\\\/eg-reeds.com\\\/pt-pt\\\/\",\"logo\":{\"@type\":\"ImageObject\",\"inLanguage\":\"pt-PT\",\"@id\":\"https:\\\/\\\/eg-reeds.com\\\/pt-pt\\\/#\\\/schema\\\/logo\\\/image\\\/\",\"url\":\"https:\\\/\\\/eg-reeds.com\\\/wp-content\\\/uploads\\\/2024\\\/06\\\/Logo-scaled-e1718793906611.jpg\",\"contentUrl\":\"https:\\\/\\\/eg-reeds.com\\\/wp-content\\\/uploads\\\/2024\\\/06\\\/Logo-scaled-e1718793906611.jpg\",\"width\":1200,\"height\":493,\"caption\":\"www.eg-reeds.com\"},\"image\":{\"@id\":\"https:\\\/\\\/eg-reeds.com\\\/pt-pt\\\/#\\\/schema\\\/logo\\\/image\\\/\"},\"sameAs\":[\"https:\\\/\\\/www.facebook.com\\\/EGREEDS\",\"https:\\\/\\\/x.com\\\/egreeds\",\"https:\\\/\\\/www.instagram.com\\\/egreeds\\\/\",\"https:\\\/\\\/www.youtube.com\\\/c\\\/EGREEDS\",\"https:\\\/\\\/www.threads.net\\\/@egreeds\",\"https:\\\/\\\/www.tiktok.com\\\/@egreeds\"]}]}<\/script>\n<meta property=\"product:price:amount\" content=\"602.90\" \/>\n<meta property=\"product:price:currency\" content=\"EUR\" \/>\n<meta property=\"og:availability\" content=\"instock\" \/>\n<meta property=\"product:availability\" content=\"instock\" \/>\n<meta property=\"product:retailer_item_id\" content=\"F11-14100\" \/>\n<meta property=\"product:condition\" content=\"new\" \/>\n<!-- \/ Yoast SEO Premium plugin. -->","yoast_head_json":{"title":"Testador de dureza digital Reeds 'n Stuff - EG-REEDS","description":"Testador de dureza digital Reeds 'n Stuff. Testador de dureza digital para obo\u00e9 Reeds 'n Stuff.","robots":{"index":"index","follow":"follow","max-snippet":"max-snippet:-1","max-image-preview":"max-image-preview:large","max-video-preview":"max-video-preview:-1"},"canonical":"https:\/\/eg-reeds.com\/pt-pt\/shop\/acessorios\/medicao\/testador-de-dureza-digital-reeds-n-stuff\/","og_locale":"pt_PT","og_type":"article","og_title":"Testador de dureza digital Reeds 'n Stuff","og_description":"Testador de dureza digital Reeds 'n Stuff. Testador de dureza digital para obo\u00e9 Reeds 'n Stuff.","og_url":"https:\/\/eg-reeds.com\/pt-pt\/shop\/acessorios\/medicao\/testador-de-dureza-digital-reeds-n-stuff\/","og_site_name":"EG-REEDS","article_publisher":"https:\/\/www.facebook.com\/EGREEDS","article_modified_time":"2025-03-26T07:51:34+00:00","og_image":[{"width":1200,"height":960,"url":"https:\/\/eg-reeds.com\/wp-content\/uploads\/2019\/05\/Digital-Hardness-Tester-for-Oboe.jpg","type":"image\/jpeg"}],"twitter_card":"summary_large_image","twitter_site":"@egreeds","twitter_misc":{"pre\u00e7o":"602,90&euro;","Disponibilidade":"Em stock"},"schema":{"@context":"https:\/\/schema.org","@graph":[{"@type":["WebPage","ItemPage"],"@id":"https:\/\/eg-reeds.com\/pt-pt\/shop\/acessorios\/medicao\/testador-de-dureza-digital-reeds-n-stuff\/","url":"https:\/\/eg-reeds.com\/pt-pt\/shop\/acessorios\/medicao\/testador-de-dureza-digital-reeds-n-stuff\/","name":"Testador de dureza digital Reeds 'n Stuff - EG-REEDS","isPartOf":{"@id":"https:\/\/eg-reeds.com\/pt-pt\/#website"},"primaryImageOfPage":{"@id":"https:\/\/eg-reeds.com\/pt-pt\/shop\/acessorios\/medicao\/testador-de-dureza-digital-reeds-n-stuff\/#primaryimage"},"image":{"@id":"https:\/\/eg-reeds.com\/pt-pt\/shop\/acessorios\/medicao\/testador-de-dureza-digital-reeds-n-stuff\/#primaryimage"},"thumbnailUrl":"https:\/\/eg-reeds.com\/wp-content\/uploads\/2019\/05\/Digital-Hardness-Tester-for-Oboe.jpg","datePublished":"2019-05-28T12:03:48+00:00","dateModified":"2025-03-26T07:51:34+00:00","description":"Testador de dureza digital Reeds 'n Stuff. Testador de dureza digital para obo\u00e9 Reeds 'n Stuff.","breadcrumb":{"@id":"https:\/\/eg-reeds.com\/pt-pt\/shop\/acessorios\/medicao\/testador-de-dureza-digital-reeds-n-stuff\/#breadcrumb"},"inLanguage":"pt-PT","potentialAction":[{"@type":"ReadAction","target":["https:\/\/eg-reeds.com\/pt-pt\/shop\/acessorios\/medicao\/testador-de-dureza-digital-reeds-n-stuff\/"]}]},{"@type":"ImageObject","inLanguage":"pt-PT","@id":"https:\/\/eg-reeds.com\/pt-pt\/shop\/acessorios\/medicao\/testador-de-dureza-digital-reeds-n-stuff\/#primaryimage","url":"https:\/\/eg-reeds.com\/wp-content\/uploads\/2019\/05\/Digital-Hardness-Tester-for-Oboe.jpg","contentUrl":"https:\/\/eg-reeds.com\/wp-content\/uploads\/2019\/05\/Digital-Hardness-Tester-for-Oboe.jpg","width":1200,"height":960,"caption":"Digital Hardness Tester Reeds 'n Stuff"},{"@type":"BreadcrumbList","@id":"https:\/\/eg-reeds.com\/pt-pt\/shop\/acessorios\/medicao\/testador-de-dureza-digital-reeds-n-stuff\/#breadcrumb","itemListElement":[{"@type":"ListItem","position":1,"name":"Startseite","item":"https:\/\/eg-reeds.com\/pt-pt\/"},{"@type":"ListItem","position":2,"name":"Loja","item":"https:\/\/eg-reeds.com\/pt-pt\/"},{"@type":"ListItem","position":3,"name":"Testador de dureza digital Reeds &lsquo;n Stuff"}]},{"@type":"WebSite","@id":"https:\/\/eg-reeds.com\/pt-pt\/#website","url":"https:\/\/eg-reeds.com\/pt-pt\/","name":"www.eg-reeds.com","description":"Palhetas obo\u00e9","publisher":{"@id":"https:\/\/eg-reeds.com\/pt-pt\/#organization"},"alternateName":"eg-reeds.com","potentialAction":[{"@type":"SearchAction","target":{"@type":"EntryPoint","urlTemplate":"https:\/\/eg-reeds.com\/pt-pt\/?s={search_term_string}"},"query-input":{"@type":"PropertyValueSpecification","valueRequired":true,"valueName":"search_term_string"}}],"inLanguage":"pt-PT"},{"@type":"Organization","@id":"https:\/\/eg-reeds.com\/pt-pt\/#organization","name":"www.eg-reeds.com","url":"https:\/\/eg-reeds.com\/pt-pt\/","logo":{"@type":"ImageObject","inLanguage":"pt-PT","@id":"https:\/\/eg-reeds.com\/pt-pt\/#\/schema\/logo\/image\/","url":"https:\/\/eg-reeds.com\/wp-content\/uploads\/2024\/06\/Logo-scaled-e1718793906611.jpg","contentUrl":"https:\/\/eg-reeds.com\/wp-content\/uploads\/2024\/06\/Logo-scaled-e1718793906611.jpg","width":1200,"height":493,"caption":"www.eg-reeds.com"},"image":{"@id":"https:\/\/eg-reeds.com\/pt-pt\/#\/schema\/logo\/image\/"},"sameAs":["https:\/\/www.facebook.com\/EGREEDS","https:\/\/x.com\/egreeds","https:\/\/www.instagram.com\/egreeds\/","https:\/\/www.youtube.com\/c\/EGREEDS","https:\/\/www.threads.net\/@egreeds","https:\/\/www.tiktok.com\/@egreeds"]}]},"product_price_amount":"602.90","product_price_currency":"EUR","og_availability":"instock","product_availability":"instock","product_retailer_item_id":"F11-14100","product_condition":"new"},"_links":{"self":[{"href":"https:\/\/eg-reeds.com\/pt-pt\/wp-json\/wp\/v2\/product\/36352","targetHints":{"allow":["GET"]}}],"collection":[{"href":"https:\/\/eg-reeds.com\/pt-pt\/wp-json\/wp\/v2\/product"}],"about":[{"href":"https:\/\/eg-reeds.com\/pt-pt\/wp-json\/wp\/v2\/types\/product"}],"replies":[{"embeddable":true,"href":"https:\/\/eg-reeds.com\/pt-pt\/wp-json\/wp\/v2\/comments?post=36352"}],"wp:featuredmedia":[{"embeddable":true,"href":"https:\/\/eg-reeds.com\/pt-pt\/wp-json\/wp\/v2\/media\/54999"}],"wp:attachment":[{"href":"https:\/\/eg-reeds.com\/pt-pt\/wp-json\/wp\/v2\/media?parent=36352"}],"wp:term":[{"taxonomy":"product_brand","embeddable":true,"href":"https:\/\/eg-reeds.com\/pt-pt\/wp-json\/wp\/v2\/product_brand?post=36352"},{"taxonomy":"product_cat","embeddable":true,"href":"https:\/\/eg-reeds.com\/pt-pt\/wp-json\/wp\/v2\/product_cat?post=36352"},{"taxonomy":"product_tag","embeddable":true,"href":"https:\/\/eg-reeds.com\/pt-pt\/wp-json\/wp\/v2\/product_tag?post=36352"},{"taxonomy":"giftcard-category","embeddable":true,"href":"https:\/\/eg-reeds.com\/pt-pt\/wp-json\/wp\/v2\/giftcard-category?post=36352"}],"curies":[{"name":"wp","href":"https:\/\/api.w.org\/{rel}","templated":true}]}}