{"id":38539,"date":"2019-10-31T19:54:46","date_gmt":"2019-10-31T17:54:46","guid":{"rendered":"http:\/\/eg-reeds.com\/shop\/sem%20categoria\/pano-limpeza-exterior-oboe\/"},"modified":"2023-09-15T21:15:33","modified_gmt":"2023-09-15T19:15:33","slug":"pano-limpeza-exterior-oboe","status":"publish","type":"product","link":"https:\/\/eg-reeds.com\/pt-pt\/shop\/acessorios\/acessorios-instrumentos\/pano-limpeza-exterior-oboe\/","title":{"rendered":"Pano limpeza exterior obo\u00e9"},"content":{"rendered":"<h1><strong>Pano limpeza exterior obo\u00e9.<\/strong><\/h1>\n<p>Pano limpeza exterior obo\u00e9. Fibra da mais alta qualidade. 35 x 35 cm. Marca: K\u00f6lbl.<\/p>\n<p>Este pano de limpeza de obo\u00e9 \u00e9 v\u00e1lido para corne ingl\u00eas, flauta, flautim ou clarinete.<\/p>\n<p>Para limpar o interior do obo\u00e9:<\/p>\n<p><a href=\"https:\/\/eg-reeds.com\/pt-pt\/shop\/acessorios\/acessorios-instrumentos\/limpador-oboe\/\" target=\"_blank\" rel=\"noopener noreferrer\">Limpador obo\u00e9.<\/a><\/p>\n","protected":false},"excerpt":{"rendered":"<p>Pano limpeza exterior obo\u00e9. Pano limpeza exterior obo\u00e9. Fibra da mais alta qualidade. 35 x 35 cm. Marca: K\u00f6lbl. Este pano de limpeza de obo\u00e9 \u00e9 v\u00e1lido para corne ingl\u00eas, flauta, flautim ou clarinete. Para limpar o interior do obo\u00e9: Limpador obo\u00e9.<\/p>\n","protected":false},"featured_media":38522,"comment_status":"open","ping_status":"closed","template":"","meta":[],"product_brand":[],"product_cat":[3579,3810],"product_tag":[],"giftcard-category":[],"class_list":{"0":"post-38539","1":"product","2":"type-product","3":"status-publish","4":"has-post-thumbnail","6":"product_cat-acessorios-instrumentos","7":"product_cat-oboes-pt-pt","9":"first","10":"instock","11":"taxable","12":"shipping-taxable","13":"purchasable","14":"product-type-variable"},"yoast_head":"<!-- This site is optimized with the Yoast SEO Premium plugin v27.0 (Yoast SEO v27.4) - https:\/\/yoast.com\/product\/yoast-seo-premium-wordpress\/ -->\n<title>Pano limpeza exterior obo\u00e9 - EG-REEDS<\/title>\n<meta name=\"description\" content=\"Pano limpeza exterior obo\u00e9. Marca: K\u00f6lbl. \u00c9 v\u00e1lido para corne ingl\u00eas, flauta, flautim ou clarinete.\" \/>\n<meta name=\"robots\" content=\"index, follow, max-snippet:-1, max-image-preview:large, max-video-preview:-1\" \/>\n<link rel=\"canonical\" href=\"https:\/\/eg-reeds.com\/pt-pt\/shop\/acessorios\/acessorios-instrumentos\/pano-limpeza-exterior-oboe\/\" \/>\n<meta property=\"og:locale\" content=\"pt_PT\" \/>\n<meta property=\"og:type\" content=\"article\" \/>\n<meta property=\"og:title\" content=\"Pano limpeza exterior obo\u00e9\" \/>\n<meta property=\"og:description\" content=\"Pano limpeza exterior obo\u00e9. Marca: K\u00f6lbl. \u00c9 v\u00e1lido para corne ingl\u00eas, flauta, flautim ou clarinete.\" \/>\n<meta property=\"og:url\" content=\"https:\/\/eg-reeds.com\/pt-pt\/shop\/acessorios\/acessorios-instrumentos\/pano-limpeza-exterior-oboe\/\" \/>\n<meta property=\"og:site_name\" content=\"EG-REEDS\" \/>\n<meta property=\"article:publisher\" content=\"https:\/\/www.facebook.com\/EGREEDS\" \/>\n<meta property=\"article:modified_time\" content=\"2023-09-15T19:15:33+00:00\" \/>\n<meta property=\"og:image\" content=\"https:\/\/eg-reeds.com\/wp-content\/uploads\/2019\/10\/Oboe-cleaning-cloth.jpeg\" \/>\n\t<meta property=\"og:image:width\" content=\"1280\" \/>\n\t<meta property=\"og:image:height\" content=\"1089\" \/>\n\t<meta property=\"og:image:type\" content=\"image\/jpeg\" \/>\n<meta name=\"twitter:card\" content=\"summary_large_image\" \/>\n<meta name=\"twitter:site\" content=\"@egreeds\" \/>\n<meta name=\"twitter:label1\" content=\"Disponibilidade\" \/>\n\t<meta name=\"twitter:data1\" content=\"Em stock\" \/>\n<script type=\"application\/ld+json\" class=\"yoast-schema-graph\">{\"@context\":\"https:\\\/\\\/schema.org\",\"@graph\":[{\"@type\":[\"WebPage\",\"ItemPage\"],\"@id\":\"https:\\\/\\\/eg-reeds.com\\\/pt-pt\\\/shop\\\/acessorios\\\/acessorios-instrumentos\\\/pano-limpeza-exterior-oboe\\\/\",\"url\":\"https:\\\/\\\/eg-reeds.com\\\/pt-pt\\\/shop\\\/acessorios\\\/acessorios-instrumentos\\\/pano-limpeza-exterior-oboe\\\/\",\"name\":\"Pano limpeza exterior obo\u00e9 - EG-REEDS\",\"isPartOf\":{\"@id\":\"https:\\\/\\\/eg-reeds.com\\\/pt-pt\\\/#website\"},\"primaryImageOfPage\":{\"@id\":\"https:\\\/\\\/eg-reeds.com\\\/pt-pt\\\/shop\\\/acessorios\\\/acessorios-instrumentos\\\/pano-limpeza-exterior-oboe\\\/#primaryimage\"},\"image\":{\"@id\":\"https:\\\/\\\/eg-reeds.com\\\/pt-pt\\\/shop\\\/acessorios\\\/acessorios-instrumentos\\\/pano-limpeza-exterior-oboe\\\/#primaryimage\"},\"thumbnailUrl\":\"https:\\\/\\\/eg-reeds.com\\\/wp-content\\\/uploads\\\/2019\\\/10\\\/Oboe-cleaning-cloth.jpeg\",\"datePublished\":\"2019-10-31T17:54:46+00:00\",\"dateModified\":\"2023-09-15T19:15:33+00:00\",\"description\":\"Pano limpeza exterior obo\u00e9. Marca: K\u00f6lbl. \u00c9 v\u00e1lido para corne ingl\u00eas, flauta, flautim ou clarinete.\",\"breadcrumb\":{\"@id\":\"https:\\\/\\\/eg-reeds.com\\\/pt-pt\\\/shop\\\/acessorios\\\/acessorios-instrumentos\\\/pano-limpeza-exterior-oboe\\\/#breadcrumb\"},\"inLanguage\":\"pt-PT\",\"potentialAction\":[{\"@type\":\"ReadAction\",\"target\":[\"https:\\\/\\\/eg-reeds.com\\\/pt-pt\\\/shop\\\/acessorios\\\/acessorios-instrumentos\\\/pano-limpeza-exterior-oboe\\\/\"]}]},{\"@type\":\"ImageObject\",\"inLanguage\":\"pt-PT\",\"@id\":\"https:\\\/\\\/eg-reeds.com\\\/pt-pt\\\/shop\\\/acessorios\\\/acessorios-instrumentos\\\/pano-limpeza-exterior-oboe\\\/#primaryimage\",\"url\":\"https:\\\/\\\/eg-reeds.com\\\/wp-content\\\/uploads\\\/2019\\\/10\\\/Oboe-cleaning-cloth.jpeg\",\"contentUrl\":\"https:\\\/\\\/eg-reeds.com\\\/wp-content\\\/uploads\\\/2019\\\/10\\\/Oboe-cleaning-cloth.jpeg\",\"width\":1280,\"height\":1089,\"caption\":\"Pano limpeza exterior obo\u00e9\"},{\"@type\":\"BreadcrumbList\",\"@id\":\"https:\\\/\\\/eg-reeds.com\\\/pt-pt\\\/shop\\\/acessorios\\\/acessorios-instrumentos\\\/pano-limpeza-exterior-oboe\\\/#breadcrumb\",\"itemListElement\":[{\"@type\":\"ListItem\",\"position\":1,\"name\":\"Startseite\",\"item\":\"https:\\\/\\\/eg-reeds.com\\\/pt-pt\\\/\"},{\"@type\":\"ListItem\",\"position\":2,\"name\":\"Loja\",\"item\":\"https:\\\/\\\/eg-reeds.com\\\/pt-pt\\\/\"},{\"@type\":\"ListItem\",\"position\":3,\"name\":\"Pano limpeza exterior obo\u00e9\"}]},{\"@type\":\"WebSite\",\"@id\":\"https:\\\/\\\/eg-reeds.com\\\/pt-pt\\\/#website\",\"url\":\"https:\\\/\\\/eg-reeds.com\\\/pt-pt\\\/\",\"name\":\"www.eg-reeds.com\",\"description\":\"Palhetas obo\u00e9\",\"publisher\":{\"@id\":\"https:\\\/\\\/eg-reeds.com\\\/pt-pt\\\/#organization\"},\"alternateName\":\"eg-reeds.com\",\"potentialAction\":[{\"@type\":\"SearchAction\",\"target\":{\"@type\":\"EntryPoint\",\"urlTemplate\":\"https:\\\/\\\/eg-reeds.com\\\/pt-pt\\\/?s={search_term_string}\"},\"query-input\":{\"@type\":\"PropertyValueSpecification\",\"valueRequired\":true,\"valueName\":\"search_term_string\"}}],\"inLanguage\":\"pt-PT\"},{\"@type\":\"Organization\",\"@id\":\"https:\\\/\\\/eg-reeds.com\\\/pt-pt\\\/#organization\",\"name\":\"www.eg-reeds.com\",\"url\":\"https:\\\/\\\/eg-reeds.com\\\/pt-pt\\\/\",\"logo\":{\"@type\":\"ImageObject\",\"inLanguage\":\"pt-PT\",\"@id\":\"https:\\\/\\\/eg-reeds.com\\\/pt-pt\\\/#\\\/schema\\\/logo\\\/image\\\/\",\"url\":\"https:\\\/\\\/eg-reeds.com\\\/wp-content\\\/uploads\\\/2024\\\/06\\\/Logo-scaled-e1718793906611.jpg\",\"contentUrl\":\"https:\\\/\\\/eg-reeds.com\\\/wp-content\\\/uploads\\\/2024\\\/06\\\/Logo-scaled-e1718793906611.jpg\",\"width\":1200,\"height\":493,\"caption\":\"www.eg-reeds.com\"},\"image\":{\"@id\":\"https:\\\/\\\/eg-reeds.com\\\/pt-pt\\\/#\\\/schema\\\/logo\\\/image\\\/\"},\"sameAs\":[\"https:\\\/\\\/www.facebook.com\\\/EGREEDS\",\"https:\\\/\\\/x.com\\\/egreeds\",\"https:\\\/\\\/www.instagram.com\\\/egreeds\\\/\",\"https:\\\/\\\/www.youtube.com\\\/c\\\/EGREEDS\",\"https:\\\/\\\/www.threads.net\\\/@egreeds\",\"https:\\\/\\\/www.tiktok.com\\\/@egreeds\"]}]}<\/script>\n<meta property=\"og:availability\" content=\"instock\" \/>\n<meta property=\"product:availability\" content=\"instock\" \/>\n<meta property=\"product:retailer_item_id\" content=\"ACAILOE\" \/>\n<meta property=\"product:condition\" content=\"new\" \/>\n<!-- \/ Yoast SEO Premium plugin. -->","yoast_head_json":{"title":"Pano limpeza exterior obo\u00e9 - EG-REEDS","description":"Pano limpeza exterior obo\u00e9. Marca: K\u00f6lbl. \u00c9 v\u00e1lido para corne ingl\u00eas, flauta, flautim ou clarinete.","robots":{"index":"index","follow":"follow","max-snippet":"max-snippet:-1","max-image-preview":"max-image-preview:large","max-video-preview":"max-video-preview:-1"},"canonical":"https:\/\/eg-reeds.com\/pt-pt\/shop\/acessorios\/acessorios-instrumentos\/pano-limpeza-exterior-oboe\/","og_locale":"pt_PT","og_type":"article","og_title":"Pano limpeza exterior obo\u00e9","og_description":"Pano limpeza exterior obo\u00e9. Marca: K\u00f6lbl. \u00c9 v\u00e1lido para corne ingl\u00eas, flauta, flautim ou clarinete.","og_url":"https:\/\/eg-reeds.com\/pt-pt\/shop\/acessorios\/acessorios-instrumentos\/pano-limpeza-exterior-oboe\/","og_site_name":"EG-REEDS","article_publisher":"https:\/\/www.facebook.com\/EGREEDS","article_modified_time":"2023-09-15T19:15:33+00:00","og_image":[{"width":1280,"height":1089,"url":"https:\/\/eg-reeds.com\/wp-content\/uploads\/2019\/10\/Oboe-cleaning-cloth.jpeg","type":"image\/jpeg"}],"twitter_card":"summary_large_image","twitter_site":"@egreeds","twitter_misc":{"Disponibilidade":"Em stock"},"schema":{"@context":"https:\/\/schema.org","@graph":[{"@type":["WebPage","ItemPage"],"@id":"https:\/\/eg-reeds.com\/pt-pt\/shop\/acessorios\/acessorios-instrumentos\/pano-limpeza-exterior-oboe\/","url":"https:\/\/eg-reeds.com\/pt-pt\/shop\/acessorios\/acessorios-instrumentos\/pano-limpeza-exterior-oboe\/","name":"Pano limpeza exterior obo\u00e9 - EG-REEDS","isPartOf":{"@id":"https:\/\/eg-reeds.com\/pt-pt\/#website"},"primaryImageOfPage":{"@id":"https:\/\/eg-reeds.com\/pt-pt\/shop\/acessorios\/acessorios-instrumentos\/pano-limpeza-exterior-oboe\/#primaryimage"},"image":{"@id":"https:\/\/eg-reeds.com\/pt-pt\/shop\/acessorios\/acessorios-instrumentos\/pano-limpeza-exterior-oboe\/#primaryimage"},"thumbnailUrl":"https:\/\/eg-reeds.com\/wp-content\/uploads\/2019\/10\/Oboe-cleaning-cloth.jpeg","datePublished":"2019-10-31T17:54:46+00:00","dateModified":"2023-09-15T19:15:33+00:00","description":"Pano limpeza exterior obo\u00e9. Marca: K\u00f6lbl. \u00c9 v\u00e1lido para corne ingl\u00eas, flauta, flautim ou clarinete.","breadcrumb":{"@id":"https:\/\/eg-reeds.com\/pt-pt\/shop\/acessorios\/acessorios-instrumentos\/pano-limpeza-exterior-oboe\/#breadcrumb"},"inLanguage":"pt-PT","potentialAction":[{"@type":"ReadAction","target":["https:\/\/eg-reeds.com\/pt-pt\/shop\/acessorios\/acessorios-instrumentos\/pano-limpeza-exterior-oboe\/"]}]},{"@type":"ImageObject","inLanguage":"pt-PT","@id":"https:\/\/eg-reeds.com\/pt-pt\/shop\/acessorios\/acessorios-instrumentos\/pano-limpeza-exterior-oboe\/#primaryimage","url":"https:\/\/eg-reeds.com\/wp-content\/uploads\/2019\/10\/Oboe-cleaning-cloth.jpeg","contentUrl":"https:\/\/eg-reeds.com\/wp-content\/uploads\/2019\/10\/Oboe-cleaning-cloth.jpeg","width":1280,"height":1089,"caption":"Pano limpeza exterior obo\u00e9"},{"@type":"BreadcrumbList","@id":"https:\/\/eg-reeds.com\/pt-pt\/shop\/acessorios\/acessorios-instrumentos\/pano-limpeza-exterior-oboe\/#breadcrumb","itemListElement":[{"@type":"ListItem","position":1,"name":"Startseite","item":"https:\/\/eg-reeds.com\/pt-pt\/"},{"@type":"ListItem","position":2,"name":"Loja","item":"https:\/\/eg-reeds.com\/pt-pt\/"},{"@type":"ListItem","position":3,"name":"Pano limpeza exterior obo\u00e9"}]},{"@type":"WebSite","@id":"https:\/\/eg-reeds.com\/pt-pt\/#website","url":"https:\/\/eg-reeds.com\/pt-pt\/","name":"www.eg-reeds.com","description":"Palhetas obo\u00e9","publisher":{"@id":"https:\/\/eg-reeds.com\/pt-pt\/#organization"},"alternateName":"eg-reeds.com","potentialAction":[{"@type":"SearchAction","target":{"@type":"EntryPoint","urlTemplate":"https:\/\/eg-reeds.com\/pt-pt\/?s={search_term_string}"},"query-input":{"@type":"PropertyValueSpecification","valueRequired":true,"valueName":"search_term_string"}}],"inLanguage":"pt-PT"},{"@type":"Organization","@id":"https:\/\/eg-reeds.com\/pt-pt\/#organization","name":"www.eg-reeds.com","url":"https:\/\/eg-reeds.com\/pt-pt\/","logo":{"@type":"ImageObject","inLanguage":"pt-PT","@id":"https:\/\/eg-reeds.com\/pt-pt\/#\/schema\/logo\/image\/","url":"https:\/\/eg-reeds.com\/wp-content\/uploads\/2024\/06\/Logo-scaled-e1718793906611.jpg","contentUrl":"https:\/\/eg-reeds.com\/wp-content\/uploads\/2024\/06\/Logo-scaled-e1718793906611.jpg","width":1200,"height":493,"caption":"www.eg-reeds.com"},"image":{"@id":"https:\/\/eg-reeds.com\/pt-pt\/#\/schema\/logo\/image\/"},"sameAs":["https:\/\/www.facebook.com\/EGREEDS","https:\/\/x.com\/egreeds","https:\/\/www.instagram.com\/egreeds\/","https:\/\/www.youtube.com\/c\/EGREEDS","https:\/\/www.threads.net\/@egreeds","https:\/\/www.tiktok.com\/@egreeds"]}]},"og_availability":"instock","product_availability":"instock","product_retailer_item_id":"ACAILOE","product_condition":"new"},"_links":{"self":[{"href":"https:\/\/eg-reeds.com\/pt-pt\/wp-json\/wp\/v2\/product\/38539","targetHints":{"allow":["GET"]}}],"collection":[{"href":"https:\/\/eg-reeds.com\/pt-pt\/wp-json\/wp\/v2\/product"}],"about":[{"href":"https:\/\/eg-reeds.com\/pt-pt\/wp-json\/wp\/v2\/types\/product"}],"replies":[{"embeddable":true,"href":"https:\/\/eg-reeds.com\/pt-pt\/wp-json\/wp\/v2\/comments?post=38539"}],"wp:featuredmedia":[{"embeddable":true,"href":"https:\/\/eg-reeds.com\/pt-pt\/wp-json\/wp\/v2\/media\/38522"}],"wp:attachment":[{"href":"https:\/\/eg-reeds.com\/pt-pt\/wp-json\/wp\/v2\/media?parent=38539"}],"wp:term":[{"taxonomy":"product_brand","embeddable":true,"href":"https:\/\/eg-reeds.com\/pt-pt\/wp-json\/wp\/v2\/product_brand?post=38539"},{"taxonomy":"product_cat","embeddable":true,"href":"https:\/\/eg-reeds.com\/pt-pt\/wp-json\/wp\/v2\/product_cat?post=38539"},{"taxonomy":"product_tag","embeddable":true,"href":"https:\/\/eg-reeds.com\/pt-pt\/wp-json\/wp\/v2\/product_tag?post=38539"},{"taxonomy":"giftcard-category","embeddable":true,"href":"https:\/\/eg-reeds.com\/pt-pt\/wp-json\/wp\/v2\/giftcard-category?post=38539"}],"curies":[{"name":"wp","href":"https:\/\/api.w.org\/{rel}","templated":true}]}}