{"id":43418,"date":"2020-12-01T20:26:08","date_gmt":"2020-12-01T19:26:08","guid":{"rendered":"http:\/\/eg-reeds.com\/shop\/sem%20categoria\/cartao-presente\/"},"modified":"2021-11-24T18:04:10","modified_gmt":"2021-11-24T16:04:10","slug":"cartao-presente","status":"publish","type":"product","link":"https:\/\/eg-reeds.com\/pt-pt\/shop\/presentes\/cartao-presente\/","title":{"rendered":"Cart\u00e3o Presente"},"content":{"rendered":"<h1><strong>Cart\u00e3o Presente.<\/strong><\/h1>\n<div>Cart\u00e3o presente virtual EG-REEDS.<\/div>\n<div><\/div>\n<ul>\n<li>O presente ideal para todos no Natal, Anivers\u00e1rio, Dia dos Namorados, Casamento &#8230;<\/li>\n<li>Voc\u00ea pode enviar a quantidade de dinheiro que desejar.<\/li>\n<li>O valor fica ent\u00e3o dispon\u00edvel como um voucher em qualquer produto em www.eg-reeds.com<\/li>\n<li>Personalize-o com uma mensagem para o destinat\u00e1rio.<\/li>\n<li>A data de entrega do email \u00e9 com voc\u00ea.<\/li>\n<\/ul>\n<div>Para obter mais informa\u00e7\u00f5es, entre em contato conosco em <a href=\"mailto:info@eg-reeds.com\" target=\"_blank\" rel=\"noopener noreferrer\">info@eg-reeds.com<\/a><\/div>\n<div><\/div>\n<div><\/div>\n<div><\/div>\n<h3>Condi\u00e7\u00f5es:<\/h3>\n<div>O cart\u00e3o presente ser\u00e1 enviado por e-mail ao destinat\u00e1rio assim que seu pagamento for confirmado. Voc\u00ea tamb\u00e9m pode optar por enviar em uma data posterior. Voc\u00ea receber\u00e1 um e-mail quando ele for entregue ao destinat\u00e1rio.<\/div>\n<div><\/div>\n<div>Taxas inclu\u00eddas.<\/div>\n<div><\/div>\n<div><strong>Aten\u00e7\u00e3o:<\/strong> V\u00e1lido somente para o pa\u00eds em que voc\u00ea o adquiriu. Se for mal utilizado, cancelaremos o pedido.<\/div>\n<div><\/div>\n<div>\u00c9 um documento ao portador. O cart\u00e3o n\u00e3o ser\u00e1 substitu\u00eddo se for roubado, perdido, extraviado ou danificado.<\/div>\n","protected":false},"excerpt":{"rendered":"<p>Selecione a quantidade, a data de entrega e cobre as informa\u00e7\u00f5es do remetente e do destinat\u00e1rio e voc\u00ea pode ir para finalizar a compra. Leia as condi\u00e7\u00f5es do vale-presente abaixo.<\/p>\n","protected":false},"featured_media":42723,"comment_status":"open","ping_status":"closed","template":"","meta":[],"product_brand":[],"product_cat":[3781],"product_tag":[],"giftcard-category":[],"class_list":{"0":"post-43418","1":"product","2":"type-product","3":"status-publish","4":"has-post-thumbnail","6":"product_cat-presentes","8":"first","9":"instock","10":"virtual","11":"taxable","12":"purchasable","13":"product-type-gift-card"},"yoast_head":"<!-- This site is optimized with the Yoast SEO Premium plugin v27.0 (Yoast SEO v27.4) - https:\/\/yoast.com\/product\/yoast-seo-premium-wordpress\/ -->\n<title>Cart\u00e3o Presente - EG-REEDS<\/title>\n<meta name=\"description\" content=\"Cart\u00e3o presente virtual EG-REEDS. O presente ideal para todos no Natal, Anivers\u00e1rio, Dia dos Namorados, Casamento...\" \/>\n<meta name=\"robots\" content=\"index, follow, max-snippet:-1, max-image-preview:large, max-video-preview:-1\" \/>\n<link rel=\"canonical\" href=\"https:\/\/eg-reeds.com\/pt-pt\/shop\/presentes\/cartao-presente\/\" \/>\n<meta property=\"og:locale\" content=\"pt_PT\" \/>\n<meta property=\"og:type\" content=\"article\" \/>\n<meta property=\"og:title\" content=\"Cart\u00e3o Presente\" \/>\n<meta property=\"og:description\" content=\"Cart\u00e3o presente virtual EG-REEDS. O presente ideal para todos no Natal, Anivers\u00e1rio, Dia dos Namorados, Casamento...\" \/>\n<meta property=\"og:url\" content=\"https:\/\/eg-reeds.com\/pt-pt\/shop\/presentes\/cartao-presente\/\" \/>\n<meta property=\"og:site_name\" content=\"EG-REEDS\" \/>\n<meta property=\"article:publisher\" content=\"https:\/\/www.facebook.com\/EGREEDS\" \/>\n<meta property=\"article:modified_time\" content=\"2021-11-24T16:04:10+00:00\" \/>\n<meta property=\"og:image\" content=\"https:\/\/eg-reeds.com\/wp-content\/uploads\/2020\/12\/Gift-card-EG-REEDS.png\" \/>\n\t<meta property=\"og:image:width\" content=\"1747\" \/>\n\t<meta property=\"og:image:height\" content=\"1240\" \/>\n\t<meta property=\"og:image:type\" content=\"image\/png\" \/>\n<meta name=\"twitter:card\" content=\"summary_large_image\" \/>\n<meta name=\"twitter:site\" content=\"@egreeds\" \/>\n<meta name=\"twitter:label1\" content=\"pre\u00e7o\" \/>\n\t<meta name=\"twitter:data1\" content=\"\" \/>\n\t<meta name=\"twitter:label2\" content=\"Disponibilidade\" \/>\n\t<meta name=\"twitter:data2\" content=\"Em stock\" \/>\n<script type=\"application\/ld+json\" class=\"yoast-schema-graph\">{\"@context\":\"https:\\\/\\\/schema.org\",\"@graph\":[{\"@type\":[\"WebPage\",\"ItemPage\"],\"@id\":\"https:\\\/\\\/eg-reeds.com\\\/pt-pt\\\/shop\\\/presentes\\\/cartao-presente\\\/\",\"url\":\"https:\\\/\\\/eg-reeds.com\\\/pt-pt\\\/shop\\\/presentes\\\/cartao-presente\\\/\",\"name\":\"Cart\u00e3o Presente - EG-REEDS\",\"isPartOf\":{\"@id\":\"https:\\\/\\\/eg-reeds.com\\\/pt-pt\\\/#website\"},\"primaryImageOfPage\":{\"@id\":\"https:\\\/\\\/eg-reeds.com\\\/pt-pt\\\/shop\\\/presentes\\\/cartao-presente\\\/#primaryimage\"},\"image\":{\"@id\":\"https:\\\/\\\/eg-reeds.com\\\/pt-pt\\\/shop\\\/presentes\\\/cartao-presente\\\/#primaryimage\"},\"thumbnailUrl\":\"https:\\\/\\\/eg-reeds.com\\\/wp-content\\\/uploads\\\/2020\\\/12\\\/Gift-card-EG-REEDS.png\",\"datePublished\":\"2020-12-01T19:26:08+00:00\",\"dateModified\":\"2021-11-24T16:04:10+00:00\",\"description\":\"Cart\u00e3o presente virtual EG-REEDS. O presente ideal para todos no Natal, Anivers\u00e1rio, Dia dos Namorados, Casamento...\",\"breadcrumb\":{\"@id\":\"https:\\\/\\\/eg-reeds.com\\\/pt-pt\\\/shop\\\/presentes\\\/cartao-presente\\\/#breadcrumb\"},\"inLanguage\":\"pt-PT\",\"potentialAction\":[{\"@type\":\"ReadAction\",\"target\":[\"https:\\\/\\\/eg-reeds.com\\\/pt-pt\\\/shop\\\/presentes\\\/cartao-presente\\\/\"]}]},{\"@type\":\"ImageObject\",\"inLanguage\":\"pt-PT\",\"@id\":\"https:\\\/\\\/eg-reeds.com\\\/pt-pt\\\/shop\\\/presentes\\\/cartao-presente\\\/#primaryimage\",\"url\":\"https:\\\/\\\/eg-reeds.com\\\/wp-content\\\/uploads\\\/2020\\\/12\\\/Gift-card-EG-REEDS.png\",\"contentUrl\":\"https:\\\/\\\/eg-reeds.com\\\/wp-content\\\/uploads\\\/2020\\\/12\\\/Gift-card-EG-REEDS.png\",\"width\":1747,\"height\":1240,\"caption\":\"Cart\u00e3o Presente\"},{\"@type\":\"BreadcrumbList\",\"@id\":\"https:\\\/\\\/eg-reeds.com\\\/pt-pt\\\/shop\\\/presentes\\\/cartao-presente\\\/#breadcrumb\",\"itemListElement\":[{\"@type\":\"ListItem\",\"position\":1,\"name\":\"Startseite\",\"item\":\"https:\\\/\\\/eg-reeds.com\\\/pt-pt\\\/\"},{\"@type\":\"ListItem\",\"position\":2,\"name\":\"Loja\",\"item\":\"https:\\\/\\\/eg-reeds.com\\\/pt-pt\\\/\"},{\"@type\":\"ListItem\",\"position\":3,\"name\":\"Cart\u00e3o Presente\"}]},{\"@type\":\"WebSite\",\"@id\":\"https:\\\/\\\/eg-reeds.com\\\/pt-pt\\\/#website\",\"url\":\"https:\\\/\\\/eg-reeds.com\\\/pt-pt\\\/\",\"name\":\"www.eg-reeds.com\",\"description\":\"Palhetas obo\u00e9\",\"publisher\":{\"@id\":\"https:\\\/\\\/eg-reeds.com\\\/pt-pt\\\/#organization\"},\"alternateName\":\"eg-reeds.com\",\"potentialAction\":[{\"@type\":\"SearchAction\",\"target\":{\"@type\":\"EntryPoint\",\"urlTemplate\":\"https:\\\/\\\/eg-reeds.com\\\/pt-pt\\\/?s={search_term_string}\"},\"query-input\":{\"@type\":\"PropertyValueSpecification\",\"valueRequired\":true,\"valueName\":\"search_term_string\"}}],\"inLanguage\":\"pt-PT\"},{\"@type\":\"Organization\",\"@id\":\"https:\\\/\\\/eg-reeds.com\\\/pt-pt\\\/#organization\",\"name\":\"www.eg-reeds.com\",\"url\":\"https:\\\/\\\/eg-reeds.com\\\/pt-pt\\\/\",\"logo\":{\"@type\":\"ImageObject\",\"inLanguage\":\"pt-PT\",\"@id\":\"https:\\\/\\\/eg-reeds.com\\\/pt-pt\\\/#\\\/schema\\\/logo\\\/image\\\/\",\"url\":\"https:\\\/\\\/eg-reeds.com\\\/wp-content\\\/uploads\\\/2024\\\/06\\\/Logo-scaled-e1718793906611.jpg\",\"contentUrl\":\"https:\\\/\\\/eg-reeds.com\\\/wp-content\\\/uploads\\\/2024\\\/06\\\/Logo-scaled-e1718793906611.jpg\",\"width\":1200,\"height\":493,\"caption\":\"www.eg-reeds.com\"},\"image\":{\"@id\":\"https:\\\/\\\/eg-reeds.com\\\/pt-pt\\\/#\\\/schema\\\/logo\\\/image\\\/\"},\"sameAs\":[\"https:\\\/\\\/www.facebook.com\\\/EGREEDS\",\"https:\\\/\\\/x.com\\\/egreeds\",\"https:\\\/\\\/www.instagram.com\\\/egreeds\\\/\",\"https:\\\/\\\/www.youtube.com\\\/c\\\/EGREEDS\",\"https:\\\/\\\/www.threads.net\\\/@egreeds\",\"https:\\\/\\\/www.tiktok.com\\\/@egreeds\"]}]}<\/script>\n<meta property=\"product:price:currency\" content=\"EUR\" \/>\n<meta property=\"og:availability\" content=\"instock\" \/>\n<meta property=\"product:availability\" content=\"instock\" \/>\n<meta property=\"product:retailer_item_id\" content=\"RTR\" \/>\n<meta property=\"product:condition\" content=\"new\" \/>\n<!-- \/ Yoast SEO Premium plugin. -->","yoast_head_json":{"title":"Cart\u00e3o Presente - EG-REEDS","description":"Cart\u00e3o presente virtual EG-REEDS. O presente ideal para todos no Natal, Anivers\u00e1rio, Dia dos Namorados, Casamento...","robots":{"index":"index","follow":"follow","max-snippet":"max-snippet:-1","max-image-preview":"max-image-preview:large","max-video-preview":"max-video-preview:-1"},"canonical":"https:\/\/eg-reeds.com\/pt-pt\/shop\/presentes\/cartao-presente\/","og_locale":"pt_PT","og_type":"article","og_title":"Cart\u00e3o Presente","og_description":"Cart\u00e3o presente virtual EG-REEDS. O presente ideal para todos no Natal, Anivers\u00e1rio, Dia dos Namorados, Casamento...","og_url":"https:\/\/eg-reeds.com\/pt-pt\/shop\/presentes\/cartao-presente\/","og_site_name":"EG-REEDS","article_publisher":"https:\/\/www.facebook.com\/EGREEDS","article_modified_time":"2021-11-24T16:04:10+00:00","og_image":[{"width":1747,"height":1240,"url":"https:\/\/eg-reeds.com\/wp-content\/uploads\/2020\/12\/Gift-card-EG-REEDS.png","type":"image\/png"}],"twitter_card":"summary_large_image","twitter_site":"@egreeds","twitter_misc":{"pre\u00e7o":"","Disponibilidade":"Em stock"},"schema":{"@context":"https:\/\/schema.org","@graph":[{"@type":["WebPage","ItemPage"],"@id":"https:\/\/eg-reeds.com\/pt-pt\/shop\/presentes\/cartao-presente\/","url":"https:\/\/eg-reeds.com\/pt-pt\/shop\/presentes\/cartao-presente\/","name":"Cart\u00e3o Presente - EG-REEDS","isPartOf":{"@id":"https:\/\/eg-reeds.com\/pt-pt\/#website"},"primaryImageOfPage":{"@id":"https:\/\/eg-reeds.com\/pt-pt\/shop\/presentes\/cartao-presente\/#primaryimage"},"image":{"@id":"https:\/\/eg-reeds.com\/pt-pt\/shop\/presentes\/cartao-presente\/#primaryimage"},"thumbnailUrl":"https:\/\/eg-reeds.com\/wp-content\/uploads\/2020\/12\/Gift-card-EG-REEDS.png","datePublished":"2020-12-01T19:26:08+00:00","dateModified":"2021-11-24T16:04:10+00:00","description":"Cart\u00e3o presente virtual EG-REEDS. O presente ideal para todos no Natal, Anivers\u00e1rio, Dia dos Namorados, Casamento...","breadcrumb":{"@id":"https:\/\/eg-reeds.com\/pt-pt\/shop\/presentes\/cartao-presente\/#breadcrumb"},"inLanguage":"pt-PT","potentialAction":[{"@type":"ReadAction","target":["https:\/\/eg-reeds.com\/pt-pt\/shop\/presentes\/cartao-presente\/"]}]},{"@type":"ImageObject","inLanguage":"pt-PT","@id":"https:\/\/eg-reeds.com\/pt-pt\/shop\/presentes\/cartao-presente\/#primaryimage","url":"https:\/\/eg-reeds.com\/wp-content\/uploads\/2020\/12\/Gift-card-EG-REEDS.png","contentUrl":"https:\/\/eg-reeds.com\/wp-content\/uploads\/2020\/12\/Gift-card-EG-REEDS.png","width":1747,"height":1240,"caption":"Cart\u00e3o Presente"},{"@type":"BreadcrumbList","@id":"https:\/\/eg-reeds.com\/pt-pt\/shop\/presentes\/cartao-presente\/#breadcrumb","itemListElement":[{"@type":"ListItem","position":1,"name":"Startseite","item":"https:\/\/eg-reeds.com\/pt-pt\/"},{"@type":"ListItem","position":2,"name":"Loja","item":"https:\/\/eg-reeds.com\/pt-pt\/"},{"@type":"ListItem","position":3,"name":"Cart\u00e3o Presente"}]},{"@type":"WebSite","@id":"https:\/\/eg-reeds.com\/pt-pt\/#website","url":"https:\/\/eg-reeds.com\/pt-pt\/","name":"www.eg-reeds.com","description":"Palhetas obo\u00e9","publisher":{"@id":"https:\/\/eg-reeds.com\/pt-pt\/#organization"},"alternateName":"eg-reeds.com","potentialAction":[{"@type":"SearchAction","target":{"@type":"EntryPoint","urlTemplate":"https:\/\/eg-reeds.com\/pt-pt\/?s={search_term_string}"},"query-input":{"@type":"PropertyValueSpecification","valueRequired":true,"valueName":"search_term_string"}}],"inLanguage":"pt-PT"},{"@type":"Organization","@id":"https:\/\/eg-reeds.com\/pt-pt\/#organization","name":"www.eg-reeds.com","url":"https:\/\/eg-reeds.com\/pt-pt\/","logo":{"@type":"ImageObject","inLanguage":"pt-PT","@id":"https:\/\/eg-reeds.com\/pt-pt\/#\/schema\/logo\/image\/","url":"https:\/\/eg-reeds.com\/wp-content\/uploads\/2024\/06\/Logo-scaled-e1718793906611.jpg","contentUrl":"https:\/\/eg-reeds.com\/wp-content\/uploads\/2024\/06\/Logo-scaled-e1718793906611.jpg","width":1200,"height":493,"caption":"www.eg-reeds.com"},"image":{"@id":"https:\/\/eg-reeds.com\/pt-pt\/#\/schema\/logo\/image\/"},"sameAs":["https:\/\/www.facebook.com\/EGREEDS","https:\/\/x.com\/egreeds","https:\/\/www.instagram.com\/egreeds\/","https:\/\/www.youtube.com\/c\/EGREEDS","https:\/\/www.threads.net\/@egreeds","https:\/\/www.tiktok.com\/@egreeds"]}]},"product_price_currency":"EUR","og_availability":"instock","product_availability":"instock","product_retailer_item_id":"RTR","product_condition":"new"},"_links":{"self":[{"href":"https:\/\/eg-reeds.com\/pt-pt\/wp-json\/wp\/v2\/product\/43418","targetHints":{"allow":["GET"]}}],"collection":[{"href":"https:\/\/eg-reeds.com\/pt-pt\/wp-json\/wp\/v2\/product"}],"about":[{"href":"https:\/\/eg-reeds.com\/pt-pt\/wp-json\/wp\/v2\/types\/product"}],"replies":[{"embeddable":true,"href":"https:\/\/eg-reeds.com\/pt-pt\/wp-json\/wp\/v2\/comments?post=43418"}],"wp:featuredmedia":[{"embeddable":true,"href":"https:\/\/eg-reeds.com\/pt-pt\/wp-json\/wp\/v2\/media\/42723"}],"wp:attachment":[{"href":"https:\/\/eg-reeds.com\/pt-pt\/wp-json\/wp\/v2\/media?parent=43418"}],"wp:term":[{"taxonomy":"product_brand","embeddable":true,"href":"https:\/\/eg-reeds.com\/pt-pt\/wp-json\/wp\/v2\/product_brand?post=43418"},{"taxonomy":"product_cat","embeddable":true,"href":"https:\/\/eg-reeds.com\/pt-pt\/wp-json\/wp\/v2\/product_cat?post=43418"},{"taxonomy":"product_tag","embeddable":true,"href":"https:\/\/eg-reeds.com\/pt-pt\/wp-json\/wp\/v2\/product_tag?post=43418"},{"taxonomy":"giftcard-category","embeddable":true,"href":"https:\/\/eg-reeds.com\/pt-pt\/wp-json\/wp\/v2\/giftcard-category?post=43418"}],"curies":[{"name":"wp","href":"https:\/\/api.w.org\/{rel}","templated":true}]}}