{"id":46414,"date":"2022-06-23T17:51:53","date_gmt":"2022-06-23T15:51:53","guid":{"rendered":"http:\/\/eg-reeds.com\/?post_type=product&#038;p=46414"},"modified":"2025-02-24T11:29:30","modified_gmt":"2025-02-24T10:29:30","slug":"oboe-estudante-intermediario-eg-reeds","status":"publish","type":"product","link":"https:\/\/eg-reeds.com\/pt-pt\/shop\/oboes-pt-pt\/oboe-estudante-intermediario-eg-reeds\/","title":{"rendered":"Obo\u00e9 estudante intermedi\u00e1rio EG-REEDS."},"content":{"rendered":"<h1><strong>Obo\u00e9 estudante intermedi\u00e1rio EG-REEDS.<\/strong><\/h1>\n<p>Nosso obo\u00e9 para estudantes intermedi\u00e1rios EG-REEDS possui sistema de conservat\u00f3rio completo com todas as chaves. Um instrumento semi-profissional. Semiautom\u00e1tico. Com chaves prateadas. Os obo\u00e9s intermedi\u00e1rios s\u00e3o confeccionados em comp\u00f3sito (mistura de madeira e ABS). Isso torna um obo\u00e9 leve, mas ao mesmo tempo muito resistente. Se voc\u00ea est\u00e1 procurando um obo\u00e9 estudantil acess\u00edvel e de boa qualidade, este \u00e9 o ideal para voc\u00ea.<\/p>\n<p>Obo\u00e9 semi-profissional, completo, com o qual o aluno pode tocar por muitos anos. Tamb\u00e9m concebido para amadores que querem desfrutar de tocar obo\u00e9 com um bom instrumento a um bom pre\u00e7o. Produz um som bonito com boa entona\u00e7\u00e3o e resposta. Um obo\u00e9 de boa qualidade ao melhor pre\u00e7o.<\/p>\n<p>Inclu\u00eddo no pre\u00e7o est\u00e1 a mochila tipo estojo de transporte, 1 palheta de obo\u00e9 EG-REEDS, limpador e graxa de corti\u00e7a.<\/p>\n<p>Para qualquer informa\u00e7\u00e3o adicional, por favor contacte-nos atrav\u00e9s do email: <a href=\"mailto:info@eg-reeds.com\" target=\"_blank\" rel=\"noopener\">info@eg-reeds.com<\/a><\/p>\n<ul>\n<li class=\"bullet-checkmark\">Obo\u00e9 intermedi\u00e1rio. Modelo semi-profissional.<\/li>\n<li class=\"bullet-checkmark\">Sistema Conservat\u00f3rio Completo.<\/li>\n<li class=\"bullet-checkmark\">Semi-autom\u00e1tico.<\/li>\n<li class=\"bullet-checkmark\">Corpo: comp\u00f3sito (mistura de madeira e ABS).<\/li>\n<li class=\"bullet-checkmark\">Chaves Prateadas.<\/li>\n<li class=\"bullet-checkmark\">Inclu\u00eddo no pre\u00e7o: estojo, 1 <a href=\"https:\/\/eg-reeds.com\/pt-pt\/shop\/palhetas-e-cana-para-estudantes\/palheta-oboe-estudante-intermediario-eg-reeds\/\" target=\"_blank\" rel=\"noopener\">palheta de obo\u00e9 estudante intermedi\u00e1rio EG-REEDS<\/a>, limpador e e graxa de corti\u00e7a.<\/li>\n<\/ul>\n<p><iframe loading=\"lazy\" title=\"Oboe estudiante intermedio EG-REEDS.\" width=\"1020\" height=\"574\" src=\"https:\/\/www.youtube.com\/embed\/dVxxXZ975dE?feature=oembed\" frameborder=\"0\" allow=\"accelerometer; autoplay; clipboard-write; encrypted-media; gyroscope; picture-in-picture; web-share\" referrerpolicy=\"strict-origin-when-cross-origin\" allowfullscreen><\/iframe><\/p>\n<h2><strong>Por que escolher o obo\u00e9 intermedi\u00e1rio EG-REEDS?<\/strong><\/h2>\n<p>O nosso obo\u00e9 intermedi\u00e1rio \u00e9 a escolha ideal para estudantes avan\u00e7ados e amadores que desejam aprimorar suas habilidades musicais sem precisar investir em um instrumento profissional. Com um design robusto, materiais de alta qualidade e um pre\u00e7o competitivo, o obo\u00e9 intermedi\u00e1rio EG-REEDS \u00e9 perfeito para quem procura um \u00f3timo equil\u00edbrio entre desempenho e custo. Descubra por que m\u00fasicos de todo o mundo escolhem EG-REEDS para o seu percurso musical!<\/p>\n<p><strong>Compre agora o seu obo\u00e9 intermedi\u00e1rio e comece a tocar com um instrumento de qualidade.<\/strong><\/p>\n<p>Se voc\u00ea precisa de um obo\u00e9 para estudantes come\u00e7ando com o obo\u00e9, recomendamos nosso <a href=\"https:\/\/eg-reeds.com\/pt-pt\/shop\/oboes-pt-pt\/oboe-estudante-iniciante-eg-reeds\/\" target=\"_blank\" rel=\"noopener\">obo\u00e9 iniciante<\/a>.<\/p>\n<p>&nbsp;<\/p>\n","protected":false},"excerpt":{"rendered":"<p>Obo\u00e9 semi-profissional EG-REEDS.<\/p>\n","protected":false},"featured_media":46438,"comment_status":"open","ping_status":"closed","template":"","meta":[],"product_brand":[],"product_cat":[3810],"product_tag":[3497],"giftcard-category":[],"class_list":{"0":"post-46414","1":"product","2":"type-product","3":"status-publish","4":"has-post-thumbnail","6":"product_cat-oboes-pt-pt","7":"product_tag-oboe-pt-pt","8":"product_shipping_class-rmm-pt-pt","10":"first","11":"instock","12":"featured","13":"taxable","14":"shipping-taxable","15":"purchasable","16":"product-type-simple"},"yoast_head":"<!-- This site is optimized with the Yoast SEO Premium plugin v27.0 (Yoast SEO v27.4) - https:\/\/yoast.com\/product\/yoast-seo-premium-wordpress\/ -->\n<title>Obo\u00e9 estudante intermedi\u00e1rio EG-REEDS. - EG-REEDS<\/title>\n<meta name=\"description\" content=\"Obo\u00e9 intermedi\u00e1rio EG-REEDS com sistema de conservat\u00f3rio. Instrumento semiprofissional em comp\u00f3sito. Um obo\u00e9 estudantil de alta qualidade e acess\u00edvel.\" \/>\n<meta name=\"robots\" content=\"index, follow, max-snippet:-1, max-image-preview:large, max-video-preview:-1\" \/>\n<link rel=\"canonical\" href=\"https:\/\/eg-reeds.com\/pt-pt\/shop\/oboes-pt-pt\/oboe-estudante-intermediario-eg-reeds\/\" \/>\n<meta property=\"og:locale\" content=\"pt_PT\" \/>\n<meta property=\"og:type\" content=\"article\" \/>\n<meta property=\"og:title\" content=\"Obo\u00e9 estudante intermedi\u00e1rio EG-REEDS.\" \/>\n<meta property=\"og:description\" content=\"Obo\u00e9 intermedi\u00e1rio EG-REEDS com sistema de conservat\u00f3rio. Instrumento semiprofissional em comp\u00f3sito. Um obo\u00e9 estudantil de alta qualidade e acess\u00edvel.\" \/>\n<meta property=\"og:url\" content=\"https:\/\/eg-reeds.com\/pt-pt\/shop\/oboes-pt-pt\/oboe-estudante-intermediario-eg-reeds\/\" \/>\n<meta property=\"og:site_name\" content=\"EG-REEDS\" \/>\n<meta property=\"article:publisher\" content=\"https:\/\/www.facebook.com\/EGREEDS\" \/>\n<meta property=\"article:modified_time\" content=\"2025-02-24T10:29:30+00:00\" \/>\n<meta property=\"og:image\" content=\"https:\/\/eg-reeds.com\/wp-content\/uploads\/2022\/06\/Intermediate-oboe-EG-REEDS-e1708535406935.jpeg\" \/>\n\t<meta property=\"og:image:width\" content=\"400\" \/>\n\t<meta property=\"og:image:height\" content=\"340\" \/>\n\t<meta property=\"og:image:type\" content=\"image\/jpeg\" \/>\n<meta name=\"twitter:card\" content=\"summary_large_image\" \/>\n<meta name=\"twitter:site\" content=\"@egreeds\" \/>\n<meta name=\"twitter:label1\" content=\"pre\u00e7o\" \/>\n\t<meta name=\"twitter:data1\" content=\"2.490,00&euro;\" \/>\n\t<meta name=\"twitter:label2\" content=\"Disponibilidade\" \/>\n\t<meta name=\"twitter:data2\" content=\"Em stock\" \/>\n<script type=\"application\/ld+json\" class=\"yoast-schema-graph\">{\"@context\":\"https:\\\/\\\/schema.org\",\"@graph\":[{\"@type\":[\"WebPage\",\"ItemPage\"],\"@id\":\"https:\\\/\\\/eg-reeds.com\\\/pt-pt\\\/shop\\\/oboes-pt-pt\\\/oboe-estudante-intermediario-eg-reeds\\\/\",\"url\":\"https:\\\/\\\/eg-reeds.com\\\/pt-pt\\\/shop\\\/oboes-pt-pt\\\/oboe-estudante-intermediario-eg-reeds\\\/\",\"name\":\"Obo\u00e9 estudante intermedi\u00e1rio EG-REEDS. - EG-REEDS\",\"isPartOf\":{\"@id\":\"https:\\\/\\\/eg-reeds.com\\\/pt-pt\\\/#website\"},\"primaryImageOfPage\":{\"@id\":\"https:\\\/\\\/eg-reeds.com\\\/pt-pt\\\/shop\\\/oboes-pt-pt\\\/oboe-estudante-intermediario-eg-reeds\\\/#primaryimage\"},\"image\":{\"@id\":\"https:\\\/\\\/eg-reeds.com\\\/pt-pt\\\/shop\\\/oboes-pt-pt\\\/oboe-estudante-intermediario-eg-reeds\\\/#primaryimage\"},\"thumbnailUrl\":\"https:\\\/\\\/eg-reeds.com\\\/wp-content\\\/uploads\\\/2022\\\/06\\\/Intermediate-oboe-EG-REEDS-e1708535406935.jpeg\",\"datePublished\":\"2022-06-23T15:51:53+00:00\",\"dateModified\":\"2025-02-24T10:29:30+00:00\",\"description\":\"Obo\u00e9 intermedi\u00e1rio EG-REEDS com sistema de conservat\u00f3rio. Instrumento semiprofissional em comp\u00f3sito. Um obo\u00e9 estudantil de alta qualidade e acess\u00edvel.\",\"breadcrumb\":{\"@id\":\"https:\\\/\\\/eg-reeds.com\\\/pt-pt\\\/shop\\\/oboes-pt-pt\\\/oboe-estudante-intermediario-eg-reeds\\\/#breadcrumb\"},\"inLanguage\":\"pt-PT\",\"potentialAction\":[{\"@type\":\"ReadAction\",\"target\":[\"https:\\\/\\\/eg-reeds.com\\\/pt-pt\\\/shop\\\/oboes-pt-pt\\\/oboe-estudante-intermediario-eg-reeds\\\/\"]}]},{\"@type\":\"ImageObject\",\"inLanguage\":\"pt-PT\",\"@id\":\"https:\\\/\\\/eg-reeds.com\\\/pt-pt\\\/shop\\\/oboes-pt-pt\\\/oboe-estudante-intermediario-eg-reeds\\\/#primaryimage\",\"url\":\"https:\\\/\\\/eg-reeds.com\\\/wp-content\\\/uploads\\\/2022\\\/06\\\/Intermediate-oboe-EG-REEDS-e1708535406935.jpeg\",\"contentUrl\":\"https:\\\/\\\/eg-reeds.com\\\/wp-content\\\/uploads\\\/2022\\\/06\\\/Intermediate-oboe-EG-REEDS-e1708535406935.jpeg\",\"width\":400,\"height\":340,\"caption\":\"Obo\u00e9 estudante intermedi\u00e1rio EG-REEDS\"},{\"@type\":\"BreadcrumbList\",\"@id\":\"https:\\\/\\\/eg-reeds.com\\\/pt-pt\\\/shop\\\/oboes-pt-pt\\\/oboe-estudante-intermediario-eg-reeds\\\/#breadcrumb\",\"itemListElement\":[{\"@type\":\"ListItem\",\"position\":1,\"name\":\"Startseite\",\"item\":\"https:\\\/\\\/eg-reeds.com\\\/pt-pt\\\/\"},{\"@type\":\"ListItem\",\"position\":2,\"name\":\"Loja\",\"item\":\"https:\\\/\\\/eg-reeds.com\\\/pt-pt\\\/\"},{\"@type\":\"ListItem\",\"position\":3,\"name\":\"Obo\u00e9 estudante intermedi\u00e1rio EG-REEDS.\"}]},{\"@type\":\"WebSite\",\"@id\":\"https:\\\/\\\/eg-reeds.com\\\/pt-pt\\\/#website\",\"url\":\"https:\\\/\\\/eg-reeds.com\\\/pt-pt\\\/\",\"name\":\"www.eg-reeds.com\",\"description\":\"Palhetas obo\u00e9\",\"publisher\":{\"@id\":\"https:\\\/\\\/eg-reeds.com\\\/pt-pt\\\/#organization\"},\"alternateName\":\"eg-reeds.com\",\"potentialAction\":[{\"@type\":\"SearchAction\",\"target\":{\"@type\":\"EntryPoint\",\"urlTemplate\":\"https:\\\/\\\/eg-reeds.com\\\/pt-pt\\\/?s={search_term_string}\"},\"query-input\":{\"@type\":\"PropertyValueSpecification\",\"valueRequired\":true,\"valueName\":\"search_term_string\"}}],\"inLanguage\":\"pt-PT\"},{\"@type\":\"Organization\",\"@id\":\"https:\\\/\\\/eg-reeds.com\\\/pt-pt\\\/#organization\",\"name\":\"www.eg-reeds.com\",\"url\":\"https:\\\/\\\/eg-reeds.com\\\/pt-pt\\\/\",\"logo\":{\"@type\":\"ImageObject\",\"inLanguage\":\"pt-PT\",\"@id\":\"https:\\\/\\\/eg-reeds.com\\\/pt-pt\\\/#\\\/schema\\\/logo\\\/image\\\/\",\"url\":\"https:\\\/\\\/eg-reeds.com\\\/wp-content\\\/uploads\\\/2024\\\/06\\\/Logo-scaled-e1718793906611.jpg\",\"contentUrl\":\"https:\\\/\\\/eg-reeds.com\\\/wp-content\\\/uploads\\\/2024\\\/06\\\/Logo-scaled-e1718793906611.jpg\",\"width\":1200,\"height\":493,\"caption\":\"www.eg-reeds.com\"},\"image\":{\"@id\":\"https:\\\/\\\/eg-reeds.com\\\/pt-pt\\\/#\\\/schema\\\/logo\\\/image\\\/\"},\"sameAs\":[\"https:\\\/\\\/www.facebook.com\\\/EGREEDS\",\"https:\\\/\\\/x.com\\\/egreeds\",\"https:\\\/\\\/www.instagram.com\\\/egreeds\\\/\",\"https:\\\/\\\/www.youtube.com\\\/c\\\/EGREEDS\",\"https:\\\/\\\/www.threads.net\\\/@egreeds\",\"https:\\\/\\\/www.tiktok.com\\\/@egreeds\"]}]}<\/script>\n<meta property=\"product:price:amount\" content=\"2490.00\" \/>\n<meta property=\"product:price:currency\" content=\"EUR\" \/>\n<meta property=\"og:availability\" content=\"instock\" \/>\n<meta property=\"product:availability\" content=\"instock\" \/>\n<meta property=\"product:retailer_item_id\" content=\"OB-I\" \/>\n<meta property=\"product:condition\" content=\"new\" \/>\n<!-- \/ Yoast SEO Premium plugin. -->","yoast_head_json":{"title":"Obo\u00e9 estudante intermedi\u00e1rio EG-REEDS. - EG-REEDS","description":"Obo\u00e9 intermedi\u00e1rio EG-REEDS com sistema de conservat\u00f3rio. Instrumento semiprofissional em comp\u00f3sito. Um obo\u00e9 estudantil de alta qualidade e acess\u00edvel.","robots":{"index":"index","follow":"follow","max-snippet":"max-snippet:-1","max-image-preview":"max-image-preview:large","max-video-preview":"max-video-preview:-1"},"canonical":"https:\/\/eg-reeds.com\/pt-pt\/shop\/oboes-pt-pt\/oboe-estudante-intermediario-eg-reeds\/","og_locale":"pt_PT","og_type":"article","og_title":"Obo\u00e9 estudante intermedi\u00e1rio EG-REEDS.","og_description":"Obo\u00e9 intermedi\u00e1rio EG-REEDS com sistema de conservat\u00f3rio. Instrumento semiprofissional em comp\u00f3sito. Um obo\u00e9 estudantil de alta qualidade e acess\u00edvel.","og_url":"https:\/\/eg-reeds.com\/pt-pt\/shop\/oboes-pt-pt\/oboe-estudante-intermediario-eg-reeds\/","og_site_name":"EG-REEDS","article_publisher":"https:\/\/www.facebook.com\/EGREEDS","article_modified_time":"2025-02-24T10:29:30+00:00","og_image":[{"width":400,"height":340,"url":"https:\/\/eg-reeds.com\/wp-content\/uploads\/2022\/06\/Intermediate-oboe-EG-REEDS-e1708535406935.jpeg","type":"image\/jpeg"}],"twitter_card":"summary_large_image","twitter_site":"@egreeds","twitter_misc":{"pre\u00e7o":"2.490,00&euro;","Disponibilidade":"Em stock"},"schema":{"@context":"https:\/\/schema.org","@graph":[{"@type":["WebPage","ItemPage"],"@id":"https:\/\/eg-reeds.com\/pt-pt\/shop\/oboes-pt-pt\/oboe-estudante-intermediario-eg-reeds\/","url":"https:\/\/eg-reeds.com\/pt-pt\/shop\/oboes-pt-pt\/oboe-estudante-intermediario-eg-reeds\/","name":"Obo\u00e9 estudante intermedi\u00e1rio EG-REEDS. - EG-REEDS","isPartOf":{"@id":"https:\/\/eg-reeds.com\/pt-pt\/#website"},"primaryImageOfPage":{"@id":"https:\/\/eg-reeds.com\/pt-pt\/shop\/oboes-pt-pt\/oboe-estudante-intermediario-eg-reeds\/#primaryimage"},"image":{"@id":"https:\/\/eg-reeds.com\/pt-pt\/shop\/oboes-pt-pt\/oboe-estudante-intermediario-eg-reeds\/#primaryimage"},"thumbnailUrl":"https:\/\/eg-reeds.com\/wp-content\/uploads\/2022\/06\/Intermediate-oboe-EG-REEDS-e1708535406935.jpeg","datePublished":"2022-06-23T15:51:53+00:00","dateModified":"2025-02-24T10:29:30+00:00","description":"Obo\u00e9 intermedi\u00e1rio EG-REEDS com sistema de conservat\u00f3rio. Instrumento semiprofissional em comp\u00f3sito. Um obo\u00e9 estudantil de alta qualidade e acess\u00edvel.","breadcrumb":{"@id":"https:\/\/eg-reeds.com\/pt-pt\/shop\/oboes-pt-pt\/oboe-estudante-intermediario-eg-reeds\/#breadcrumb"},"inLanguage":"pt-PT","potentialAction":[{"@type":"ReadAction","target":["https:\/\/eg-reeds.com\/pt-pt\/shop\/oboes-pt-pt\/oboe-estudante-intermediario-eg-reeds\/"]}]},{"@type":"ImageObject","inLanguage":"pt-PT","@id":"https:\/\/eg-reeds.com\/pt-pt\/shop\/oboes-pt-pt\/oboe-estudante-intermediario-eg-reeds\/#primaryimage","url":"https:\/\/eg-reeds.com\/wp-content\/uploads\/2022\/06\/Intermediate-oboe-EG-REEDS-e1708535406935.jpeg","contentUrl":"https:\/\/eg-reeds.com\/wp-content\/uploads\/2022\/06\/Intermediate-oboe-EG-REEDS-e1708535406935.jpeg","width":400,"height":340,"caption":"Obo\u00e9 estudante intermedi\u00e1rio EG-REEDS"},{"@type":"BreadcrumbList","@id":"https:\/\/eg-reeds.com\/pt-pt\/shop\/oboes-pt-pt\/oboe-estudante-intermediario-eg-reeds\/#breadcrumb","itemListElement":[{"@type":"ListItem","position":1,"name":"Startseite","item":"https:\/\/eg-reeds.com\/pt-pt\/"},{"@type":"ListItem","position":2,"name":"Loja","item":"https:\/\/eg-reeds.com\/pt-pt\/"},{"@type":"ListItem","position":3,"name":"Obo\u00e9 estudante intermedi\u00e1rio EG-REEDS."}]},{"@type":"WebSite","@id":"https:\/\/eg-reeds.com\/pt-pt\/#website","url":"https:\/\/eg-reeds.com\/pt-pt\/","name":"www.eg-reeds.com","description":"Palhetas obo\u00e9","publisher":{"@id":"https:\/\/eg-reeds.com\/pt-pt\/#organization"},"alternateName":"eg-reeds.com","potentialAction":[{"@type":"SearchAction","target":{"@type":"EntryPoint","urlTemplate":"https:\/\/eg-reeds.com\/pt-pt\/?s={search_term_string}"},"query-input":{"@type":"PropertyValueSpecification","valueRequired":true,"valueName":"search_term_string"}}],"inLanguage":"pt-PT"},{"@type":"Organization","@id":"https:\/\/eg-reeds.com\/pt-pt\/#organization","name":"www.eg-reeds.com","url":"https:\/\/eg-reeds.com\/pt-pt\/","logo":{"@type":"ImageObject","inLanguage":"pt-PT","@id":"https:\/\/eg-reeds.com\/pt-pt\/#\/schema\/logo\/image\/","url":"https:\/\/eg-reeds.com\/wp-content\/uploads\/2024\/06\/Logo-scaled-e1718793906611.jpg","contentUrl":"https:\/\/eg-reeds.com\/wp-content\/uploads\/2024\/06\/Logo-scaled-e1718793906611.jpg","width":1200,"height":493,"caption":"www.eg-reeds.com"},"image":{"@id":"https:\/\/eg-reeds.com\/pt-pt\/#\/schema\/logo\/image\/"},"sameAs":["https:\/\/www.facebook.com\/EGREEDS","https:\/\/x.com\/egreeds","https:\/\/www.instagram.com\/egreeds\/","https:\/\/www.youtube.com\/c\/EGREEDS","https:\/\/www.threads.net\/@egreeds","https:\/\/www.tiktok.com\/@egreeds"]}]},"product_price_amount":"2490.00","product_price_currency":"EUR","og_availability":"instock","product_availability":"instock","product_retailer_item_id":"OB-I","product_condition":"new"},"_links":{"self":[{"href":"https:\/\/eg-reeds.com\/pt-pt\/wp-json\/wp\/v2\/product\/46414","targetHints":{"allow":["GET"]}}],"collection":[{"href":"https:\/\/eg-reeds.com\/pt-pt\/wp-json\/wp\/v2\/product"}],"about":[{"href":"https:\/\/eg-reeds.com\/pt-pt\/wp-json\/wp\/v2\/types\/product"}],"replies":[{"embeddable":true,"href":"https:\/\/eg-reeds.com\/pt-pt\/wp-json\/wp\/v2\/comments?post=46414"}],"wp:featuredmedia":[{"embeddable":true,"href":"https:\/\/eg-reeds.com\/pt-pt\/wp-json\/wp\/v2\/media\/46438"}],"wp:attachment":[{"href":"https:\/\/eg-reeds.com\/pt-pt\/wp-json\/wp\/v2\/media?parent=46414"}],"wp:term":[{"taxonomy":"product_brand","embeddable":true,"href":"https:\/\/eg-reeds.com\/pt-pt\/wp-json\/wp\/v2\/product_brand?post=46414"},{"taxonomy":"product_cat","embeddable":true,"href":"https:\/\/eg-reeds.com\/pt-pt\/wp-json\/wp\/v2\/product_cat?post=46414"},{"taxonomy":"product_tag","embeddable":true,"href":"https:\/\/eg-reeds.com\/pt-pt\/wp-json\/wp\/v2\/product_tag?post=46414"},{"taxonomy":"giftcard-category","embeddable":true,"href":"https:\/\/eg-reeds.com\/pt-pt\/wp-json\/wp\/v2\/giftcard-category?post=46414"}],"curies":[{"name":"wp","href":"https:\/\/api.w.org\/{rel}","templated":true}]}}