{"id":50872,"date":"2024-04-04T12:35:42","date_gmt":"2024-04-04T11:35:42","guid":{"rendered":"http:\/\/eg-reeds.com\/?post_type=product&#038;p=50872"},"modified":"2024-12-03T10:45:46","modified_gmt":"2024-12-03T09:45:46","slug":"palheta-oboe-profissional-m2","status":"publish","type":"product","link":"https:\/\/eg-reeds.com\/pt-pt\/shop\/palhetas-profissionais\/palhetas-oboe\/palheta-oboe-profissional-m2\/","title":{"rendered":"Palheta obo\u00e9 profissional M2"},"content":{"rendered":"<h1><strong>Palheta obo\u00e9 profissional M2.<\/strong><\/h1>\n<p data-sourcepos=\"3:1-3:439\">Palheta obo\u00e9 profissional M2. Desenvolvida especificamente para tocar com o obo\u00e9 Marigaux M2, mas tamb\u00e9m \u00e9 compat\u00edvel com qualquer outra marca de obo\u00e9. A combina\u00e7\u00e3o da forma M2 com a nossa cana EG-REEDS, aliada \u00e0 nossa experi\u00eancia na fabrica\u00e7\u00e3o de palhetas e ao extenso desenvolvimento da raspagem ideal para esta forma, resulta em palhetas da mais alta qualidade. Elaboradas meticulosamente por profissionais do obo\u00e9, esta palheta foi projetada para atender aos padr\u00f5es dos obo\u00edstas mais exigentes.<\/p>\n<p data-sourcepos=\"5:1-5:30\"><strong>A palheta de obo\u00e9 M2 oferece:<\/strong><\/p>\n<ul data-sourcepos=\"7:1-12:0\">\n<li data-sourcepos=\"7:1-7:65\"><strong>Resposta f\u00e1cil:<\/strong> Proporcionando uma emiss\u00e3o suave e fluida.<\/li>\n<li data-sourcepos=\"8:1-8:55\"><strong>Belo timbre:<\/strong>\u00a0Produzindo um som rico e expressivo.<\/li>\n<li data-sourcepos=\"9:1-9:66\"><strong>Estabilidade:<\/strong> Garantindo afina\u00e7\u00e3o precisa e confiabilidade.<\/li>\n<li data-sourcepos=\"10:1-10:72\"><strong>Conforto:<\/strong>\u00a0Tornando a experi\u00eancia de tocar mais agrad\u00e1vel e prazerosa.<\/li>\n<\/ul>\n<p data-sourcepos=\"13:1-13:164\"><strong>Seja em uma sala de concertos, est\u00fadio de grava\u00e7\u00e3o ou sala de aula,<\/strong> voc\u00ea pode confiar nas palhetas M2 para oferecer um desempenho excepcional em todos os momentos.<\/p>\n<p data-sourcepos=\"15:1-15:304\"><strong>Com seu som equilibrado e refinado, articula\u00e7\u00e3o precisa e afina\u00e7\u00e3o,<\/strong> a palheta M2 permite que os obo\u00edstas se expressem com confian\u00e7a e precis\u00e3o, complementando perfeitamente o som requintado do obo\u00e9 Marigaux M2. Tanto em passagens virtuosas quanto mel\u00f3dicas, esta cana de obo\u00e9 superar\u00e1 suas expectativas.<\/p>\n<p><iframe loading=\"lazy\" title=\"NUEVA CA\u00d1A DE OBOE M2 \/ NEW M2 PROFESSIONAL OBOE REED.\" width=\"1020\" height=\"574\" src=\"https:\/\/www.youtube.com\/embed\/_SNfL3yHV5s?feature=oembed\" frameborder=\"0\" allow=\"accelerometer; autoplay; clipboard-write; encrypted-media; gyroscope; picture-in-picture; web-share\" referrerpolicy=\"strict-origin-when-cross-origin\" allowfullscreen><\/iframe><\/p>\n<h1 data-sourcepos=\"17:1-17:51\"><strong>Especifica\u00e7\u00f5es da cana de obo\u00e9 profissional M2:<\/strong><\/h1>\n<ul data-sourcepos=\"19:1-27:0\">\n<li data-sourcepos=\"19:1-19:23\"><strong>Canna:<\/strong>\u00a0EG-REEDS<\/li>\n<li data-sourcepos=\"20:1-20:47\"><strong>Forma:<\/strong>\u00a0M2 (desenhada por Lorenzo Massala)<\/li>\n<li data-sourcepos=\"21:1-21:35\"><strong>Tudel:<\/strong>\u00a0Chiarugi 47 2 ou 46 2<\/li>\n<li data-sourcepos=\"22:1-22:47\"><strong>Comprimento da raspagem:<\/strong>\u00a0entre 10 e 11 mm<\/li>\n<li data-sourcepos=\"23:1-23:18\"><strong>Fio opcional<\/strong><\/li>\n<li data-sourcepos=\"24:1-27:0\"><strong>Comprimento da palheta finalizada:<\/strong>\n<ul data-sourcepos=\"25:5-27:0\">\n<li data-sourcepos=\"25:5-25:33\">Tudel Chiarugi 47 2: 72 mm<\/li>\n<li data-sourcepos=\"26:5-27:0\">Tudel Chiarugi 46 2: 71 mm<\/li>\n<\/ul>\n<\/li>\n<\/ul>\n","protected":false},"excerpt":{"rendered":"<p>Desenvolvida especificamente para tocar com o obo\u00e9 Marigaux M2<\/p>\n","protected":false},"featured_media":51057,"comment_status":"open","ping_status":"closed","template":"","meta":[],"product_brand":[],"product_cat":[431,424],"product_tag":[],"giftcard-category":[],"class_list":{"0":"post-50872","1":"product","2":"type-product","3":"status-publish","4":"has-post-thumbnail","6":"product_cat-palhetas-oboe","7":"product_cat-palhetas-profissionais","8":"pa_brass-wire-no-pt-pt","9":"pa_brass-wire-sim","10":"pa_staple-chiarugi-46-2-pt-pt-2","11":"pa_staple-chiarugi-47-2-pt-pt-2","13":"first","14":"instock","15":"featured","16":"taxable","17":"shipping-taxable","18":"purchasable","19":"product-type-variable","20":"has-default-attributes"},"yoast_head":"<!-- This site is optimized with the Yoast SEO Premium plugin v27.0 (Yoast SEO v27.4) - https:\/\/yoast.com\/product\/yoast-seo-premium-wordpress\/ -->\n<title>Palheta obo\u00e9 profissional M2 - EG-REEDS<\/title>\n<meta name=\"description\" content=\"Palheta obo\u00e9 profissional M2. Desenvolvida especificamente para tocar com o obo\u00e9 Marigaux M2. A combina\u00e7\u00e3o da forma M2 de Lorenzo Massala com canna EG-REEDS\" \/>\n<meta name=\"robots\" content=\"index, follow, max-snippet:-1, max-image-preview:large, max-video-preview:-1\" \/>\n<link rel=\"canonical\" href=\"https:\/\/eg-reeds.com\/pt-pt\/shop\/palhetas-profissionais\/palhetas-oboe\/palheta-oboe-profissional-m2\/\" \/>\n<meta property=\"og:locale\" content=\"pt_PT\" \/>\n<meta property=\"og:type\" content=\"article\" \/>\n<meta property=\"og:title\" content=\"Palheta obo\u00e9 profissional M2\" \/>\n<meta property=\"og:description\" content=\"Palheta obo\u00e9 profissional M2. Desenvolvida especificamente para tocar com o obo\u00e9 Marigaux M2. A combina\u00e7\u00e3o da forma M2 de Lorenzo Massala com canna EG-REEDS\" \/>\n<meta property=\"og:url\" content=\"https:\/\/eg-reeds.com\/pt-pt\/shop\/palhetas-profissionais\/palhetas-oboe\/palheta-oboe-profissional-m2\/\" \/>\n<meta property=\"og:site_name\" content=\"EG-REEDS\" \/>\n<meta property=\"article:publisher\" content=\"https:\/\/www.facebook.com\/EGREEDS\" \/>\n<meta property=\"article:modified_time\" content=\"2024-12-03T09:45:46+00:00\" \/>\n<meta property=\"og:image\" content=\"https:\/\/eg-reeds.com\/wp-content\/uploads\/2024\/04\/Marigaux-M2-Professional-oboe-reed.jpeg\" \/>\n\t<meta property=\"og:image:width\" content=\"1280\" \/>\n\t<meta property=\"og:image:height\" content=\"1088\" \/>\n\t<meta property=\"og:image:type\" content=\"image\/jpeg\" \/>\n<meta name=\"twitter:card\" content=\"summary_large_image\" \/>\n<meta name=\"twitter:site\" content=\"@egreeds\" \/>\n<meta name=\"twitter:label1\" content=\"Disponibilidade\" \/>\n\t<meta name=\"twitter:data1\" content=\"Em stock\" \/>\n<script type=\"application\/ld+json\" class=\"yoast-schema-graph\">{\"@context\":\"https:\\\/\\\/schema.org\",\"@graph\":[{\"@type\":[\"WebPage\",\"ItemPage\"],\"@id\":\"https:\\\/\\\/eg-reeds.com\\\/pt-pt\\\/shop\\\/palhetas-profissionais\\\/palhetas-oboe\\\/palheta-oboe-profissional-m2\\\/\",\"url\":\"https:\\\/\\\/eg-reeds.com\\\/pt-pt\\\/shop\\\/palhetas-profissionais\\\/palhetas-oboe\\\/palheta-oboe-profissional-m2\\\/\",\"name\":\"Palheta obo\u00e9 profissional M2 - EG-REEDS\",\"isPartOf\":{\"@id\":\"https:\\\/\\\/eg-reeds.com\\\/pt-pt\\\/#website\"},\"primaryImageOfPage\":{\"@id\":\"https:\\\/\\\/eg-reeds.com\\\/pt-pt\\\/shop\\\/palhetas-profissionais\\\/palhetas-oboe\\\/palheta-oboe-profissional-m2\\\/#primaryimage\"},\"image\":{\"@id\":\"https:\\\/\\\/eg-reeds.com\\\/pt-pt\\\/shop\\\/palhetas-profissionais\\\/palhetas-oboe\\\/palheta-oboe-profissional-m2\\\/#primaryimage\"},\"thumbnailUrl\":\"https:\\\/\\\/eg-reeds.com\\\/wp-content\\\/uploads\\\/2024\\\/04\\\/Marigaux-M2-Professional-oboe-reed.jpeg\",\"datePublished\":\"2024-04-04T11:35:42+00:00\",\"dateModified\":\"2024-12-03T09:45:46+00:00\",\"description\":\"Palheta obo\u00e9 profissional M2. Desenvolvida especificamente para tocar com o obo\u00e9 Marigaux M2. A combina\u00e7\u00e3o da forma M2 de Lorenzo Massala com canna EG-REEDS\",\"breadcrumb\":{\"@id\":\"https:\\\/\\\/eg-reeds.com\\\/pt-pt\\\/shop\\\/palhetas-profissionais\\\/palhetas-oboe\\\/palheta-oboe-profissional-m2\\\/#breadcrumb\"},\"inLanguage\":\"pt-PT\",\"potentialAction\":[{\"@type\":\"ReadAction\",\"target\":[\"https:\\\/\\\/eg-reeds.com\\\/pt-pt\\\/shop\\\/palhetas-profissionais\\\/palhetas-oboe\\\/palheta-oboe-profissional-m2\\\/\"]}]},{\"@type\":\"ImageObject\",\"inLanguage\":\"pt-PT\",\"@id\":\"https:\\\/\\\/eg-reeds.com\\\/pt-pt\\\/shop\\\/palhetas-profissionais\\\/palhetas-oboe\\\/palheta-oboe-profissional-m2\\\/#primaryimage\",\"url\":\"https:\\\/\\\/eg-reeds.com\\\/wp-content\\\/uploads\\\/2024\\\/04\\\/Marigaux-M2-Professional-oboe-reed.jpeg\",\"contentUrl\":\"https:\\\/\\\/eg-reeds.com\\\/wp-content\\\/uploads\\\/2024\\\/04\\\/Marigaux-M2-Professional-oboe-reed.jpeg\",\"width\":1280,\"height\":1088,\"caption\":\"Palheta obo\u00e9 profissional M2\"},{\"@type\":\"BreadcrumbList\",\"@id\":\"https:\\\/\\\/eg-reeds.com\\\/pt-pt\\\/shop\\\/palhetas-profissionais\\\/palhetas-oboe\\\/palheta-oboe-profissional-m2\\\/#breadcrumb\",\"itemListElement\":[{\"@type\":\"ListItem\",\"position\":1,\"name\":\"Startseite\",\"item\":\"https:\\\/\\\/eg-reeds.com\\\/pt-pt\\\/\"},{\"@type\":\"ListItem\",\"position\":2,\"name\":\"Loja\",\"item\":\"https:\\\/\\\/eg-reeds.com\\\/pt-pt\\\/\"},{\"@type\":\"ListItem\",\"position\":3,\"name\":\"Palheta obo\u00e9 profissional M2\"}]},{\"@type\":\"WebSite\",\"@id\":\"https:\\\/\\\/eg-reeds.com\\\/pt-pt\\\/#website\",\"url\":\"https:\\\/\\\/eg-reeds.com\\\/pt-pt\\\/\",\"name\":\"www.eg-reeds.com\",\"description\":\"Palhetas obo\u00e9\",\"publisher\":{\"@id\":\"https:\\\/\\\/eg-reeds.com\\\/pt-pt\\\/#organization\"},\"alternateName\":\"eg-reeds.com\",\"potentialAction\":[{\"@type\":\"SearchAction\",\"target\":{\"@type\":\"EntryPoint\",\"urlTemplate\":\"https:\\\/\\\/eg-reeds.com\\\/pt-pt\\\/?s={search_term_string}\"},\"query-input\":{\"@type\":\"PropertyValueSpecification\",\"valueRequired\":true,\"valueName\":\"search_term_string\"}}],\"inLanguage\":\"pt-PT\"},{\"@type\":\"Organization\",\"@id\":\"https:\\\/\\\/eg-reeds.com\\\/pt-pt\\\/#organization\",\"name\":\"www.eg-reeds.com\",\"url\":\"https:\\\/\\\/eg-reeds.com\\\/pt-pt\\\/\",\"logo\":{\"@type\":\"ImageObject\",\"inLanguage\":\"pt-PT\",\"@id\":\"https:\\\/\\\/eg-reeds.com\\\/pt-pt\\\/#\\\/schema\\\/logo\\\/image\\\/\",\"url\":\"https:\\\/\\\/eg-reeds.com\\\/wp-content\\\/uploads\\\/2024\\\/06\\\/Logo-scaled-e1718793906611.jpg\",\"contentUrl\":\"https:\\\/\\\/eg-reeds.com\\\/wp-content\\\/uploads\\\/2024\\\/06\\\/Logo-scaled-e1718793906611.jpg\",\"width\":1200,\"height\":493,\"caption\":\"www.eg-reeds.com\"},\"image\":{\"@id\":\"https:\\\/\\\/eg-reeds.com\\\/pt-pt\\\/#\\\/schema\\\/logo\\\/image\\\/\"},\"sameAs\":[\"https:\\\/\\\/www.facebook.com\\\/EGREEDS\",\"https:\\\/\\\/x.com\\\/egreeds\",\"https:\\\/\\\/www.instagram.com\\\/egreeds\\\/\",\"https:\\\/\\\/www.youtube.com\\\/c\\\/EGREEDS\",\"https:\\\/\\\/www.threads.net\\\/@egreeds\",\"https:\\\/\\\/www.tiktok.com\\\/@egreeds\"]}]}<\/script>\n<meta property=\"og:availability\" content=\"instock\" \/>\n<meta property=\"product:availability\" content=\"instock\" \/>\n<meta property=\"product:retailer_item_id\" content=\"CPOB-M2\" \/>\n<meta property=\"product:condition\" content=\"new\" \/>\n<!-- \/ Yoast SEO Premium plugin. -->","yoast_head_json":{"title":"Palheta obo\u00e9 profissional M2 - EG-REEDS","description":"Palheta obo\u00e9 profissional M2. Desenvolvida especificamente para tocar com o obo\u00e9 Marigaux M2. A combina\u00e7\u00e3o da forma M2 de Lorenzo Massala com canna EG-REEDS","robots":{"index":"index","follow":"follow","max-snippet":"max-snippet:-1","max-image-preview":"max-image-preview:large","max-video-preview":"max-video-preview:-1"},"canonical":"https:\/\/eg-reeds.com\/pt-pt\/shop\/palhetas-profissionais\/palhetas-oboe\/palheta-oboe-profissional-m2\/","og_locale":"pt_PT","og_type":"article","og_title":"Palheta obo\u00e9 profissional M2","og_description":"Palheta obo\u00e9 profissional M2. Desenvolvida especificamente para tocar com o obo\u00e9 Marigaux M2. A combina\u00e7\u00e3o da forma M2 de Lorenzo Massala com canna EG-REEDS","og_url":"https:\/\/eg-reeds.com\/pt-pt\/shop\/palhetas-profissionais\/palhetas-oboe\/palheta-oboe-profissional-m2\/","og_site_name":"EG-REEDS","article_publisher":"https:\/\/www.facebook.com\/EGREEDS","article_modified_time":"2024-12-03T09:45:46+00:00","og_image":[{"width":1280,"height":1088,"url":"https:\/\/eg-reeds.com\/wp-content\/uploads\/2024\/04\/Marigaux-M2-Professional-oboe-reed.jpeg","type":"image\/jpeg"}],"twitter_card":"summary_large_image","twitter_site":"@egreeds","twitter_misc":{"Disponibilidade":"Em stock"},"schema":{"@context":"https:\/\/schema.org","@graph":[{"@type":["WebPage","ItemPage"],"@id":"https:\/\/eg-reeds.com\/pt-pt\/shop\/palhetas-profissionais\/palhetas-oboe\/palheta-oboe-profissional-m2\/","url":"https:\/\/eg-reeds.com\/pt-pt\/shop\/palhetas-profissionais\/palhetas-oboe\/palheta-oboe-profissional-m2\/","name":"Palheta obo\u00e9 profissional M2 - EG-REEDS","isPartOf":{"@id":"https:\/\/eg-reeds.com\/pt-pt\/#website"},"primaryImageOfPage":{"@id":"https:\/\/eg-reeds.com\/pt-pt\/shop\/palhetas-profissionais\/palhetas-oboe\/palheta-oboe-profissional-m2\/#primaryimage"},"image":{"@id":"https:\/\/eg-reeds.com\/pt-pt\/shop\/palhetas-profissionais\/palhetas-oboe\/palheta-oboe-profissional-m2\/#primaryimage"},"thumbnailUrl":"https:\/\/eg-reeds.com\/wp-content\/uploads\/2024\/04\/Marigaux-M2-Professional-oboe-reed.jpeg","datePublished":"2024-04-04T11:35:42+00:00","dateModified":"2024-12-03T09:45:46+00:00","description":"Palheta obo\u00e9 profissional M2. Desenvolvida especificamente para tocar com o obo\u00e9 Marigaux M2. A combina\u00e7\u00e3o da forma M2 de Lorenzo Massala com canna EG-REEDS","breadcrumb":{"@id":"https:\/\/eg-reeds.com\/pt-pt\/shop\/palhetas-profissionais\/palhetas-oboe\/palheta-oboe-profissional-m2\/#breadcrumb"},"inLanguage":"pt-PT","potentialAction":[{"@type":"ReadAction","target":["https:\/\/eg-reeds.com\/pt-pt\/shop\/palhetas-profissionais\/palhetas-oboe\/palheta-oboe-profissional-m2\/"]}]},{"@type":"ImageObject","inLanguage":"pt-PT","@id":"https:\/\/eg-reeds.com\/pt-pt\/shop\/palhetas-profissionais\/palhetas-oboe\/palheta-oboe-profissional-m2\/#primaryimage","url":"https:\/\/eg-reeds.com\/wp-content\/uploads\/2024\/04\/Marigaux-M2-Professional-oboe-reed.jpeg","contentUrl":"https:\/\/eg-reeds.com\/wp-content\/uploads\/2024\/04\/Marigaux-M2-Professional-oboe-reed.jpeg","width":1280,"height":1088,"caption":"Palheta obo\u00e9 profissional M2"},{"@type":"BreadcrumbList","@id":"https:\/\/eg-reeds.com\/pt-pt\/shop\/palhetas-profissionais\/palhetas-oboe\/palheta-oboe-profissional-m2\/#breadcrumb","itemListElement":[{"@type":"ListItem","position":1,"name":"Startseite","item":"https:\/\/eg-reeds.com\/pt-pt\/"},{"@type":"ListItem","position":2,"name":"Loja","item":"https:\/\/eg-reeds.com\/pt-pt\/"},{"@type":"ListItem","position":3,"name":"Palheta obo\u00e9 profissional M2"}]},{"@type":"WebSite","@id":"https:\/\/eg-reeds.com\/pt-pt\/#website","url":"https:\/\/eg-reeds.com\/pt-pt\/","name":"www.eg-reeds.com","description":"Palhetas obo\u00e9","publisher":{"@id":"https:\/\/eg-reeds.com\/pt-pt\/#organization"},"alternateName":"eg-reeds.com","potentialAction":[{"@type":"SearchAction","target":{"@type":"EntryPoint","urlTemplate":"https:\/\/eg-reeds.com\/pt-pt\/?s={search_term_string}"},"query-input":{"@type":"PropertyValueSpecification","valueRequired":true,"valueName":"search_term_string"}}],"inLanguage":"pt-PT"},{"@type":"Organization","@id":"https:\/\/eg-reeds.com\/pt-pt\/#organization","name":"www.eg-reeds.com","url":"https:\/\/eg-reeds.com\/pt-pt\/","logo":{"@type":"ImageObject","inLanguage":"pt-PT","@id":"https:\/\/eg-reeds.com\/pt-pt\/#\/schema\/logo\/image\/","url":"https:\/\/eg-reeds.com\/wp-content\/uploads\/2024\/06\/Logo-scaled-e1718793906611.jpg","contentUrl":"https:\/\/eg-reeds.com\/wp-content\/uploads\/2024\/06\/Logo-scaled-e1718793906611.jpg","width":1200,"height":493,"caption":"www.eg-reeds.com"},"image":{"@id":"https:\/\/eg-reeds.com\/pt-pt\/#\/schema\/logo\/image\/"},"sameAs":["https:\/\/www.facebook.com\/EGREEDS","https:\/\/x.com\/egreeds","https:\/\/www.instagram.com\/egreeds\/","https:\/\/www.youtube.com\/c\/EGREEDS","https:\/\/www.threads.net\/@egreeds","https:\/\/www.tiktok.com\/@egreeds"]}]},"og_availability":"instock","product_availability":"instock","product_retailer_item_id":"CPOB-M2","product_condition":"new"},"_links":{"self":[{"href":"https:\/\/eg-reeds.com\/pt-pt\/wp-json\/wp\/v2\/product\/50872","targetHints":{"allow":["GET"]}}],"collection":[{"href":"https:\/\/eg-reeds.com\/pt-pt\/wp-json\/wp\/v2\/product"}],"about":[{"href":"https:\/\/eg-reeds.com\/pt-pt\/wp-json\/wp\/v2\/types\/product"}],"replies":[{"embeddable":true,"href":"https:\/\/eg-reeds.com\/pt-pt\/wp-json\/wp\/v2\/comments?post=50872"}],"wp:featuredmedia":[{"embeddable":true,"href":"https:\/\/eg-reeds.com\/pt-pt\/wp-json\/wp\/v2\/media\/51057"}],"wp:attachment":[{"href":"https:\/\/eg-reeds.com\/pt-pt\/wp-json\/wp\/v2\/media?parent=50872"}],"wp:term":[{"taxonomy":"product_brand","embeddable":true,"href":"https:\/\/eg-reeds.com\/pt-pt\/wp-json\/wp\/v2\/product_brand?post=50872"},{"taxonomy":"product_cat","embeddable":true,"href":"https:\/\/eg-reeds.com\/pt-pt\/wp-json\/wp\/v2\/product_cat?post=50872"},{"taxonomy":"product_tag","embeddable":true,"href":"https:\/\/eg-reeds.com\/pt-pt\/wp-json\/wp\/v2\/product_tag?post=50872"},{"taxonomy":"giftcard-category","embeddable":true,"href":"https:\/\/eg-reeds.com\/pt-pt\/wp-json\/wp\/v2\/giftcard-category?post=50872"}],"curies":[{"name":"wp","href":"https:\/\/api.w.org\/{rel}","templated":true}]}}