{"id":50901,"date":"2024-04-04T16:43:28","date_gmt":"2024-04-04T15:43:28","guid":{"rendered":"http:\/\/eg-reeds.com\/?post_type=product&#038;p=50901"},"modified":"2024-12-03T10:39:15","modified_gmt":"2024-12-03T09:39:15","slug":"palheta-oboe-profissional-901","status":"publish","type":"product","link":"https:\/\/eg-reeds.com\/pt-pt\/shop\/palhetas-profissionais\/palhetas-oboe\/palheta-oboe-profissional-901\/","title":{"rendered":"Palheta obo\u00e9 profissional 901"},"content":{"rendered":"<h1><strong>Palheta obo\u00e9 profissional 901.<\/strong><\/h1>\n<p data-sourcepos=\"1:1-1:370\">A palheta profissional para obo\u00e9 901 foi projetada especificamente para obo\u00e9s Marigaux 901, liberando todo o seu potencial, mas tamb\u00e9m \u00e9 compat\u00edvel com qualquer outra marca de obo\u00e9. Nosso meticuloso processo de fabrica\u00e7\u00e3o combina a excelente forma 901 projetada por Lorenzo Massala com a nossa cana da mais alta qualidade EG-REEDS. Isso, junto com nossa ampla experi\u00eancia em fabrica\u00e7\u00e3o de palhetas, resulta em palhetas de obo\u00e9 com qualidade excepcional.<\/p>\n<p data-sourcepos=\"3:1-3:24\"><strong>Experimente a diferen\u00e7a:<\/strong><\/p>\n<ul>\n<li data-sourcepos=\"5:1-7:168\"><strong>Resposta e controle sem esfor\u00e7o:<\/strong> Desfrute de uma experi\u00eancia de sopro confort\u00e1vel com uma palheta que responde instantaneamente a cada respira\u00e7\u00e3o.<\/li>\n<li data-sourcepos=\"5:1-7:168\"><strong> Tonalidade rica e equilibrada:<\/strong> A palheta 901 produz um som bonito e refinado que complementa perfeitamente a voz primorosa do obo\u00e9 Marigaux. E tamb\u00e9m boa entona\u00e7\u00e3o e uma sensa\u00e7\u00e3o de sopro satisfat\u00f3ria.<\/li>\n<li data-sourcepos=\"5:1-7:168\"><strong>Articula\u00e7\u00e3o e afina\u00e7\u00e3o precisas:<\/strong> Toque com confian\u00e7a sabendo que a palheta 901 oferece afina\u00e7\u00e3o consistente e permite articula\u00e7\u00e3o clara e n\u00edtida em todos os registros.<\/li>\n<\/ul>\n<p data-sourcepos=\"9:1-9:23\"><strong>Libere o seu potencial:<\/strong><\/p>\n<p data-sourcepos=\"11:1-11:313\">Seja voc\u00ea um profissional experiente ou um obo\u00edsta em desenvolvimento, a palheta profissional 901 permite que voc\u00ea tenha o seu melhor desempenho. Enfrente repert\u00f3rios desafiadores com facilidade, expresse nuances delicadas com precis\u00e3o e experimente a alegria de tocar com uma palheta verdadeiramente excepcional.<\/p>\n<p data-sourcepos=\"13:1-13:11\"><strong>Ideal para:<\/strong><\/p>\n<ul>\n<li data-sourcepos=\"15:1-18:49\">Apresenta\u00e7\u00f5es em salas de concerto<\/li>\n<li data-sourcepos=\"15:1-18:49\">Sess\u00f5es de grava\u00e7\u00e3o em est\u00fadio<\/li>\n<li data-sourcepos=\"15:1-18:49\">Pr\u00e1tica e ensaios<\/li>\n<\/ul>\n<p data-sourcepos=\"15:1-18:49\">EG-REEDS: A escolha dos obo\u00edstas mais exigentes.<\/p>\n<p><iframe loading=\"lazy\" title=\"NUEVA CA\u00d1A DE OBOE 901 \/ NEW 901 PROFESSIONAL OBOE REED!\" width=\"1020\" height=\"574\" src=\"https:\/\/www.youtube.com\/embed\/pCm_mq8fd0E?feature=oembed\" frameborder=\"0\" allow=\"accelerometer; autoplay; clipboard-write; encrypted-media; gyroscope; picture-in-picture; web-share\" referrerpolicy=\"strict-origin-when-cross-origin\" allowfullscreen><\/iframe><\/p>\n<h1 data-sourcepos=\"17:1-17:51\"><strong>Especifica\u00e7\u00f5es da cana de obo\u00e9 profissional 901:<\/strong><\/h1>\n<ul data-sourcepos=\"19:1-27:0\">\n<li data-sourcepos=\"19:1-19:23\"><strong>Canna:<\/strong>\u00a0EG-REEDS<\/li>\n<li data-sourcepos=\"20:1-20:47\"><strong>Forma:<\/strong> 901 (desenhada por Lorenzo Massala)<\/li>\n<li data-sourcepos=\"21:1-21:35\"><strong>Tudel:<\/strong>\u00a0Chiarugi 47 2 ou 46 2<\/li>\n<li data-sourcepos=\"22:1-22:47\"><strong>Comprimento da raspagem:<\/strong>\u00a0entre 10 e 11 mm<\/li>\n<li data-sourcepos=\"23:1-23:18\"><strong>Fio opcional<\/strong><\/li>\n<li data-sourcepos=\"24:1-27:0\"><strong>Comprimento da palheta finalizada:<\/strong>\n<ul data-sourcepos=\"25:5-27:0\">\n<li data-sourcepos=\"25:5-25:33\">Tudel Chiarugi 47 2: 72 mm<\/li>\n<li data-sourcepos=\"26:5-27:0\">Tudel Chiarugi 46 2: 71 mm<\/li>\n<\/ul>\n<\/li>\n<\/ul>\n<p>&nbsp;<\/p>\n","protected":false},"excerpt":{"rendered":"<p>Desenvolvida especificamente para tocar com o obo\u00e9 Marigaux 901<\/p>\n","protected":false},"featured_media":51093,"comment_status":"open","ping_status":"closed","template":"","meta":[],"product_brand":[],"product_cat":[431,424],"product_tag":[],"giftcard-category":[],"class_list":{"0":"post-50901","1":"product","2":"type-product","3":"status-publish","4":"has-post-thumbnail","6":"product_cat-palhetas-oboe","7":"product_cat-palhetas-profissionais","8":"pa_brass-wire-no-pt-pt","9":"pa_brass-wire-sim","10":"pa_staple-chiarugi-46-2-pt-pt-2","11":"pa_staple-chiarugi-47-2-pt-pt-2","13":"first","14":"instock","15":"featured","16":"taxable","17":"shipping-taxable","18":"purchasable","19":"product-type-variable","20":"has-default-attributes"},"yoast_head":"<!-- This site is optimized with the Yoast SEO Premium plugin v27.0 (Yoast SEO v27.3) - https:\/\/yoast.com\/product\/yoast-seo-premium-wordpress\/ -->\n<title>Palheta obo\u00e9 profissional 901 - EG-REEDS<\/title>\n<meta name=\"description\" content=\"A palheta profissional para obo\u00e9 901 foi projetada especificamente para obo\u00e9s Marigaux 901. Forma 901 de Lorenzo Massala com a excelente cana EG-REEDS.\" \/>\n<meta name=\"robots\" content=\"index, follow, max-snippet:-1, max-image-preview:large, max-video-preview:-1\" \/>\n<link rel=\"canonical\" href=\"https:\/\/eg-reeds.com\/pt-pt\/shop\/palhetas-profissionais\/palhetas-oboe\/palheta-oboe-profissional-901\/\" \/>\n<meta property=\"og:locale\" content=\"pt_PT\" \/>\n<meta property=\"og:type\" content=\"article\" \/>\n<meta property=\"og:title\" content=\"Palheta obo\u00e9 profissional 901\" \/>\n<meta property=\"og:description\" content=\"A palheta profissional para obo\u00e9 901 foi projetada especificamente para obo\u00e9s Marigaux 901. Forma 901 de Lorenzo Massala com a excelente cana EG-REEDS.\" \/>\n<meta property=\"og:url\" content=\"https:\/\/eg-reeds.com\/pt-pt\/shop\/palhetas-profissionais\/palhetas-oboe\/palheta-oboe-profissional-901\/\" \/>\n<meta property=\"og:site_name\" content=\"EG-REEDS\" \/>\n<meta property=\"article:publisher\" content=\"https:\/\/www.facebook.com\/EGREEDS\" \/>\n<meta property=\"article:modified_time\" content=\"2024-12-03T09:39:15+00:00\" \/>\n<meta property=\"og:image\" content=\"https:\/\/eg-reeds.com\/wp-content\/uploads\/2024\/04\/901-Professional-oboe-reed.jpeg\" \/>\n\t<meta property=\"og:image:width\" content=\"1280\" \/>\n\t<meta property=\"og:image:height\" content=\"1088\" \/>\n\t<meta property=\"og:image:type\" content=\"image\/jpeg\" \/>\n<meta name=\"twitter:card\" content=\"summary_large_image\" \/>\n<meta name=\"twitter:site\" content=\"@egreeds\" \/>\n<meta name=\"twitter:label1\" content=\"Disponibilidade\" \/>\n\t<meta name=\"twitter:data1\" content=\"Em stock\" \/>\n<script type=\"application\/ld+json\" class=\"yoast-schema-graph\">{\"@context\":\"https:\\\/\\\/schema.org\",\"@graph\":[{\"@type\":[\"WebPage\",\"ItemPage\"],\"@id\":\"https:\\\/\\\/eg-reeds.com\\\/pt-pt\\\/shop\\\/palhetas-profissionais\\\/palhetas-oboe\\\/palheta-oboe-profissional-901\\\/\",\"url\":\"https:\\\/\\\/eg-reeds.com\\\/pt-pt\\\/shop\\\/palhetas-profissionais\\\/palhetas-oboe\\\/palheta-oboe-profissional-901\\\/\",\"name\":\"Palheta obo\u00e9 profissional 901 - EG-REEDS\",\"isPartOf\":{\"@id\":\"https:\\\/\\\/eg-reeds.com\\\/pt-pt\\\/#website\"},\"primaryImageOfPage\":{\"@id\":\"https:\\\/\\\/eg-reeds.com\\\/pt-pt\\\/shop\\\/palhetas-profissionais\\\/palhetas-oboe\\\/palheta-oboe-profissional-901\\\/#primaryimage\"},\"image\":{\"@id\":\"https:\\\/\\\/eg-reeds.com\\\/pt-pt\\\/shop\\\/palhetas-profissionais\\\/palhetas-oboe\\\/palheta-oboe-profissional-901\\\/#primaryimage\"},\"thumbnailUrl\":\"https:\\\/\\\/eg-reeds.com\\\/wp-content\\\/uploads\\\/2024\\\/04\\\/901-Professional-oboe-reed.jpeg\",\"datePublished\":\"2024-04-04T15:43:28+00:00\",\"dateModified\":\"2024-12-03T09:39:15+00:00\",\"description\":\"A palheta profissional para obo\u00e9 901 foi projetada especificamente para obo\u00e9s Marigaux 901. Forma 901 de Lorenzo Massala com a excelente cana EG-REEDS.\",\"breadcrumb\":{\"@id\":\"https:\\\/\\\/eg-reeds.com\\\/pt-pt\\\/shop\\\/palhetas-profissionais\\\/palhetas-oboe\\\/palheta-oboe-profissional-901\\\/#breadcrumb\"},\"inLanguage\":\"pt-PT\",\"potentialAction\":[{\"@type\":\"ReadAction\",\"target\":[\"https:\\\/\\\/eg-reeds.com\\\/pt-pt\\\/shop\\\/palhetas-profissionais\\\/palhetas-oboe\\\/palheta-oboe-profissional-901\\\/\"]}]},{\"@type\":\"ImageObject\",\"inLanguage\":\"pt-PT\",\"@id\":\"https:\\\/\\\/eg-reeds.com\\\/pt-pt\\\/shop\\\/palhetas-profissionais\\\/palhetas-oboe\\\/palheta-oboe-profissional-901\\\/#primaryimage\",\"url\":\"https:\\\/\\\/eg-reeds.com\\\/wp-content\\\/uploads\\\/2024\\\/04\\\/901-Professional-oboe-reed.jpeg\",\"contentUrl\":\"https:\\\/\\\/eg-reeds.com\\\/wp-content\\\/uploads\\\/2024\\\/04\\\/901-Professional-oboe-reed.jpeg\",\"width\":1280,\"height\":1088,\"caption\":\"Palheta obo\u00e9 profissional 901\"},{\"@type\":\"BreadcrumbList\",\"@id\":\"https:\\\/\\\/eg-reeds.com\\\/pt-pt\\\/shop\\\/palhetas-profissionais\\\/palhetas-oboe\\\/palheta-oboe-profissional-901\\\/#breadcrumb\",\"itemListElement\":[{\"@type\":\"ListItem\",\"position\":1,\"name\":\"Startseite\",\"item\":\"https:\\\/\\\/eg-reeds.com\\\/pt-pt\\\/\"},{\"@type\":\"ListItem\",\"position\":2,\"name\":\"Loja\",\"item\":\"https:\\\/\\\/eg-reeds.com\\\/pt-pt\\\/\"},{\"@type\":\"ListItem\",\"position\":3,\"name\":\"Palheta obo\u00e9 profissional 901\"}]},{\"@type\":\"WebSite\",\"@id\":\"https:\\\/\\\/eg-reeds.com\\\/pt-pt\\\/#website\",\"url\":\"https:\\\/\\\/eg-reeds.com\\\/pt-pt\\\/\",\"name\":\"www.eg-reeds.com\",\"description\":\"Palhetas obo\u00e9\",\"publisher\":{\"@id\":\"https:\\\/\\\/eg-reeds.com\\\/pt-pt\\\/#organization\"},\"alternateName\":\"eg-reeds.com\",\"potentialAction\":[{\"@type\":\"SearchAction\",\"target\":{\"@type\":\"EntryPoint\",\"urlTemplate\":\"https:\\\/\\\/eg-reeds.com\\\/pt-pt\\\/?s={search_term_string}\"},\"query-input\":{\"@type\":\"PropertyValueSpecification\",\"valueRequired\":true,\"valueName\":\"search_term_string\"}}],\"inLanguage\":\"pt-PT\"},{\"@type\":\"Organization\",\"@id\":\"https:\\\/\\\/eg-reeds.com\\\/pt-pt\\\/#organization\",\"name\":\"www.eg-reeds.com\",\"url\":\"https:\\\/\\\/eg-reeds.com\\\/pt-pt\\\/\",\"logo\":{\"@type\":\"ImageObject\",\"inLanguage\":\"pt-PT\",\"@id\":\"https:\\\/\\\/eg-reeds.com\\\/pt-pt\\\/#\\\/schema\\\/logo\\\/image\\\/\",\"url\":\"https:\\\/\\\/eg-reeds.com\\\/wp-content\\\/uploads\\\/2024\\\/06\\\/Logo-scaled-e1718793906611.jpg\",\"contentUrl\":\"https:\\\/\\\/eg-reeds.com\\\/wp-content\\\/uploads\\\/2024\\\/06\\\/Logo-scaled-e1718793906611.jpg\",\"width\":1200,\"height\":493,\"caption\":\"www.eg-reeds.com\"},\"image\":{\"@id\":\"https:\\\/\\\/eg-reeds.com\\\/pt-pt\\\/#\\\/schema\\\/logo\\\/image\\\/\"},\"sameAs\":[\"https:\\\/\\\/www.facebook.com\\\/EGREEDS\",\"https:\\\/\\\/x.com\\\/egreeds\",\"https:\\\/\\\/www.instagram.com\\\/egreeds\\\/\",\"https:\\\/\\\/www.youtube.com\\\/c\\\/EGREEDS\",\"https:\\\/\\\/www.threads.net\\\/@egreeds\",\"https:\\\/\\\/www.tiktok.com\\\/@egreeds\"]}]}<\/script>\n<meta property=\"og:availability\" content=\"instock\" \/>\n<meta property=\"product:availability\" content=\"instock\" \/>\n<meta property=\"product:retailer_item_id\" content=\"CPOB-901-\" \/>\n<meta property=\"product:condition\" content=\"new\" \/>\n<!-- \/ Yoast SEO Premium plugin. -->","yoast_head_json":{"title":"Palheta obo\u00e9 profissional 901 - EG-REEDS","description":"A palheta profissional para obo\u00e9 901 foi projetada especificamente para obo\u00e9s Marigaux 901. Forma 901 de Lorenzo Massala com a excelente cana EG-REEDS.","robots":{"index":"index","follow":"follow","max-snippet":"max-snippet:-1","max-image-preview":"max-image-preview:large","max-video-preview":"max-video-preview:-1"},"canonical":"https:\/\/eg-reeds.com\/pt-pt\/shop\/palhetas-profissionais\/palhetas-oboe\/palheta-oboe-profissional-901\/","og_locale":"pt_PT","og_type":"article","og_title":"Palheta obo\u00e9 profissional 901","og_description":"A palheta profissional para obo\u00e9 901 foi projetada especificamente para obo\u00e9s Marigaux 901. Forma 901 de Lorenzo Massala com a excelente cana EG-REEDS.","og_url":"https:\/\/eg-reeds.com\/pt-pt\/shop\/palhetas-profissionais\/palhetas-oboe\/palheta-oboe-profissional-901\/","og_site_name":"EG-REEDS","article_publisher":"https:\/\/www.facebook.com\/EGREEDS","article_modified_time":"2024-12-03T09:39:15+00:00","og_image":[{"width":1280,"height":1088,"url":"https:\/\/eg-reeds.com\/wp-content\/uploads\/2024\/04\/901-Professional-oboe-reed.jpeg","type":"image\/jpeg"}],"twitter_card":"summary_large_image","twitter_site":"@egreeds","twitter_misc":{"Disponibilidade":"Em stock"},"schema":{"@context":"https:\/\/schema.org","@graph":[{"@type":["WebPage","ItemPage"],"@id":"https:\/\/eg-reeds.com\/pt-pt\/shop\/palhetas-profissionais\/palhetas-oboe\/palheta-oboe-profissional-901\/","url":"https:\/\/eg-reeds.com\/pt-pt\/shop\/palhetas-profissionais\/palhetas-oboe\/palheta-oboe-profissional-901\/","name":"Palheta obo\u00e9 profissional 901 - EG-REEDS","isPartOf":{"@id":"https:\/\/eg-reeds.com\/pt-pt\/#website"},"primaryImageOfPage":{"@id":"https:\/\/eg-reeds.com\/pt-pt\/shop\/palhetas-profissionais\/palhetas-oboe\/palheta-oboe-profissional-901\/#primaryimage"},"image":{"@id":"https:\/\/eg-reeds.com\/pt-pt\/shop\/palhetas-profissionais\/palhetas-oboe\/palheta-oboe-profissional-901\/#primaryimage"},"thumbnailUrl":"https:\/\/eg-reeds.com\/wp-content\/uploads\/2024\/04\/901-Professional-oboe-reed.jpeg","datePublished":"2024-04-04T15:43:28+00:00","dateModified":"2024-12-03T09:39:15+00:00","description":"A palheta profissional para obo\u00e9 901 foi projetada especificamente para obo\u00e9s Marigaux 901. Forma 901 de Lorenzo Massala com a excelente cana EG-REEDS.","breadcrumb":{"@id":"https:\/\/eg-reeds.com\/pt-pt\/shop\/palhetas-profissionais\/palhetas-oboe\/palheta-oboe-profissional-901\/#breadcrumb"},"inLanguage":"pt-PT","potentialAction":[{"@type":"ReadAction","target":["https:\/\/eg-reeds.com\/pt-pt\/shop\/palhetas-profissionais\/palhetas-oboe\/palheta-oboe-profissional-901\/"]}]},{"@type":"ImageObject","inLanguage":"pt-PT","@id":"https:\/\/eg-reeds.com\/pt-pt\/shop\/palhetas-profissionais\/palhetas-oboe\/palheta-oboe-profissional-901\/#primaryimage","url":"https:\/\/eg-reeds.com\/wp-content\/uploads\/2024\/04\/901-Professional-oboe-reed.jpeg","contentUrl":"https:\/\/eg-reeds.com\/wp-content\/uploads\/2024\/04\/901-Professional-oboe-reed.jpeg","width":1280,"height":1088,"caption":"Palheta obo\u00e9 profissional 901"},{"@type":"BreadcrumbList","@id":"https:\/\/eg-reeds.com\/pt-pt\/shop\/palhetas-profissionais\/palhetas-oboe\/palheta-oboe-profissional-901\/#breadcrumb","itemListElement":[{"@type":"ListItem","position":1,"name":"Startseite","item":"https:\/\/eg-reeds.com\/pt-pt\/"},{"@type":"ListItem","position":2,"name":"Loja","item":"https:\/\/eg-reeds.com\/pt-pt\/"},{"@type":"ListItem","position":3,"name":"Palheta obo\u00e9 profissional 901"}]},{"@type":"WebSite","@id":"https:\/\/eg-reeds.com\/pt-pt\/#website","url":"https:\/\/eg-reeds.com\/pt-pt\/","name":"www.eg-reeds.com","description":"Palhetas obo\u00e9","publisher":{"@id":"https:\/\/eg-reeds.com\/pt-pt\/#organization"},"alternateName":"eg-reeds.com","potentialAction":[{"@type":"SearchAction","target":{"@type":"EntryPoint","urlTemplate":"https:\/\/eg-reeds.com\/pt-pt\/?s={search_term_string}"},"query-input":{"@type":"PropertyValueSpecification","valueRequired":true,"valueName":"search_term_string"}}],"inLanguage":"pt-PT"},{"@type":"Organization","@id":"https:\/\/eg-reeds.com\/pt-pt\/#organization","name":"www.eg-reeds.com","url":"https:\/\/eg-reeds.com\/pt-pt\/","logo":{"@type":"ImageObject","inLanguage":"pt-PT","@id":"https:\/\/eg-reeds.com\/pt-pt\/#\/schema\/logo\/image\/","url":"https:\/\/eg-reeds.com\/wp-content\/uploads\/2024\/06\/Logo-scaled-e1718793906611.jpg","contentUrl":"https:\/\/eg-reeds.com\/wp-content\/uploads\/2024\/06\/Logo-scaled-e1718793906611.jpg","width":1200,"height":493,"caption":"www.eg-reeds.com"},"image":{"@id":"https:\/\/eg-reeds.com\/pt-pt\/#\/schema\/logo\/image\/"},"sameAs":["https:\/\/www.facebook.com\/EGREEDS","https:\/\/x.com\/egreeds","https:\/\/www.instagram.com\/egreeds\/","https:\/\/www.youtube.com\/c\/EGREEDS","https:\/\/www.threads.net\/@egreeds","https:\/\/www.tiktok.com\/@egreeds"]}]},"og_availability":"instock","product_availability":"instock","product_retailer_item_id":"CPOB-901-","product_condition":"new"},"_links":{"self":[{"href":"https:\/\/eg-reeds.com\/pt-pt\/wp-json\/wp\/v2\/product\/50901","targetHints":{"allow":["GET"]}}],"collection":[{"href":"https:\/\/eg-reeds.com\/pt-pt\/wp-json\/wp\/v2\/product"}],"about":[{"href":"https:\/\/eg-reeds.com\/pt-pt\/wp-json\/wp\/v2\/types\/product"}],"replies":[{"embeddable":true,"href":"https:\/\/eg-reeds.com\/pt-pt\/wp-json\/wp\/v2\/comments?post=50901"}],"wp:featuredmedia":[{"embeddable":true,"href":"https:\/\/eg-reeds.com\/pt-pt\/wp-json\/wp\/v2\/media\/51093"}],"wp:attachment":[{"href":"https:\/\/eg-reeds.com\/pt-pt\/wp-json\/wp\/v2\/media?parent=50901"}],"wp:term":[{"taxonomy":"product_brand","embeddable":true,"href":"https:\/\/eg-reeds.com\/pt-pt\/wp-json\/wp\/v2\/product_brand?post=50901"},{"taxonomy":"product_cat","embeddable":true,"href":"https:\/\/eg-reeds.com\/pt-pt\/wp-json\/wp\/v2\/product_cat?post=50901"},{"taxonomy":"product_tag","embeddable":true,"href":"https:\/\/eg-reeds.com\/pt-pt\/wp-json\/wp\/v2\/product_tag?post=50901"},{"taxonomy":"giftcard-category","embeddable":true,"href":"https:\/\/eg-reeds.com\/pt-pt\/wp-json\/wp\/v2\/giftcard-category?post=50901"}],"curies":[{"name":"wp","href":"https:\/\/api.w.org\/{rel}","templated":true}]}}