{"id":53624,"date":"2024-11-12T13:10:17","date_gmt":"2024-11-12T13:27:11","guid":{"rendered":"https:\/\/eg-reeds.com\/?post_type=product&#038;p=53624"},"modified":"2024-11-12T14:27:12","modified_gmt":"2024-11-12T13:27:12","slug":"pacote-4-palhetas-profissionais-para-oboe","status":"publish","type":"product","link":"https:\/\/eg-reeds.com\/pt-pt\/shop\/palhetas-profissionais\/palhetas-oboe\/pacote-4-palhetas-profissionais-para-oboe\/","title":{"rendered":"Pacote 4 palhetas profissionais para obo\u00e9"},"content":{"rendered":"<h1><strong>Pacote 4 palhetas profissionais para obo\u00e9 &#8211; 4 modelos em um \u00fanico pacote.<\/strong><\/h1>\n<p><span style=\"font-weight: 400;\">Descubra a gama completa das nossas palhetas profissionais mais vendidas com este pacote, que inclui as 4 palhetas profissionais para obo\u00e9:<\/span> <b>Mayer, PRO, M2 e 901<\/b><span style=\"font-weight: 400;\">. Ideal para experimentar diferentes estilos e encontrar a palheta perfeita para cada ocasi\u00e3o. Al\u00e9m disso, o pacote oferece economia, pois inclui um desconto em compara\u00e7\u00e3o com a compra individual de cada palheta. Basta escolher entre o tubo de 47 ou 46 mm para o seu pacote e o n\u00edvel de dureza que deseja: suave, m\u00e9dio ou duro.<\/span><\/p>\n<p><strong>Vantagens do pacote:<\/strong><\/p>\n<ul>\n<li style=\"font-weight: 400;\" aria-level=\"1\"><span style=\"font-weight: 400;\"><strong>Variedade:<\/strong> Experimente quatro palhetas profissionais diferentes e descubra qual se adapta melhor ao seu estilo.<\/span><\/li>\n<li style=\"font-weight: 400;\" aria-level=\"1\"><span style=\"font-weight: 400;\"><strong>Desconto:<\/strong> Economize comprando o pacote em vez de adquirir as palhetas individualmente.<\/span><\/li>\n<li style=\"font-weight: 400;\" aria-level=\"1\"><span style=\"font-weight: 400;\"><strong>Qualidade EG-REEDS:<\/strong> Cada palheta \u00e9 projetada, fabricada e testada por profissionais e para profissionais.<\/span><\/li>\n<\/ul>\n<p><span style=\"font-weight: 400;\">Experimente o pacote e escolha a sua palheta favorita!<\/span><\/p>\n<p><iframe loading=\"lazy\" title=\"Pack 4 ca\u00f1as de oboe profesionales \/ Pack of 4 Professional Oboe Reeds\" width=\"1020\" height=\"574\" src=\"https:\/\/www.youtube.com\/embed\/iV0u8tZ2HAc?feature=oembed\" frameborder=\"0\" allow=\"accelerometer; autoplay; clipboard-write; encrypted-media; gyroscope; picture-in-picture; web-share\" referrerpolicy=\"strict-origin-when-cross-origin\" allowfullscreen><\/iframe><\/p>\n<p>&nbsp;<\/p>\n<h2><strong>O que inclui o Pacote com 4 palhetas profissionais para obo\u00e9?<\/strong><\/h2>\n<p><span style=\"font-weight: 400;\">O pacote inclui as melhores palhetas profissionais para obo\u00e9 da EG-REEDS:<\/span><\/p>\n<p>&nbsp;<\/p>\n<h2><b>Palheta para obo\u00e9 <a href=\"https:\/\/eg-reeds.com\/pt-pt\/shop\/palhetas-profissionais\/palhetas-oboe\/palheta-oboe-mayer\/\" target=\"_blank\" rel=\"noopener\">Mayer<\/a>.<\/b><\/h2>\n<p><span style=\"font-weight: 400;\">Uma palheta profissional projetada para oferecer um som escuro e uma performance suave. Feita com o tubo Guercio Mayer de 47 ou 46 mm e com a forma Mayer. Entre suas caracter\u00edsticas est\u00e3o a afina\u00e7\u00e3o est\u00e1vel e a f\u00e1cil emiss\u00e3o, ideal para alcan\u00e7ar precis\u00e3o e fluidez. Esta palheta \u00e9 ideal para obo\u00edstas que gostam de tocar com uma grande coluna de ar e alcan\u00e7ar uma proje\u00e7\u00e3o sonora forte.<\/span><\/p>\n<p>&nbsp;<\/p>\n<h2><b>Palheta <a href=\"https:\/\/eg-reeds.com\/pt-pt\/shop\/palhetas-profissionais\/palhetas-oboe\/palheta-oboe-profissional-eg-reeds\/\" target=\"_blank\" rel=\"noopener\">profissional para obo\u00e9<\/a> EG-REEDS.<\/b><\/h2>\n<p><span style=\"font-weight: 400;\">Nossa palheta profissional padr\u00e3o. \u00c9 uma palheta profissional projetada para oferecer a m\u00e1xima qualidade e desempenho. Dispon\u00edvel com o tubo Chiarugi de 47 ou 46 mm, adaptando-se \u00e0s suas prefer\u00eancias. Cada palheta garante afina\u00e7\u00e3o est\u00e1vel e emiss\u00e3o precisa, proporcionando uma experi\u00eancia musical de alta qualidade. Ideal para quem busca consist\u00eancia e qualidade no som.<\/span><\/p>\n<p>&nbsp;<\/p>\n<h2><b>Palheta profissional para obo\u00e9 <a href=\"https:\/\/eg-reeds.com\/pt-pt\/shop\/palhetas-profissionais\/palhetas-oboe\/palheta-oboe-profissional-m2\/\" target=\"_blank\" rel=\"noopener\">M2<\/a>.<\/b><span style=\"font-weight: 400;\">\u00a0<\/span><\/h2>\n<p><span style=\"font-weight: 400;\">Uma palheta profissional projetada para oferecer um som equilibrado, ideal para o obo\u00e9 Marigaux M2, mas tamb\u00e9m compat\u00edvel com outros modelos. Garante uma performance confort\u00e1vel em todos os momentos. Fabricada com l\u00e2minas na forma M2 projetada por Lorenzo Massala. Dispon\u00edvel com tubos Chiarugi de 47 e 46 mm.<\/span><\/p>\n<p>&nbsp;<\/p>\n<h2><b>Palheta profissional para obo\u00e9 <a href=\"https:\/\/eg-reeds.com\/pt-pt\/shop\/palhetas-profissionais\/palhetas-oboe\/palheta-oboe-profissional-901\/\" target=\"_blank\" rel=\"noopener\">901<\/a>.<\/b><\/h2>\n<p><span style=\"font-weight: 400;\">Projetada para maximizar o desempenho do obo\u00e9 Marigaux 901, mas compat\u00edvel tamb\u00e9m com outros modelos. Oferece um som rico e equilibrado, com f\u00e1cil e controlada emiss\u00e3o, ideal para concertos, sess\u00f5es de grava\u00e7\u00e3o e ensaios. Fabricada com l\u00e2minas na forma 901 projetada por Lorenzo Massala. Esta palheta est\u00e1 dispon\u00edvel com tubos Chiarugi de 47 ou 46 mm.<\/span><\/p>\n","protected":false},"excerpt":{"rendered":"<p>Este pacote inclui as 4 melhores palhetas profissionais para obo\u00e9 da EG-REEDS: <strong>Mayer, PRO, M2 e 901<\/strong>, com <strong>desconto<\/strong>.<\/p>\n","protected":false},"featured_media":53577,"comment_status":"open","ping_status":"closed","template":"","meta":[],"product_brand":[],"product_cat":[431],"product_tag":[],"giftcard-category":[],"class_list":{"0":"post-53624","1":"product","2":"type-product","3":"status-publish","4":"has-post-thumbnail","6":"product_cat-palhetas-oboe","7":"pa_staple-46-pt-pt","8":"pa_staple-47-pt-pt","10":"first","11":"instock","12":"sale","13":"taxable","14":"shipping-taxable","15":"purchasable","16":"product-type-variable","17":"has-default-attributes"},"yoast_head":"<!-- This site is optimized with the Yoast SEO Premium plugin v27.0 (Yoast SEO v27.4) - https:\/\/yoast.com\/product\/yoast-seo-premium-wordpress\/ -->\n<title>Pacote 4 palhetas profissionais para obo\u00e9 - EG-REEDS<\/title>\n<meta name=\"description\" content=\"Descubra a gama completa das nossas palhetas profissionais mais vendidas com este pacote, inclui 4 palhetas profissionais para obo\u00e9: Mayer, PRO, M2 e 901.\" \/>\n<meta name=\"robots\" content=\"index, follow, max-snippet:-1, max-image-preview:large, max-video-preview:-1\" \/>\n<link rel=\"canonical\" href=\"https:\/\/eg-reeds.com\/pt-pt\/shop\/palhetas-profissionais\/palhetas-oboe\/pacote-4-palhetas-profissionais-para-oboe\/\" \/>\n<meta property=\"og:locale\" content=\"pt_PT\" \/>\n<meta property=\"og:type\" content=\"article\" \/>\n<meta property=\"og:title\" content=\"Pacote 4 palhetas profissionais para obo\u00e9\" \/>\n<meta property=\"og:description\" content=\"Descubra a gama completa das nossas palhetas profissionais mais vendidas com este pacote, inclui 4 palhetas profissionais para obo\u00e9: Mayer, PRO, M2 e 901.\" \/>\n<meta property=\"og:url\" content=\"https:\/\/eg-reeds.com\/pt-pt\/shop\/palhetas-profissionais\/palhetas-oboe\/pacote-4-palhetas-profissionais-para-oboe\/\" \/>\n<meta property=\"og:site_name\" content=\"EG-REEDS\" \/>\n<meta property=\"article:publisher\" content=\"https:\/\/www.facebook.com\/EGREEDS\" \/>\n<meta property=\"article:modified_time\" content=\"2024-11-12T13:27:12+00:00\" \/>\n<meta property=\"og:image\" content=\"https:\/\/eg-reeds.com\/wp-content\/uploads\/2024\/11\/Pack-4-canas-oboe-profesionales-scaled.webp\" \/>\n\t<meta property=\"og:image:width\" content=\"2560\" \/>\n\t<meta property=\"og:image:height\" content=\"2560\" \/>\n\t<meta property=\"og:image:type\" content=\"image\/webp\" \/>\n<meta name=\"twitter:card\" content=\"summary_large_image\" \/>\n<meta name=\"twitter:site\" content=\"@egreeds\" \/>\n<meta name=\"twitter:label1\" content=\"Disponibilidade\" \/>\n\t<meta name=\"twitter:data1\" content=\"Em stock\" \/>\n<script type=\"application\/ld+json\" class=\"yoast-schema-graph\">{\"@context\":\"https:\\\/\\\/schema.org\",\"@graph\":[{\"@type\":[\"WebPage\",\"ItemPage\"],\"@id\":\"https:\\\/\\\/eg-reeds.com\\\/pt-pt\\\/shop\\\/palhetas-profissionais\\\/palhetas-oboe\\\/pacote-4-palhetas-profissionais-para-oboe\\\/\",\"url\":\"https:\\\/\\\/eg-reeds.com\\\/pt-pt\\\/shop\\\/palhetas-profissionais\\\/palhetas-oboe\\\/pacote-4-palhetas-profissionais-para-oboe\\\/\",\"name\":\"Pacote 4 palhetas profissionais para obo\u00e9 - EG-REEDS\",\"isPartOf\":{\"@id\":\"https:\\\/\\\/eg-reeds.com\\\/pt-pt\\\/#website\"},\"primaryImageOfPage\":{\"@id\":\"https:\\\/\\\/eg-reeds.com\\\/pt-pt\\\/shop\\\/palhetas-profissionais\\\/palhetas-oboe\\\/pacote-4-palhetas-profissionais-para-oboe\\\/#primaryimage\"},\"image\":{\"@id\":\"https:\\\/\\\/eg-reeds.com\\\/pt-pt\\\/shop\\\/palhetas-profissionais\\\/palhetas-oboe\\\/pacote-4-palhetas-profissionais-para-oboe\\\/#primaryimage\"},\"thumbnailUrl\":\"https:\\\/\\\/eg-reeds.com\\\/wp-content\\\/uploads\\\/2024\\\/11\\\/Pack-4-canas-oboe-profesionales-scaled.webp\",\"datePublished\":\"2024-11-12T13:27:11+00:00\",\"dateModified\":\"2024-11-12T13:27:12+00:00\",\"description\":\"Descubra a gama completa das nossas palhetas profissionais mais vendidas com este pacote, inclui 4 palhetas profissionais para obo\u00e9: Mayer, PRO, M2 e 901.\",\"breadcrumb\":{\"@id\":\"https:\\\/\\\/eg-reeds.com\\\/pt-pt\\\/shop\\\/palhetas-profissionais\\\/palhetas-oboe\\\/pacote-4-palhetas-profissionais-para-oboe\\\/#breadcrumb\"},\"inLanguage\":\"pt-PT\",\"potentialAction\":[{\"@type\":\"ReadAction\",\"target\":[\"https:\\\/\\\/eg-reeds.com\\\/pt-pt\\\/shop\\\/palhetas-profissionais\\\/palhetas-oboe\\\/pacote-4-palhetas-profissionais-para-oboe\\\/\"]}]},{\"@type\":\"ImageObject\",\"inLanguage\":\"pt-PT\",\"@id\":\"https:\\\/\\\/eg-reeds.com\\\/pt-pt\\\/shop\\\/palhetas-profissionais\\\/palhetas-oboe\\\/pacote-4-palhetas-profissionais-para-oboe\\\/#primaryimage\",\"url\":\"https:\\\/\\\/eg-reeds.com\\\/wp-content\\\/uploads\\\/2024\\\/11\\\/Pack-4-canas-oboe-profesionales-scaled.webp\",\"contentUrl\":\"https:\\\/\\\/eg-reeds.com\\\/wp-content\\\/uploads\\\/2024\\\/11\\\/Pack-4-canas-oboe-profesionales-scaled.webp\",\"width\":2560,\"height\":2560,\"caption\":\"Pacote palhetas profissionais obo\u00e9\"},{\"@type\":\"BreadcrumbList\",\"@id\":\"https:\\\/\\\/eg-reeds.com\\\/pt-pt\\\/shop\\\/palhetas-profissionais\\\/palhetas-oboe\\\/pacote-4-palhetas-profissionais-para-oboe\\\/#breadcrumb\",\"itemListElement\":[{\"@type\":\"ListItem\",\"position\":1,\"name\":\"Startseite\",\"item\":\"https:\\\/\\\/eg-reeds.com\\\/pt-pt\\\/\"},{\"@type\":\"ListItem\",\"position\":2,\"name\":\"Loja\",\"item\":\"https:\\\/\\\/eg-reeds.com\\\/pt-pt\\\/\"},{\"@type\":\"ListItem\",\"position\":3,\"name\":\"Pacote 4 palhetas profissionais para obo\u00e9\"}]},{\"@type\":\"WebSite\",\"@id\":\"https:\\\/\\\/eg-reeds.com\\\/pt-pt\\\/#website\",\"url\":\"https:\\\/\\\/eg-reeds.com\\\/pt-pt\\\/\",\"name\":\"www.eg-reeds.com\",\"description\":\"Palhetas obo\u00e9\",\"publisher\":{\"@id\":\"https:\\\/\\\/eg-reeds.com\\\/pt-pt\\\/#organization\"},\"alternateName\":\"eg-reeds.com\",\"potentialAction\":[{\"@type\":\"SearchAction\",\"target\":{\"@type\":\"EntryPoint\",\"urlTemplate\":\"https:\\\/\\\/eg-reeds.com\\\/pt-pt\\\/?s={search_term_string}\"},\"query-input\":{\"@type\":\"PropertyValueSpecification\",\"valueRequired\":true,\"valueName\":\"search_term_string\"}}],\"inLanguage\":\"pt-PT\"},{\"@type\":\"Organization\",\"@id\":\"https:\\\/\\\/eg-reeds.com\\\/pt-pt\\\/#organization\",\"name\":\"www.eg-reeds.com\",\"url\":\"https:\\\/\\\/eg-reeds.com\\\/pt-pt\\\/\",\"logo\":{\"@type\":\"ImageObject\",\"inLanguage\":\"pt-PT\",\"@id\":\"https:\\\/\\\/eg-reeds.com\\\/pt-pt\\\/#\\\/schema\\\/logo\\\/image\\\/\",\"url\":\"https:\\\/\\\/eg-reeds.com\\\/wp-content\\\/uploads\\\/2024\\\/06\\\/Logo-scaled-e1718793906611.jpg\",\"contentUrl\":\"https:\\\/\\\/eg-reeds.com\\\/wp-content\\\/uploads\\\/2024\\\/06\\\/Logo-scaled-e1718793906611.jpg\",\"width\":1200,\"height\":493,\"caption\":\"www.eg-reeds.com\"},\"image\":{\"@id\":\"https:\\\/\\\/eg-reeds.com\\\/pt-pt\\\/#\\\/schema\\\/logo\\\/image\\\/\"},\"sameAs\":[\"https:\\\/\\\/www.facebook.com\\\/EGREEDS\",\"https:\\\/\\\/x.com\\\/egreeds\",\"https:\\\/\\\/www.instagram.com\\\/egreeds\\\/\",\"https:\\\/\\\/www.youtube.com\\\/c\\\/EGREEDS\",\"https:\\\/\\\/www.threads.net\\\/@egreeds\",\"https:\\\/\\\/www.tiktok.com\\\/@egreeds\"]}]}<\/script>\n<meta property=\"og:availability\" content=\"instock\" \/>\n<meta property=\"product:availability\" content=\"instock\" \/>\n<meta property=\"product:retailer_item_id\" content=\"CPOB-PACK\" \/>\n<meta property=\"product:condition\" content=\"new\" \/>\n<!-- \/ Yoast SEO Premium plugin. -->","yoast_head_json":{"title":"Pacote 4 palhetas profissionais para obo\u00e9 - EG-REEDS","description":"Descubra a gama completa das nossas palhetas profissionais mais vendidas com este pacote, inclui 4 palhetas profissionais para obo\u00e9: Mayer, PRO, M2 e 901.","robots":{"index":"index","follow":"follow","max-snippet":"max-snippet:-1","max-image-preview":"max-image-preview:large","max-video-preview":"max-video-preview:-1"},"canonical":"https:\/\/eg-reeds.com\/pt-pt\/shop\/palhetas-profissionais\/palhetas-oboe\/pacote-4-palhetas-profissionais-para-oboe\/","og_locale":"pt_PT","og_type":"article","og_title":"Pacote 4 palhetas profissionais para obo\u00e9","og_description":"Descubra a gama completa das nossas palhetas profissionais mais vendidas com este pacote, inclui 4 palhetas profissionais para obo\u00e9: Mayer, PRO, M2 e 901.","og_url":"https:\/\/eg-reeds.com\/pt-pt\/shop\/palhetas-profissionais\/palhetas-oboe\/pacote-4-palhetas-profissionais-para-oboe\/","og_site_name":"EG-REEDS","article_publisher":"https:\/\/www.facebook.com\/EGREEDS","article_modified_time":"2024-11-12T13:27:12+00:00","og_image":[{"width":2560,"height":2560,"url":"https:\/\/eg-reeds.com\/wp-content\/uploads\/2024\/11\/Pack-4-canas-oboe-profesionales-scaled.webp","type":"image\/webp"}],"twitter_card":"summary_large_image","twitter_site":"@egreeds","twitter_misc":{"Disponibilidade":"Em stock"},"schema":{"@context":"https:\/\/schema.org","@graph":[{"@type":["WebPage","ItemPage"],"@id":"https:\/\/eg-reeds.com\/pt-pt\/shop\/palhetas-profissionais\/palhetas-oboe\/pacote-4-palhetas-profissionais-para-oboe\/","url":"https:\/\/eg-reeds.com\/pt-pt\/shop\/palhetas-profissionais\/palhetas-oboe\/pacote-4-palhetas-profissionais-para-oboe\/","name":"Pacote 4 palhetas profissionais para obo\u00e9 - EG-REEDS","isPartOf":{"@id":"https:\/\/eg-reeds.com\/pt-pt\/#website"},"primaryImageOfPage":{"@id":"https:\/\/eg-reeds.com\/pt-pt\/shop\/palhetas-profissionais\/palhetas-oboe\/pacote-4-palhetas-profissionais-para-oboe\/#primaryimage"},"image":{"@id":"https:\/\/eg-reeds.com\/pt-pt\/shop\/palhetas-profissionais\/palhetas-oboe\/pacote-4-palhetas-profissionais-para-oboe\/#primaryimage"},"thumbnailUrl":"https:\/\/eg-reeds.com\/wp-content\/uploads\/2024\/11\/Pack-4-canas-oboe-profesionales-scaled.webp","datePublished":"2024-11-12T13:27:11+00:00","dateModified":"2024-11-12T13:27:12+00:00","description":"Descubra a gama completa das nossas palhetas profissionais mais vendidas com este pacote, inclui 4 palhetas profissionais para obo\u00e9: Mayer, PRO, M2 e 901.","breadcrumb":{"@id":"https:\/\/eg-reeds.com\/pt-pt\/shop\/palhetas-profissionais\/palhetas-oboe\/pacote-4-palhetas-profissionais-para-oboe\/#breadcrumb"},"inLanguage":"pt-PT","potentialAction":[{"@type":"ReadAction","target":["https:\/\/eg-reeds.com\/pt-pt\/shop\/palhetas-profissionais\/palhetas-oboe\/pacote-4-palhetas-profissionais-para-oboe\/"]}]},{"@type":"ImageObject","inLanguage":"pt-PT","@id":"https:\/\/eg-reeds.com\/pt-pt\/shop\/palhetas-profissionais\/palhetas-oboe\/pacote-4-palhetas-profissionais-para-oboe\/#primaryimage","url":"https:\/\/eg-reeds.com\/wp-content\/uploads\/2024\/11\/Pack-4-canas-oboe-profesionales-scaled.webp","contentUrl":"https:\/\/eg-reeds.com\/wp-content\/uploads\/2024\/11\/Pack-4-canas-oboe-profesionales-scaled.webp","width":2560,"height":2560,"caption":"Pacote palhetas profissionais obo\u00e9"},{"@type":"BreadcrumbList","@id":"https:\/\/eg-reeds.com\/pt-pt\/shop\/palhetas-profissionais\/palhetas-oboe\/pacote-4-palhetas-profissionais-para-oboe\/#breadcrumb","itemListElement":[{"@type":"ListItem","position":1,"name":"Startseite","item":"https:\/\/eg-reeds.com\/pt-pt\/"},{"@type":"ListItem","position":2,"name":"Loja","item":"https:\/\/eg-reeds.com\/pt-pt\/"},{"@type":"ListItem","position":3,"name":"Pacote 4 palhetas profissionais para obo\u00e9"}]},{"@type":"WebSite","@id":"https:\/\/eg-reeds.com\/pt-pt\/#website","url":"https:\/\/eg-reeds.com\/pt-pt\/","name":"www.eg-reeds.com","description":"Palhetas obo\u00e9","publisher":{"@id":"https:\/\/eg-reeds.com\/pt-pt\/#organization"},"alternateName":"eg-reeds.com","potentialAction":[{"@type":"SearchAction","target":{"@type":"EntryPoint","urlTemplate":"https:\/\/eg-reeds.com\/pt-pt\/?s={search_term_string}"},"query-input":{"@type":"PropertyValueSpecification","valueRequired":true,"valueName":"search_term_string"}}],"inLanguage":"pt-PT"},{"@type":"Organization","@id":"https:\/\/eg-reeds.com\/pt-pt\/#organization","name":"www.eg-reeds.com","url":"https:\/\/eg-reeds.com\/pt-pt\/","logo":{"@type":"ImageObject","inLanguage":"pt-PT","@id":"https:\/\/eg-reeds.com\/pt-pt\/#\/schema\/logo\/image\/","url":"https:\/\/eg-reeds.com\/wp-content\/uploads\/2024\/06\/Logo-scaled-e1718793906611.jpg","contentUrl":"https:\/\/eg-reeds.com\/wp-content\/uploads\/2024\/06\/Logo-scaled-e1718793906611.jpg","width":1200,"height":493,"caption":"www.eg-reeds.com"},"image":{"@id":"https:\/\/eg-reeds.com\/pt-pt\/#\/schema\/logo\/image\/"},"sameAs":["https:\/\/www.facebook.com\/EGREEDS","https:\/\/x.com\/egreeds","https:\/\/www.instagram.com\/egreeds\/","https:\/\/www.youtube.com\/c\/EGREEDS","https:\/\/www.threads.net\/@egreeds","https:\/\/www.tiktok.com\/@egreeds"]}]},"og_availability":"instock","product_availability":"instock","product_retailer_item_id":"CPOB-PACK","product_condition":"new"},"_links":{"self":[{"href":"https:\/\/eg-reeds.com\/pt-pt\/wp-json\/wp\/v2\/product\/53624","targetHints":{"allow":["GET"]}}],"collection":[{"href":"https:\/\/eg-reeds.com\/pt-pt\/wp-json\/wp\/v2\/product"}],"about":[{"href":"https:\/\/eg-reeds.com\/pt-pt\/wp-json\/wp\/v2\/types\/product"}],"replies":[{"embeddable":true,"href":"https:\/\/eg-reeds.com\/pt-pt\/wp-json\/wp\/v2\/comments?post=53624"}],"wp:featuredmedia":[{"embeddable":true,"href":"https:\/\/eg-reeds.com\/pt-pt\/wp-json\/wp\/v2\/media\/53577"}],"wp:attachment":[{"href":"https:\/\/eg-reeds.com\/pt-pt\/wp-json\/wp\/v2\/media?parent=53624"}],"wp:term":[{"taxonomy":"product_brand","embeddable":true,"href":"https:\/\/eg-reeds.com\/pt-pt\/wp-json\/wp\/v2\/product_brand?post=53624"},{"taxonomy":"product_cat","embeddable":true,"href":"https:\/\/eg-reeds.com\/pt-pt\/wp-json\/wp\/v2\/product_cat?post=53624"},{"taxonomy":"product_tag","embeddable":true,"href":"https:\/\/eg-reeds.com\/pt-pt\/wp-json\/wp\/v2\/product_tag?post=53624"},{"taxonomy":"giftcard-category","embeddable":true,"href":"https:\/\/eg-reeds.com\/pt-pt\/wp-json\/wp\/v2\/giftcard-category?post=53624"}],"curies":[{"name":"wp","href":"https:\/\/api.w.org\/{rel}","templated":true}]}}