{"id":54121,"date":"2024-11-25T20:52:44","date_gmt":"2024-11-25T19:52:49","guid":{"rendered":"https:\/\/eg-reeds.com\/?post_type=product&#038;p=54121"},"modified":"2024-11-26T10:06:11","modified_gmt":"2024-11-26T09:06:11","slug":"placa-de-secagem-para-50-palhetas-de-oboe","status":"publish","type":"product","link":"https:\/\/eg-reeds.com\/pt-pt\/shop\/acessorios\/placas-de-secagem\/placa-de-secagem-para-50-palhetas-de-oboe\/","title":{"rendered":"Placa de secagem para 50 palhetas de obo\u00e9"},"content":{"rendered":"<h1><strong>Placa de secagem para 50 palhetas de obo\u00e9.<\/strong><\/h1>\n<p>Est\u00e1 \u00e0 procura de uma forma pr\u00e1tica e segura de secar e guardar as suas palhetas de obo\u00e9 e corne ingl\u00eas? A Placa de secagem para 50 palhetas de obo\u00e9 EG-REEDS \u00e9 o acess\u00f3rio perfeito para manter as suas palhetas em \u00f3timas condi\u00e7\u00f5es. Compacta, elegante e f\u00e1cil de transportar. Ideal para estudantes e profissionais. Projetada para acomodar 50 palhetas, garante espa\u00e7o ideal para prevenir danos e promover uma secagem uniforme.<\/p>\n<p><iframe loading=\"lazy\" title=\"Secadero para ca\u00f1as de oboe\/ Drying board for oboe reeds.  #oboe\" width=\"1020\" height=\"574\" src=\"https:\/\/www.youtube.com\/embed\/MEeh5_aVfGo?feature=oembed\" frameborder=\"0\" allow=\"accelerometer; autoplay; clipboard-write; encrypted-media; gyroscope; picture-in-picture; web-share\" referrerpolicy=\"strict-origin-when-cross-origin\" allowfullscreen><\/iframe><\/p>\n<p>Dispon\u00edvel em v\u00e1rias cores, esta placa de secagem para obo\u00e9 combina funcionalidade com um design elegante. A sua estrutura leve e compacta facilita o transporte para ensaios, aulas ou apresenta\u00e7\u00f5es. Impressa em 3D com materiais de alta qualidade, garante durabilidade e estabilidade a longo prazo.<\/p>\n<ul>\n<li>Para 50 palhetas de obo\u00e9 ou corne ingl\u00eas.<\/li>\n<li>Previne deforma\u00e7\u00f5es e danos, al\u00e9m de favorecer uma ventila\u00e7\u00e3o adequada.<\/li>\n<li>Design leve, compacto e port\u00e1til.<\/li>\n<li>Materiais de alta qualidade.<\/li>\n<li>Dispon\u00edvel em v\u00e1rias cores para combinar com o seu estilo pessoal.<\/li>\n<\/ul>\n<p><strong>Cuide das suas palhetas com estilo!<\/strong><br \/>\n<strong>Adicione ao carrinho agora e aproveite um acess\u00f3rio \u00fanico.<\/strong><\/p>\n<p>Palhetas n\u00e3o inclu\u00eddas.<\/p>\n<p>Dimens\u00f5es: aproximadamente 19&#215;10 cm.<\/p>\n","protected":false},"excerpt":{"rendered":"<p>Placa de secagem para 50 palhetas de obo\u00e9. Est\u00e1 \u00e0 procura de uma forma pr\u00e1tica e segura de secar e guardar as suas palhetas de obo\u00e9 e corne ingl\u00eas? A Placa de secagem para 50 palhetas de obo\u00e9 EG-REEDS \u00e9 o acess\u00f3rio perfeito para manter as suas palhetas em \u00f3timas condi\u00e7\u00f5es. Compacta, elegante e f\u00e1cil [&#8230;]\n","protected":false},"featured_media":54229,"comment_status":"open","ping_status":"closed","template":"","meta":[],"product_brand":[],"product_cat":[1422,1466],"product_tag":[],"giftcard-category":[],"class_list":{"0":"post-54121","1":"product","2":"type-product","3":"status-publish","4":"has-post-thumbnail","6":"product_cat-acessorios","7":"product_cat-placas-de-secagem","9":"first","10":"instock","11":"taxable","12":"shipping-taxable","13":"purchasable","14":"product-type-variable"},"yoast_head":"<!-- This site is optimized with the Yoast SEO Premium plugin v27.0 (Yoast SEO v27.3) - https:\/\/yoast.com\/product\/yoast-seo-premium-wordpress\/ -->\n<title>Placa de secagem para 50 palhetas de obo\u00e9.<\/title>\n<meta name=\"description\" content=\"A Placa de secagem para 50 palhetas de obo\u00e9 EG-REEDS \u00e9 o acess\u00f3rio ideal para cuidar das suas palhetas. Compacta, elegante e pr\u00e1tica, \u00e9 f\u00e1cil de transportar\" \/>\n<meta name=\"robots\" content=\"index, follow, max-snippet:-1, max-image-preview:large, max-video-preview:-1\" \/>\n<link rel=\"canonical\" href=\"https:\/\/eg-reeds.com\/pt-pt\/shop\/acessorios\/placas-de-secagem\/placa-de-secagem-para-50-palhetas-de-oboe\/\" \/>\n<meta property=\"og:locale\" content=\"pt_PT\" \/>\n<meta property=\"og:type\" content=\"article\" \/>\n<meta property=\"og:title\" content=\"Placa de secagem para 50 palhetas de obo\u00e9\" \/>\n<meta property=\"og:description\" content=\"A Placa de secagem para 50 palhetas de obo\u00e9 EG-REEDS \u00e9 o acess\u00f3rio ideal para cuidar das suas palhetas. Compacta, elegante e pr\u00e1tica, \u00e9 f\u00e1cil de transportar\" \/>\n<meta property=\"og:url\" content=\"https:\/\/eg-reeds.com\/pt-pt\/shop\/acessorios\/placas-de-secagem\/placa-de-secagem-para-50-palhetas-de-oboe\/\" \/>\n<meta property=\"og:site_name\" content=\"EG-REEDS\" \/>\n<meta property=\"article:publisher\" content=\"https:\/\/www.facebook.com\/EGREEDS\" \/>\n<meta property=\"article:modified_time\" content=\"2024-11-26T09:06:11+00:00\" \/>\n<meta property=\"og:image\" content=\"https:\/\/eg-reeds.com\/wp-content\/uploads\/2024\/11\/MG_1262_17_11zon-scaled.webp\" \/>\n\t<meta property=\"og:image:width\" content=\"2560\" \/>\n\t<meta property=\"og:image:height\" content=\"2560\" \/>\n\t<meta property=\"og:image:type\" content=\"image\/webp\" \/>\n<meta name=\"twitter:card\" content=\"summary_large_image\" \/>\n<meta name=\"twitter:site\" content=\"@egreeds\" \/>\n<meta name=\"twitter:label1\" content=\"Disponibilidade\" \/>\n\t<meta name=\"twitter:data1\" content=\"Em stock\" \/>\n<script type=\"application\/ld+json\" class=\"yoast-schema-graph\">{\"@context\":\"https:\\\/\\\/schema.org\",\"@graph\":[{\"@type\":[\"WebPage\",\"ItemPage\"],\"@id\":\"https:\\\/\\\/eg-reeds.com\\\/pt-pt\\\/shop\\\/acessorios\\\/placas-de-secagem\\\/placa-de-secagem-para-50-palhetas-de-oboe\\\/\",\"url\":\"https:\\\/\\\/eg-reeds.com\\\/pt-pt\\\/shop\\\/acessorios\\\/placas-de-secagem\\\/placa-de-secagem-para-50-palhetas-de-oboe\\\/\",\"name\":\"Placa de secagem para 50 palhetas de obo\u00e9.\",\"isPartOf\":{\"@id\":\"https:\\\/\\\/eg-reeds.com\\\/pt-pt\\\/#website\"},\"primaryImageOfPage\":{\"@id\":\"https:\\\/\\\/eg-reeds.com\\\/pt-pt\\\/shop\\\/acessorios\\\/placas-de-secagem\\\/placa-de-secagem-para-50-palhetas-de-oboe\\\/#primaryimage\"},\"image\":{\"@id\":\"https:\\\/\\\/eg-reeds.com\\\/pt-pt\\\/shop\\\/acessorios\\\/placas-de-secagem\\\/placa-de-secagem-para-50-palhetas-de-oboe\\\/#primaryimage\"},\"thumbnailUrl\":\"https:\\\/\\\/eg-reeds.com\\\/wp-content\\\/uploads\\\/2024\\\/11\\\/MG_1262_17_11zon-scaled.webp\",\"datePublished\":\"2024-11-25T19:52:49+00:00\",\"dateModified\":\"2024-11-26T09:06:11+00:00\",\"description\":\"A Placa de secagem para 50 palhetas de obo\u00e9 EG-REEDS \u00e9 o acess\u00f3rio ideal para cuidar das suas palhetas. Compacta, elegante e pr\u00e1tica, \u00e9 f\u00e1cil de transportar\",\"breadcrumb\":{\"@id\":\"https:\\\/\\\/eg-reeds.com\\\/pt-pt\\\/shop\\\/acessorios\\\/placas-de-secagem\\\/placa-de-secagem-para-50-palhetas-de-oboe\\\/#breadcrumb\"},\"inLanguage\":\"pt-PT\",\"potentialAction\":[{\"@type\":\"ReadAction\",\"target\":[\"https:\\\/\\\/eg-reeds.com\\\/pt-pt\\\/shop\\\/acessorios\\\/placas-de-secagem\\\/placa-de-secagem-para-50-palhetas-de-oboe\\\/\"]}]},{\"@type\":\"ImageObject\",\"inLanguage\":\"pt-PT\",\"@id\":\"https:\\\/\\\/eg-reeds.com\\\/pt-pt\\\/shop\\\/acessorios\\\/placas-de-secagem\\\/placa-de-secagem-para-50-palhetas-de-oboe\\\/#primaryimage\",\"url\":\"https:\\\/\\\/eg-reeds.com\\\/wp-content\\\/uploads\\\/2024\\\/11\\\/MG_1262_17_11zon-scaled.webp\",\"contentUrl\":\"https:\\\/\\\/eg-reeds.com\\\/wp-content\\\/uploads\\\/2024\\\/11\\\/MG_1262_17_11zon-scaled.webp\",\"width\":2560,\"height\":2560,\"caption\":\"Placa de secagem para 50 palhetas de obo\u00e9\"},{\"@type\":\"BreadcrumbList\",\"@id\":\"https:\\\/\\\/eg-reeds.com\\\/pt-pt\\\/shop\\\/acessorios\\\/placas-de-secagem\\\/placa-de-secagem-para-50-palhetas-de-oboe\\\/#breadcrumb\",\"itemListElement\":[{\"@type\":\"ListItem\",\"position\":1,\"name\":\"Startseite\",\"item\":\"https:\\\/\\\/eg-reeds.com\\\/pt-pt\\\/\"},{\"@type\":\"ListItem\",\"position\":2,\"name\":\"Loja\",\"item\":\"https:\\\/\\\/eg-reeds.com\\\/pt-pt\\\/\"},{\"@type\":\"ListItem\",\"position\":3,\"name\":\"Placa de secagem para 50 palhetas de obo\u00e9\"}]},{\"@type\":\"WebSite\",\"@id\":\"https:\\\/\\\/eg-reeds.com\\\/pt-pt\\\/#website\",\"url\":\"https:\\\/\\\/eg-reeds.com\\\/pt-pt\\\/\",\"name\":\"www.eg-reeds.com\",\"description\":\"Palhetas obo\u00e9\",\"publisher\":{\"@id\":\"https:\\\/\\\/eg-reeds.com\\\/pt-pt\\\/#organization\"},\"alternateName\":\"eg-reeds.com\",\"potentialAction\":[{\"@type\":\"SearchAction\",\"target\":{\"@type\":\"EntryPoint\",\"urlTemplate\":\"https:\\\/\\\/eg-reeds.com\\\/pt-pt\\\/?s={search_term_string}\"},\"query-input\":{\"@type\":\"PropertyValueSpecification\",\"valueRequired\":true,\"valueName\":\"search_term_string\"}}],\"inLanguage\":\"pt-PT\"},{\"@type\":\"Organization\",\"@id\":\"https:\\\/\\\/eg-reeds.com\\\/pt-pt\\\/#organization\",\"name\":\"www.eg-reeds.com\",\"url\":\"https:\\\/\\\/eg-reeds.com\\\/pt-pt\\\/\",\"logo\":{\"@type\":\"ImageObject\",\"inLanguage\":\"pt-PT\",\"@id\":\"https:\\\/\\\/eg-reeds.com\\\/pt-pt\\\/#\\\/schema\\\/logo\\\/image\\\/\",\"url\":\"https:\\\/\\\/eg-reeds.com\\\/wp-content\\\/uploads\\\/2024\\\/06\\\/Logo-scaled-e1718793906611.jpg\",\"contentUrl\":\"https:\\\/\\\/eg-reeds.com\\\/wp-content\\\/uploads\\\/2024\\\/06\\\/Logo-scaled-e1718793906611.jpg\",\"width\":1200,\"height\":493,\"caption\":\"www.eg-reeds.com\"},\"image\":{\"@id\":\"https:\\\/\\\/eg-reeds.com\\\/pt-pt\\\/#\\\/schema\\\/logo\\\/image\\\/\"},\"sameAs\":[\"https:\\\/\\\/www.facebook.com\\\/EGREEDS\",\"https:\\\/\\\/x.com\\\/egreeds\",\"https:\\\/\\\/www.instagram.com\\\/egreeds\\\/\",\"https:\\\/\\\/www.youtube.com\\\/c\\\/EGREEDS\",\"https:\\\/\\\/www.threads.net\\\/@egreeds\",\"https:\\\/\\\/www.tiktok.com\\\/@egreeds\"]}]}<\/script>\n<meta property=\"og:availability\" content=\"instock\" \/>\n<meta property=\"product:availability\" content=\"instock\" \/>\n<meta property=\"product:retailer_item_id\" content=\"ACSS50\" \/>\n<meta property=\"product:condition\" content=\"new\" \/>\n<!-- \/ Yoast SEO Premium plugin. -->","yoast_head_json":{"title":"Placa de secagem para 50 palhetas de obo\u00e9.","description":"A Placa de secagem para 50 palhetas de obo\u00e9 EG-REEDS \u00e9 o acess\u00f3rio ideal para cuidar das suas palhetas. Compacta, elegante e pr\u00e1tica, \u00e9 f\u00e1cil de transportar","robots":{"index":"index","follow":"follow","max-snippet":"max-snippet:-1","max-image-preview":"max-image-preview:large","max-video-preview":"max-video-preview:-1"},"canonical":"https:\/\/eg-reeds.com\/pt-pt\/shop\/acessorios\/placas-de-secagem\/placa-de-secagem-para-50-palhetas-de-oboe\/","og_locale":"pt_PT","og_type":"article","og_title":"Placa de secagem para 50 palhetas de obo\u00e9","og_description":"A Placa de secagem para 50 palhetas de obo\u00e9 EG-REEDS \u00e9 o acess\u00f3rio ideal para cuidar das suas palhetas. Compacta, elegante e pr\u00e1tica, \u00e9 f\u00e1cil de transportar","og_url":"https:\/\/eg-reeds.com\/pt-pt\/shop\/acessorios\/placas-de-secagem\/placa-de-secagem-para-50-palhetas-de-oboe\/","og_site_name":"EG-REEDS","article_publisher":"https:\/\/www.facebook.com\/EGREEDS","article_modified_time":"2024-11-26T09:06:11+00:00","og_image":[{"width":2560,"height":2560,"url":"https:\/\/eg-reeds.com\/wp-content\/uploads\/2024\/11\/MG_1262_17_11zon-scaled.webp","type":"image\/webp"}],"twitter_card":"summary_large_image","twitter_site":"@egreeds","twitter_misc":{"Disponibilidade":"Em stock"},"schema":{"@context":"https:\/\/schema.org","@graph":[{"@type":["WebPage","ItemPage"],"@id":"https:\/\/eg-reeds.com\/pt-pt\/shop\/acessorios\/placas-de-secagem\/placa-de-secagem-para-50-palhetas-de-oboe\/","url":"https:\/\/eg-reeds.com\/pt-pt\/shop\/acessorios\/placas-de-secagem\/placa-de-secagem-para-50-palhetas-de-oboe\/","name":"Placa de secagem para 50 palhetas de obo\u00e9.","isPartOf":{"@id":"https:\/\/eg-reeds.com\/pt-pt\/#website"},"primaryImageOfPage":{"@id":"https:\/\/eg-reeds.com\/pt-pt\/shop\/acessorios\/placas-de-secagem\/placa-de-secagem-para-50-palhetas-de-oboe\/#primaryimage"},"image":{"@id":"https:\/\/eg-reeds.com\/pt-pt\/shop\/acessorios\/placas-de-secagem\/placa-de-secagem-para-50-palhetas-de-oboe\/#primaryimage"},"thumbnailUrl":"https:\/\/eg-reeds.com\/wp-content\/uploads\/2024\/11\/MG_1262_17_11zon-scaled.webp","datePublished":"2024-11-25T19:52:49+00:00","dateModified":"2024-11-26T09:06:11+00:00","description":"A Placa de secagem para 50 palhetas de obo\u00e9 EG-REEDS \u00e9 o acess\u00f3rio ideal para cuidar das suas palhetas. Compacta, elegante e pr\u00e1tica, \u00e9 f\u00e1cil de transportar","breadcrumb":{"@id":"https:\/\/eg-reeds.com\/pt-pt\/shop\/acessorios\/placas-de-secagem\/placa-de-secagem-para-50-palhetas-de-oboe\/#breadcrumb"},"inLanguage":"pt-PT","potentialAction":[{"@type":"ReadAction","target":["https:\/\/eg-reeds.com\/pt-pt\/shop\/acessorios\/placas-de-secagem\/placa-de-secagem-para-50-palhetas-de-oboe\/"]}]},{"@type":"ImageObject","inLanguage":"pt-PT","@id":"https:\/\/eg-reeds.com\/pt-pt\/shop\/acessorios\/placas-de-secagem\/placa-de-secagem-para-50-palhetas-de-oboe\/#primaryimage","url":"https:\/\/eg-reeds.com\/wp-content\/uploads\/2024\/11\/MG_1262_17_11zon-scaled.webp","contentUrl":"https:\/\/eg-reeds.com\/wp-content\/uploads\/2024\/11\/MG_1262_17_11zon-scaled.webp","width":2560,"height":2560,"caption":"Placa de secagem para 50 palhetas de obo\u00e9"},{"@type":"BreadcrumbList","@id":"https:\/\/eg-reeds.com\/pt-pt\/shop\/acessorios\/placas-de-secagem\/placa-de-secagem-para-50-palhetas-de-oboe\/#breadcrumb","itemListElement":[{"@type":"ListItem","position":1,"name":"Startseite","item":"https:\/\/eg-reeds.com\/pt-pt\/"},{"@type":"ListItem","position":2,"name":"Loja","item":"https:\/\/eg-reeds.com\/pt-pt\/"},{"@type":"ListItem","position":3,"name":"Placa de secagem para 50 palhetas de obo\u00e9"}]},{"@type":"WebSite","@id":"https:\/\/eg-reeds.com\/pt-pt\/#website","url":"https:\/\/eg-reeds.com\/pt-pt\/","name":"www.eg-reeds.com","description":"Palhetas obo\u00e9","publisher":{"@id":"https:\/\/eg-reeds.com\/pt-pt\/#organization"},"alternateName":"eg-reeds.com","potentialAction":[{"@type":"SearchAction","target":{"@type":"EntryPoint","urlTemplate":"https:\/\/eg-reeds.com\/pt-pt\/?s={search_term_string}"},"query-input":{"@type":"PropertyValueSpecification","valueRequired":true,"valueName":"search_term_string"}}],"inLanguage":"pt-PT"},{"@type":"Organization","@id":"https:\/\/eg-reeds.com\/pt-pt\/#organization","name":"www.eg-reeds.com","url":"https:\/\/eg-reeds.com\/pt-pt\/","logo":{"@type":"ImageObject","inLanguage":"pt-PT","@id":"https:\/\/eg-reeds.com\/pt-pt\/#\/schema\/logo\/image\/","url":"https:\/\/eg-reeds.com\/wp-content\/uploads\/2024\/06\/Logo-scaled-e1718793906611.jpg","contentUrl":"https:\/\/eg-reeds.com\/wp-content\/uploads\/2024\/06\/Logo-scaled-e1718793906611.jpg","width":1200,"height":493,"caption":"www.eg-reeds.com"},"image":{"@id":"https:\/\/eg-reeds.com\/pt-pt\/#\/schema\/logo\/image\/"},"sameAs":["https:\/\/www.facebook.com\/EGREEDS","https:\/\/x.com\/egreeds","https:\/\/www.instagram.com\/egreeds\/","https:\/\/www.youtube.com\/c\/EGREEDS","https:\/\/www.threads.net\/@egreeds","https:\/\/www.tiktok.com\/@egreeds"]}]},"og_availability":"instock","product_availability":"instock","product_retailer_item_id":"ACSS50","product_condition":"new"},"_links":{"self":[{"href":"https:\/\/eg-reeds.com\/pt-pt\/wp-json\/wp\/v2\/product\/54121","targetHints":{"allow":["GET"]}}],"collection":[{"href":"https:\/\/eg-reeds.com\/pt-pt\/wp-json\/wp\/v2\/product"}],"about":[{"href":"https:\/\/eg-reeds.com\/pt-pt\/wp-json\/wp\/v2\/types\/product"}],"replies":[{"embeddable":true,"href":"https:\/\/eg-reeds.com\/pt-pt\/wp-json\/wp\/v2\/comments?post=54121"}],"wp:featuredmedia":[{"embeddable":true,"href":"https:\/\/eg-reeds.com\/pt-pt\/wp-json\/wp\/v2\/media\/54229"}],"wp:attachment":[{"href":"https:\/\/eg-reeds.com\/pt-pt\/wp-json\/wp\/v2\/media?parent=54121"}],"wp:term":[{"taxonomy":"product_brand","embeddable":true,"href":"https:\/\/eg-reeds.com\/pt-pt\/wp-json\/wp\/v2\/product_brand?post=54121"},{"taxonomy":"product_cat","embeddable":true,"href":"https:\/\/eg-reeds.com\/pt-pt\/wp-json\/wp\/v2\/product_cat?post=54121"},{"taxonomy":"product_tag","embeddable":true,"href":"https:\/\/eg-reeds.com\/pt-pt\/wp-json\/wp\/v2\/product_tag?post=54121"},{"taxonomy":"giftcard-category","embeddable":true,"href":"https:\/\/eg-reeds.com\/pt-pt\/wp-json\/wp\/v2\/giftcard-category?post=54121"}],"curies":[{"name":"wp","href":"https:\/\/api.w.org\/{rel}","templated":true}]}}