{"id":54651,"date":"2025-01-10T08:39:56","date_gmt":"2025-01-10T07:39:56","guid":{"rendered":"https:\/\/eg-reeds.com\/?post_type=product&#038;p=54651"},"modified":"2025-01-13T08:48:01","modified_gmt":"2025-01-13T07:48:01","slug":"faca-walter","status":"publish","type":"product","link":"https:\/\/eg-reeds.com\/pt-pt\/shop\/acessorios\/facas\/faca-walter\/","title":{"rendered":"Faca Walter"},"content":{"rendered":"<h1><strong>Faca Walter.<\/strong><\/h1>\n<p>A faca Walter \u00e9 uma ferramenta premium projetada para oferecer precis\u00e3o e confiabilidade na raspagem de palhetas. Fabricada pelo renomado fabricante Chiarugi, esta faca conta com uma <strong>l\u00e2mina intercambi\u00e1vel<\/strong> para uma raspagem precisa e consistente. Um acess\u00f3rio indispens\u00e1vel no kit de qualquer obo\u00edsta ou fagotista que queira raspar palhetas de obo\u00e9 ou fagote. As l\u00e2minas intercambi\u00e1veis garantem um fio perfeito.<\/p>\n<p>A l\u00e2mina de estilete, com um \u00e2ngulo agudo, \u00e9 fabricada em a\u00e7o de alta qualidade, utilizando <strong>t\u00eampera no estilo japon\u00eas<\/strong> e um processo de afia\u00e7\u00e3o em m\u00faltiplas etapas que garante uma raspagem suave e precisa com um n\u00edvel excepcional de detalhe. Projetada para atender aos padr\u00f5es dos fabricantes profissionais de palhetas, esta faca oferece durabilidade e um desempenho excepcional.<\/p>\n<p>Cada conjunto inclui uma capa de couro para prote\u00e7\u00e3o e um <a href=\"https:\/\/eg-reeds.com\/pt-pt\/shop\/acessorios\/facas\/laminas-para-faca-walter\/\" target=\"_blank\" rel=\"noopener\"><strong>jogo de 10 l\u00e2minas de reposi\u00e7\u00e3o<\/strong><\/a>, proporcionando conveni\u00eancia e \u00f3timo custo-benef\u00edcio. Seja voc\u00ea obo\u00edsta ou fagotista, a faca Walter \u00e9 a escolha perfeita para fabricar palhetas de alta qualidade com m\u00e1xima precis\u00e3o.<\/p>\n<p><iframe loading=\"lazy\" title=\"Navaja Walter. Knife Walter.\" width=\"1020\" height=\"574\" src=\"https:\/\/www.youtube.com\/embed\/tFPIo7ycS5s?feature=oembed\" frameborder=\"0\" allow=\"accelerometer; autoplay; clipboard-write; encrypted-media; gyroscope; picture-in-picture; web-share\" referrerpolicy=\"strict-origin-when-cross-origin\" allowfullscreen><\/iframe><\/p>\n","protected":false},"excerpt":{"rendered":"<p>Faca profissional para a fabrica\u00e7\u00e3o de palhetas. Com uma l\u00e2mina intercambi\u00e1vel.<\/p>\n","protected":false},"featured_media":54677,"comment_status":"open","ping_status":"closed","template":"","meta":[],"product_brand":[],"product_cat":[1422,1488],"product_tag":[],"giftcard-category":[],"class_list":{"0":"post-54651","1":"product","2":"type-product","3":"status-publish","4":"has-post-thumbnail","6":"product_cat-acessorios","7":"product_cat-facas","9":"first","10":"instock","11":"taxable","12":"shipping-taxable","13":"purchasable","14":"product-type-simple"},"yoast_head":"<!-- This site is optimized with the Yoast SEO Premium plugin v27.0 (Yoast SEO v27.3) - https:\/\/yoast.com\/product\/yoast-seo-premium-wordpress\/ -->\n<title>Faca Walter - EG-REEDS<\/title>\n<meta name=\"description\" content=\"Pode comprar a sua faca Walter aqui, uma ferramenta projetada para oferecer precis\u00e3o na raspagem de palhetas. Com uma l\u00e2mina intercambi\u00e1vel.\" \/>\n<meta name=\"robots\" content=\"index, follow, max-snippet:-1, max-image-preview:large, max-video-preview:-1\" \/>\n<link rel=\"canonical\" href=\"https:\/\/eg-reeds.com\/pt-pt\/shop\/acessorios\/facas\/faca-walter\/\" \/>\n<meta property=\"og:locale\" content=\"pt_PT\" \/>\n<meta property=\"og:type\" content=\"article\" \/>\n<meta property=\"og:title\" content=\"Faca Walter\" \/>\n<meta property=\"og:description\" content=\"Pode comprar a sua faca Walter aqui, uma ferramenta projetada para oferecer precis\u00e3o na raspagem de palhetas. Com uma l\u00e2mina intercambi\u00e1vel.\" \/>\n<meta property=\"og:url\" content=\"https:\/\/eg-reeds.com\/pt-pt\/shop\/acessorios\/facas\/faca-walter\/\" \/>\n<meta property=\"og:site_name\" content=\"EG-REEDS\" \/>\n<meta property=\"article:publisher\" content=\"https:\/\/www.facebook.com\/EGREEDS\" \/>\n<meta property=\"article:modified_time\" content=\"2025-01-13T07:48:01+00:00\" \/>\n<meta property=\"og:image\" content=\"https:\/\/eg-reeds.com\/wp-content\/uploads\/2025\/01\/Reed-making-knife-Walter.webp\" \/>\n\t<meta property=\"og:image:width\" content=\"1280\" \/>\n\t<meta property=\"og:image:height\" content=\"1088\" \/>\n\t<meta property=\"og:image:type\" content=\"image\/webp\" \/>\n<meta name=\"twitter:card\" content=\"summary_large_image\" \/>\n<meta name=\"twitter:site\" content=\"@egreeds\" \/>\n<meta name=\"twitter:label1\" content=\"pre\u00e7o\" \/>\n\t<meta name=\"twitter:data1\" content=\"95,00&euro;\" \/>\n\t<meta name=\"twitter:label2\" content=\"Disponibilidade\" \/>\n\t<meta name=\"twitter:data2\" content=\"Em stock\" \/>\n<script type=\"application\/ld+json\" class=\"yoast-schema-graph\">{\"@context\":\"https:\\\/\\\/schema.org\",\"@graph\":[{\"@type\":[\"WebPage\",\"ItemPage\"],\"@id\":\"https:\\\/\\\/eg-reeds.com\\\/pt-pt\\\/shop\\\/acessorios\\\/facas\\\/faca-walter\\\/\",\"url\":\"https:\\\/\\\/eg-reeds.com\\\/pt-pt\\\/shop\\\/acessorios\\\/facas\\\/faca-walter\\\/\",\"name\":\"Faca Walter - EG-REEDS\",\"isPartOf\":{\"@id\":\"https:\\\/\\\/eg-reeds.com\\\/pt-pt\\\/#website\"},\"primaryImageOfPage\":{\"@id\":\"https:\\\/\\\/eg-reeds.com\\\/pt-pt\\\/shop\\\/acessorios\\\/facas\\\/faca-walter\\\/#primaryimage\"},\"image\":{\"@id\":\"https:\\\/\\\/eg-reeds.com\\\/pt-pt\\\/shop\\\/acessorios\\\/facas\\\/faca-walter\\\/#primaryimage\"},\"thumbnailUrl\":\"https:\\\/\\\/eg-reeds.com\\\/wp-content\\\/uploads\\\/2025\\\/01\\\/Reed-making-knife-Walter.webp\",\"datePublished\":\"2025-01-10T07:39:56+00:00\",\"dateModified\":\"2025-01-13T07:48:01+00:00\",\"description\":\"Pode comprar a sua faca Walter aqui, uma ferramenta projetada para oferecer precis\u00e3o na raspagem de palhetas. Com uma l\u00e2mina intercambi\u00e1vel.\",\"breadcrumb\":{\"@id\":\"https:\\\/\\\/eg-reeds.com\\\/pt-pt\\\/shop\\\/acessorios\\\/facas\\\/faca-walter\\\/#breadcrumb\"},\"inLanguage\":\"pt-PT\",\"potentialAction\":[{\"@type\":\"ReadAction\",\"target\":[\"https:\\\/\\\/eg-reeds.com\\\/pt-pt\\\/shop\\\/acessorios\\\/facas\\\/faca-walter\\\/\"]}]},{\"@type\":\"ImageObject\",\"inLanguage\":\"pt-PT\",\"@id\":\"https:\\\/\\\/eg-reeds.com\\\/pt-pt\\\/shop\\\/acessorios\\\/facas\\\/faca-walter\\\/#primaryimage\",\"url\":\"https:\\\/\\\/eg-reeds.com\\\/wp-content\\\/uploads\\\/2025\\\/01\\\/Reed-making-knife-Walter.webp\",\"contentUrl\":\"https:\\\/\\\/eg-reeds.com\\\/wp-content\\\/uploads\\\/2025\\\/01\\\/Reed-making-knife-Walter.webp\",\"width\":1280,\"height\":1088,\"caption\":\"Comprar faca Walter\"},{\"@type\":\"BreadcrumbList\",\"@id\":\"https:\\\/\\\/eg-reeds.com\\\/pt-pt\\\/shop\\\/acessorios\\\/facas\\\/faca-walter\\\/#breadcrumb\",\"itemListElement\":[{\"@type\":\"ListItem\",\"position\":1,\"name\":\"Startseite\",\"item\":\"https:\\\/\\\/eg-reeds.com\\\/pt-pt\\\/\"},{\"@type\":\"ListItem\",\"position\":2,\"name\":\"Loja\",\"item\":\"https:\\\/\\\/eg-reeds.com\\\/pt-pt\\\/\"},{\"@type\":\"ListItem\",\"position\":3,\"name\":\"Faca Walter\"}]},{\"@type\":\"WebSite\",\"@id\":\"https:\\\/\\\/eg-reeds.com\\\/pt-pt\\\/#website\",\"url\":\"https:\\\/\\\/eg-reeds.com\\\/pt-pt\\\/\",\"name\":\"www.eg-reeds.com\",\"description\":\"Palhetas obo\u00e9\",\"publisher\":{\"@id\":\"https:\\\/\\\/eg-reeds.com\\\/pt-pt\\\/#organization\"},\"alternateName\":\"eg-reeds.com\",\"potentialAction\":[{\"@type\":\"SearchAction\",\"target\":{\"@type\":\"EntryPoint\",\"urlTemplate\":\"https:\\\/\\\/eg-reeds.com\\\/pt-pt\\\/?s={search_term_string}\"},\"query-input\":{\"@type\":\"PropertyValueSpecification\",\"valueRequired\":true,\"valueName\":\"search_term_string\"}}],\"inLanguage\":\"pt-PT\"},{\"@type\":\"Organization\",\"@id\":\"https:\\\/\\\/eg-reeds.com\\\/pt-pt\\\/#organization\",\"name\":\"www.eg-reeds.com\",\"url\":\"https:\\\/\\\/eg-reeds.com\\\/pt-pt\\\/\",\"logo\":{\"@type\":\"ImageObject\",\"inLanguage\":\"pt-PT\",\"@id\":\"https:\\\/\\\/eg-reeds.com\\\/pt-pt\\\/#\\\/schema\\\/logo\\\/image\\\/\",\"url\":\"https:\\\/\\\/eg-reeds.com\\\/wp-content\\\/uploads\\\/2024\\\/06\\\/Logo-scaled-e1718793906611.jpg\",\"contentUrl\":\"https:\\\/\\\/eg-reeds.com\\\/wp-content\\\/uploads\\\/2024\\\/06\\\/Logo-scaled-e1718793906611.jpg\",\"width\":1200,\"height\":493,\"caption\":\"www.eg-reeds.com\"},\"image\":{\"@id\":\"https:\\\/\\\/eg-reeds.com\\\/pt-pt\\\/#\\\/schema\\\/logo\\\/image\\\/\"},\"sameAs\":[\"https:\\\/\\\/www.facebook.com\\\/EGREEDS\",\"https:\\\/\\\/x.com\\\/egreeds\",\"https:\\\/\\\/www.instagram.com\\\/egreeds\\\/\",\"https:\\\/\\\/www.youtube.com\\\/c\\\/EGREEDS\",\"https:\\\/\\\/www.threads.net\\\/@egreeds\",\"https:\\\/\\\/www.tiktok.com\\\/@egreeds\"]}]}<\/script>\n<meta property=\"product:price:amount\" content=\"95.00\" \/>\n<meta property=\"product:price:currency\" content=\"EUR\" \/>\n<meta property=\"og:availability\" content=\"instock\" \/>\n<meta property=\"product:availability\" content=\"instock\" \/>\n<meta property=\"product:retailer_item_id\" content=\"ACNNW\" \/>\n<meta property=\"product:condition\" content=\"new\" \/>\n<!-- \/ Yoast SEO Premium plugin. -->","yoast_head_json":{"title":"Faca Walter - EG-REEDS","description":"Pode comprar a sua faca Walter aqui, uma ferramenta projetada para oferecer precis\u00e3o na raspagem de palhetas. Com uma l\u00e2mina intercambi\u00e1vel.","robots":{"index":"index","follow":"follow","max-snippet":"max-snippet:-1","max-image-preview":"max-image-preview:large","max-video-preview":"max-video-preview:-1"},"canonical":"https:\/\/eg-reeds.com\/pt-pt\/shop\/acessorios\/facas\/faca-walter\/","og_locale":"pt_PT","og_type":"article","og_title":"Faca Walter","og_description":"Pode comprar a sua faca Walter aqui, uma ferramenta projetada para oferecer precis\u00e3o na raspagem de palhetas. Com uma l\u00e2mina intercambi\u00e1vel.","og_url":"https:\/\/eg-reeds.com\/pt-pt\/shop\/acessorios\/facas\/faca-walter\/","og_site_name":"EG-REEDS","article_publisher":"https:\/\/www.facebook.com\/EGREEDS","article_modified_time":"2025-01-13T07:48:01+00:00","og_image":[{"width":1280,"height":1088,"url":"https:\/\/eg-reeds.com\/wp-content\/uploads\/2025\/01\/Reed-making-knife-Walter.webp","type":"image\/webp"}],"twitter_card":"summary_large_image","twitter_site":"@egreeds","twitter_misc":{"pre\u00e7o":"95,00&euro;","Disponibilidade":"Em stock"},"schema":{"@context":"https:\/\/schema.org","@graph":[{"@type":["WebPage","ItemPage"],"@id":"https:\/\/eg-reeds.com\/pt-pt\/shop\/acessorios\/facas\/faca-walter\/","url":"https:\/\/eg-reeds.com\/pt-pt\/shop\/acessorios\/facas\/faca-walter\/","name":"Faca Walter - EG-REEDS","isPartOf":{"@id":"https:\/\/eg-reeds.com\/pt-pt\/#website"},"primaryImageOfPage":{"@id":"https:\/\/eg-reeds.com\/pt-pt\/shop\/acessorios\/facas\/faca-walter\/#primaryimage"},"image":{"@id":"https:\/\/eg-reeds.com\/pt-pt\/shop\/acessorios\/facas\/faca-walter\/#primaryimage"},"thumbnailUrl":"https:\/\/eg-reeds.com\/wp-content\/uploads\/2025\/01\/Reed-making-knife-Walter.webp","datePublished":"2025-01-10T07:39:56+00:00","dateModified":"2025-01-13T07:48:01+00:00","description":"Pode comprar a sua faca Walter aqui, uma ferramenta projetada para oferecer precis\u00e3o na raspagem de palhetas. Com uma l\u00e2mina intercambi\u00e1vel.","breadcrumb":{"@id":"https:\/\/eg-reeds.com\/pt-pt\/shop\/acessorios\/facas\/faca-walter\/#breadcrumb"},"inLanguage":"pt-PT","potentialAction":[{"@type":"ReadAction","target":["https:\/\/eg-reeds.com\/pt-pt\/shop\/acessorios\/facas\/faca-walter\/"]}]},{"@type":"ImageObject","inLanguage":"pt-PT","@id":"https:\/\/eg-reeds.com\/pt-pt\/shop\/acessorios\/facas\/faca-walter\/#primaryimage","url":"https:\/\/eg-reeds.com\/wp-content\/uploads\/2025\/01\/Reed-making-knife-Walter.webp","contentUrl":"https:\/\/eg-reeds.com\/wp-content\/uploads\/2025\/01\/Reed-making-knife-Walter.webp","width":1280,"height":1088,"caption":"Comprar faca Walter"},{"@type":"BreadcrumbList","@id":"https:\/\/eg-reeds.com\/pt-pt\/shop\/acessorios\/facas\/faca-walter\/#breadcrumb","itemListElement":[{"@type":"ListItem","position":1,"name":"Startseite","item":"https:\/\/eg-reeds.com\/pt-pt\/"},{"@type":"ListItem","position":2,"name":"Loja","item":"https:\/\/eg-reeds.com\/pt-pt\/"},{"@type":"ListItem","position":3,"name":"Faca Walter"}]},{"@type":"WebSite","@id":"https:\/\/eg-reeds.com\/pt-pt\/#website","url":"https:\/\/eg-reeds.com\/pt-pt\/","name":"www.eg-reeds.com","description":"Palhetas obo\u00e9","publisher":{"@id":"https:\/\/eg-reeds.com\/pt-pt\/#organization"},"alternateName":"eg-reeds.com","potentialAction":[{"@type":"SearchAction","target":{"@type":"EntryPoint","urlTemplate":"https:\/\/eg-reeds.com\/pt-pt\/?s={search_term_string}"},"query-input":{"@type":"PropertyValueSpecification","valueRequired":true,"valueName":"search_term_string"}}],"inLanguage":"pt-PT"},{"@type":"Organization","@id":"https:\/\/eg-reeds.com\/pt-pt\/#organization","name":"www.eg-reeds.com","url":"https:\/\/eg-reeds.com\/pt-pt\/","logo":{"@type":"ImageObject","inLanguage":"pt-PT","@id":"https:\/\/eg-reeds.com\/pt-pt\/#\/schema\/logo\/image\/","url":"https:\/\/eg-reeds.com\/wp-content\/uploads\/2024\/06\/Logo-scaled-e1718793906611.jpg","contentUrl":"https:\/\/eg-reeds.com\/wp-content\/uploads\/2024\/06\/Logo-scaled-e1718793906611.jpg","width":1200,"height":493,"caption":"www.eg-reeds.com"},"image":{"@id":"https:\/\/eg-reeds.com\/pt-pt\/#\/schema\/logo\/image\/"},"sameAs":["https:\/\/www.facebook.com\/EGREEDS","https:\/\/x.com\/egreeds","https:\/\/www.instagram.com\/egreeds\/","https:\/\/www.youtube.com\/c\/EGREEDS","https:\/\/www.threads.net\/@egreeds","https:\/\/www.tiktok.com\/@egreeds"]}]},"product_price_amount":"95.00","product_price_currency":"EUR","og_availability":"instock","product_availability":"instock","product_retailer_item_id":"ACNNW","product_condition":"new"},"_links":{"self":[{"href":"https:\/\/eg-reeds.com\/pt-pt\/wp-json\/wp\/v2\/product\/54651","targetHints":{"allow":["GET"]}}],"collection":[{"href":"https:\/\/eg-reeds.com\/pt-pt\/wp-json\/wp\/v2\/product"}],"about":[{"href":"https:\/\/eg-reeds.com\/pt-pt\/wp-json\/wp\/v2\/types\/product"}],"replies":[{"embeddable":true,"href":"https:\/\/eg-reeds.com\/pt-pt\/wp-json\/wp\/v2\/comments?post=54651"}],"wp:featuredmedia":[{"embeddable":true,"href":"https:\/\/eg-reeds.com\/pt-pt\/wp-json\/wp\/v2\/media\/54677"}],"wp:attachment":[{"href":"https:\/\/eg-reeds.com\/pt-pt\/wp-json\/wp\/v2\/media?parent=54651"}],"wp:term":[{"taxonomy":"product_brand","embeddable":true,"href":"https:\/\/eg-reeds.com\/pt-pt\/wp-json\/wp\/v2\/product_brand?post=54651"},{"taxonomy":"product_cat","embeddable":true,"href":"https:\/\/eg-reeds.com\/pt-pt\/wp-json\/wp\/v2\/product_cat?post=54651"},{"taxonomy":"product_tag","embeddable":true,"href":"https:\/\/eg-reeds.com\/pt-pt\/wp-json\/wp\/v2\/product_tag?post=54651"},{"taxonomy":"giftcard-category","embeddable":true,"href":"https:\/\/eg-reeds.com\/pt-pt\/wp-json\/wp\/v2\/giftcard-category?post=54651"}],"curies":[{"name":"wp","href":"https:\/\/api.w.org\/{rel}","templated":true}]}}