{"id":54966,"date":"2024-05-24T12:47:42","date_gmt":"2025-01-24T09:30:14","guid":{"rendered":"https:\/\/eg-reeds.com\/?post_type=product&#038;p=54966"},"modified":"2025-01-24T10:30:15","modified_gmt":"2025-01-24T09:30:15","slug":"metronomo-korg-ma-2","status":"publish","type":"product","link":"https:\/\/eg-reeds.com\/pt-pt\/shop\/acessorios\/acessorios-instrumentos\/metronomo-korg-ma-2\/","title":{"rendered":"Metr\u00f4nomo Korg MA-2"},"content":{"rendered":"<h1><strong>Metr\u00f4nomo Korg MA-2.<\/strong><\/h1>\n<div>Metr\u00f4nomo Korg MA-2, um metr\u00f4nomo eletr\u00f4nico compacto. O MA-2 \u00e9 indispens\u00e1vel para o estudo da m\u00fasica, especialmente do ritmo, com qualquer instrumento musical. Gra\u00e7as ao seu tamanho compacto, possui todas as fun\u00e7\u00f5es de um metr\u00f4nomo musical, mas \u00e9 f\u00e1cil de levar para qualquer lugar.<\/div>\n<div><\/div>\n<div>Domine seu ritmo com este metr\u00f4nomo eletr\u00f4nico port\u00e1til e f\u00e1cil de usar. Com uma ampla faixa de tempo (30-252 bpm), v\u00e1rios padr\u00f5es r\u00edtmicos (incluindo tempos, tercinas e colcheias), uma tela LCD clara e um alto-falante potente. Este metr\u00f4nomo \u00e9 ideal para m\u00fasicos de todos os n\u00edveis.<\/div>\n<div><\/div>\n<div>O Korg MA-2 tamb\u00e9m inclui uma interface f\u00e1cil de usar e um modo de temporizador inovador para melhorar as sess\u00f5es de pr\u00e1tica com qualquer instrumento musical.<\/div>\n<div><\/div>\n<div>Agora voc\u00ea pode comprar seu metr\u00f4nomo Korg na EG-REEDS.<\/div>\n<div><\/div>\n","protected":false},"excerpt":{"rendered":"<p>Metr\u00f4nomo Korg MA-2. Metr\u00f4nomo Korg MA-2, um metr\u00f4nomo eletr\u00f4nico compacto. O MA-2 \u00e9 indispens\u00e1vel para o estudo da m\u00fasica, especialmente do ritmo, com qualquer instrumento musical. Gra\u00e7as ao seu tamanho compacto, possui todas as fun\u00e7\u00f5es de um metr\u00f4nomo musical, mas \u00e9 f\u00e1cil de levar para qualquer lugar. Domine seu ritmo com este metr\u00f4nomo eletr\u00f4nico port\u00e1til [&#8230;]\n","protected":false},"featured_media":51471,"comment_status":"open","ping_status":"closed","template":"","meta":[],"product_brand":[],"product_cat":[3579],"product_tag":[],"giftcard-category":[],"class_list":{"0":"post-54966","1":"product","2":"type-product","3":"status-publish","4":"has-post-thumbnail","6":"product_cat-acessorios-instrumentos","8":"first","9":"instock","10":"taxable","11":"shipping-taxable","12":"purchasable","13":"product-type-simple"},"yoast_head":"<!-- This site is optimized with the Yoast SEO Premium plugin v27.0 (Yoast SEO v27.3) - https:\/\/yoast.com\/product\/yoast-seo-premium-wordpress\/ -->\n<title>Metr\u00f4nomo Korg MA-2 - EG-REEDS<\/title>\n<meta name=\"description\" content=\"Metr\u00f4nomo Korg MA-2, um metr\u00f4nomo eletr\u00f4nico compacto. O MA-2 \u00e9 indispens\u00e1vel para o estudo do ritmo, com qualquer instrumento musical.\" \/>\n<meta name=\"robots\" content=\"index, follow, max-snippet:-1, max-image-preview:large, max-video-preview:-1\" \/>\n<link rel=\"canonical\" href=\"https:\/\/eg-reeds.com\/pt-pt\/shop\/acessorios\/acessorios-instrumentos\/metronomo-korg-ma-2\/\" \/>\n<meta property=\"og:locale\" content=\"pt_PT\" \/>\n<meta property=\"og:type\" content=\"article\" \/>\n<meta property=\"og:title\" content=\"Metr\u00f4nomo Korg MA-2\" \/>\n<meta property=\"og:description\" content=\"Metr\u00f4nomo Korg MA-2, um metr\u00f4nomo eletr\u00f4nico compacto. O MA-2 \u00e9 indispens\u00e1vel para o estudo do ritmo, com qualquer instrumento musical.\" \/>\n<meta property=\"og:url\" content=\"https:\/\/eg-reeds.com\/pt-pt\/shop\/acessorios\/acessorios-instrumentos\/metronomo-korg-ma-2\/\" \/>\n<meta property=\"og:site_name\" content=\"EG-REEDS\" \/>\n<meta property=\"article:publisher\" content=\"https:\/\/www.facebook.com\/EGREEDS\" \/>\n<meta property=\"article:modified_time\" content=\"2025-01-24T09:30:15+00:00\" \/>\n<meta property=\"og:image\" content=\"https:\/\/eg-reeds.com\/wp-content\/uploads\/2024\/05\/Korg-MA-2-Metronome.jpg\" \/>\n\t<meta property=\"og:image:width\" content=\"679\" \/>\n\t<meta property=\"og:image:height\" content=\"406\" \/>\n\t<meta property=\"og:image:type\" content=\"image\/jpeg\" \/>\n<meta name=\"twitter:card\" content=\"summary_large_image\" \/>\n<meta name=\"twitter:site\" content=\"@egreeds\" \/>\n<meta name=\"twitter:label1\" content=\"pre\u00e7o\" \/>\n\t<meta name=\"twitter:data1\" content=\"20,00&euro;\" \/>\n\t<meta name=\"twitter:label2\" content=\"Disponibilidade\" \/>\n\t<meta name=\"twitter:data2\" content=\"Em stock\" \/>\n<script type=\"application\/ld+json\" class=\"yoast-schema-graph\">{\"@context\":\"https:\\\/\\\/schema.org\",\"@graph\":[{\"@type\":[\"WebPage\",\"ItemPage\"],\"@id\":\"https:\\\/\\\/eg-reeds.com\\\/pt-pt\\\/shop\\\/acessorios\\\/acessorios-instrumentos\\\/metronomo-korg-ma-2\\\/\",\"url\":\"https:\\\/\\\/eg-reeds.com\\\/pt-pt\\\/shop\\\/acessorios\\\/acessorios-instrumentos\\\/metronomo-korg-ma-2\\\/\",\"name\":\"Metr\u00f4nomo Korg MA-2 - EG-REEDS\",\"isPartOf\":{\"@id\":\"https:\\\/\\\/eg-reeds.com\\\/pt-pt\\\/#website\"},\"primaryImageOfPage\":{\"@id\":\"https:\\\/\\\/eg-reeds.com\\\/pt-pt\\\/shop\\\/acessorios\\\/acessorios-instrumentos\\\/metronomo-korg-ma-2\\\/#primaryimage\"},\"image\":{\"@id\":\"https:\\\/\\\/eg-reeds.com\\\/pt-pt\\\/shop\\\/acessorios\\\/acessorios-instrumentos\\\/metronomo-korg-ma-2\\\/#primaryimage\"},\"thumbnailUrl\":\"https:\\\/\\\/eg-reeds.com\\\/wp-content\\\/uploads\\\/2024\\\/05\\\/Korg-MA-2-Metronome.jpg\",\"datePublished\":\"2025-01-24T09:30:14+00:00\",\"dateModified\":\"2025-01-24T09:30:15+00:00\",\"description\":\"Metr\u00f4nomo Korg MA-2, um metr\u00f4nomo eletr\u00f4nico compacto. O MA-2 \u00e9 indispens\u00e1vel para o estudo do ritmo, com qualquer instrumento musical.\",\"breadcrumb\":{\"@id\":\"https:\\\/\\\/eg-reeds.com\\\/pt-pt\\\/shop\\\/acessorios\\\/acessorios-instrumentos\\\/metronomo-korg-ma-2\\\/#breadcrumb\"},\"inLanguage\":\"pt-PT\",\"potentialAction\":[{\"@type\":\"ReadAction\",\"target\":[\"https:\\\/\\\/eg-reeds.com\\\/pt-pt\\\/shop\\\/acessorios\\\/acessorios-instrumentos\\\/metronomo-korg-ma-2\\\/\"]}]},{\"@type\":\"ImageObject\",\"inLanguage\":\"pt-PT\",\"@id\":\"https:\\\/\\\/eg-reeds.com\\\/pt-pt\\\/shop\\\/acessorios\\\/acessorios-instrumentos\\\/metronomo-korg-ma-2\\\/#primaryimage\",\"url\":\"https:\\\/\\\/eg-reeds.com\\\/wp-content\\\/uploads\\\/2024\\\/05\\\/Korg-MA-2-Metronome.jpg\",\"contentUrl\":\"https:\\\/\\\/eg-reeds.com\\\/wp-content\\\/uploads\\\/2024\\\/05\\\/Korg-MA-2-Metronome.jpg\",\"width\":679,\"height\":406,\"caption\":\"Metr\u00f4nomo Korg\"},{\"@type\":\"BreadcrumbList\",\"@id\":\"https:\\\/\\\/eg-reeds.com\\\/pt-pt\\\/shop\\\/acessorios\\\/acessorios-instrumentos\\\/metronomo-korg-ma-2\\\/#breadcrumb\",\"itemListElement\":[{\"@type\":\"ListItem\",\"position\":1,\"name\":\"Startseite\",\"item\":\"https:\\\/\\\/eg-reeds.com\\\/pt-pt\\\/\"},{\"@type\":\"ListItem\",\"position\":2,\"name\":\"Loja\",\"item\":\"https:\\\/\\\/eg-reeds.com\\\/pt-pt\\\/\"},{\"@type\":\"ListItem\",\"position\":3,\"name\":\"Metr\u00f4nomo Korg MA-2\"}]},{\"@type\":\"WebSite\",\"@id\":\"https:\\\/\\\/eg-reeds.com\\\/pt-pt\\\/#website\",\"url\":\"https:\\\/\\\/eg-reeds.com\\\/pt-pt\\\/\",\"name\":\"www.eg-reeds.com\",\"description\":\"Palhetas obo\u00e9\",\"publisher\":{\"@id\":\"https:\\\/\\\/eg-reeds.com\\\/pt-pt\\\/#organization\"},\"alternateName\":\"eg-reeds.com\",\"potentialAction\":[{\"@type\":\"SearchAction\",\"target\":{\"@type\":\"EntryPoint\",\"urlTemplate\":\"https:\\\/\\\/eg-reeds.com\\\/pt-pt\\\/?s={search_term_string}\"},\"query-input\":{\"@type\":\"PropertyValueSpecification\",\"valueRequired\":true,\"valueName\":\"search_term_string\"}}],\"inLanguage\":\"pt-PT\"},{\"@type\":\"Organization\",\"@id\":\"https:\\\/\\\/eg-reeds.com\\\/pt-pt\\\/#organization\",\"name\":\"www.eg-reeds.com\",\"url\":\"https:\\\/\\\/eg-reeds.com\\\/pt-pt\\\/\",\"logo\":{\"@type\":\"ImageObject\",\"inLanguage\":\"pt-PT\",\"@id\":\"https:\\\/\\\/eg-reeds.com\\\/pt-pt\\\/#\\\/schema\\\/logo\\\/image\\\/\",\"url\":\"https:\\\/\\\/eg-reeds.com\\\/wp-content\\\/uploads\\\/2024\\\/06\\\/Logo-scaled-e1718793906611.jpg\",\"contentUrl\":\"https:\\\/\\\/eg-reeds.com\\\/wp-content\\\/uploads\\\/2024\\\/06\\\/Logo-scaled-e1718793906611.jpg\",\"width\":1200,\"height\":493,\"caption\":\"www.eg-reeds.com\"},\"image\":{\"@id\":\"https:\\\/\\\/eg-reeds.com\\\/pt-pt\\\/#\\\/schema\\\/logo\\\/image\\\/\"},\"sameAs\":[\"https:\\\/\\\/www.facebook.com\\\/EGREEDS\",\"https:\\\/\\\/x.com\\\/egreeds\",\"https:\\\/\\\/www.instagram.com\\\/egreeds\\\/\",\"https:\\\/\\\/www.youtube.com\\\/c\\\/EGREEDS\",\"https:\\\/\\\/www.threads.net\\\/@egreeds\",\"https:\\\/\\\/www.tiktok.com\\\/@egreeds\"]}]}<\/script>\n<meta property=\"product:price:amount\" content=\"20.00\" \/>\n<meta property=\"product:price:currency\" content=\"EUR\" \/>\n<meta property=\"og:availability\" content=\"instock\" \/>\n<meta property=\"product:availability\" content=\"instock\" \/>\n<meta property=\"product:retailer_item_id\" content=\"AAIMKorg\" \/>\n<meta property=\"product:condition\" content=\"new\" \/>\n<!-- \/ Yoast SEO Premium plugin. -->","yoast_head_json":{"title":"Metr\u00f4nomo Korg MA-2 - EG-REEDS","description":"Metr\u00f4nomo Korg MA-2, um metr\u00f4nomo eletr\u00f4nico compacto. O MA-2 \u00e9 indispens\u00e1vel para o estudo do ritmo, com qualquer instrumento musical.","robots":{"index":"index","follow":"follow","max-snippet":"max-snippet:-1","max-image-preview":"max-image-preview:large","max-video-preview":"max-video-preview:-1"},"canonical":"https:\/\/eg-reeds.com\/pt-pt\/shop\/acessorios\/acessorios-instrumentos\/metronomo-korg-ma-2\/","og_locale":"pt_PT","og_type":"article","og_title":"Metr\u00f4nomo Korg MA-2","og_description":"Metr\u00f4nomo Korg MA-2, um metr\u00f4nomo eletr\u00f4nico compacto. O MA-2 \u00e9 indispens\u00e1vel para o estudo do ritmo, com qualquer instrumento musical.","og_url":"https:\/\/eg-reeds.com\/pt-pt\/shop\/acessorios\/acessorios-instrumentos\/metronomo-korg-ma-2\/","og_site_name":"EG-REEDS","article_publisher":"https:\/\/www.facebook.com\/EGREEDS","article_modified_time":"2025-01-24T09:30:15+00:00","og_image":[{"width":679,"height":406,"url":"https:\/\/eg-reeds.com\/wp-content\/uploads\/2024\/05\/Korg-MA-2-Metronome.jpg","type":"image\/jpeg"}],"twitter_card":"summary_large_image","twitter_site":"@egreeds","twitter_misc":{"pre\u00e7o":"20,00&euro;","Disponibilidade":"Em stock"},"schema":{"@context":"https:\/\/schema.org","@graph":[{"@type":["WebPage","ItemPage"],"@id":"https:\/\/eg-reeds.com\/pt-pt\/shop\/acessorios\/acessorios-instrumentos\/metronomo-korg-ma-2\/","url":"https:\/\/eg-reeds.com\/pt-pt\/shop\/acessorios\/acessorios-instrumentos\/metronomo-korg-ma-2\/","name":"Metr\u00f4nomo Korg MA-2 - EG-REEDS","isPartOf":{"@id":"https:\/\/eg-reeds.com\/pt-pt\/#website"},"primaryImageOfPage":{"@id":"https:\/\/eg-reeds.com\/pt-pt\/shop\/acessorios\/acessorios-instrumentos\/metronomo-korg-ma-2\/#primaryimage"},"image":{"@id":"https:\/\/eg-reeds.com\/pt-pt\/shop\/acessorios\/acessorios-instrumentos\/metronomo-korg-ma-2\/#primaryimage"},"thumbnailUrl":"https:\/\/eg-reeds.com\/wp-content\/uploads\/2024\/05\/Korg-MA-2-Metronome.jpg","datePublished":"2025-01-24T09:30:14+00:00","dateModified":"2025-01-24T09:30:15+00:00","description":"Metr\u00f4nomo Korg MA-2, um metr\u00f4nomo eletr\u00f4nico compacto. O MA-2 \u00e9 indispens\u00e1vel para o estudo do ritmo, com qualquer instrumento musical.","breadcrumb":{"@id":"https:\/\/eg-reeds.com\/pt-pt\/shop\/acessorios\/acessorios-instrumentos\/metronomo-korg-ma-2\/#breadcrumb"},"inLanguage":"pt-PT","potentialAction":[{"@type":"ReadAction","target":["https:\/\/eg-reeds.com\/pt-pt\/shop\/acessorios\/acessorios-instrumentos\/metronomo-korg-ma-2\/"]}]},{"@type":"ImageObject","inLanguage":"pt-PT","@id":"https:\/\/eg-reeds.com\/pt-pt\/shop\/acessorios\/acessorios-instrumentos\/metronomo-korg-ma-2\/#primaryimage","url":"https:\/\/eg-reeds.com\/wp-content\/uploads\/2024\/05\/Korg-MA-2-Metronome.jpg","contentUrl":"https:\/\/eg-reeds.com\/wp-content\/uploads\/2024\/05\/Korg-MA-2-Metronome.jpg","width":679,"height":406,"caption":"Metr\u00f4nomo Korg"},{"@type":"BreadcrumbList","@id":"https:\/\/eg-reeds.com\/pt-pt\/shop\/acessorios\/acessorios-instrumentos\/metronomo-korg-ma-2\/#breadcrumb","itemListElement":[{"@type":"ListItem","position":1,"name":"Startseite","item":"https:\/\/eg-reeds.com\/pt-pt\/"},{"@type":"ListItem","position":2,"name":"Loja","item":"https:\/\/eg-reeds.com\/pt-pt\/"},{"@type":"ListItem","position":3,"name":"Metr\u00f4nomo Korg MA-2"}]},{"@type":"WebSite","@id":"https:\/\/eg-reeds.com\/pt-pt\/#website","url":"https:\/\/eg-reeds.com\/pt-pt\/","name":"www.eg-reeds.com","description":"Palhetas obo\u00e9","publisher":{"@id":"https:\/\/eg-reeds.com\/pt-pt\/#organization"},"alternateName":"eg-reeds.com","potentialAction":[{"@type":"SearchAction","target":{"@type":"EntryPoint","urlTemplate":"https:\/\/eg-reeds.com\/pt-pt\/?s={search_term_string}"},"query-input":{"@type":"PropertyValueSpecification","valueRequired":true,"valueName":"search_term_string"}}],"inLanguage":"pt-PT"},{"@type":"Organization","@id":"https:\/\/eg-reeds.com\/pt-pt\/#organization","name":"www.eg-reeds.com","url":"https:\/\/eg-reeds.com\/pt-pt\/","logo":{"@type":"ImageObject","inLanguage":"pt-PT","@id":"https:\/\/eg-reeds.com\/pt-pt\/#\/schema\/logo\/image\/","url":"https:\/\/eg-reeds.com\/wp-content\/uploads\/2024\/06\/Logo-scaled-e1718793906611.jpg","contentUrl":"https:\/\/eg-reeds.com\/wp-content\/uploads\/2024\/06\/Logo-scaled-e1718793906611.jpg","width":1200,"height":493,"caption":"www.eg-reeds.com"},"image":{"@id":"https:\/\/eg-reeds.com\/pt-pt\/#\/schema\/logo\/image\/"},"sameAs":["https:\/\/www.facebook.com\/EGREEDS","https:\/\/x.com\/egreeds","https:\/\/www.instagram.com\/egreeds\/","https:\/\/www.youtube.com\/c\/EGREEDS","https:\/\/www.threads.net\/@egreeds","https:\/\/www.tiktok.com\/@egreeds"]}]},"product_price_amount":"20.00","product_price_currency":"EUR","og_availability":"instock","product_availability":"instock","product_retailer_item_id":"AAIMKorg","product_condition":"new"},"_links":{"self":[{"href":"https:\/\/eg-reeds.com\/pt-pt\/wp-json\/wp\/v2\/product\/54966","targetHints":{"allow":["GET"]}}],"collection":[{"href":"https:\/\/eg-reeds.com\/pt-pt\/wp-json\/wp\/v2\/product"}],"about":[{"href":"https:\/\/eg-reeds.com\/pt-pt\/wp-json\/wp\/v2\/types\/product"}],"replies":[{"embeddable":true,"href":"https:\/\/eg-reeds.com\/pt-pt\/wp-json\/wp\/v2\/comments?post=54966"}],"wp:featuredmedia":[{"embeddable":true,"href":"https:\/\/eg-reeds.com\/pt-pt\/wp-json\/wp\/v2\/media\/51471"}],"wp:attachment":[{"href":"https:\/\/eg-reeds.com\/pt-pt\/wp-json\/wp\/v2\/media?parent=54966"}],"wp:term":[{"taxonomy":"product_brand","embeddable":true,"href":"https:\/\/eg-reeds.com\/pt-pt\/wp-json\/wp\/v2\/product_brand?post=54966"},{"taxonomy":"product_cat","embeddable":true,"href":"https:\/\/eg-reeds.com\/pt-pt\/wp-json\/wp\/v2\/product_cat?post=54966"},{"taxonomy":"product_tag","embeddable":true,"href":"https:\/\/eg-reeds.com\/pt-pt\/wp-json\/wp\/v2\/product_tag?post=54966"},{"taxonomy":"giftcard-category","embeddable":true,"href":"https:\/\/eg-reeds.com\/pt-pt\/wp-json\/wp\/v2\/giftcard-category?post=54966"}],"curies":[{"name":"wp","href":"https:\/\/api.w.org\/{rel}","templated":true}]}}