{"id":55870,"date":"2023-11-27T11:30:49","date_gmt":"2025-02-26T09:25:25","guid":{"rendered":"https:\/\/eg-reeds.com\/?post_type=product&#038;p=55870"},"modified":"2025-02-26T10:31:27","modified_gmt":"2025-02-26T09:31:27","slug":"forma-h13-para-corne-ingles","status":"publish","type":"product","link":"https:\/\/eg-reeds.com\/pt-pt\/shop\/acessorios\/forma-para-talhar-palhetas\/corne-ingles\/forma-h13-para-corne-ingles\/","title":{"rendered":"Forma H13 para corne ingl\u00eas"},"content":{"rendered":"<h1>Forma H13 para corne ingl\u00eas.<\/h1>\n<p>Forma H13 para corne ingl\u00eas.<\/p>\n<p>Se precisar de outra forma, entre em contacto connosco atrav\u00e9s do <strong><a href=\"mailto:info@eg-reeds.com\" target=\"_blank\" rel=\"noopener\">info@eg-reeds.com<\/a><\/strong>.<\/p>\n<p>Lista de formas de raspador <strong><a href=\"https:\/\/eg-reeds.com\/pt-pt\/reeds-n-stuff-shaper-forms\/\" target=\"_blank\" rel=\"noopener\">aqui<\/a><\/strong>.<\/p>\n<p>Prazo de entrega aproximado: 7-10 dias.<\/p>\n<p><img loading=\"lazy\" decoding=\"async\" class=\"aligncenter size-full wp-image-49442\" src=\"https:\/\/eg-reeds.com\/wp-content\/uploads\/2023\/11\/H13-English-Horn-Shaper-form-.png\" alt=\"Forma de raspador H13 para Corne Ingl\u00eas\" width=\"1528\" height=\"1208\" srcset=\"https:\/\/eg-reeds.com\/wp-content\/uploads\/2023\/11\/H13-English-Horn-Shaper-form-.png 1528w, https:\/\/eg-reeds.com\/wp-content\/uploads\/2023\/11\/H13-English-Horn-Shaper-form--600x474.png 600w, https:\/\/eg-reeds.com\/wp-content\/uploads\/2023\/11\/H13-English-Horn-Shaper-form--300x237.png 300w, https:\/\/eg-reeds.com\/wp-content\/uploads\/2023\/11\/H13-English-Horn-Shaper-form--1024x810.png 1024w, https:\/\/eg-reeds.com\/wp-content\/uploads\/2023\/11\/H13-English-Horn-Shaper-form--768x607.png 768w\" sizes=\"auto, (max-width: 1528px) 100vw, 1528px\" \/><\/p>\n","protected":false},"excerpt":{"rendered":"<p>Forma H13 para corne ingl\u00eas. Forma H13 para corne ingl\u00eas. Se precisar de outra forma, entre em contacto connosco atrav\u00e9s do info@eg-reeds.com. Lista de formas de raspador aqui. Prazo de entrega aproximado: 7-10 dias.<\/p>\n","protected":false},"featured_media":49459,"comment_status":"open","ping_status":"closed","template":"","meta":[],"product_brand":[],"product_cat":[1494,2925],"product_tag":[],"giftcard-category":[],"class_list":{"0":"post-55870","1":"product","2":"type-product","3":"status-publish","4":"has-post-thumbnail","6":"product_cat-corne-ingles","7":"product_cat-reeds-n-stuff-pt-pt","9":"first","10":"instock","11":"taxable","12":"shipping-taxable","13":"purchasable","14":"product-type-simple"},"yoast_head":"<!-- This site is optimized with the Yoast SEO Premium plugin v27.0 (Yoast SEO v27.2) - https:\/\/yoast.com\/product\/yoast-seo-premium-wordpress\/ -->\n<title>Forma H13 para corne ingl\u00eas - EG-REEDS<\/title>\n<meta name=\"description\" content=\"Forma H13 para corne ingl\u00eas.\" \/>\n<meta name=\"robots\" content=\"index, follow, max-snippet:-1, max-image-preview:large, max-video-preview:-1\" \/>\n<link rel=\"canonical\" href=\"https:\/\/eg-reeds.com\/pt-pt\/shop\/acessorios\/forma-para-talhar-palhetas\/corne-ingles\/forma-h13-para-corne-ingles\/\" \/>\n<meta property=\"og:locale\" content=\"pt_PT\" \/>\n<meta property=\"og:type\" content=\"article\" \/>\n<meta property=\"og:title\" content=\"Forma H13 para corne ingl\u00eas\" \/>\n<meta property=\"og:description\" content=\"Forma H13 para corne ingl\u00eas.\" \/>\n<meta property=\"og:url\" content=\"https:\/\/eg-reeds.com\/pt-pt\/shop\/acessorios\/forma-para-talhar-palhetas\/corne-ingles\/forma-h13-para-corne-ingles\/\" \/>\n<meta property=\"og:site_name\" content=\"EG-REEDS\" \/>\n<meta property=\"article:publisher\" content=\"https:\/\/www.facebook.com\/EGREEDS\" \/>\n<meta property=\"article:modified_time\" content=\"2025-02-26T09:31:27+00:00\" \/>\n<meta property=\"og:image\" content=\"https:\/\/eg-reeds.com\/wp-content\/uploads\/2023\/11\/Shaper-form-H13-English-Horn.jpeg\" \/>\n\t<meta property=\"og:image:width\" content=\"1200\" \/>\n\t<meta property=\"og:image:height\" content=\"960\" \/>\n\t<meta property=\"og:image:type\" content=\"image\/jpeg\" \/>\n<meta name=\"twitter:card\" content=\"summary_large_image\" \/>\n<meta name=\"twitter:site\" content=\"@egreeds\" \/>\n<meta name=\"twitter:label1\" content=\"pre\u00e7o\" \/>\n\t<meta name=\"twitter:data1\" content=\"193,33&euro;\" \/>\n\t<meta name=\"twitter:label2\" content=\"Disponibilidade\" \/>\n\t<meta name=\"twitter:data2\" content=\"Em stock\" \/>\n<script type=\"application\/ld+json\" class=\"yoast-schema-graph\">{\"@context\":\"https:\/\/schema.org\",\"@graph\":[{\"@type\":[\"WebPage\",\"ItemPage\"],\"@id\":\"https:\/\/eg-reeds.com\/pt-pt\/shop\/acessorios\/forma-para-talhar-palhetas\/corne-ingles\/forma-h13-para-corne-ingles\/\",\"url\":\"https:\/\/eg-reeds.com\/pt-pt\/shop\/acessorios\/forma-para-talhar-palhetas\/corne-ingles\/forma-h13-para-corne-ingles\/\",\"name\":\"Forma H13 para corne ingl\u00eas - EG-REEDS\",\"isPartOf\":{\"@id\":\"https:\/\/eg-reeds.com\/pt-pt\/#website\"},\"primaryImageOfPage\":{\"@id\":\"https:\/\/eg-reeds.com\/pt-pt\/shop\/acessorios\/forma-para-talhar-palhetas\/corne-ingles\/forma-h13-para-corne-ingles\/#primaryimage\"},\"image\":{\"@id\":\"https:\/\/eg-reeds.com\/pt-pt\/shop\/acessorios\/forma-para-talhar-palhetas\/corne-ingles\/forma-h13-para-corne-ingles\/#primaryimage\"},\"thumbnailUrl\":\"https:\/\/eg-reeds.com\/wp-content\/uploads\/2023\/11\/Shaper-form-H13-English-Horn.jpeg\",\"datePublished\":\"2025-02-26T09:25:25+00:00\",\"dateModified\":\"2025-02-26T09:31:27+00:00\",\"description\":\"Forma H13 para corne ingl\u00eas.\",\"breadcrumb\":{\"@id\":\"https:\/\/eg-reeds.com\/pt-pt\/shop\/acessorios\/forma-para-talhar-palhetas\/corne-ingles\/forma-h13-para-corne-ingles\/#breadcrumb\"},\"inLanguage\":\"pt-PT\",\"potentialAction\":[{\"@type\":\"ReadAction\",\"target\":[\"https:\/\/eg-reeds.com\/pt-pt\/shop\/acessorios\/forma-para-talhar-palhetas\/corne-ingles\/forma-h13-para-corne-ingles\/\"]}]},{\"@type\":\"ImageObject\",\"inLanguage\":\"pt-PT\",\"@id\":\"https:\/\/eg-reeds.com\/pt-pt\/shop\/acessorios\/forma-para-talhar-palhetas\/corne-ingles\/forma-h13-para-corne-ingles\/#primaryimage\",\"url\":\"https:\/\/eg-reeds.com\/wp-content\/uploads\/2023\/11\/Shaper-form-H13-English-Horn.jpeg\",\"contentUrl\":\"https:\/\/eg-reeds.com\/wp-content\/uploads\/2023\/11\/Shaper-form-H13-English-Horn.jpeg\",\"width\":1200,\"height\":960,\"caption\":\"Forma H13 para corne ingl\u00eas\"},{\"@type\":\"BreadcrumbList\",\"@id\":\"https:\/\/eg-reeds.com\/pt-pt\/shop\/acessorios\/forma-para-talhar-palhetas\/corne-ingles\/forma-h13-para-corne-ingles\/#breadcrumb\",\"itemListElement\":[{\"@type\":\"ListItem\",\"position\":1,\"name\":\"Startseite\",\"item\":\"https:\/\/eg-reeds.com\/pt-pt\/\"},{\"@type\":\"ListItem\",\"position\":2,\"name\":\"Loja\",\"item\":\"https:\/\/eg-reeds.com\/pt-pt\/\"},{\"@type\":\"ListItem\",\"position\":3,\"name\":\"Forma H13 para corne ingl\u00eas\"}]},{\"@type\":\"WebSite\",\"@id\":\"https:\/\/eg-reeds.com\/pt-pt\/#website\",\"url\":\"https:\/\/eg-reeds.com\/pt-pt\/\",\"name\":\"www.eg-reeds.com\",\"description\":\"Palhetas obo\u00e9\",\"publisher\":{\"@id\":\"https:\/\/eg-reeds.com\/pt-pt\/#organization\"},\"alternateName\":\"eg-reeds.com\",\"potentialAction\":[{\"@type\":\"SearchAction\",\"target\":{\"@type\":\"EntryPoint\",\"urlTemplate\":\"https:\/\/eg-reeds.com\/pt-pt\/?s={search_term_string}\"},\"query-input\":{\"@type\":\"PropertyValueSpecification\",\"valueRequired\":true,\"valueName\":\"search_term_string\"}}],\"inLanguage\":\"pt-PT\"},{\"@type\":\"Organization\",\"@id\":\"https:\/\/eg-reeds.com\/pt-pt\/#organization\",\"name\":\"www.eg-reeds.com\",\"url\":\"https:\/\/eg-reeds.com\/pt-pt\/\",\"logo\":{\"@type\":\"ImageObject\",\"inLanguage\":\"pt-PT\",\"@id\":\"https:\/\/eg-reeds.com\/pt-pt\/#\/schema\/logo\/image\/\",\"url\":\"https:\/\/eg-reeds.com\/wp-content\/uploads\/2024\/06\/Logo-scaled-e1718793906611.jpg\",\"contentUrl\":\"https:\/\/eg-reeds.com\/wp-content\/uploads\/2024\/06\/Logo-scaled-e1718793906611.jpg\",\"width\":1200,\"height\":493,\"caption\":\"www.eg-reeds.com\"},\"image\":{\"@id\":\"https:\/\/eg-reeds.com\/pt-pt\/#\/schema\/logo\/image\/\"},\"sameAs\":[\"https:\/\/www.facebook.com\/EGREEDS\",\"https:\/\/x.com\/egreeds\",\"https:\/\/www.instagram.com\/egreeds\/\",\"https:\/\/www.youtube.com\/c\/EGREEDS\",\"https:\/\/www.threads.net\/@egreeds\",\"https:\/\/www.tiktok.com\/@egreeds\"]}]}<\/script>\n<meta property=\"product:price:amount\" content=\"193.33\" \/>\n<meta property=\"product:price:currency\" content=\"EUR\" \/>\n<meta property=\"og:availability\" content=\"instock\" \/>\n<meta property=\"product:availability\" content=\"instock\" \/>\n<meta property=\"product:retailer_item_id\" content=\"H13SF\" \/>\n<meta property=\"product:condition\" content=\"new\" \/>\n<!-- \/ Yoast SEO Premium plugin. -->","yoast_head_json":{"title":"Forma H13 para corne ingl\u00eas - EG-REEDS","description":"Forma H13 para corne ingl\u00eas.","robots":{"index":"index","follow":"follow","max-snippet":"max-snippet:-1","max-image-preview":"max-image-preview:large","max-video-preview":"max-video-preview:-1"},"canonical":"https:\/\/eg-reeds.com\/pt-pt\/shop\/acessorios\/forma-para-talhar-palhetas\/corne-ingles\/forma-h13-para-corne-ingles\/","og_locale":"pt_PT","og_type":"article","og_title":"Forma H13 para corne ingl\u00eas","og_description":"Forma H13 para corne ingl\u00eas.","og_url":"https:\/\/eg-reeds.com\/pt-pt\/shop\/acessorios\/forma-para-talhar-palhetas\/corne-ingles\/forma-h13-para-corne-ingles\/","og_site_name":"EG-REEDS","article_publisher":"https:\/\/www.facebook.com\/EGREEDS","article_modified_time":"2025-02-26T09:31:27+00:00","og_image":[{"width":1200,"height":960,"url":"https:\/\/eg-reeds.com\/wp-content\/uploads\/2023\/11\/Shaper-form-H13-English-Horn.jpeg","type":"image\/jpeg"}],"twitter_card":"summary_large_image","twitter_site":"@egreeds","twitter_misc":{"pre\u00e7o":"193,33&euro;","Disponibilidade":"Em stock"},"schema":{"@context":"https:\/\/schema.org","@graph":[{"@type":["WebPage","ItemPage"],"@id":"https:\/\/eg-reeds.com\/pt-pt\/shop\/acessorios\/forma-para-talhar-palhetas\/corne-ingles\/forma-h13-para-corne-ingles\/","url":"https:\/\/eg-reeds.com\/pt-pt\/shop\/acessorios\/forma-para-talhar-palhetas\/corne-ingles\/forma-h13-para-corne-ingles\/","name":"Forma H13 para corne ingl\u00eas - EG-REEDS","isPartOf":{"@id":"https:\/\/eg-reeds.com\/pt-pt\/#website"},"primaryImageOfPage":{"@id":"https:\/\/eg-reeds.com\/pt-pt\/shop\/acessorios\/forma-para-talhar-palhetas\/corne-ingles\/forma-h13-para-corne-ingles\/#primaryimage"},"image":{"@id":"https:\/\/eg-reeds.com\/pt-pt\/shop\/acessorios\/forma-para-talhar-palhetas\/corne-ingles\/forma-h13-para-corne-ingles\/#primaryimage"},"thumbnailUrl":"https:\/\/eg-reeds.com\/wp-content\/uploads\/2023\/11\/Shaper-form-H13-English-Horn.jpeg","datePublished":"2025-02-26T09:25:25+00:00","dateModified":"2025-02-26T09:31:27+00:00","description":"Forma H13 para corne ingl\u00eas.","breadcrumb":{"@id":"https:\/\/eg-reeds.com\/pt-pt\/shop\/acessorios\/forma-para-talhar-palhetas\/corne-ingles\/forma-h13-para-corne-ingles\/#breadcrumb"},"inLanguage":"pt-PT","potentialAction":[{"@type":"ReadAction","target":["https:\/\/eg-reeds.com\/pt-pt\/shop\/acessorios\/forma-para-talhar-palhetas\/corne-ingles\/forma-h13-para-corne-ingles\/"]}]},{"@type":"ImageObject","inLanguage":"pt-PT","@id":"https:\/\/eg-reeds.com\/pt-pt\/shop\/acessorios\/forma-para-talhar-palhetas\/corne-ingles\/forma-h13-para-corne-ingles\/#primaryimage","url":"https:\/\/eg-reeds.com\/wp-content\/uploads\/2023\/11\/Shaper-form-H13-English-Horn.jpeg","contentUrl":"https:\/\/eg-reeds.com\/wp-content\/uploads\/2023\/11\/Shaper-form-H13-English-Horn.jpeg","width":1200,"height":960,"caption":"Forma H13 para corne ingl\u00eas"},{"@type":"BreadcrumbList","@id":"https:\/\/eg-reeds.com\/pt-pt\/shop\/acessorios\/forma-para-talhar-palhetas\/corne-ingles\/forma-h13-para-corne-ingles\/#breadcrumb","itemListElement":[{"@type":"ListItem","position":1,"name":"Startseite","item":"https:\/\/eg-reeds.com\/pt-pt\/"},{"@type":"ListItem","position":2,"name":"Loja","item":"https:\/\/eg-reeds.com\/pt-pt\/"},{"@type":"ListItem","position":3,"name":"Forma H13 para corne ingl\u00eas"}]},{"@type":"WebSite","@id":"https:\/\/eg-reeds.com\/pt-pt\/#website","url":"https:\/\/eg-reeds.com\/pt-pt\/","name":"www.eg-reeds.com","description":"Palhetas obo\u00e9","publisher":{"@id":"https:\/\/eg-reeds.com\/pt-pt\/#organization"},"alternateName":"eg-reeds.com","potentialAction":[{"@type":"SearchAction","target":{"@type":"EntryPoint","urlTemplate":"https:\/\/eg-reeds.com\/pt-pt\/?s={search_term_string}"},"query-input":{"@type":"PropertyValueSpecification","valueRequired":true,"valueName":"search_term_string"}}],"inLanguage":"pt-PT"},{"@type":"Organization","@id":"https:\/\/eg-reeds.com\/pt-pt\/#organization","name":"www.eg-reeds.com","url":"https:\/\/eg-reeds.com\/pt-pt\/","logo":{"@type":"ImageObject","inLanguage":"pt-PT","@id":"https:\/\/eg-reeds.com\/pt-pt\/#\/schema\/logo\/image\/","url":"https:\/\/eg-reeds.com\/wp-content\/uploads\/2024\/06\/Logo-scaled-e1718793906611.jpg","contentUrl":"https:\/\/eg-reeds.com\/wp-content\/uploads\/2024\/06\/Logo-scaled-e1718793906611.jpg","width":1200,"height":493,"caption":"www.eg-reeds.com"},"image":{"@id":"https:\/\/eg-reeds.com\/pt-pt\/#\/schema\/logo\/image\/"},"sameAs":["https:\/\/www.facebook.com\/EGREEDS","https:\/\/x.com\/egreeds","https:\/\/www.instagram.com\/egreeds\/","https:\/\/www.youtube.com\/c\/EGREEDS","https:\/\/www.threads.net\/@egreeds","https:\/\/www.tiktok.com\/@egreeds"]}]},"product_price_amount":"193.33","product_price_currency":"EUR","og_availability":"instock","product_availability":"instock","product_retailer_item_id":"H13SF","product_condition":"new"},"_links":{"self":[{"href":"https:\/\/eg-reeds.com\/pt-pt\/wp-json\/wp\/v2\/product\/55870","targetHints":{"allow":["GET"]}}],"collection":[{"href":"https:\/\/eg-reeds.com\/pt-pt\/wp-json\/wp\/v2\/product"}],"about":[{"href":"https:\/\/eg-reeds.com\/pt-pt\/wp-json\/wp\/v2\/types\/product"}],"replies":[{"embeddable":true,"href":"https:\/\/eg-reeds.com\/pt-pt\/wp-json\/wp\/v2\/comments?post=55870"}],"wp:featuredmedia":[{"embeddable":true,"href":"https:\/\/eg-reeds.com\/pt-pt\/wp-json\/wp\/v2\/media\/49459"}],"wp:attachment":[{"href":"https:\/\/eg-reeds.com\/pt-pt\/wp-json\/wp\/v2\/media?parent=55870"}],"wp:term":[{"taxonomy":"product_brand","embeddable":true,"href":"https:\/\/eg-reeds.com\/pt-pt\/wp-json\/wp\/v2\/product_brand?post=55870"},{"taxonomy":"product_cat","embeddable":true,"href":"https:\/\/eg-reeds.com\/pt-pt\/wp-json\/wp\/v2\/product_cat?post=55870"},{"taxonomy":"product_tag","embeddable":true,"href":"https:\/\/eg-reeds.com\/pt-pt\/wp-json\/wp\/v2\/product_tag?post=55870"},{"taxonomy":"giftcard-category","embeddable":true,"href":"https:\/\/eg-reeds.com\/pt-pt\/wp-json\/wp\/v2\/giftcard-category?post=55870"}],"curies":[{"name":"wp","href":"https:\/\/api.w.org\/{rel}","templated":true}]}}