{"id":55910,"date":"2023-11-27T10:49:08","date_gmt":"2025-02-26T10:27:40","guid":{"rendered":"https:\/\/eg-reeds.com\/?post_type=product&#038;p=55910"},"modified":"2025-02-26T11:31:51","modified_gmt":"2025-02-26T10:31:51","slug":"forma-rc-roseau-chantant-para-oboe","status":"publish","type":"product","link":"https:\/\/eg-reeds.com\/pt-pt\/shop\/acessorios\/forma-para-talhar-palhetas\/oboe-pt-pt\/forma-rc-roseau-chantant-para-oboe\/","title":{"rendered":"Forma RC Roseau Chantant para obo\u00e9"},"content":{"rendered":"<h1>Forma RC Roseau Chantant para obo\u00e9.<\/h1>\n<p>Forma RC Roseau Chantant para obo\u00e9. Forma RC11, RC12, RC13, RC14 ou RC15 para obo\u00e9.<\/p>\n<p>Forma padr\u00e3o. Se quiser a forma com orelhas, por favor indique-o nos coment\u00e1rios ao finalizar a encomenda.<\/p>\n<p>Se precisar de outra forma, entre em contacto connosco atrav\u00e9s do <strong><a href=\"mailto:info@eg-reeds.com\" target=\"_blank\" rel=\"noopener\">info@eg-reeds.com<\/a><\/strong>.<\/p>\n<p>Lista de formas <strong><a href=\"http:\/\/eg-reeds.com\/reeds-n-stuff-shaper-forms\/\" target=\"_blank\" rel=\"noopener\">aqui<\/a><\/strong>.<\/p>\n<p>Prazo de entrega aproximado: 7-10 dias.<\/p>\n","protected":false},"excerpt":{"rendered":"<p>Forma RC Roseau Chantant para obo\u00e9. Forma RC Roseau Chantant para obo\u00e9. Forma RC11, RC12, RC13, RC14 ou RC15 para obo\u00e9. Forma padr\u00e3o. Se quiser a forma com orelhas, por favor indique-o nos coment\u00e1rios ao finalizar a encomenda. Se precisar de outra forma, entre em contacto connosco atrav\u00e9s do info@eg-reeds.com. Lista de formas aqui. Prazo [&#8230;]\n","protected":false},"featured_media":49299,"comment_status":"open","ping_status":"closed","template":"","meta":[],"product_brand":[],"product_cat":[1503,2925],"product_tag":[],"giftcard-category":[],"class_list":{"0":"post-55910","1":"product","2":"type-product","3":"status-publish","4":"has-post-thumbnail","6":"product_cat-oboe-pt-pt","7":"product_cat-reeds-n-stuff-pt-pt","8":"pa_shaper-rc11-pt-pt","9":"pa_shaper-rc12-pt-pt-2","10":"pa_shaper-rc13-pt-pt-2","11":"pa_shaper-rc14-pt-pt","12":"pa_shaper-rc15-pt-pt","14":"first","15":"outofstock","16":"taxable","17":"shipping-taxable","18":"purchasable","19":"product-type-variable","20":"has-default-attributes"},"yoast_head":"<!-- This site is optimized with the Yoast SEO Premium plugin v27.0 (Yoast SEO v27.3) - https:\/\/yoast.com\/product\/yoast-seo-premium-wordpress\/ -->\n<title>Forma RC Roseau Chantant para obo\u00e9 - EG-REEDS<\/title>\n<meta name=\"description\" content=\"Forma RC Roseau Chantant para obo\u00e9. Forma RC11, RC12, RC13, RC14 ou RC15 para obo\u00e9.\" \/>\n<meta name=\"robots\" content=\"index, follow, max-snippet:-1, max-image-preview:large, max-video-preview:-1\" \/>\n<link rel=\"canonical\" href=\"https:\/\/eg-reeds.com\/pt-pt\/shop\/acessorios\/forma-para-talhar-palhetas\/oboe-pt-pt\/forma-rc-roseau-chantant-para-oboe\/\" \/>\n<meta property=\"og:locale\" content=\"pt_PT\" \/>\n<meta property=\"og:type\" content=\"article\" \/>\n<meta property=\"og:title\" content=\"Forma RC Roseau Chantant para obo\u00e9\" \/>\n<meta property=\"og:description\" content=\"Forma RC Roseau Chantant para obo\u00e9. Forma RC11, RC12, RC13, RC14 ou RC15 para obo\u00e9.\" \/>\n<meta property=\"og:url\" content=\"https:\/\/eg-reeds.com\/pt-pt\/shop\/acessorios\/forma-para-talhar-palhetas\/oboe-pt-pt\/forma-rc-roseau-chantant-para-oboe\/\" \/>\n<meta property=\"og:site_name\" content=\"EG-REEDS\" \/>\n<meta property=\"article:publisher\" content=\"https:\/\/www.facebook.com\/EGREEDS\" \/>\n<meta property=\"article:modified_time\" content=\"2025-02-26T10:31:51+00:00\" \/>\n<meta property=\"og:image\" content=\"https:\/\/eg-reeds.com\/wp-content\/uploads\/2023\/11\/RC12-shaper-form.jpeg\" \/>\n\t<meta property=\"og:image:width\" content=\"1200\" \/>\n\t<meta property=\"og:image:height\" content=\"960\" \/>\n\t<meta property=\"og:image:type\" content=\"image\/jpeg\" \/>\n<meta name=\"twitter:card\" content=\"summary_large_image\" \/>\n<meta name=\"twitter:site\" content=\"@egreeds\" \/>\n<meta name=\"twitter:label1\" content=\"Disponibilidade\" \/>\n\t<meta name=\"twitter:data1\" content=\"Esgotado\" \/>\n<script type=\"application\/ld+json\" class=\"yoast-schema-graph\">{\"@context\":\"https:\\\/\\\/schema.org\",\"@graph\":[{\"@type\":[\"WebPage\",\"ItemPage\"],\"@id\":\"https:\\\/\\\/eg-reeds.com\\\/pt-pt\\\/shop\\\/acessorios\\\/forma-para-talhar-palhetas\\\/oboe-pt-pt\\\/forma-rc-roseau-chantant-para-oboe\\\/\",\"url\":\"https:\\\/\\\/eg-reeds.com\\\/pt-pt\\\/shop\\\/acessorios\\\/forma-para-talhar-palhetas\\\/oboe-pt-pt\\\/forma-rc-roseau-chantant-para-oboe\\\/\",\"name\":\"Forma RC Roseau Chantant para obo\u00e9 - EG-REEDS\",\"isPartOf\":{\"@id\":\"https:\\\/\\\/eg-reeds.com\\\/pt-pt\\\/#website\"},\"primaryImageOfPage\":{\"@id\":\"https:\\\/\\\/eg-reeds.com\\\/pt-pt\\\/shop\\\/acessorios\\\/forma-para-talhar-palhetas\\\/oboe-pt-pt\\\/forma-rc-roseau-chantant-para-oboe\\\/#primaryimage\"},\"image\":{\"@id\":\"https:\\\/\\\/eg-reeds.com\\\/pt-pt\\\/shop\\\/acessorios\\\/forma-para-talhar-palhetas\\\/oboe-pt-pt\\\/forma-rc-roseau-chantant-para-oboe\\\/#primaryimage\"},\"thumbnailUrl\":\"https:\\\/\\\/eg-reeds.com\\\/wp-content\\\/uploads\\\/2023\\\/11\\\/RC12-shaper-form.jpeg\",\"datePublished\":\"2025-02-26T10:27:40+00:00\",\"dateModified\":\"2025-02-26T10:31:51+00:00\",\"description\":\"Forma RC Roseau Chantant para obo\u00e9. Forma RC11, RC12, RC13, RC14 ou RC15 para obo\u00e9.\",\"breadcrumb\":{\"@id\":\"https:\\\/\\\/eg-reeds.com\\\/pt-pt\\\/shop\\\/acessorios\\\/forma-para-talhar-palhetas\\\/oboe-pt-pt\\\/forma-rc-roseau-chantant-para-oboe\\\/#breadcrumb\"},\"inLanguage\":\"pt-PT\",\"potentialAction\":[{\"@type\":\"ReadAction\",\"target\":[\"https:\\\/\\\/eg-reeds.com\\\/pt-pt\\\/shop\\\/acessorios\\\/forma-para-talhar-palhetas\\\/oboe-pt-pt\\\/forma-rc-roseau-chantant-para-oboe\\\/\"]}]},{\"@type\":\"ImageObject\",\"inLanguage\":\"pt-PT\",\"@id\":\"https:\\\/\\\/eg-reeds.com\\\/pt-pt\\\/shop\\\/acessorios\\\/forma-para-talhar-palhetas\\\/oboe-pt-pt\\\/forma-rc-roseau-chantant-para-oboe\\\/#primaryimage\",\"url\":\"https:\\\/\\\/eg-reeds.com\\\/wp-content\\\/uploads\\\/2023\\\/11\\\/RC12-shaper-form.jpeg\",\"contentUrl\":\"https:\\\/\\\/eg-reeds.com\\\/wp-content\\\/uploads\\\/2023\\\/11\\\/RC12-shaper-form.jpeg\",\"width\":1200,\"height\":960,\"caption\":\"Forma RC Roseau Chantant obo\u00e9\"},{\"@type\":\"BreadcrumbList\",\"@id\":\"https:\\\/\\\/eg-reeds.com\\\/pt-pt\\\/shop\\\/acessorios\\\/forma-para-talhar-palhetas\\\/oboe-pt-pt\\\/forma-rc-roseau-chantant-para-oboe\\\/#breadcrumb\",\"itemListElement\":[{\"@type\":\"ListItem\",\"position\":1,\"name\":\"Startseite\",\"item\":\"https:\\\/\\\/eg-reeds.com\\\/pt-pt\\\/\"},{\"@type\":\"ListItem\",\"position\":2,\"name\":\"Loja\",\"item\":\"https:\\\/\\\/eg-reeds.com\\\/pt-pt\\\/\"},{\"@type\":\"ListItem\",\"position\":3,\"name\":\"Forma RC Roseau Chantant para obo\u00e9\"}]},{\"@type\":\"WebSite\",\"@id\":\"https:\\\/\\\/eg-reeds.com\\\/pt-pt\\\/#website\",\"url\":\"https:\\\/\\\/eg-reeds.com\\\/pt-pt\\\/\",\"name\":\"www.eg-reeds.com\",\"description\":\"Palhetas obo\u00e9\",\"publisher\":{\"@id\":\"https:\\\/\\\/eg-reeds.com\\\/pt-pt\\\/#organization\"},\"alternateName\":\"eg-reeds.com\",\"potentialAction\":[{\"@type\":\"SearchAction\",\"target\":{\"@type\":\"EntryPoint\",\"urlTemplate\":\"https:\\\/\\\/eg-reeds.com\\\/pt-pt\\\/?s={search_term_string}\"},\"query-input\":{\"@type\":\"PropertyValueSpecification\",\"valueRequired\":true,\"valueName\":\"search_term_string\"}}],\"inLanguage\":\"pt-PT\"},{\"@type\":\"Organization\",\"@id\":\"https:\\\/\\\/eg-reeds.com\\\/pt-pt\\\/#organization\",\"name\":\"www.eg-reeds.com\",\"url\":\"https:\\\/\\\/eg-reeds.com\\\/pt-pt\\\/\",\"logo\":{\"@type\":\"ImageObject\",\"inLanguage\":\"pt-PT\",\"@id\":\"https:\\\/\\\/eg-reeds.com\\\/pt-pt\\\/#\\\/schema\\\/logo\\\/image\\\/\",\"url\":\"https:\\\/\\\/eg-reeds.com\\\/wp-content\\\/uploads\\\/2024\\\/06\\\/Logo-scaled-e1718793906611.jpg\",\"contentUrl\":\"https:\\\/\\\/eg-reeds.com\\\/wp-content\\\/uploads\\\/2024\\\/06\\\/Logo-scaled-e1718793906611.jpg\",\"width\":1200,\"height\":493,\"caption\":\"www.eg-reeds.com\"},\"image\":{\"@id\":\"https:\\\/\\\/eg-reeds.com\\\/pt-pt\\\/#\\\/schema\\\/logo\\\/image\\\/\"},\"sameAs\":[\"https:\\\/\\\/www.facebook.com\\\/EGREEDS\",\"https:\\\/\\\/x.com\\\/egreeds\",\"https:\\\/\\\/www.instagram.com\\\/egreeds\\\/\",\"https:\\\/\\\/www.youtube.com\\\/c\\\/EGREEDS\",\"https:\\\/\\\/www.threads.net\\\/@egreeds\",\"https:\\\/\\\/www.tiktok.com\\\/@egreeds\"]}]}<\/script>\n<meta property=\"og:availability\" content=\"out of stock\" \/>\n<meta property=\"product:availability\" content=\"out of stock\" \/>\n<meta property=\"product:retailer_item_id\" content=\"RCSF\" \/>\n<meta property=\"product:condition\" content=\"new\" \/>\n<!-- \/ Yoast SEO Premium plugin. -->","yoast_head_json":{"title":"Forma RC Roseau Chantant para obo\u00e9 - EG-REEDS","description":"Forma RC Roseau Chantant para obo\u00e9. Forma RC11, RC12, RC13, RC14 ou RC15 para obo\u00e9.","robots":{"index":"index","follow":"follow","max-snippet":"max-snippet:-1","max-image-preview":"max-image-preview:large","max-video-preview":"max-video-preview:-1"},"canonical":"https:\/\/eg-reeds.com\/pt-pt\/shop\/acessorios\/forma-para-talhar-palhetas\/oboe-pt-pt\/forma-rc-roseau-chantant-para-oboe\/","og_locale":"pt_PT","og_type":"article","og_title":"Forma RC Roseau Chantant para obo\u00e9","og_description":"Forma RC Roseau Chantant para obo\u00e9. Forma RC11, RC12, RC13, RC14 ou RC15 para obo\u00e9.","og_url":"https:\/\/eg-reeds.com\/pt-pt\/shop\/acessorios\/forma-para-talhar-palhetas\/oboe-pt-pt\/forma-rc-roseau-chantant-para-oboe\/","og_site_name":"EG-REEDS","article_publisher":"https:\/\/www.facebook.com\/EGREEDS","article_modified_time":"2025-02-26T10:31:51+00:00","og_image":[{"width":1200,"height":960,"url":"https:\/\/eg-reeds.com\/wp-content\/uploads\/2023\/11\/RC12-shaper-form.jpeg","type":"image\/jpeg"}],"twitter_card":"summary_large_image","twitter_site":"@egreeds","twitter_misc":{"Disponibilidade":"Esgotado"},"schema":{"@context":"https:\/\/schema.org","@graph":[{"@type":["WebPage","ItemPage"],"@id":"https:\/\/eg-reeds.com\/pt-pt\/shop\/acessorios\/forma-para-talhar-palhetas\/oboe-pt-pt\/forma-rc-roseau-chantant-para-oboe\/","url":"https:\/\/eg-reeds.com\/pt-pt\/shop\/acessorios\/forma-para-talhar-palhetas\/oboe-pt-pt\/forma-rc-roseau-chantant-para-oboe\/","name":"Forma RC Roseau Chantant para obo\u00e9 - EG-REEDS","isPartOf":{"@id":"https:\/\/eg-reeds.com\/pt-pt\/#website"},"primaryImageOfPage":{"@id":"https:\/\/eg-reeds.com\/pt-pt\/shop\/acessorios\/forma-para-talhar-palhetas\/oboe-pt-pt\/forma-rc-roseau-chantant-para-oboe\/#primaryimage"},"image":{"@id":"https:\/\/eg-reeds.com\/pt-pt\/shop\/acessorios\/forma-para-talhar-palhetas\/oboe-pt-pt\/forma-rc-roseau-chantant-para-oboe\/#primaryimage"},"thumbnailUrl":"https:\/\/eg-reeds.com\/wp-content\/uploads\/2023\/11\/RC12-shaper-form.jpeg","datePublished":"2025-02-26T10:27:40+00:00","dateModified":"2025-02-26T10:31:51+00:00","description":"Forma RC Roseau Chantant para obo\u00e9. Forma RC11, RC12, RC13, RC14 ou RC15 para obo\u00e9.","breadcrumb":{"@id":"https:\/\/eg-reeds.com\/pt-pt\/shop\/acessorios\/forma-para-talhar-palhetas\/oboe-pt-pt\/forma-rc-roseau-chantant-para-oboe\/#breadcrumb"},"inLanguage":"pt-PT","potentialAction":[{"@type":"ReadAction","target":["https:\/\/eg-reeds.com\/pt-pt\/shop\/acessorios\/forma-para-talhar-palhetas\/oboe-pt-pt\/forma-rc-roseau-chantant-para-oboe\/"]}]},{"@type":"ImageObject","inLanguage":"pt-PT","@id":"https:\/\/eg-reeds.com\/pt-pt\/shop\/acessorios\/forma-para-talhar-palhetas\/oboe-pt-pt\/forma-rc-roseau-chantant-para-oboe\/#primaryimage","url":"https:\/\/eg-reeds.com\/wp-content\/uploads\/2023\/11\/RC12-shaper-form.jpeg","contentUrl":"https:\/\/eg-reeds.com\/wp-content\/uploads\/2023\/11\/RC12-shaper-form.jpeg","width":1200,"height":960,"caption":"Forma RC Roseau Chantant obo\u00e9"},{"@type":"BreadcrumbList","@id":"https:\/\/eg-reeds.com\/pt-pt\/shop\/acessorios\/forma-para-talhar-palhetas\/oboe-pt-pt\/forma-rc-roseau-chantant-para-oboe\/#breadcrumb","itemListElement":[{"@type":"ListItem","position":1,"name":"Startseite","item":"https:\/\/eg-reeds.com\/pt-pt\/"},{"@type":"ListItem","position":2,"name":"Loja","item":"https:\/\/eg-reeds.com\/pt-pt\/"},{"@type":"ListItem","position":3,"name":"Forma RC Roseau Chantant para obo\u00e9"}]},{"@type":"WebSite","@id":"https:\/\/eg-reeds.com\/pt-pt\/#website","url":"https:\/\/eg-reeds.com\/pt-pt\/","name":"www.eg-reeds.com","description":"Palhetas obo\u00e9","publisher":{"@id":"https:\/\/eg-reeds.com\/pt-pt\/#organization"},"alternateName":"eg-reeds.com","potentialAction":[{"@type":"SearchAction","target":{"@type":"EntryPoint","urlTemplate":"https:\/\/eg-reeds.com\/pt-pt\/?s={search_term_string}"},"query-input":{"@type":"PropertyValueSpecification","valueRequired":true,"valueName":"search_term_string"}}],"inLanguage":"pt-PT"},{"@type":"Organization","@id":"https:\/\/eg-reeds.com\/pt-pt\/#organization","name":"www.eg-reeds.com","url":"https:\/\/eg-reeds.com\/pt-pt\/","logo":{"@type":"ImageObject","inLanguage":"pt-PT","@id":"https:\/\/eg-reeds.com\/pt-pt\/#\/schema\/logo\/image\/","url":"https:\/\/eg-reeds.com\/wp-content\/uploads\/2024\/06\/Logo-scaled-e1718793906611.jpg","contentUrl":"https:\/\/eg-reeds.com\/wp-content\/uploads\/2024\/06\/Logo-scaled-e1718793906611.jpg","width":1200,"height":493,"caption":"www.eg-reeds.com"},"image":{"@id":"https:\/\/eg-reeds.com\/pt-pt\/#\/schema\/logo\/image\/"},"sameAs":["https:\/\/www.facebook.com\/EGREEDS","https:\/\/x.com\/egreeds","https:\/\/www.instagram.com\/egreeds\/","https:\/\/www.youtube.com\/c\/EGREEDS","https:\/\/www.threads.net\/@egreeds","https:\/\/www.tiktok.com\/@egreeds"]}]},"og_availability":"out of stock","product_availability":"out of stock","product_retailer_item_id":"RCSF","product_condition":"new"},"_links":{"self":[{"href":"https:\/\/eg-reeds.com\/pt-pt\/wp-json\/wp\/v2\/product\/55910","targetHints":{"allow":["GET"]}}],"collection":[{"href":"https:\/\/eg-reeds.com\/pt-pt\/wp-json\/wp\/v2\/product"}],"about":[{"href":"https:\/\/eg-reeds.com\/pt-pt\/wp-json\/wp\/v2\/types\/product"}],"replies":[{"embeddable":true,"href":"https:\/\/eg-reeds.com\/pt-pt\/wp-json\/wp\/v2\/comments?post=55910"}],"wp:featuredmedia":[{"embeddable":true,"href":"https:\/\/eg-reeds.com\/pt-pt\/wp-json\/wp\/v2\/media\/49299"}],"wp:attachment":[{"href":"https:\/\/eg-reeds.com\/pt-pt\/wp-json\/wp\/v2\/media?parent=55910"}],"wp:term":[{"taxonomy":"product_brand","embeddable":true,"href":"https:\/\/eg-reeds.com\/pt-pt\/wp-json\/wp\/v2\/product_brand?post=55910"},{"taxonomy":"product_cat","embeddable":true,"href":"https:\/\/eg-reeds.com\/pt-pt\/wp-json\/wp\/v2\/product_cat?post=55910"},{"taxonomy":"product_tag","embeddable":true,"href":"https:\/\/eg-reeds.com\/pt-pt\/wp-json\/wp\/v2\/product_tag?post=55910"},{"taxonomy":"giftcard-category","embeddable":true,"href":"https:\/\/eg-reeds.com\/pt-pt\/wp-json\/wp\/v2\/giftcard-category?post=55910"}],"curies":[{"name":"wp","href":"https:\/\/api.w.org\/{rel}","templated":true}]}}