{"id":5748,"date":"2015-06-19T16:55:22","date_gmt":"2015-06-19T15:55:22","guid":{"rendered":"http:\/\/eg-reeds.com\/shop\/uncategorized\/maquina-de-goiva-oboe-atelier-wettstein\/"},"modified":"2020-03-20T09:51:22","modified_gmt":"2020-03-20T08:51:22","slug":"maquina-de-goiva-oboe-atelier-wettstein","status":"publish","type":"product","link":"https:\/\/eg-reeds.com\/pt-pt\/shop\/maquinas-de-fazer-palhetas\/willy-wettstein-pt-pt\/maquina-de-goiva-oboe-atelier-wettstein\/","title":{"rendered":"M\u00e1quina de goivar Oboe-Atelier Wettstein"},"content":{"rendered":"<p>M\u00e1quina de goivar Oboe-Atelier Wettstein<\/p>\n","protected":false},"excerpt":{"rendered":"<p>Caso para a m\u00e1quina inclu\u00eddo<\/p>\n","protected":false},"featured_media":13603,"comment_status":"open","ping_status":"closed","template":"","meta":[],"product_brand":[],"product_cat":[427,1363],"product_tag":[],"giftcard-category":[],"class_list":{"0":"post-5748","1":"product","2":"type-product","3":"status-publish","4":"has-post-thumbnail","6":"product_cat-maquinas-de-fazer-palhetas","7":"product_cat-willy-wettstein-pt-pt","8":"product_shipping_class-rmm-pt-pt","9":"pa_cane-diameter-10-mm-pt-pt","10":"pa_cane-diameter-10-5-mm-pt-pt","11":"pa_cane-diameter-11-mm-pt-pt","13":"first","14":"outofstock","15":"taxable","16":"shipping-taxable","17":"purchasable","18":"product-type-variable"},"yoast_head":"<!-- This site is optimized with the Yoast SEO Premium plugin v27.0 (Yoast SEO v27.2) - https:\/\/yoast.com\/product\/yoast-seo-premium-wordpress\/ -->\n<title>M\u00e1quina de goivar Oboe-Atelier Wettstein - EG-REEDS<\/title>\n<meta name=\"description\" content=\"m\u00e1quinas goivar, m\u00e1quinas obo\u00e9, goivar obo\u00e9, goivar canas obo\u00e9, M\u00e1quina de goivar Oboe-Atelier Wettstein, Oboe-Atelier, Wettstein, obo\u00e9, canas\" \/>\n<meta name=\"robots\" content=\"index, follow, max-snippet:-1, max-image-preview:large, max-video-preview:-1\" \/>\n<link rel=\"canonical\" href=\"https:\/\/eg-reeds.com\/pt-pt\/shop\/maquinas-de-fazer-palhetas\/willy-wettstein-pt-pt\/maquina-de-goiva-oboe-atelier-wettstein\/\" \/>\n<meta property=\"og:locale\" content=\"pt_PT\" \/>\n<meta property=\"og:type\" content=\"article\" \/>\n<meta property=\"og:title\" content=\"M\u00e1quina de goivar Oboe-Atelier Wettstein\" \/>\n<meta property=\"og:description\" content=\"m\u00e1quinas goivar, m\u00e1quinas obo\u00e9, goivar obo\u00e9, goivar canas obo\u00e9, M\u00e1quina de goivar Oboe-Atelier Wettstein, Oboe-Atelier, Wettstein, obo\u00e9, canas\" \/>\n<meta property=\"og:url\" content=\"https:\/\/eg-reeds.com\/pt-pt\/shop\/maquinas-de-fazer-palhetas\/willy-wettstein-pt-pt\/maquina-de-goiva-oboe-atelier-wettstein\/\" \/>\n<meta property=\"og:site_name\" content=\"EG-REEDS\" \/>\n<meta property=\"article:publisher\" content=\"https:\/\/www.facebook.com\/EGREEDS\" \/>\n<meta property=\"article:modified_time\" content=\"2020-03-20T08:51:22+00:00\" \/>\n<meta property=\"og:image\" content=\"https:\/\/eg-reeds.com\/wp-content\/uploads\/2015\/09\/Innenhobel-copy.jpg\" \/>\n\t<meta property=\"og:image:width\" content=\"500\" \/>\n\t<meta property=\"og:image:height\" content=\"331\" \/>\n\t<meta property=\"og:image:type\" content=\"image\/jpeg\" \/>\n<meta name=\"twitter:card\" content=\"summary_large_image\" \/>\n<meta name=\"twitter:site\" content=\"@egreeds\" \/>\n<meta name=\"twitter:label1\" content=\"Disponibilidade\" \/>\n\t<meta name=\"twitter:data1\" content=\"Esgotado\" \/>\n<script type=\"application\/ld+json\" class=\"yoast-schema-graph\">{\"@context\":\"https:\/\/schema.org\",\"@graph\":[{\"@type\":[\"WebPage\",\"ItemPage\"],\"@id\":\"https:\/\/eg-reeds.com\/pt-pt\/shop\/maquinas-de-fazer-palhetas\/willy-wettstein-pt-pt\/maquina-de-goiva-oboe-atelier-wettstein\/\",\"url\":\"https:\/\/eg-reeds.com\/pt-pt\/shop\/maquinas-de-fazer-palhetas\/willy-wettstein-pt-pt\/maquina-de-goiva-oboe-atelier-wettstein\/\",\"name\":\"M\u00e1quina de goivar Oboe-Atelier Wettstein - EG-REEDS\",\"isPartOf\":{\"@id\":\"https:\/\/eg-reeds.com\/pt-pt\/#website\"},\"primaryImageOfPage\":{\"@id\":\"https:\/\/eg-reeds.com\/pt-pt\/shop\/maquinas-de-fazer-palhetas\/willy-wettstein-pt-pt\/maquina-de-goiva-oboe-atelier-wettstein\/#primaryimage\"},\"image\":{\"@id\":\"https:\/\/eg-reeds.com\/pt-pt\/shop\/maquinas-de-fazer-palhetas\/willy-wettstein-pt-pt\/maquina-de-goiva-oboe-atelier-wettstein\/#primaryimage\"},\"thumbnailUrl\":\"https:\/\/eg-reeds.com\/wp-content\/uploads\/2015\/09\/Innenhobel-copy.jpg\",\"datePublished\":\"2015-06-19T15:55:22+00:00\",\"dateModified\":\"2020-03-20T08:51:22+00:00\",\"description\":\"m\u00e1quinas goivar, m\u00e1quinas obo\u00e9, goivar obo\u00e9, goivar canas obo\u00e9, M\u00e1quina de goivar Oboe-Atelier Wettstein, Oboe-Atelier, Wettstein, obo\u00e9, canas\",\"breadcrumb\":{\"@id\":\"https:\/\/eg-reeds.com\/pt-pt\/shop\/maquinas-de-fazer-palhetas\/willy-wettstein-pt-pt\/maquina-de-goiva-oboe-atelier-wettstein\/#breadcrumb\"},\"inLanguage\":\"pt-PT\",\"potentialAction\":[{\"@type\":\"ReadAction\",\"target\":[\"https:\/\/eg-reeds.com\/pt-pt\/shop\/maquinas-de-fazer-palhetas\/willy-wettstein-pt-pt\/maquina-de-goiva-oboe-atelier-wettstein\/\"]}]},{\"@type\":\"ImageObject\",\"inLanguage\":\"pt-PT\",\"@id\":\"https:\/\/eg-reeds.com\/pt-pt\/shop\/maquinas-de-fazer-palhetas\/willy-wettstein-pt-pt\/maquina-de-goiva-oboe-atelier-wettstein\/#primaryimage\",\"url\":\"https:\/\/eg-reeds.com\/wp-content\/uploads\/2015\/09\/Innenhobel-copy.jpg\",\"contentUrl\":\"https:\/\/eg-reeds.com\/wp-content\/uploads\/2015\/09\/Innenhobel-copy.jpg\",\"width\":500,\"height\":331},{\"@type\":\"BreadcrumbList\",\"@id\":\"https:\/\/eg-reeds.com\/pt-pt\/shop\/maquinas-de-fazer-palhetas\/willy-wettstein-pt-pt\/maquina-de-goiva-oboe-atelier-wettstein\/#breadcrumb\",\"itemListElement\":[{\"@type\":\"ListItem\",\"position\":1,\"name\":\"Startseite\",\"item\":\"https:\/\/eg-reeds.com\/pt-pt\/\"},{\"@type\":\"ListItem\",\"position\":2,\"name\":\"Loja\",\"item\":\"https:\/\/eg-reeds.com\/pt-pt\/\"},{\"@type\":\"ListItem\",\"position\":3,\"name\":\"M\u00e1quina de goivar Oboe-Atelier Wettstein\"}]},{\"@type\":\"WebSite\",\"@id\":\"https:\/\/eg-reeds.com\/pt-pt\/#website\",\"url\":\"https:\/\/eg-reeds.com\/pt-pt\/\",\"name\":\"www.eg-reeds.com\",\"description\":\"Palhetas obo\u00e9\",\"publisher\":{\"@id\":\"https:\/\/eg-reeds.com\/pt-pt\/#organization\"},\"alternateName\":\"eg-reeds.com\",\"potentialAction\":[{\"@type\":\"SearchAction\",\"target\":{\"@type\":\"EntryPoint\",\"urlTemplate\":\"https:\/\/eg-reeds.com\/pt-pt\/?s={search_term_string}\"},\"query-input\":{\"@type\":\"PropertyValueSpecification\",\"valueRequired\":true,\"valueName\":\"search_term_string\"}}],\"inLanguage\":\"pt-PT\"},{\"@type\":\"Organization\",\"@id\":\"https:\/\/eg-reeds.com\/pt-pt\/#organization\",\"name\":\"www.eg-reeds.com\",\"url\":\"https:\/\/eg-reeds.com\/pt-pt\/\",\"logo\":{\"@type\":\"ImageObject\",\"inLanguage\":\"pt-PT\",\"@id\":\"https:\/\/eg-reeds.com\/pt-pt\/#\/schema\/logo\/image\/\",\"url\":\"https:\/\/eg-reeds.com\/wp-content\/uploads\/2024\/06\/Logo-scaled-e1718793906611.jpg\",\"contentUrl\":\"https:\/\/eg-reeds.com\/wp-content\/uploads\/2024\/06\/Logo-scaled-e1718793906611.jpg\",\"width\":1200,\"height\":493,\"caption\":\"www.eg-reeds.com\"},\"image\":{\"@id\":\"https:\/\/eg-reeds.com\/pt-pt\/#\/schema\/logo\/image\/\"},\"sameAs\":[\"https:\/\/www.facebook.com\/EGREEDS\",\"https:\/\/x.com\/egreeds\",\"https:\/\/www.instagram.com\/egreeds\/\",\"https:\/\/www.youtube.com\/c\/EGREEDS\",\"https:\/\/www.threads.net\/@egreeds\",\"https:\/\/www.tiktok.com\/@egreeds\"]}]}<\/script>\n<meta property=\"og:availability\" content=\"out of stock\" \/>\n<meta property=\"product:availability\" content=\"out of stock\" \/>\n<meta property=\"product:retailer_item_id\" content=\"MWWG\" \/>\n<meta property=\"product:condition\" content=\"new\" \/>\n<!-- \/ Yoast SEO Premium plugin. -->","yoast_head_json":{"title":"M\u00e1quina de goivar Oboe-Atelier Wettstein - EG-REEDS","description":"m\u00e1quinas goivar, m\u00e1quinas obo\u00e9, goivar obo\u00e9, goivar canas obo\u00e9, M\u00e1quina de goivar Oboe-Atelier Wettstein, Oboe-Atelier, Wettstein, obo\u00e9, canas","robots":{"index":"index","follow":"follow","max-snippet":"max-snippet:-1","max-image-preview":"max-image-preview:large","max-video-preview":"max-video-preview:-1"},"canonical":"https:\/\/eg-reeds.com\/pt-pt\/shop\/maquinas-de-fazer-palhetas\/willy-wettstein-pt-pt\/maquina-de-goiva-oboe-atelier-wettstein\/","og_locale":"pt_PT","og_type":"article","og_title":"M\u00e1quina de goivar Oboe-Atelier Wettstein","og_description":"m\u00e1quinas goivar, m\u00e1quinas obo\u00e9, goivar obo\u00e9, goivar canas obo\u00e9, M\u00e1quina de goivar Oboe-Atelier Wettstein, Oboe-Atelier, Wettstein, obo\u00e9, canas","og_url":"https:\/\/eg-reeds.com\/pt-pt\/shop\/maquinas-de-fazer-palhetas\/willy-wettstein-pt-pt\/maquina-de-goiva-oboe-atelier-wettstein\/","og_site_name":"EG-REEDS","article_publisher":"https:\/\/www.facebook.com\/EGREEDS","article_modified_time":"2020-03-20T08:51:22+00:00","og_image":[{"width":500,"height":331,"url":"https:\/\/eg-reeds.com\/wp-content\/uploads\/2015\/09\/Innenhobel-copy.jpg","type":"image\/jpeg"}],"twitter_card":"summary_large_image","twitter_site":"@egreeds","twitter_misc":{"Disponibilidade":"Esgotado"},"schema":{"@context":"https:\/\/schema.org","@graph":[{"@type":["WebPage","ItemPage"],"@id":"https:\/\/eg-reeds.com\/pt-pt\/shop\/maquinas-de-fazer-palhetas\/willy-wettstein-pt-pt\/maquina-de-goiva-oboe-atelier-wettstein\/","url":"https:\/\/eg-reeds.com\/pt-pt\/shop\/maquinas-de-fazer-palhetas\/willy-wettstein-pt-pt\/maquina-de-goiva-oboe-atelier-wettstein\/","name":"M\u00e1quina de goivar Oboe-Atelier Wettstein - EG-REEDS","isPartOf":{"@id":"https:\/\/eg-reeds.com\/pt-pt\/#website"},"primaryImageOfPage":{"@id":"https:\/\/eg-reeds.com\/pt-pt\/shop\/maquinas-de-fazer-palhetas\/willy-wettstein-pt-pt\/maquina-de-goiva-oboe-atelier-wettstein\/#primaryimage"},"image":{"@id":"https:\/\/eg-reeds.com\/pt-pt\/shop\/maquinas-de-fazer-palhetas\/willy-wettstein-pt-pt\/maquina-de-goiva-oboe-atelier-wettstein\/#primaryimage"},"thumbnailUrl":"https:\/\/eg-reeds.com\/wp-content\/uploads\/2015\/09\/Innenhobel-copy.jpg","datePublished":"2015-06-19T15:55:22+00:00","dateModified":"2020-03-20T08:51:22+00:00","description":"m\u00e1quinas goivar, m\u00e1quinas obo\u00e9, goivar obo\u00e9, goivar canas obo\u00e9, M\u00e1quina de goivar Oboe-Atelier Wettstein, Oboe-Atelier, Wettstein, obo\u00e9, canas","breadcrumb":{"@id":"https:\/\/eg-reeds.com\/pt-pt\/shop\/maquinas-de-fazer-palhetas\/willy-wettstein-pt-pt\/maquina-de-goiva-oboe-atelier-wettstein\/#breadcrumb"},"inLanguage":"pt-PT","potentialAction":[{"@type":"ReadAction","target":["https:\/\/eg-reeds.com\/pt-pt\/shop\/maquinas-de-fazer-palhetas\/willy-wettstein-pt-pt\/maquina-de-goiva-oboe-atelier-wettstein\/"]}]},{"@type":"ImageObject","inLanguage":"pt-PT","@id":"https:\/\/eg-reeds.com\/pt-pt\/shop\/maquinas-de-fazer-palhetas\/willy-wettstein-pt-pt\/maquina-de-goiva-oboe-atelier-wettstein\/#primaryimage","url":"https:\/\/eg-reeds.com\/wp-content\/uploads\/2015\/09\/Innenhobel-copy.jpg","contentUrl":"https:\/\/eg-reeds.com\/wp-content\/uploads\/2015\/09\/Innenhobel-copy.jpg","width":500,"height":331},{"@type":"BreadcrumbList","@id":"https:\/\/eg-reeds.com\/pt-pt\/shop\/maquinas-de-fazer-palhetas\/willy-wettstein-pt-pt\/maquina-de-goiva-oboe-atelier-wettstein\/#breadcrumb","itemListElement":[{"@type":"ListItem","position":1,"name":"Startseite","item":"https:\/\/eg-reeds.com\/pt-pt\/"},{"@type":"ListItem","position":2,"name":"Loja","item":"https:\/\/eg-reeds.com\/pt-pt\/"},{"@type":"ListItem","position":3,"name":"M\u00e1quina de goivar Oboe-Atelier Wettstein"}]},{"@type":"WebSite","@id":"https:\/\/eg-reeds.com\/pt-pt\/#website","url":"https:\/\/eg-reeds.com\/pt-pt\/","name":"www.eg-reeds.com","description":"Palhetas obo\u00e9","publisher":{"@id":"https:\/\/eg-reeds.com\/pt-pt\/#organization"},"alternateName":"eg-reeds.com","potentialAction":[{"@type":"SearchAction","target":{"@type":"EntryPoint","urlTemplate":"https:\/\/eg-reeds.com\/pt-pt\/?s={search_term_string}"},"query-input":{"@type":"PropertyValueSpecification","valueRequired":true,"valueName":"search_term_string"}}],"inLanguage":"pt-PT"},{"@type":"Organization","@id":"https:\/\/eg-reeds.com\/pt-pt\/#organization","name":"www.eg-reeds.com","url":"https:\/\/eg-reeds.com\/pt-pt\/","logo":{"@type":"ImageObject","inLanguage":"pt-PT","@id":"https:\/\/eg-reeds.com\/pt-pt\/#\/schema\/logo\/image\/","url":"https:\/\/eg-reeds.com\/wp-content\/uploads\/2024\/06\/Logo-scaled-e1718793906611.jpg","contentUrl":"https:\/\/eg-reeds.com\/wp-content\/uploads\/2024\/06\/Logo-scaled-e1718793906611.jpg","width":1200,"height":493,"caption":"www.eg-reeds.com"},"image":{"@id":"https:\/\/eg-reeds.com\/pt-pt\/#\/schema\/logo\/image\/"},"sameAs":["https:\/\/www.facebook.com\/EGREEDS","https:\/\/x.com\/egreeds","https:\/\/www.instagram.com\/egreeds\/","https:\/\/www.youtube.com\/c\/EGREEDS","https:\/\/www.threads.net\/@egreeds","https:\/\/www.tiktok.com\/@egreeds"]}]},"og_availability":"out of stock","product_availability":"out of stock","product_retailer_item_id":"MWWG","product_condition":"new"},"_links":{"self":[{"href":"https:\/\/eg-reeds.com\/pt-pt\/wp-json\/wp\/v2\/product\/5748","targetHints":{"allow":["GET"]}}],"collection":[{"href":"https:\/\/eg-reeds.com\/pt-pt\/wp-json\/wp\/v2\/product"}],"about":[{"href":"https:\/\/eg-reeds.com\/pt-pt\/wp-json\/wp\/v2\/types\/product"}],"replies":[{"embeddable":true,"href":"https:\/\/eg-reeds.com\/pt-pt\/wp-json\/wp\/v2\/comments?post=5748"}],"wp:featuredmedia":[{"embeddable":true,"href":"https:\/\/eg-reeds.com\/pt-pt\/wp-json\/wp\/v2\/media\/13603"}],"wp:attachment":[{"href":"https:\/\/eg-reeds.com\/pt-pt\/wp-json\/wp\/v2\/media?parent=5748"}],"wp:term":[{"taxonomy":"product_brand","embeddable":true,"href":"https:\/\/eg-reeds.com\/pt-pt\/wp-json\/wp\/v2\/product_brand?post=5748"},{"taxonomy":"product_cat","embeddable":true,"href":"https:\/\/eg-reeds.com\/pt-pt\/wp-json\/wp\/v2\/product_cat?post=5748"},{"taxonomy":"product_tag","embeddable":true,"href":"https:\/\/eg-reeds.com\/pt-pt\/wp-json\/wp\/v2\/product_tag?post=5748"},{"taxonomy":"giftcard-category","embeddable":true,"href":"https:\/\/eg-reeds.com\/pt-pt\/wp-json\/wp\/v2\/giftcard-category?post=5748"}],"curies":[{"name":"wp","href":"https:\/\/api.w.org\/{rel}","templated":true}]}}