{"id":6733,"date":"2015-09-15T20:38:12","date_gmt":"2015-09-15T19:38:13","guid":{"rendered":""},"modified":"2017-05-31T19:07:52","modified_gmt":"2017-05-31T19:07:52","slug":"canas-oboe-damore-formadas-eg-reeds","status":"publish","type":"product","link":"https:\/\/eg-reeds.com\/pt-pt\/shop\/cana-processada\/cana-oboe-damore\/canas-oboe-damore-formadas-eg-reeds\/","title":{"rendered":"Canas obo\u00e9 d&#8217;amore formadas EG-REEDS"},"content":{"rendered":"<h4><strong>Canas obo\u00e9 d&#8217;amore formadas EG-REEDS (10 unidades).<\/strong><\/h4>\n","protected":false},"excerpt":{"rendered":"<p>10 unidades.<\/p>\n","protected":false},"featured_media":24614,"comment_status":"open","ping_status":"closed","template":"","meta":[],"product_brand":[],"product_cat":[1585,359],"product_tag":[],"giftcard-category":[],"class_list":{"0":"post-6733","1":"product","2":"type-product","3":"status-publish","4":"has-post-thumbnail","6":"product_cat-cana-oboe-damore","7":"product_cat-cana-processada","8":"pa_cane-diameter-105-mm-11-mm-pt-pt","9":"pa_thickness-058-mm-059-mm-pt-pt-2","10":"pa_thickness-059-mm-060-mm-pt-pt","11":"pa_thickness-060-mm-061-mm-pt-pt-2","13":"first","14":"instock","15":"taxable","16":"shipping-taxable","17":"purchasable","18":"product-type-variable","19":"has-default-attributes"},"yoast_head":"<!-- This site is optimized with the Yoast SEO Premium plugin v27.0 (Yoast SEO v27.3) - https:\/\/yoast.com\/product\/yoast-seo-premium-wordpress\/ -->\n<title>Canas obo\u00e9 d&#039;amore formadas EG-REEDS - EG-REEDS<\/title>\n<meta name=\"description\" content=\"canas obo\u00e9 d&#039;amore, canas oboe d&#039;amor, canas formadas oboe d&#039;amor, Canas obo\u00e9 d&#039;amore formadas EG-REEDS, oboe d&#039;amore, obo\u00e9 d&#039;amore, EG, EGreeds\" \/>\n<meta name=\"robots\" content=\"index, follow, max-snippet:-1, max-image-preview:large, max-video-preview:-1\" \/>\n<link rel=\"canonical\" href=\"https:\/\/eg-reeds.com\/pt-pt\/shop\/cana-processada\/cana-oboe-damore\/canas-oboe-damore-formadas-eg-reeds\/\" \/>\n<meta property=\"og:locale\" content=\"pt_PT\" \/>\n<meta property=\"og:type\" content=\"article\" \/>\n<meta property=\"og:title\" content=\"Canas obo\u00e9 d&#039;amore formadas EG-REEDS\" \/>\n<meta property=\"og:description\" content=\"canas obo\u00e9 d&#039;amore, canas oboe d&#039;amor, canas formadas oboe d&#039;amor, Canas obo\u00e9 d&#039;amore formadas EG-REEDS, oboe d&#039;amore, obo\u00e9 d&#039;amore, EG, EGreeds\" \/>\n<meta property=\"og:url\" content=\"https:\/\/eg-reeds.com\/pt-pt\/shop\/cana-processada\/cana-oboe-damore\/canas-oboe-damore-formadas-eg-reeds\/\" \/>\n<meta property=\"og:site_name\" content=\"EG-REEDS\" \/>\n<meta property=\"article:publisher\" content=\"https:\/\/www.facebook.com\/EGREEDS\" \/>\n<meta property=\"article:modified_time\" content=\"2017-05-31T19:07:52+00:00\" \/>\n<meta property=\"og:image\" content=\"https:\/\/eg-reeds.com\/wp-content\/uploads\/2015\/02\/shaped-english-horn-cane-EG-REEDS.jpg\" \/>\n\t<meta property=\"og:image:width\" content=\"640\" \/>\n\t<meta property=\"og:image:height\" content=\"544\" \/>\n\t<meta property=\"og:image:type\" content=\"image\/jpeg\" \/>\n<meta name=\"twitter:card\" content=\"summary_large_image\" \/>\n<meta name=\"twitter:site\" content=\"@egreeds\" \/>\n<meta name=\"twitter:label1\" content=\"Disponibilidade\" \/>\n\t<meta name=\"twitter:data1\" content=\"Em stock\" \/>\n<script type=\"application\/ld+json\" class=\"yoast-schema-graph\">{\"@context\":\"https:\\\/\\\/schema.org\",\"@graph\":[{\"@type\":[\"WebPage\",\"ItemPage\"],\"@id\":\"https:\\\/\\\/eg-reeds.com\\\/pt-pt\\\/shop\\\/cana-processada\\\/cana-oboe-damore\\\/canas-oboe-damore-formadas-eg-reeds\\\/\",\"url\":\"https:\\\/\\\/eg-reeds.com\\\/pt-pt\\\/shop\\\/cana-processada\\\/cana-oboe-damore\\\/canas-oboe-damore-formadas-eg-reeds\\\/\",\"name\":\"Canas obo\u00e9 d'amore formadas EG-REEDS - EG-REEDS\",\"isPartOf\":{\"@id\":\"https:\\\/\\\/eg-reeds.com\\\/pt-pt\\\/#website\"},\"primaryImageOfPage\":{\"@id\":\"https:\\\/\\\/eg-reeds.com\\\/pt-pt\\\/shop\\\/cana-processada\\\/cana-oboe-damore\\\/canas-oboe-damore-formadas-eg-reeds\\\/#primaryimage\"},\"image\":{\"@id\":\"https:\\\/\\\/eg-reeds.com\\\/pt-pt\\\/shop\\\/cana-processada\\\/cana-oboe-damore\\\/canas-oboe-damore-formadas-eg-reeds\\\/#primaryimage\"},\"thumbnailUrl\":\"https:\\\/\\\/eg-reeds.com\\\/wp-content\\\/uploads\\\/2015\\\/02\\\/shaped-english-horn-cane-EG-REEDS.jpg\",\"datePublished\":\"2015-09-15T19:38:13+00:00\",\"dateModified\":\"2017-05-31T19:07:52+00:00\",\"description\":\"canas obo\u00e9 d'amore, canas oboe d'amor, canas formadas oboe d'amor, Canas obo\u00e9 d'amore formadas EG-REEDS, oboe d'amore, obo\u00e9 d'amore, EG, EGreeds\",\"breadcrumb\":{\"@id\":\"https:\\\/\\\/eg-reeds.com\\\/pt-pt\\\/shop\\\/cana-processada\\\/cana-oboe-damore\\\/canas-oboe-damore-formadas-eg-reeds\\\/#breadcrumb\"},\"inLanguage\":\"pt-PT\",\"potentialAction\":[{\"@type\":\"ReadAction\",\"target\":[\"https:\\\/\\\/eg-reeds.com\\\/pt-pt\\\/shop\\\/cana-processada\\\/cana-oboe-damore\\\/canas-oboe-damore-formadas-eg-reeds\\\/\"]}]},{\"@type\":\"ImageObject\",\"inLanguage\":\"pt-PT\",\"@id\":\"https:\\\/\\\/eg-reeds.com\\\/pt-pt\\\/shop\\\/cana-processada\\\/cana-oboe-damore\\\/canas-oboe-damore-formadas-eg-reeds\\\/#primaryimage\",\"url\":\"https:\\\/\\\/eg-reeds.com\\\/wp-content\\\/uploads\\\/2015\\\/02\\\/shaped-english-horn-cane-EG-REEDS.jpg\",\"contentUrl\":\"https:\\\/\\\/eg-reeds.com\\\/wp-content\\\/uploads\\\/2015\\\/02\\\/shaped-english-horn-cane-EG-REEDS.jpg\",\"width\":640,\"height\":544,\"caption\":\"Canas formadas\"},{\"@type\":\"BreadcrumbList\",\"@id\":\"https:\\\/\\\/eg-reeds.com\\\/pt-pt\\\/shop\\\/cana-processada\\\/cana-oboe-damore\\\/canas-oboe-damore-formadas-eg-reeds\\\/#breadcrumb\",\"itemListElement\":[{\"@type\":\"ListItem\",\"position\":1,\"name\":\"Startseite\",\"item\":\"https:\\\/\\\/eg-reeds.com\\\/pt-pt\\\/\"},{\"@type\":\"ListItem\",\"position\":2,\"name\":\"Loja\",\"item\":\"https:\\\/\\\/eg-reeds.com\\\/pt-pt\\\/\"},{\"@type\":\"ListItem\",\"position\":3,\"name\":\"Canas obo\u00e9 d&#8217;amore formadas EG-REEDS\"}]},{\"@type\":\"WebSite\",\"@id\":\"https:\\\/\\\/eg-reeds.com\\\/pt-pt\\\/#website\",\"url\":\"https:\\\/\\\/eg-reeds.com\\\/pt-pt\\\/\",\"name\":\"www.eg-reeds.com\",\"description\":\"Palhetas obo\u00e9\",\"publisher\":{\"@id\":\"https:\\\/\\\/eg-reeds.com\\\/pt-pt\\\/#organization\"},\"alternateName\":\"eg-reeds.com\",\"potentialAction\":[{\"@type\":\"SearchAction\",\"target\":{\"@type\":\"EntryPoint\",\"urlTemplate\":\"https:\\\/\\\/eg-reeds.com\\\/pt-pt\\\/?s={search_term_string}\"},\"query-input\":{\"@type\":\"PropertyValueSpecification\",\"valueRequired\":true,\"valueName\":\"search_term_string\"}}],\"inLanguage\":\"pt-PT\"},{\"@type\":\"Organization\",\"@id\":\"https:\\\/\\\/eg-reeds.com\\\/pt-pt\\\/#organization\",\"name\":\"www.eg-reeds.com\",\"url\":\"https:\\\/\\\/eg-reeds.com\\\/pt-pt\\\/\",\"logo\":{\"@type\":\"ImageObject\",\"inLanguage\":\"pt-PT\",\"@id\":\"https:\\\/\\\/eg-reeds.com\\\/pt-pt\\\/#\\\/schema\\\/logo\\\/image\\\/\",\"url\":\"https:\\\/\\\/eg-reeds.com\\\/wp-content\\\/uploads\\\/2024\\\/06\\\/Logo-scaled-e1718793906611.jpg\",\"contentUrl\":\"https:\\\/\\\/eg-reeds.com\\\/wp-content\\\/uploads\\\/2024\\\/06\\\/Logo-scaled-e1718793906611.jpg\",\"width\":1200,\"height\":493,\"caption\":\"www.eg-reeds.com\"},\"image\":{\"@id\":\"https:\\\/\\\/eg-reeds.com\\\/pt-pt\\\/#\\\/schema\\\/logo\\\/image\\\/\"},\"sameAs\":[\"https:\\\/\\\/www.facebook.com\\\/EGREEDS\",\"https:\\\/\\\/x.com\\\/egreeds\",\"https:\\\/\\\/www.instagram.com\\\/egreeds\\\/\",\"https:\\\/\\\/www.youtube.com\\\/c\\\/EGREEDS\",\"https:\\\/\\\/www.threads.net\\\/@egreeds\",\"https:\\\/\\\/www.tiktok.com\\\/@egreeds\"]}]}<\/script>\n<meta property=\"og:availability\" content=\"instock\" \/>\n<meta property=\"product:availability\" content=\"instock\" \/>\n<meta property=\"product:retailer_item_id\" content=\"PAOBA-F\" \/>\n<meta property=\"product:condition\" content=\"new\" \/>\n<!-- \/ Yoast SEO Premium plugin. -->","yoast_head_json":{"title":"Canas obo\u00e9 d'amore formadas EG-REEDS - EG-REEDS","description":"canas obo\u00e9 d'amore, canas oboe d'amor, canas formadas oboe d'amor, Canas obo\u00e9 d'amore formadas EG-REEDS, oboe d'amore, obo\u00e9 d'amore, EG, EGreeds","robots":{"index":"index","follow":"follow","max-snippet":"max-snippet:-1","max-image-preview":"max-image-preview:large","max-video-preview":"max-video-preview:-1"},"canonical":"https:\/\/eg-reeds.com\/pt-pt\/shop\/cana-processada\/cana-oboe-damore\/canas-oboe-damore-formadas-eg-reeds\/","og_locale":"pt_PT","og_type":"article","og_title":"Canas obo\u00e9 d'amore formadas EG-REEDS","og_description":"canas obo\u00e9 d'amore, canas oboe d'amor, canas formadas oboe d'amor, Canas obo\u00e9 d'amore formadas EG-REEDS, oboe d'amore, obo\u00e9 d'amore, EG, EGreeds","og_url":"https:\/\/eg-reeds.com\/pt-pt\/shop\/cana-processada\/cana-oboe-damore\/canas-oboe-damore-formadas-eg-reeds\/","og_site_name":"EG-REEDS","article_publisher":"https:\/\/www.facebook.com\/EGREEDS","article_modified_time":"2017-05-31T19:07:52+00:00","og_image":[{"width":640,"height":544,"url":"https:\/\/eg-reeds.com\/wp-content\/uploads\/2015\/02\/shaped-english-horn-cane-EG-REEDS.jpg","type":"image\/jpeg"}],"twitter_card":"summary_large_image","twitter_site":"@egreeds","twitter_misc":{"Disponibilidade":"Em stock"},"schema":{"@context":"https:\/\/schema.org","@graph":[{"@type":["WebPage","ItemPage"],"@id":"https:\/\/eg-reeds.com\/pt-pt\/shop\/cana-processada\/cana-oboe-damore\/canas-oboe-damore-formadas-eg-reeds\/","url":"https:\/\/eg-reeds.com\/pt-pt\/shop\/cana-processada\/cana-oboe-damore\/canas-oboe-damore-formadas-eg-reeds\/","name":"Canas obo\u00e9 d'amore formadas EG-REEDS - EG-REEDS","isPartOf":{"@id":"https:\/\/eg-reeds.com\/pt-pt\/#website"},"primaryImageOfPage":{"@id":"https:\/\/eg-reeds.com\/pt-pt\/shop\/cana-processada\/cana-oboe-damore\/canas-oboe-damore-formadas-eg-reeds\/#primaryimage"},"image":{"@id":"https:\/\/eg-reeds.com\/pt-pt\/shop\/cana-processada\/cana-oboe-damore\/canas-oboe-damore-formadas-eg-reeds\/#primaryimage"},"thumbnailUrl":"https:\/\/eg-reeds.com\/wp-content\/uploads\/2015\/02\/shaped-english-horn-cane-EG-REEDS.jpg","datePublished":"2015-09-15T19:38:13+00:00","dateModified":"2017-05-31T19:07:52+00:00","description":"canas obo\u00e9 d'amore, canas oboe d'amor, canas formadas oboe d'amor, Canas obo\u00e9 d'amore formadas EG-REEDS, oboe d'amore, obo\u00e9 d'amore, EG, EGreeds","breadcrumb":{"@id":"https:\/\/eg-reeds.com\/pt-pt\/shop\/cana-processada\/cana-oboe-damore\/canas-oboe-damore-formadas-eg-reeds\/#breadcrumb"},"inLanguage":"pt-PT","potentialAction":[{"@type":"ReadAction","target":["https:\/\/eg-reeds.com\/pt-pt\/shop\/cana-processada\/cana-oboe-damore\/canas-oboe-damore-formadas-eg-reeds\/"]}]},{"@type":"ImageObject","inLanguage":"pt-PT","@id":"https:\/\/eg-reeds.com\/pt-pt\/shop\/cana-processada\/cana-oboe-damore\/canas-oboe-damore-formadas-eg-reeds\/#primaryimage","url":"https:\/\/eg-reeds.com\/wp-content\/uploads\/2015\/02\/shaped-english-horn-cane-EG-REEDS.jpg","contentUrl":"https:\/\/eg-reeds.com\/wp-content\/uploads\/2015\/02\/shaped-english-horn-cane-EG-REEDS.jpg","width":640,"height":544,"caption":"Canas formadas"},{"@type":"BreadcrumbList","@id":"https:\/\/eg-reeds.com\/pt-pt\/shop\/cana-processada\/cana-oboe-damore\/canas-oboe-damore-formadas-eg-reeds\/#breadcrumb","itemListElement":[{"@type":"ListItem","position":1,"name":"Startseite","item":"https:\/\/eg-reeds.com\/pt-pt\/"},{"@type":"ListItem","position":2,"name":"Loja","item":"https:\/\/eg-reeds.com\/pt-pt\/"},{"@type":"ListItem","position":3,"name":"Canas obo\u00e9 d&#8217;amore formadas EG-REEDS"}]},{"@type":"WebSite","@id":"https:\/\/eg-reeds.com\/pt-pt\/#website","url":"https:\/\/eg-reeds.com\/pt-pt\/","name":"www.eg-reeds.com","description":"Palhetas obo\u00e9","publisher":{"@id":"https:\/\/eg-reeds.com\/pt-pt\/#organization"},"alternateName":"eg-reeds.com","potentialAction":[{"@type":"SearchAction","target":{"@type":"EntryPoint","urlTemplate":"https:\/\/eg-reeds.com\/pt-pt\/?s={search_term_string}"},"query-input":{"@type":"PropertyValueSpecification","valueRequired":true,"valueName":"search_term_string"}}],"inLanguage":"pt-PT"},{"@type":"Organization","@id":"https:\/\/eg-reeds.com\/pt-pt\/#organization","name":"www.eg-reeds.com","url":"https:\/\/eg-reeds.com\/pt-pt\/","logo":{"@type":"ImageObject","inLanguage":"pt-PT","@id":"https:\/\/eg-reeds.com\/pt-pt\/#\/schema\/logo\/image\/","url":"https:\/\/eg-reeds.com\/wp-content\/uploads\/2024\/06\/Logo-scaled-e1718793906611.jpg","contentUrl":"https:\/\/eg-reeds.com\/wp-content\/uploads\/2024\/06\/Logo-scaled-e1718793906611.jpg","width":1200,"height":493,"caption":"www.eg-reeds.com"},"image":{"@id":"https:\/\/eg-reeds.com\/pt-pt\/#\/schema\/logo\/image\/"},"sameAs":["https:\/\/www.facebook.com\/EGREEDS","https:\/\/x.com\/egreeds","https:\/\/www.instagram.com\/egreeds\/","https:\/\/www.youtube.com\/c\/EGREEDS","https:\/\/www.threads.net\/@egreeds","https:\/\/www.tiktok.com\/@egreeds"]}]},"og_availability":"instock","product_availability":"instock","product_retailer_item_id":"PAOBA-F","product_condition":"new"},"_links":{"self":[{"href":"https:\/\/eg-reeds.com\/pt-pt\/wp-json\/wp\/v2\/product\/6733","targetHints":{"allow":["GET"]}}],"collection":[{"href":"https:\/\/eg-reeds.com\/pt-pt\/wp-json\/wp\/v2\/product"}],"about":[{"href":"https:\/\/eg-reeds.com\/pt-pt\/wp-json\/wp\/v2\/types\/product"}],"replies":[{"embeddable":true,"href":"https:\/\/eg-reeds.com\/pt-pt\/wp-json\/wp\/v2\/comments?post=6733"}],"wp:featuredmedia":[{"embeddable":true,"href":"https:\/\/eg-reeds.com\/pt-pt\/wp-json\/wp\/v2\/media\/24614"}],"wp:attachment":[{"href":"https:\/\/eg-reeds.com\/pt-pt\/wp-json\/wp\/v2\/media?parent=6733"}],"wp:term":[{"taxonomy":"product_brand","embeddable":true,"href":"https:\/\/eg-reeds.com\/pt-pt\/wp-json\/wp\/v2\/product_brand?post=6733"},{"taxonomy":"product_cat","embeddable":true,"href":"https:\/\/eg-reeds.com\/pt-pt\/wp-json\/wp\/v2\/product_cat?post=6733"},{"taxonomy":"product_tag","embeddable":true,"href":"https:\/\/eg-reeds.com\/pt-pt\/wp-json\/wp\/v2\/product_tag?post=6733"},{"taxonomy":"giftcard-category","embeddable":true,"href":"https:\/\/eg-reeds.com\/pt-pt\/wp-json\/wp\/v2\/giftcard-category?post=6733"}],"curies":[{"name":"wp","href":"https:\/\/api.w.org\/{rel}","templated":true}]}}