{"id":48692,"date":"2018-09-30T22:00:02","date_gmt":"2018-09-30T20:00:02","guid":{"rendered":"http:\/\/eg-reeds.com\/shop\/\u672a\u5206\u7c7b\/%e5%88%9d%e5%ad%a6%e8%80%85%e5%8f%8c%e7%b0%a7%e7%ae%a1-eg-reeds\/"},"modified":"2018-09-30T22:00:02","modified_gmt":"2018-09-30T20:00:02","slug":"%e5%88%9d%e5%ad%a6%e8%80%85%e5%8f%8c%e7%b0%a7%e7%ae%a1-eg-reeds","status":"publish","type":"product","link":"https:\/\/eg-reeds.com\/zh-hans\/shop\/%e5%8f%8c%e7%b0%a7%e7%ae%a1-eg-reeds\/%e5%88%9d%e5%ad%a6%e8%80%85%e5%8f%8c%e7%b0%a7%e7%ae%a1-eg-reeds\/","title":{"rendered":"\u521d\u5b66\u8005\u53cc\u7c27\u7ba1 EG-REEDS"},"content":{"rendered":"<h1><strong>\u521d\u5b66\u8005\u53cc\u7c27\u7ba1 EG-REEDS<\/strong><\/h1>\n<p>\u521d\u5b66\u8005\u53cc\u7c27\u7ba1 EG-REEDS<\/p>\n<p>Beginner oboe EG-REEDS. Our oboe for beginner students EG-REEDS has all the necessary keys for beginning students. It is semi-automatic, with third octave, B 2, and F and E flat of the left hand. They are made in composite (mix of wood and ABS) with silver plated keys, adapted for students to get better at them. All this makes a light and ergonomic oboe but at the same time very resistant and easy to sound. Included in the price is the carrying case type backpack, 1 Beginner reed EG-REEDS, swab and cork grease.<\/p>\n<p><iframe loading=\"lazy\" title=\"Demostraci\u00f3n oboe iniciaci\u00f3n EG-REEDS por Javier P\u00e9rez\" width=\"1020\" height=\"574\" src=\"https:\/\/www.youtube.com\/embed\/QwZV6gOr1CQ?feature=oembed\" frameborder=\"0\" allow=\"accelerometer; autoplay; clipboard-write; encrypted-media; gyroscope; picture-in-picture; web-share\" allowfullscreen><\/iframe><\/p>\n<p>Each oboe for beginner students has been carefully designed and tested, applying our knowledge and also taking as reference the requests of the teachers, who know better than anyone what the students need.<\/p>\n<p>They are high quality oboes at a good price. More information and photos on our blog:\u00a0<a href=\"http:\/\/eg-reeds.com\/beginner-oboes-eg-reeds\" target=\"_blank\" rel=\"noopener noreferrer\">www.eg-reeds.com\/beginner-oboes-eg-reeds<\/a><\/p>\n<p>For any additional information please contact us by email:\u00a0<a href=\"mailto:info@eg-reeds.com\" target=\"_blank\" rel=\"noopener noreferrer\">info@eg-reeds.com<\/a>.<\/p>\n<ul>\n<li class=\"bullet-checkmark\">Beginner model: with third octave, B 2, F and E flat of the left hand.<\/li>\n<li class=\"bullet-checkmark\">Semi-automatic.<\/li>\n<li class=\"bullet-checkmark\">Composite body (mix of wood and ABS).<\/li>\n<li class=\"bullet-checkmark\">Silver plated keys.<\/li>\n<li class=\"bullet-checkmark\">Included in the price: Carrying case, 1\u00a0<a href=\"http:\/\/eg-reeds.com\/shop\/student-reeds-and-cane\/student-oboe-reed-beginner-eg-reeds\/\" target=\"_blank\" rel=\"noopener\">beginner reed EG-REEDS<\/a>, swab and cork grease.<\/li>\n<\/ul>\n","protected":false},"excerpt":{"rendered":"<p>\u521d\u5b66\u8005\u53cc\u7c27\u7ba1 EG-REEDS \u521d\u5b66\u8005\u53cc\u7c27\u7ba1 EG-REEDS Beginner oboe EG-REEDS. [&#8230;]\n","protected":false},"featured_media":33295,"comment_status":"open","ping_status":"closed","template":"","meta":[],"product_brand":[],"product_cat":[3809],"product_tag":[3501],"giftcard-category":[],"class_list":{"0":"post-48692","1":"product","2":"type-product","3":"status-publish","4":"has-post-thumbnail","6":"product_cat--eg-reeds","7":"product_tag--zh-hans","8":"product_shipping_class-rmm-zh-hans","10":"first","11":"instock","12":"featured","13":"taxable","14":"shipping-taxable","15":"purchasable","16":"product-type-simple"},"yoast_head":"<!-- This site is optimized with the Yoast SEO Premium plugin v27.0 (Yoast SEO v27.4) - https:\/\/yoast.com\/product\/yoast-seo-premium-wordpress\/ -->\n<title>\u521d\u5b66\u8005\u53cc\u7c27\u7ba1 EG-REEDS - \u53cc\u7c27\u7ba1|EG-REEDS<\/title>\n<meta name=\"description\" content=\"\u521d\u5b66\u8005\u53cc\u7c27\u7ba1 EG-REEDS\" \/>\n<meta name=\"robots\" content=\"index, follow, max-snippet:-1, max-image-preview:large, max-video-preview:-1\" \/>\n<link rel=\"canonical\" href=\"https:\/\/eg-reeds.com\/zh-hans\/shop\/%e5%8f%8c%e7%b0%a7%e7%ae%a1-eg-reeds\/%e5%88%9d%e5%ad%a6%e8%80%85%e5%8f%8c%e7%b0%a7%e7%ae%a1-eg-reeds\/\" \/>\n<meta property=\"og:locale\" content=\"zh_CN\" \/>\n<meta property=\"og:type\" content=\"article\" \/>\n<meta property=\"og:title\" content=\"\u521d\u5b66\u8005\u53cc\u7c27\u7ba1 EG-REEDS\" \/>\n<meta property=\"og:description\" content=\"\u521d\u5b66\u8005\u53cc\u7c27\u7ba1 EG-REEDS\" \/>\n<meta property=\"og:url\" content=\"https:\/\/eg-reeds.com\/zh-hans\/shop\/%e5%8f%8c%e7%b0%a7%e7%ae%a1-eg-reeds\/%e5%88%9d%e5%ad%a6%e8%80%85%e5%8f%8c%e7%b0%a7%e7%ae%a1-eg-reeds\/\" \/>\n<meta property=\"og:site_name\" content=\"\u53cc\u7c27\u7ba1|EG-REEDS\" \/>\n<meta property=\"article:publisher\" content=\"https:\/\/www.facebook.com\/EGREEDS\" \/>\n<meta property=\"og:image\" content=\"https:\/\/eg-reeds.com\/wp-content\/uploads\/2018\/09\/oboe-beginner-EG-REEDS.jpg\" \/>\n\t<meta property=\"og:image:width\" content=\"853\" \/>\n\t<meta property=\"og:image:height\" content=\"1280\" \/>\n\t<meta property=\"og:image:type\" content=\"image\/jpeg\" \/>\n<meta name=\"twitter:card\" content=\"summary_large_image\" \/>\n<meta name=\"twitter:site\" content=\"@egreeds\" \/>\n<meta name=\"twitter:label1\" content=\"Price\" \/>\n\t<meta name=\"twitter:data1\" content=\"1.350,00&euro;\" \/>\n\t<meta name=\"twitter:label2\" content=\"Availability\" \/>\n\t<meta name=\"twitter:data2\" content=\"In stock\" \/>\n<script type=\"application\/ld+json\" class=\"yoast-schema-graph\">{\"@context\":\"https:\\\/\\\/schema.org\",\"@graph\":[{\"@type\":[\"WebPage\",\"ItemPage\"],\"@id\":\"https:\\\/\\\/eg-reeds.com\\\/zh-hans\\\/shop\\\/%e5%8f%8c%e7%b0%a7%e7%ae%a1-eg-reeds\\\/%e5%88%9d%e5%ad%a6%e8%80%85%e5%8f%8c%e7%b0%a7%e7%ae%a1-eg-reeds\\\/\",\"url\":\"https:\\\/\\\/eg-reeds.com\\\/zh-hans\\\/shop\\\/%e5%8f%8c%e7%b0%a7%e7%ae%a1-eg-reeds\\\/%e5%88%9d%e5%ad%a6%e8%80%85%e5%8f%8c%e7%b0%a7%e7%ae%a1-eg-reeds\\\/\",\"name\":\"\u521d\u5b66\u8005\u53cc\u7c27\u7ba1 EG-REEDS - \u53cc\u7c27\u7ba1|EG-REEDS\",\"isPartOf\":{\"@id\":\"https:\\\/\\\/eg-reeds.com\\\/zh-hans\\\/#website\"},\"primaryImageOfPage\":{\"@id\":\"https:\\\/\\\/eg-reeds.com\\\/zh-hans\\\/shop\\\/%e5%8f%8c%e7%b0%a7%e7%ae%a1-eg-reeds\\\/%e5%88%9d%e5%ad%a6%e8%80%85%e5%8f%8c%e7%b0%a7%e7%ae%a1-eg-reeds\\\/#primaryimage\"},\"image\":{\"@id\":\"https:\\\/\\\/eg-reeds.com\\\/zh-hans\\\/shop\\\/%e5%8f%8c%e7%b0%a7%e7%ae%a1-eg-reeds\\\/%e5%88%9d%e5%ad%a6%e8%80%85%e5%8f%8c%e7%b0%a7%e7%ae%a1-eg-reeds\\\/#primaryimage\"},\"thumbnailUrl\":\"https:\\\/\\\/eg-reeds.com\\\/wp-content\\\/uploads\\\/2018\\\/09\\\/oboe-beginner-EG-REEDS.jpg\",\"datePublished\":\"2018-09-30T20:00:02+00:00\",\"description\":\"\u521d\u5b66\u8005\u53cc\u7c27\u7ba1 EG-REEDS\",\"breadcrumb\":{\"@id\":\"https:\\\/\\\/eg-reeds.com\\\/zh-hans\\\/shop\\\/%e5%8f%8c%e7%b0%a7%e7%ae%a1-eg-reeds\\\/%e5%88%9d%e5%ad%a6%e8%80%85%e5%8f%8c%e7%b0%a7%e7%ae%a1-eg-reeds\\\/#breadcrumb\"},\"inLanguage\":\"zh-Hans\",\"potentialAction\":[{\"@type\":\"ReadAction\",\"target\":[\"https:\\\/\\\/eg-reeds.com\\\/zh-hans\\\/shop\\\/%e5%8f%8c%e7%b0%a7%e7%ae%a1-eg-reeds\\\/%e5%88%9d%e5%ad%a6%e8%80%85%e5%8f%8c%e7%b0%a7%e7%ae%a1-eg-reeds\\\/\"]}]},{\"@type\":\"ImageObject\",\"inLanguage\":\"zh-Hans\",\"@id\":\"https:\\\/\\\/eg-reeds.com\\\/zh-hans\\\/shop\\\/%e5%8f%8c%e7%b0%a7%e7%ae%a1-eg-reeds\\\/%e5%88%9d%e5%ad%a6%e8%80%85%e5%8f%8c%e7%b0%a7%e7%ae%a1-eg-reeds\\\/#primaryimage\",\"url\":\"https:\\\/\\\/eg-reeds.com\\\/wp-content\\\/uploads\\\/2018\\\/09\\\/oboe-beginner-EG-REEDS.jpg\",\"contentUrl\":\"https:\\\/\\\/eg-reeds.com\\\/wp-content\\\/uploads\\\/2018\\\/09\\\/oboe-beginner-EG-REEDS.jpg\",\"width\":853,\"height\":1280,\"caption\":\"\u521d\u5b66\u8005\u53cc\u7c27\u7ba1 EG-REEDS\"},{\"@type\":\"BreadcrumbList\",\"@id\":\"https:\\\/\\\/eg-reeds.com\\\/zh-hans\\\/shop\\\/%e5%8f%8c%e7%b0%a7%e7%ae%a1-eg-reeds\\\/%e5%88%9d%e5%ad%a6%e8%80%85%e5%8f%8c%e7%b0%a7%e7%ae%a1-eg-reeds\\\/#breadcrumb\",\"itemListElement\":[{\"@type\":\"ListItem\",\"position\":1,\"name\":\"Startseite\",\"item\":\"https:\\\/\\\/eg-reeds.com\\\/zh-hans\\\/\"},{\"@type\":\"ListItem\",\"position\":2,\"name\":\"\u5546\u5e97\",\"item\":\"https:\\\/\\\/eg-reeds.com\\\/zh-hans\\\/\"},{\"@type\":\"ListItem\",\"position\":3,\"name\":\"\u521d\u5b66\u8005\u53cc\u7c27\u7ba1 EG-REEDS\"}]},{\"@type\":\"WebSite\",\"@id\":\"https:\\\/\\\/eg-reeds.com\\\/zh-hans\\\/#website\",\"url\":\"https:\\\/\\\/eg-reeds.com\\\/zh-hans\\\/\",\"name\":\"www.eg-reeds.com\",\"description\":\"\u53cc\u7c27\u7ba1\u82a6\u82c7\",\"publisher\":{\"@id\":\"https:\\\/\\\/eg-reeds.com\\\/zh-hans\\\/#organization\"},\"alternateName\":\"eg-reeds.com\",\"potentialAction\":[{\"@type\":\"SearchAction\",\"target\":{\"@type\":\"EntryPoint\",\"urlTemplate\":\"https:\\\/\\\/eg-reeds.com\\\/zh-hans\\\/?s={search_term_string}\"},\"query-input\":{\"@type\":\"PropertyValueSpecification\",\"valueRequired\":true,\"valueName\":\"search_term_string\"}}],\"inLanguage\":\"zh-Hans\"},{\"@type\":\"Organization\",\"@id\":\"https:\\\/\\\/eg-reeds.com\\\/zh-hans\\\/#organization\",\"name\":\"www.eg-reeds.com\",\"url\":\"https:\\\/\\\/eg-reeds.com\\\/zh-hans\\\/\",\"logo\":{\"@type\":\"ImageObject\",\"inLanguage\":\"zh-Hans\",\"@id\":\"https:\\\/\\\/eg-reeds.com\\\/zh-hans\\\/#\\\/schema\\\/logo\\\/image\\\/\",\"url\":\"https:\\\/\\\/eg-reeds.com\\\/wp-content\\\/uploads\\\/2024\\\/06\\\/Logo-scaled-e1718793906611.jpg\",\"contentUrl\":\"https:\\\/\\\/eg-reeds.com\\\/wp-content\\\/uploads\\\/2024\\\/06\\\/Logo-scaled-e1718793906611.jpg\",\"width\":1200,\"height\":493,\"caption\":\"www.eg-reeds.com\"},\"image\":{\"@id\":\"https:\\\/\\\/eg-reeds.com\\\/zh-hans\\\/#\\\/schema\\\/logo\\\/image\\\/\"},\"sameAs\":[\"https:\\\/\\\/www.facebook.com\\\/EGREEDS\",\"https:\\\/\\\/x.com\\\/egreeds\",\"https:\\\/\\\/www.instagram.com\\\/egreeds\\\/\",\"https:\\\/\\\/www.youtube.com\\\/c\\\/EGREEDS\",\"https:\\\/\\\/www.threads.net\\\/@egreeds\",\"https:\\\/\\\/www.tiktok.com\\\/@egreeds\"]}]}<\/script>\n<meta property=\"product:price:amount\" content=\"1350.00\" \/>\n<meta property=\"product:price:currency\" content=\"EUR\" \/>\n<meta property=\"og:availability\" content=\"instock\" \/>\n<meta property=\"product:availability\" content=\"instock\" \/>\n<meta property=\"product:retailer_item_id\" content=\"OB\" \/>\n<meta property=\"product:condition\" content=\"new\" \/>\n<!-- \/ Yoast SEO Premium plugin. -->","yoast_head_json":{"title":"\u521d\u5b66\u8005\u53cc\u7c27\u7ba1 EG-REEDS - \u53cc\u7c27\u7ba1|EG-REEDS","description":"\u521d\u5b66\u8005\u53cc\u7c27\u7ba1 EG-REEDS","robots":{"index":"index","follow":"follow","max-snippet":"max-snippet:-1","max-image-preview":"max-image-preview:large","max-video-preview":"max-video-preview:-1"},"canonical":"https:\/\/eg-reeds.com\/zh-hans\/shop\/%e5%8f%8c%e7%b0%a7%e7%ae%a1-eg-reeds\/%e5%88%9d%e5%ad%a6%e8%80%85%e5%8f%8c%e7%b0%a7%e7%ae%a1-eg-reeds\/","og_locale":"zh_CN","og_type":"article","og_title":"\u521d\u5b66\u8005\u53cc\u7c27\u7ba1 EG-REEDS","og_description":"\u521d\u5b66\u8005\u53cc\u7c27\u7ba1 EG-REEDS","og_url":"https:\/\/eg-reeds.com\/zh-hans\/shop\/%e5%8f%8c%e7%b0%a7%e7%ae%a1-eg-reeds\/%e5%88%9d%e5%ad%a6%e8%80%85%e5%8f%8c%e7%b0%a7%e7%ae%a1-eg-reeds\/","og_site_name":"\u53cc\u7c27\u7ba1|EG-REEDS","article_publisher":"https:\/\/www.facebook.com\/EGREEDS","og_image":[{"width":853,"height":1280,"url":"https:\/\/eg-reeds.com\/wp-content\/uploads\/2018\/09\/oboe-beginner-EG-REEDS.jpg","type":"image\/jpeg"}],"twitter_card":"summary_large_image","twitter_site":"@egreeds","twitter_misc":{"Price":"1.350,00&euro;","Availability":"In stock"},"schema":{"@context":"https:\/\/schema.org","@graph":[{"@type":["WebPage","ItemPage"],"@id":"https:\/\/eg-reeds.com\/zh-hans\/shop\/%e5%8f%8c%e7%b0%a7%e7%ae%a1-eg-reeds\/%e5%88%9d%e5%ad%a6%e8%80%85%e5%8f%8c%e7%b0%a7%e7%ae%a1-eg-reeds\/","url":"https:\/\/eg-reeds.com\/zh-hans\/shop\/%e5%8f%8c%e7%b0%a7%e7%ae%a1-eg-reeds\/%e5%88%9d%e5%ad%a6%e8%80%85%e5%8f%8c%e7%b0%a7%e7%ae%a1-eg-reeds\/","name":"\u521d\u5b66\u8005\u53cc\u7c27\u7ba1 EG-REEDS - \u53cc\u7c27\u7ba1|EG-REEDS","isPartOf":{"@id":"https:\/\/eg-reeds.com\/zh-hans\/#website"},"primaryImageOfPage":{"@id":"https:\/\/eg-reeds.com\/zh-hans\/shop\/%e5%8f%8c%e7%b0%a7%e7%ae%a1-eg-reeds\/%e5%88%9d%e5%ad%a6%e8%80%85%e5%8f%8c%e7%b0%a7%e7%ae%a1-eg-reeds\/#primaryimage"},"image":{"@id":"https:\/\/eg-reeds.com\/zh-hans\/shop\/%e5%8f%8c%e7%b0%a7%e7%ae%a1-eg-reeds\/%e5%88%9d%e5%ad%a6%e8%80%85%e5%8f%8c%e7%b0%a7%e7%ae%a1-eg-reeds\/#primaryimage"},"thumbnailUrl":"https:\/\/eg-reeds.com\/wp-content\/uploads\/2018\/09\/oboe-beginner-EG-REEDS.jpg","datePublished":"2018-09-30T20:00:02+00:00","description":"\u521d\u5b66\u8005\u53cc\u7c27\u7ba1 EG-REEDS","breadcrumb":{"@id":"https:\/\/eg-reeds.com\/zh-hans\/shop\/%e5%8f%8c%e7%b0%a7%e7%ae%a1-eg-reeds\/%e5%88%9d%e5%ad%a6%e8%80%85%e5%8f%8c%e7%b0%a7%e7%ae%a1-eg-reeds\/#breadcrumb"},"inLanguage":"zh-Hans","potentialAction":[{"@type":"ReadAction","target":["https:\/\/eg-reeds.com\/zh-hans\/shop\/%e5%8f%8c%e7%b0%a7%e7%ae%a1-eg-reeds\/%e5%88%9d%e5%ad%a6%e8%80%85%e5%8f%8c%e7%b0%a7%e7%ae%a1-eg-reeds\/"]}]},{"@type":"ImageObject","inLanguage":"zh-Hans","@id":"https:\/\/eg-reeds.com\/zh-hans\/shop\/%e5%8f%8c%e7%b0%a7%e7%ae%a1-eg-reeds\/%e5%88%9d%e5%ad%a6%e8%80%85%e5%8f%8c%e7%b0%a7%e7%ae%a1-eg-reeds\/#primaryimage","url":"https:\/\/eg-reeds.com\/wp-content\/uploads\/2018\/09\/oboe-beginner-EG-REEDS.jpg","contentUrl":"https:\/\/eg-reeds.com\/wp-content\/uploads\/2018\/09\/oboe-beginner-EG-REEDS.jpg","width":853,"height":1280,"caption":"\u521d\u5b66\u8005\u53cc\u7c27\u7ba1 EG-REEDS"},{"@type":"BreadcrumbList","@id":"https:\/\/eg-reeds.com\/zh-hans\/shop\/%e5%8f%8c%e7%b0%a7%e7%ae%a1-eg-reeds\/%e5%88%9d%e5%ad%a6%e8%80%85%e5%8f%8c%e7%b0%a7%e7%ae%a1-eg-reeds\/#breadcrumb","itemListElement":[{"@type":"ListItem","position":1,"name":"Startseite","item":"https:\/\/eg-reeds.com\/zh-hans\/"},{"@type":"ListItem","position":2,"name":"\u5546\u5e97","item":"https:\/\/eg-reeds.com\/zh-hans\/"},{"@type":"ListItem","position":3,"name":"\u521d\u5b66\u8005\u53cc\u7c27\u7ba1 EG-REEDS"}]},{"@type":"WebSite","@id":"https:\/\/eg-reeds.com\/zh-hans\/#website","url":"https:\/\/eg-reeds.com\/zh-hans\/","name":"www.eg-reeds.com","description":"\u53cc\u7c27\u7ba1\u82a6\u82c7","publisher":{"@id":"https:\/\/eg-reeds.com\/zh-hans\/#organization"},"alternateName":"eg-reeds.com","potentialAction":[{"@type":"SearchAction","target":{"@type":"EntryPoint","urlTemplate":"https:\/\/eg-reeds.com\/zh-hans\/?s={search_term_string}"},"query-input":{"@type":"PropertyValueSpecification","valueRequired":true,"valueName":"search_term_string"}}],"inLanguage":"zh-Hans"},{"@type":"Organization","@id":"https:\/\/eg-reeds.com\/zh-hans\/#organization","name":"www.eg-reeds.com","url":"https:\/\/eg-reeds.com\/zh-hans\/","logo":{"@type":"ImageObject","inLanguage":"zh-Hans","@id":"https:\/\/eg-reeds.com\/zh-hans\/#\/schema\/logo\/image\/","url":"https:\/\/eg-reeds.com\/wp-content\/uploads\/2024\/06\/Logo-scaled-e1718793906611.jpg","contentUrl":"https:\/\/eg-reeds.com\/wp-content\/uploads\/2024\/06\/Logo-scaled-e1718793906611.jpg","width":1200,"height":493,"caption":"www.eg-reeds.com"},"image":{"@id":"https:\/\/eg-reeds.com\/zh-hans\/#\/schema\/logo\/image\/"},"sameAs":["https:\/\/www.facebook.com\/EGREEDS","https:\/\/x.com\/egreeds","https:\/\/www.instagram.com\/egreeds\/","https:\/\/www.youtube.com\/c\/EGREEDS","https:\/\/www.threads.net\/@egreeds","https:\/\/www.tiktok.com\/@egreeds"]}]},"product_price_amount":"1350.00","product_price_currency":"EUR","og_availability":"instock","product_availability":"instock","product_retailer_item_id":"OB","product_condition":"new"},"_links":{"self":[{"href":"https:\/\/eg-reeds.com\/zh-hans\/wp-json\/wp\/v2\/product\/48692","targetHints":{"allow":["GET"]}}],"collection":[{"href":"https:\/\/eg-reeds.com\/zh-hans\/wp-json\/wp\/v2\/product"}],"about":[{"href":"https:\/\/eg-reeds.com\/zh-hans\/wp-json\/wp\/v2\/types\/product"}],"replies":[{"embeddable":true,"href":"https:\/\/eg-reeds.com\/zh-hans\/wp-json\/wp\/v2\/comments?post=48692"}],"wp:featuredmedia":[{"embeddable":true,"href":"https:\/\/eg-reeds.com\/zh-hans\/wp-json\/wp\/v2\/media\/33295"}],"wp:attachment":[{"href":"https:\/\/eg-reeds.com\/zh-hans\/wp-json\/wp\/v2\/media?parent=48692"}],"wp:term":[{"taxonomy":"product_brand","embeddable":true,"href":"https:\/\/eg-reeds.com\/zh-hans\/wp-json\/wp\/v2\/product_brand?post=48692"},{"taxonomy":"product_cat","embeddable":true,"href":"https:\/\/eg-reeds.com\/zh-hans\/wp-json\/wp\/v2\/product_cat?post=48692"},{"taxonomy":"product_tag","embeddable":true,"href":"https:\/\/eg-reeds.com\/zh-hans\/wp-json\/wp\/v2\/product_tag?post=48692"},{"taxonomy":"giftcard-category","embeddable":true,"href":"https:\/\/eg-reeds.com\/zh-hans\/wp-json\/wp\/v2\/giftcard-category?post=48692"}],"curies":[{"name":"wp","href":"https:\/\/api.w.org\/{rel}","templated":true}]}}